{"id":10928,"date":"2025-09-24T19:09:57","date_gmt":"2025-09-24T19:09:57","guid":{"rendered":"https:\/\/livrariasolmar.pt\/?post_type=product&#038;p=10928"},"modified":"2025-11-14T20:37:37","modified_gmt":"2025-11-14T20:37:37","slug":"a-presa","status":"publish","type":"product","link":"https:\/\/livrariasolmar.pt\/en\/produto\/a-presa\/","title":{"rendered":"A Presa"},"content":{"rendered":"","protected":false},"excerpt":{"rendered":"<p>Um \u00e1lbum de fotografias \u00e9 encontrado no s\u00f3t\u00e3o de uma casa numa vila piscat\u00f3ria, e o novo propriet\u00e1rio devolve-o ao antigo, juntamente com um sapatinho de crian\u00e7a que tem inscrito um nome: Salvor. O antigo dono da casa n\u00e3o faz ideia de quem seja. Mas este nome \u00e9 mencionado pouco depois, quando lhe ligam do lar, informando que a m\u00e3e morreu e quando lhe pedem que ele participe \u00e0 irm\u00e3, Salvor, de quem a m\u00e3e falava muito.<\/p>\n<p>Uma equipa de salvamento parte para as montanhas geladas, em busca de um grupo de pessoas que desapareceram. O que as ter\u00e1 feito entrar nesse territ\u00f3rio de escurid\u00e3o e tempestades de neve ningu\u00e9m sabe. J\u00f3hanna \u00e9 a primeira a encontrar um cad\u00e1ver que jaz ao lado de um veado morto. J\u00f3hanna tem a sensa\u00e7\u00e3o de que a expedi\u00e7\u00e3o est\u00e1 a ser seguida por alguma coisa ou algu\u00e9m.<\/p>\n<p>Hj\u00f6var trabalha na esta\u00e7\u00e3o de radar de Stokksnes e apercebe-se de que coisas estranhas se est\u00e3o a passar. H\u00e1 cinco meses que ali trabalha e nunca o telefone ligado ao port\u00e3o tocou. Mas agora toca. Quando atende, s\u00f3 ouve interfer\u00eancias e qualquer coisa que parece a voz de crian\u00e7a a perguntar pela m\u00e3e.<\/p>\n<p>Como \u00e9 que estes acontecimentos estar\u00e3o ligados?<\/p>\n","protected":false},"author":2,"featured_media":10929,"template":"","meta":[],"product_cat":[588],"product_tag":[],"cat_produtos":[],"yoast_head":"<!-- This site is optimized with the Yoast SEO plugin v16.6 - https:\/\/yoast.com\/wordpress\/plugins\/seo\/ -->\n<title>A Presa - Livraria Solmar - Livraria online<\/title>\n<meta name=\"robots\" content=\"index, follow, max-snippet:-1, max-image-preview:large, max-video-preview:-1\" \/>\n<link rel=\"canonical\" href=\"https:\/\/livrariasolmar.pt\/en\/produto\/a-presa\/\" \/>\n<meta property=\"og:locale\" content=\"en_US\" \/>\n<meta property=\"og:type\" content=\"article\" \/>\n<meta property=\"og:title\" content=\"A Presa - Livraria Solmar - Livraria online\" \/>\n<meta property=\"og:description\" content=\"Um \u00e1lbum de fotografias \u00e9 encontrado no s\u00f3t\u00e3o de uma casa numa vila piscat\u00f3ria, e o novo propriet\u00e1rio devolve-o ao antigo, juntamente com um sapatinho de crian\u00e7a que tem inscrito um nome: Salvor. O antigo dono da casa n\u00e3o faz ideia de quem seja. Mas este nome \u00e9 mencionado pouco depois, quando lhe ligam do lar, informando que a m\u00e3e morreu e quando lhe pedem que ele participe \u00e0 irm\u00e3, Salvor, de quem a m\u00e3e falava muito.  Uma equipa de salvamento parte para as montanhas geladas, em busca de um grupo de pessoas que desapareceram. O que as ter\u00e1 feito entrar nesse territ\u00f3rio de escurid\u00e3o e tempestades de neve ningu\u00e9m sabe. J\u00f3hanna \u00e9 a primeira a encontrar um cad\u00e1ver que jaz ao lado de um veado morto. J\u00f3hanna tem a sensa\u00e7\u00e3o de que a expedi\u00e7\u00e3o est\u00e1 a ser seguida por alguma coisa ou algu\u00e9m.  Hj\u00f6var trabalha na esta\u00e7\u00e3o de radar de Stokksnes e apercebe-se de que coisas estranhas se est\u00e3o a passar. H\u00e1 cinco meses que ali trabalha e nunca o telefone ligado ao port\u00e3o tocou. Mas agora toca. Quando atende, s\u00f3 ouve interfer\u00eancias e qualquer coisa que parece a voz de crian\u00e7a a perguntar pela m\u00e3e.  Como \u00e9 que estes acontecimentos estar\u00e3o ligados?\" \/>\n<meta property=\"og:url\" content=\"https:\/\/livrariasolmar.pt\/produto\/a-presa\/\" \/>\n<meta property=\"og:site_name\" content=\"Livraria Solmar - Livraria online\" \/>\n<meta property=\"article:modified_time\" content=\"2025-11-14T20:37:37+00:00\" \/>\n<meta property=\"og:image\" content=\"https:\/\/livrariasolmar.pt\/wp-content\/uploads\/2025\/09\/1540-1-1.jpg\" \/>\n\t<meta property=\"og:image:width\" content=\"340\" \/>\n\t<meta property=\"og:image:height\" content=\"340\" \/>\n<meta name=\"twitter:card\" content=\"summary_large_image\" \/>\n<script type=\"application\/ld+json\" class=\"yoast-schema-graph\">{\"@context\":\"https:\/\/schema.org\",\"@graph\":[{\"@type\":\"WebSite\",\"@id\":\"https:\/\/livrariasolmar.pt\/#website\",\"url\":\"https:\/\/livrariasolmar.pt\/\",\"name\":\"Livraria Solmar - Livraria online\",\"description\":\"Com\\u00e9rcio Livros E Objetos De Arte, Lda - Ponta Delgada, A\\u00e7ores\",\"potentialAction\":[{\"@type\":\"SearchAction\",\"target\":{\"@type\":\"EntryPoint\",\"urlTemplate\":\"https:\/\/livrariasolmar.pt\/?s={search_term_string}\"},\"query-input\":\"required name=search_term_string\"}],\"inLanguage\":\"en-US\"},{\"@type\":\"ImageObject\",\"@id\":\"https:\/\/livrariasolmar.pt\/produto\/a-presa\/#primaryimage\",\"inLanguage\":\"en-US\",\"url\":\"https:\/\/livrariasolmar.pt\/wp-content\/uploads\/2025\/09\/1540-1-1.jpg\",\"contentUrl\":\"https:\/\/livrariasolmar.pt\/wp-content\/uploads\/2025\/09\/1540-1-1.jpg\",\"width\":340,\"height\":340},{\"@type\":\"WebPage\",\"@id\":\"https:\/\/livrariasolmar.pt\/produto\/a-presa\/#webpage\",\"url\":\"https:\/\/livrariasolmar.pt\/produto\/a-presa\/\",\"name\":\"A Presa - Livraria Solmar - Livraria online\",\"isPartOf\":{\"@id\":\"https:\/\/livrariasolmar.pt\/#website\"},\"primaryImageOfPage\":{\"@id\":\"https:\/\/livrariasolmar.pt\/produto\/a-presa\/#primaryimage\"},\"datePublished\":\"2025-09-24T19:09:57+00:00\",\"dateModified\":\"2025-11-14T20:37:37+00:00\",\"breadcrumb\":{\"@id\":\"https:\/\/livrariasolmar.pt\/produto\/a-presa\/#breadcrumb\"},\"inLanguage\":\"en-US\",\"potentialAction\":[{\"@type\":\"ReadAction\",\"target\":[\"https:\/\/livrariasolmar.pt\/produto\/a-presa\/\"]}]},{\"@type\":\"BreadcrumbList\",\"@id\":\"https:\/\/livrariasolmar.pt\/produto\/a-presa\/#breadcrumb\",\"itemListElement\":[{\"@type\":\"ListItem\",\"position\":1,\"name\":\"In\\u00edcio\",\"item\":\"https:\/\/livrariasolmar.pt\/en\/\"},{\"@type\":\"ListItem\",\"position\":2,\"name\":\"Shop\",\"item\":\"https:\/\/livrariasolmar.pt\/en\/shop\/\"},{\"@type\":\"ListItem\",\"position\":3,\"name\":\"A Presa\"}]}]}<\/script>\n<!-- \/ Yoast SEO plugin. -->","_links":{"self":[{"href":"https:\/\/livrariasolmar.pt\/en\/wp-json\/wp\/v2\/product\/10928"}],"collection":[{"href":"https:\/\/livrariasolmar.pt\/en\/wp-json\/wp\/v2\/product"}],"about":[{"href":"https:\/\/livrariasolmar.pt\/en\/wp-json\/wp\/v2\/types\/product"}],"author":[{"embeddable":true,"href":"https:\/\/livrariasolmar.pt\/en\/wp-json\/wp\/v2\/users\/2"}],"wp:featuredmedia":[{"embeddable":true,"href":"https:\/\/livrariasolmar.pt\/en\/wp-json\/wp\/v2\/media\/10929"}],"wp:attachment":[{"href":"https:\/\/livrariasolmar.pt\/en\/wp-json\/wp\/v2\/media?parent=10928"}],"wp:term":[{"taxonomy":"product_cat","embeddable":true,"href":"https:\/\/livrariasolmar.pt\/en\/wp-json\/wp\/v2\/product_cat?post=10928"},{"taxonomy":"product_tag","embeddable":true,"href":"https:\/\/livrariasolmar.pt\/en\/wp-json\/wp\/v2\/product_tag?post=10928"},{"taxonomy":"cat_produtos","embeddable":true,"href":"https:\/\/livrariasolmar.pt\/en\/wp-json\/wp\/v2\/cat_produtos?post=10928"}],"curies":[{"name":"wp","href":"https:\/\/api.w.org\/{rel}","templated":true}]}}