{"id":10931,"date":"2025-09-25T16:16:39","date_gmt":"2025-09-25T16:16:39","guid":{"rendered":"https:\/\/livrariasolmar.pt\/?post_type=product&#038;p=10931"},"modified":"2025-11-14T20:37:24","modified_gmt":"2025-11-14T20:37:24","slug":"um-por-um","status":"publish","type":"product","link":"https:\/\/livrariasolmar.pt\/en\/produto\/um-por-um\/","title":{"rendered":"Um por Um"},"content":{"rendered":"","protected":false},"excerpt":{"rendered":"<p>Seis amigos. Uma floresta. Sem rede de telem\u00f3vel. Sem ajuda. Um a um, come\u00e7am a desaparecer. Predador ou trai\u00e7\u00e3o?<\/p>\n<p>Claire tinha tudo planeado: uma semana tranquila com dois casais amigos, longe da rotina stressante do trabalho e das exig\u00eancias da maternidade. Seria a oportunidade perfeita para compor o casamento, percorrer trilhos na natureza e relaxar em banhos de hidromassagem. Um retiro de sonho.<\/p>\n<p>Mas o que come\u00e7a como uma simples avaria na carrinha, numa estrada de terra remota, rapidamente se transforma num pesadelo. Sem rede no telem\u00f3vel e sem qualquer ajuda \u00e0 vista, o grupo decide seguir a p\u00e9 pela floresta at\u00e9 ao hotel. S\u00f3 que a natureza tem outros planos.<\/p>\n<p>Perdidos. Isolados. Vulner\u00e1veis.<\/p>\n<p>\u00c0 medida que as horas passam e a noite cai, os seis amigos percebem que est\u00e3o irremediavelmente desorientados. E pior: um a um, come\u00e7am a desaparecer\u2026 ou a morrer. Ser\u00e1 obra de um animal selvagem escondido na floresta? Ou o verdadeiro perigo caminha entre eles?<\/p>\n<p>Enquanto a tens\u00e3o aumenta e a confian\u00e7a se desintegra, uma certeza emerge no sil\u00eancio do bosque: apenas um deles voltar\u00e1 a casa com vida.<\/p>\n","protected":false},"author":2,"featured_media":10932,"template":"","meta":[],"product_cat":[588],"product_tag":[],"cat_produtos":[],"yoast_head":"<!-- This site is optimized with the Yoast SEO plugin v16.6 - https:\/\/yoast.com\/wordpress\/plugins\/seo\/ -->\n<title>Um por Um - Livraria Solmar - Livraria online<\/title>\n<meta name=\"robots\" content=\"index, follow, max-snippet:-1, max-image-preview:large, max-video-preview:-1\" \/>\n<link rel=\"canonical\" href=\"https:\/\/livrariasolmar.pt\/en\/produto\/um-por-um\/\" \/>\n<meta property=\"og:locale\" content=\"en_US\" \/>\n<meta property=\"og:type\" content=\"article\" \/>\n<meta property=\"og:title\" content=\"Um por Um - Livraria Solmar - Livraria online\" \/>\n<meta property=\"og:description\" content=\"Seis amigos. Uma floresta. Sem rede de telem\u00f3vel. Sem ajuda. Um a um, come\u00e7am a desaparecer. Predador ou trai\u00e7\u00e3o?  Claire tinha tudo planeado: uma semana tranquila com dois casais amigos, longe da rotina stressante do trabalho e das exig\u00eancias da maternidade. Seria a oportunidade perfeita para compor o casamento, percorrer trilhos na natureza e relaxar em banhos de hidromassagem. Um retiro de sonho.  Mas o que come\u00e7a como uma simples avaria na carrinha, numa estrada de terra remota, rapidamente se transforma num pesadelo. Sem rede no telem\u00f3vel e sem qualquer ajuda \u00e0 vista, o grupo decide seguir a p\u00e9 pela floresta at\u00e9 ao hotel. S\u00f3 que a natureza tem outros planos.  Perdidos. Isolados. Vulner\u00e1veis.  \u00c0 medida que as horas passam e a noite cai, os seis amigos percebem que est\u00e3o irremediavelmente desorientados. E pior: um a um, come\u00e7am a desaparecer\u2026 ou a morrer. Ser\u00e1 obra de um animal selvagem escondido na floresta? Ou o verdadeiro perigo caminha entre eles?  Enquanto a tens\u00e3o aumenta e a confian\u00e7a se desintegra, uma certeza emerge no sil\u00eancio do bosque: apenas um deles voltar\u00e1 a casa com vida.\" \/>\n<meta property=\"og:url\" content=\"https:\/\/livrariasolmar.pt\/produto\/um-por-um\/\" \/>\n<meta property=\"og:site_name\" content=\"Livraria Solmar - Livraria online\" \/>\n<meta property=\"article:modified_time\" content=\"2025-11-14T20:37:24+00:00\" \/>\n<meta property=\"og:image\" content=\"https:\/\/livrariasolmar.pt\/wp-content\/uploads\/2025\/09\/1507-1.jpg\" \/>\n\t<meta property=\"og:image:width\" content=\"400\" \/>\n\t<meta property=\"og:image:height\" content=\"500\" \/>\n<meta name=\"twitter:card\" content=\"summary_large_image\" \/>\n<script type=\"application\/ld+json\" class=\"yoast-schema-graph\">{\"@context\":\"https:\/\/schema.org\",\"@graph\":[{\"@type\":\"WebSite\",\"@id\":\"https:\/\/livrariasolmar.pt\/#website\",\"url\":\"https:\/\/livrariasolmar.pt\/\",\"name\":\"Livraria Solmar - Livraria online\",\"description\":\"Com\\u00e9rcio Livros E Objetos De Arte, Lda - Ponta Delgada, A\\u00e7ores\",\"potentialAction\":[{\"@type\":\"SearchAction\",\"target\":{\"@type\":\"EntryPoint\",\"urlTemplate\":\"https:\/\/livrariasolmar.pt\/?s={search_term_string}\"},\"query-input\":\"required name=search_term_string\"}],\"inLanguage\":\"en-US\"},{\"@type\":\"ImageObject\",\"@id\":\"https:\/\/livrariasolmar.pt\/produto\/um-por-um\/#primaryimage\",\"inLanguage\":\"en-US\",\"url\":\"https:\/\/livrariasolmar.pt\/wp-content\/uploads\/2025\/09\/1507-1.jpg\",\"contentUrl\":\"https:\/\/livrariasolmar.pt\/wp-content\/uploads\/2025\/09\/1507-1.jpg\",\"width\":400,\"height\":500},{\"@type\":\"WebPage\",\"@id\":\"https:\/\/livrariasolmar.pt\/produto\/um-por-um\/#webpage\",\"url\":\"https:\/\/livrariasolmar.pt\/produto\/um-por-um\/\",\"name\":\"Um por Um - Livraria Solmar - Livraria online\",\"isPartOf\":{\"@id\":\"https:\/\/livrariasolmar.pt\/#website\"},\"primaryImageOfPage\":{\"@id\":\"https:\/\/livrariasolmar.pt\/produto\/um-por-um\/#primaryimage\"},\"datePublished\":\"2025-09-25T16:16:39+00:00\",\"dateModified\":\"2025-11-14T20:37:24+00:00\",\"breadcrumb\":{\"@id\":\"https:\/\/livrariasolmar.pt\/produto\/um-por-um\/#breadcrumb\"},\"inLanguage\":\"en-US\",\"potentialAction\":[{\"@type\":\"ReadAction\",\"target\":[\"https:\/\/livrariasolmar.pt\/produto\/um-por-um\/\"]}]},{\"@type\":\"BreadcrumbList\",\"@id\":\"https:\/\/livrariasolmar.pt\/produto\/um-por-um\/#breadcrumb\",\"itemListElement\":[{\"@type\":\"ListItem\",\"position\":1,\"name\":\"In\\u00edcio\",\"item\":\"https:\/\/livrariasolmar.pt\/en\/\"},{\"@type\":\"ListItem\",\"position\":2,\"name\":\"Shop\",\"item\":\"https:\/\/livrariasolmar.pt\/en\/shop\/\"},{\"@type\":\"ListItem\",\"position\":3,\"name\":\"Um por Um\"}]}]}<\/script>\n<!-- \/ Yoast SEO plugin. -->","_links":{"self":[{"href":"https:\/\/livrariasolmar.pt\/en\/wp-json\/wp\/v2\/product\/10931"}],"collection":[{"href":"https:\/\/livrariasolmar.pt\/en\/wp-json\/wp\/v2\/product"}],"about":[{"href":"https:\/\/livrariasolmar.pt\/en\/wp-json\/wp\/v2\/types\/product"}],"author":[{"embeddable":true,"href":"https:\/\/livrariasolmar.pt\/en\/wp-json\/wp\/v2\/users\/2"}],"wp:featuredmedia":[{"embeddable":true,"href":"https:\/\/livrariasolmar.pt\/en\/wp-json\/wp\/v2\/media\/10932"}],"wp:attachment":[{"href":"https:\/\/livrariasolmar.pt\/en\/wp-json\/wp\/v2\/media?parent=10931"}],"wp:term":[{"taxonomy":"product_cat","embeddable":true,"href":"https:\/\/livrariasolmar.pt\/en\/wp-json\/wp\/v2\/product_cat?post=10931"},{"taxonomy":"product_tag","embeddable":true,"href":"https:\/\/livrariasolmar.pt\/en\/wp-json\/wp\/v2\/product_tag?post=10931"},{"taxonomy":"cat_produtos","embeddable":true,"href":"https:\/\/livrariasolmar.pt\/en\/wp-json\/wp\/v2\/cat_produtos?post=10931"}],"curies":[{"name":"wp","href":"https:\/\/api.w.org\/{rel}","templated":true}]}}