{"id":10934,"date":"2025-09-25T17:04:16","date_gmt":"2025-09-25T17:04:16","guid":{"rendered":"https:\/\/livrariasolmar.pt\/?post_type=product&#038;p=10934"},"modified":"2025-12-13T18:08:54","modified_gmt":"2025-12-13T18:08:54","slug":"quem-matou-espinosa","status":"publish","type":"product","link":"https:\/\/livrariasolmar.pt\/en\/produto\/quem-matou-espinosa\/","title":{"rendered":"Quem Matou Espinosa?"},"content":{"rendered":"","protected":false},"excerpt":{"rendered":"<p>Baruch Espinosa, o fil\u00f3sofo holand\u00eas de origem portuguesa, morreu aos 44 anos, em 1677, deixando uma obra filos\u00f3fica revolucion\u00e1ria &#8211; mas tamb\u00e9m alguns enigmas, alguns inimigos e muitas perguntas. E se a sua morte n\u00e3o tivesse sido causada pela fr\u00e1gil sa\u00fade &#8211; mas tivesse sido assassinado? Quem \u00e9 a pessoa que o visitou no dia em que morreu? Que cartas e manuscritos n\u00e3o publicados desapareceram de sua secret\u00e1ria? Quem beneficia com um crime desta natureza? Cat\u00f3licos, protestantes, judeus, advers\u00e1rios filos\u00f3ficos, franceses, holandeses, todos s\u00e3o suspeitos.<\/p>\n<p>Muitos desconfiam de Espinosa, demasiado livre, inclassific\u00e1vel, corajoso demais. A sua filosofia perturba tanto quanto fascina, numa \u00e9poca em que as guerras religiosas destroem a Europa. Do topo do Estado ao pequeno presbit\u00e9rio, incluindo a Sinagoga e c\u00edrculos de pensamento menos combativos, todos conspiram, em segredo, para silenciar este g\u00e9nio que abala a filosofia do seu tempo.<\/p>\n<p>Neste thriller filos\u00f3fico e hist\u00f3rico, Jean-Fran\u00e7ois Bensahel reconstitui a obra e a vida de Espinosa &#8211; e deixa aberta a porta para resolver esse grande mist\u00e9rio: quem matou Espinosa?<\/p>\n","protected":false},"author":2,"featured_media":10935,"template":"","meta":[],"product_cat":[153],"product_tag":[],"cat_produtos":[],"yoast_head":"<!-- This site is optimized with the Yoast SEO plugin v16.6 - https:\/\/yoast.com\/wordpress\/plugins\/seo\/ -->\n<title>Quem Matou Espinosa? - Livraria Solmar - Livraria online<\/title>\n<meta name=\"robots\" content=\"index, follow, max-snippet:-1, max-image-preview:large, max-video-preview:-1\" \/>\n<link rel=\"canonical\" href=\"https:\/\/livrariasolmar.pt\/en\/produto\/quem-matou-espinosa\/\" \/>\n<meta property=\"og:locale\" content=\"en_US\" \/>\n<meta property=\"og:type\" content=\"article\" \/>\n<meta property=\"og:title\" content=\"Quem Matou Espinosa? - Livraria Solmar - Livraria online\" \/>\n<meta property=\"og:description\" content=\"Baruch Espinosa, o fil\u00f3sofo holand\u00eas de origem portuguesa, morreu aos 44 anos, em 1677, deixando uma obra filos\u00f3fica revolucion\u00e1ria - mas tamb\u00e9m alguns enigmas, alguns inimigos e muitas perguntas. E se a sua morte n\u00e3o tivesse sido causada pela fr\u00e1gil sa\u00fade - mas tivesse sido assassinado? Quem \u00e9 a pessoa que o visitou no dia em que morreu? Que cartas e manuscritos n\u00e3o publicados desapareceram de sua secret\u00e1ria? Quem beneficia com um crime desta natureza? Cat\u00f3licos, protestantes, judeus, advers\u00e1rios filos\u00f3ficos, franceses, holandeses, todos s\u00e3o suspeitos.  Muitos desconfiam de Espinosa, demasiado livre, inclassific\u00e1vel, corajoso demais. A sua filosofia perturba tanto quanto fascina, numa \u00e9poca em que as guerras religiosas destroem a Europa. Do topo do Estado ao pequeno presbit\u00e9rio, incluindo a Sinagoga e c\u00edrculos de pensamento menos combativos, todos conspiram, em segredo, para silenciar este g\u00e9nio que abala a filosofia do seu tempo.  Neste thriller filos\u00f3fico e hist\u00f3rico, Jean-Fran\u00e7ois Bensahel reconstitui a obra e a vida de Espinosa - e deixa aberta a porta para resolver esse grande mist\u00e9rio: quem matou Espinosa?\" \/>\n<meta property=\"og:url\" content=\"https:\/\/livrariasolmar.pt\/produto\/quem-matou-espinosa\/\" \/>\n<meta property=\"og:site_name\" content=\"Livraria Solmar - Livraria online\" \/>\n<meta property=\"article:modified_time\" content=\"2025-12-13T18:08:54+00:00\" \/>\n<meta property=\"og:image\" content=\"https:\/\/livrariasolmar.pt\/wp-content\/uploads\/2025\/09\/1540-1-2.jpg\" \/>\n\t<meta property=\"og:image:width\" content=\"340\" \/>\n\t<meta property=\"og:image:height\" content=\"340\" \/>\n<meta name=\"twitter:card\" content=\"summary_large_image\" \/>\n<script type=\"application\/ld+json\" class=\"yoast-schema-graph\">{\"@context\":\"https:\/\/schema.org\",\"@graph\":[{\"@type\":\"WebSite\",\"@id\":\"https:\/\/livrariasolmar.pt\/#website\",\"url\":\"https:\/\/livrariasolmar.pt\/\",\"name\":\"Livraria Solmar - Livraria online\",\"description\":\"Com\\u00e9rcio Livros E Objetos De Arte, Lda - Ponta Delgada, A\\u00e7ores\",\"potentialAction\":[{\"@type\":\"SearchAction\",\"target\":{\"@type\":\"EntryPoint\",\"urlTemplate\":\"https:\/\/livrariasolmar.pt\/?s={search_term_string}\"},\"query-input\":\"required name=search_term_string\"}],\"inLanguage\":\"en-US\"},{\"@type\":\"ImageObject\",\"@id\":\"https:\/\/livrariasolmar.pt\/produto\/quem-matou-espinosa\/#primaryimage\",\"inLanguage\":\"en-US\",\"url\":\"https:\/\/livrariasolmar.pt\/wp-content\/uploads\/2025\/09\/1540-1-2.jpg\",\"contentUrl\":\"https:\/\/livrariasolmar.pt\/wp-content\/uploads\/2025\/09\/1540-1-2.jpg\",\"width\":340,\"height\":340},{\"@type\":\"WebPage\",\"@id\":\"https:\/\/livrariasolmar.pt\/produto\/quem-matou-espinosa\/#webpage\",\"url\":\"https:\/\/livrariasolmar.pt\/produto\/quem-matou-espinosa\/\",\"name\":\"Quem Matou Espinosa? - Livraria Solmar - Livraria online\",\"isPartOf\":{\"@id\":\"https:\/\/livrariasolmar.pt\/#website\"},\"primaryImageOfPage\":{\"@id\":\"https:\/\/livrariasolmar.pt\/produto\/quem-matou-espinosa\/#primaryimage\"},\"datePublished\":\"2025-09-25T17:04:16+00:00\",\"dateModified\":\"2025-12-13T18:08:54+00:00\",\"breadcrumb\":{\"@id\":\"https:\/\/livrariasolmar.pt\/produto\/quem-matou-espinosa\/#breadcrumb\"},\"inLanguage\":\"en-US\",\"potentialAction\":[{\"@type\":\"ReadAction\",\"target\":[\"https:\/\/livrariasolmar.pt\/produto\/quem-matou-espinosa\/\"]}]},{\"@type\":\"BreadcrumbList\",\"@id\":\"https:\/\/livrariasolmar.pt\/produto\/quem-matou-espinosa\/#breadcrumb\",\"itemListElement\":[{\"@type\":\"ListItem\",\"position\":1,\"name\":\"In\\u00edcio\",\"item\":\"https:\/\/livrariasolmar.pt\/en\/\"},{\"@type\":\"ListItem\",\"position\":2,\"name\":\"Shop\",\"item\":\"https:\/\/livrariasolmar.pt\/en\/shop\/\"},{\"@type\":\"ListItem\",\"position\":3,\"name\":\"Quem Matou Espinosa?\"}]}]}<\/script>\n<!-- \/ Yoast SEO plugin. -->","_links":{"self":[{"href":"https:\/\/livrariasolmar.pt\/en\/wp-json\/wp\/v2\/product\/10934"}],"collection":[{"href":"https:\/\/livrariasolmar.pt\/en\/wp-json\/wp\/v2\/product"}],"about":[{"href":"https:\/\/livrariasolmar.pt\/en\/wp-json\/wp\/v2\/types\/product"}],"author":[{"embeddable":true,"href":"https:\/\/livrariasolmar.pt\/en\/wp-json\/wp\/v2\/users\/2"}],"wp:featuredmedia":[{"embeddable":true,"href":"https:\/\/livrariasolmar.pt\/en\/wp-json\/wp\/v2\/media\/10935"}],"wp:attachment":[{"href":"https:\/\/livrariasolmar.pt\/en\/wp-json\/wp\/v2\/media?parent=10934"}],"wp:term":[{"taxonomy":"product_cat","embeddable":true,"href":"https:\/\/livrariasolmar.pt\/en\/wp-json\/wp\/v2\/product_cat?post=10934"},{"taxonomy":"product_tag","embeddable":true,"href":"https:\/\/livrariasolmar.pt\/en\/wp-json\/wp\/v2\/product_tag?post=10934"},{"taxonomy":"cat_produtos","embeddable":true,"href":"https:\/\/livrariasolmar.pt\/en\/wp-json\/wp\/v2\/cat_produtos?post=10934"}],"curies":[{"name":"wp","href":"https:\/\/api.w.org\/{rel}","templated":true}]}}