{"id":10937,"date":"2025-09-25T17:16:39","date_gmt":"2025-09-25T17:16:39","guid":{"rendered":"https:\/\/livrariasolmar.pt\/?post_type=product&#038;p=10937"},"modified":"2026-02-28T15:38:49","modified_gmt":"2026-02-28T15:38:49","slug":"oceano-o-ultimo-reduto-selvagem","status":"publish","type":"product","link":"https:\/\/livrariasolmar.pt\/en\/produto\/oceano-o-ultimo-reduto-selvagem\/","title":{"rendered":"Oceano- O \u00faltimo reduto selvagem"},"content":{"rendered":"","protected":false},"excerpt":{"rendered":"<p>\u00abTive a felicidade de viver quase cem anos. Durante este tempo, fic\u00e1mos a saber mais sobre o nosso oceano do que em qualquer outro per\u00edodo da hist\u00f3ria humana. As ci\u00eancias marinhas revelaram maravilhas naturais que um rapazinho da d\u00e9cada de 1930 jamais teria imaginado. As novas tecnologias permitiram-nos filmar comportamentos na vida selvagem que, nos prim\u00f3rdios da minha carreira, s\u00f3 em sonhos eu imaginaria poder registar, e transform\u00e1mos t\u00e3o profundamente o oceano, que os pr\u00f3ximos cem anos poder\u00e3o assistir a uma extin\u00e7\u00e3o em massa da vida nos mares ou ent\u00e3o a uma recupera\u00e7\u00e3o espetacular.<\/p>\n<p>N\u00e3o estarei c\u00e1 para assistir ao fim da hist\u00f3ria, mas, depois de uma vida inteira a explorar o nosso planeta, continuo convencido de que, quanto mais pessoas apreciarem e compreenderem o mundo natural, maior ser\u00e1 a nossa esperan\u00e7a de o salvar, bem como a n\u00f3s mesmos.\u00bb<br \/>\n<i>DAVID ATTENBOROUGH<\/i><\/p>\n","protected":false},"author":2,"featured_media":10938,"template":"","meta":[],"product_cat":[178],"product_tag":[],"cat_produtos":[],"yoast_head":"<!-- This site is optimized with the Yoast SEO plugin v16.6 - https:\/\/yoast.com\/wordpress\/plugins\/seo\/ -->\n<title>Oceano- O \u00faltimo reduto selvagem - Livraria Solmar - Livraria online<\/title>\n<meta name=\"robots\" content=\"index, follow, max-snippet:-1, max-image-preview:large, max-video-preview:-1\" \/>\n<link rel=\"canonical\" href=\"https:\/\/livrariasolmar.pt\/en\/produto\/oceano-o-ultimo-reduto-selvagem\/\" \/>\n<meta property=\"og:locale\" content=\"en_US\" \/>\n<meta property=\"og:type\" content=\"article\" \/>\n<meta property=\"og:title\" content=\"Oceano- O \u00faltimo reduto selvagem - Livraria Solmar - Livraria online\" \/>\n<meta property=\"og:description\" content=\"\u00abTive a felicidade de viver quase cem anos. Durante este tempo, fic\u00e1mos a saber mais sobre o nosso oceano do que em qualquer outro per\u00edodo da hist\u00f3ria humana. As ci\u00eancias marinhas revelaram maravilhas naturais que um rapazinho da d\u00e9cada de 1930 jamais teria imaginado. As novas tecnologias permitiram-nos filmar comportamentos na vida selvagem que, nos prim\u00f3rdios da minha carreira, s\u00f3 em sonhos eu imaginaria poder registar, e transform\u00e1mos t\u00e3o profundamente o oceano, que os pr\u00f3ximos cem anos poder\u00e3o assistir a uma extin\u00e7\u00e3o em massa da vida nos mares ou ent\u00e3o a uma recupera\u00e7\u00e3o espetacular.  N\u00e3o estarei c\u00e1 para assistir ao fim da hist\u00f3ria, mas, depois de uma vida inteira a explorar o nosso planeta, continuo convencido de que, quanto mais pessoas apreciarem e compreenderem o mundo natural, maior ser\u00e1 a nossa esperan\u00e7a de o salvar, bem como a n\u00f3s mesmos.\u00bb DAVID ATTENBOROUGH\" \/>\n<meta property=\"og:url\" content=\"https:\/\/livrariasolmar.pt\/produto\/oceano-o-ultimo-reduto-selvagem\/\" \/>\n<meta property=\"og:site_name\" content=\"Livraria Solmar - Livraria online\" \/>\n<meta property=\"article:modified_time\" content=\"2026-02-28T15:38:49+00:00\" \/>\n<meta property=\"og:image\" content=\"https:\/\/livrariasolmar.pt\/wp-content\/uploads\/2025\/09\/1540-1-4.jpg\" \/>\n\t<meta property=\"og:image:width\" content=\"340\" \/>\n\t<meta property=\"og:image:height\" content=\"340\" \/>\n<meta name=\"twitter:card\" content=\"summary_large_image\" \/>\n<script type=\"application\/ld+json\" class=\"yoast-schema-graph\">{\"@context\":\"https:\/\/schema.org\",\"@graph\":[{\"@type\":\"WebSite\",\"@id\":\"https:\/\/livrariasolmar.pt\/#website\",\"url\":\"https:\/\/livrariasolmar.pt\/\",\"name\":\"Livraria Solmar - Livraria online\",\"description\":\"Com\\u00e9rcio Livros E Objetos De Arte, Lda - Ponta Delgada, A\\u00e7ores\",\"potentialAction\":[{\"@type\":\"SearchAction\",\"target\":{\"@type\":\"EntryPoint\",\"urlTemplate\":\"https:\/\/livrariasolmar.pt\/?s={search_term_string}\"},\"query-input\":\"required name=search_term_string\"}],\"inLanguage\":\"en-US\"},{\"@type\":\"ImageObject\",\"@id\":\"https:\/\/livrariasolmar.pt\/produto\/oceano-o-ultimo-reduto-selvagem\/#primaryimage\",\"inLanguage\":\"en-US\",\"url\":\"https:\/\/livrariasolmar.pt\/wp-content\/uploads\/2025\/09\/1540-1-4.jpg\",\"contentUrl\":\"https:\/\/livrariasolmar.pt\/wp-content\/uploads\/2025\/09\/1540-1-4.jpg\",\"width\":340,\"height\":340},{\"@type\":\"WebPage\",\"@id\":\"https:\/\/livrariasolmar.pt\/produto\/oceano-o-ultimo-reduto-selvagem\/#webpage\",\"url\":\"https:\/\/livrariasolmar.pt\/produto\/oceano-o-ultimo-reduto-selvagem\/\",\"name\":\"Oceano- O \\u00faltimo reduto selvagem - Livraria Solmar - Livraria online\",\"isPartOf\":{\"@id\":\"https:\/\/livrariasolmar.pt\/#website\"},\"primaryImageOfPage\":{\"@id\":\"https:\/\/livrariasolmar.pt\/produto\/oceano-o-ultimo-reduto-selvagem\/#primaryimage\"},\"datePublished\":\"2025-09-25T17:16:39+00:00\",\"dateModified\":\"2026-02-28T15:38:49+00:00\",\"breadcrumb\":{\"@id\":\"https:\/\/livrariasolmar.pt\/produto\/oceano-o-ultimo-reduto-selvagem\/#breadcrumb\"},\"inLanguage\":\"en-US\",\"potentialAction\":[{\"@type\":\"ReadAction\",\"target\":[\"https:\/\/livrariasolmar.pt\/produto\/oceano-o-ultimo-reduto-selvagem\/\"]}]},{\"@type\":\"BreadcrumbList\",\"@id\":\"https:\/\/livrariasolmar.pt\/produto\/oceano-o-ultimo-reduto-selvagem\/#breadcrumb\",\"itemListElement\":[{\"@type\":\"ListItem\",\"position\":1,\"name\":\"In\\u00edcio\",\"item\":\"https:\/\/livrariasolmar.pt\/en\/\"},{\"@type\":\"ListItem\",\"position\":2,\"name\":\"Shop\",\"item\":\"https:\/\/livrariasolmar.pt\/en\/shop\/\"},{\"@type\":\"ListItem\",\"position\":3,\"name\":\"Oceano- O \\u00faltimo reduto selvagem\"}]}]}<\/script>\n<!-- \/ Yoast SEO plugin. -->","_links":{"self":[{"href":"https:\/\/livrariasolmar.pt\/en\/wp-json\/wp\/v2\/product\/10937"}],"collection":[{"href":"https:\/\/livrariasolmar.pt\/en\/wp-json\/wp\/v2\/product"}],"about":[{"href":"https:\/\/livrariasolmar.pt\/en\/wp-json\/wp\/v2\/types\/product"}],"author":[{"embeddable":true,"href":"https:\/\/livrariasolmar.pt\/en\/wp-json\/wp\/v2\/users\/2"}],"wp:featuredmedia":[{"embeddable":true,"href":"https:\/\/livrariasolmar.pt\/en\/wp-json\/wp\/v2\/media\/10938"}],"wp:attachment":[{"href":"https:\/\/livrariasolmar.pt\/en\/wp-json\/wp\/v2\/media?parent=10937"}],"wp:term":[{"taxonomy":"product_cat","embeddable":true,"href":"https:\/\/livrariasolmar.pt\/en\/wp-json\/wp\/v2\/product_cat?post=10937"},{"taxonomy":"product_tag","embeddable":true,"href":"https:\/\/livrariasolmar.pt\/en\/wp-json\/wp\/v2\/product_tag?post=10937"},{"taxonomy":"cat_produtos","embeddable":true,"href":"https:\/\/livrariasolmar.pt\/en\/wp-json\/wp\/v2\/cat_produtos?post=10937"}],"curies":[{"name":"wp","href":"https:\/\/api.w.org\/{rel}","templated":true}]}}