{"id":10940,"date":"2025-09-25T17:25:56","date_gmt":"2025-09-25T17:25:56","guid":{"rendered":"https:\/\/livrariasolmar.pt\/?post_type=product&#038;p=10940"},"modified":"2025-11-25T19:34:21","modified_gmt":"2025-11-25T19:34:21","slug":"pai-rico-pai-pobre-segunda-oportunidade","status":"publish","type":"product","link":"https:\/\/livrariasolmar.pt\/en\/produto\/pai-rico-pai-pobre-segunda-oportunidade\/","title":{"rendered":"Pai Rico, Pai Pobre &#8211; Segunda oportunidade"},"content":{"rendered":"","protected":false},"excerpt":{"rendered":"<p>Vivemos num mundo em crise, seja ela econ\u00f3mica, moral, de educa\u00e7\u00e3o ou de lideran\u00e7a. Al\u00e9m disso, estamos todos envolvidos no maior acontecimento evolutivo da hist\u00f3ria da humanidade, com o fim da Era Industrial e o acelerar da Era da Informa\u00e7\u00e3o.<\/p>\n<p>Neste livro, Robert T. Kiyosaki desafia os leitores a repensarem o que sabem sobre dinheiro, economia e o futuro. Analisando as li\u00e7\u00f5es do passado e expondo duras verdades sobre o presente, o autor revela como se preparar para as possibilidades que se avizinham e como capitaliz\u00e1-las, podendo, assim, ter uma segunda oportunidade para criar a vida com que sempre sonhou.<\/p>\n<p>Aprenda a:<\/p>\n<p>&#8211; Treinar a sua mente para ver para al\u00e9m do que os seus olhos revelam;<br \/>\n&#8211; Utilizar a hist\u00f3ria para se preparar para o futuro;<br \/>\n&#8211; Assumir o controlo do seu dinheiro e da sua vida;<br \/>\n&#8211; Identificar oportunidades em tempos de crise;<br \/>\n&#8211; Prosperar num mundo que est\u00e1 em r\u00e1pida mudan\u00e7a.<\/p>\n","protected":false},"author":2,"featured_media":10941,"template":"","meta":[],"product_cat":[1386,1387],"product_tag":[],"cat_produtos":[],"yoast_head":"<!-- This site is optimized with the Yoast SEO plugin v16.6 - https:\/\/yoast.com\/wordpress\/plugins\/seo\/ -->\n<title>Pai Rico, Pai Pobre - Segunda oportunidade - Livraria Solmar - Livraria online<\/title>\n<meta name=\"robots\" content=\"index, follow, max-snippet:-1, max-image-preview:large, max-video-preview:-1\" \/>\n<link rel=\"canonical\" href=\"https:\/\/livrariasolmar.pt\/en\/produto\/pai-rico-pai-pobre-segunda-oportunidade\/\" \/>\n<meta property=\"og:locale\" content=\"en_US\" \/>\n<meta property=\"og:type\" content=\"article\" \/>\n<meta property=\"og:title\" content=\"Pai Rico, Pai Pobre - Segunda oportunidade - Livraria Solmar - Livraria online\" \/>\n<meta property=\"og:description\" content=\"Vivemos num mundo em crise, seja ela econ\u00f3mica, moral, de educa\u00e7\u00e3o ou de lideran\u00e7a. Al\u00e9m disso, estamos todos envolvidos no maior acontecimento evolutivo da hist\u00f3ria da humanidade, com o fim da Era Industrial e o acelerar da Era da Informa\u00e7\u00e3o.  Neste livro, Robert T. Kiyosaki desafia os leitores a repensarem o que sabem sobre dinheiro, economia e o futuro. Analisando as li\u00e7\u00f5es do passado e expondo duras verdades sobre o presente, o autor revela como se preparar para as possibilidades que se avizinham e como capitaliz\u00e1-las, podendo, assim, ter uma segunda oportunidade para criar a vida com que sempre sonhou.  Aprenda a:  - Treinar a sua mente para ver para al\u00e9m do que os seus olhos revelam; - Utilizar a hist\u00f3ria para se preparar para o futuro; - Assumir o controlo do seu dinheiro e da sua vida; - Identificar oportunidades em tempos de crise; - Prosperar num mundo que est\u00e1 em r\u00e1pida mudan\u00e7a.\" \/>\n<meta property=\"og:url\" content=\"https:\/\/livrariasolmar.pt\/produto\/pai-rico-pai-pobre-segunda-oportunidade\/\" \/>\n<meta property=\"og:site_name\" content=\"Livraria Solmar - Livraria online\" \/>\n<meta property=\"article:modified_time\" content=\"2025-11-25T19:34:21+00:00\" \/>\n<meta property=\"og:image\" content=\"https:\/\/livrariasolmar.pt\/wp-content\/uploads\/2025\/09\/1507-1-1.jpg\" \/>\n\t<meta property=\"og:image:width\" content=\"400\" \/>\n\t<meta property=\"og:image:height\" content=\"605\" \/>\n<meta name=\"twitter:card\" content=\"summary_large_image\" \/>\n<script type=\"application\/ld+json\" class=\"yoast-schema-graph\">{\"@context\":\"https:\/\/schema.org\",\"@graph\":[{\"@type\":\"WebSite\",\"@id\":\"https:\/\/livrariasolmar.pt\/#website\",\"url\":\"https:\/\/livrariasolmar.pt\/\",\"name\":\"Livraria Solmar - Livraria online\",\"description\":\"Com\\u00e9rcio Livros E Objetos De Arte, Lda - Ponta Delgada, A\\u00e7ores\",\"potentialAction\":[{\"@type\":\"SearchAction\",\"target\":{\"@type\":\"EntryPoint\",\"urlTemplate\":\"https:\/\/livrariasolmar.pt\/?s={search_term_string}\"},\"query-input\":\"required name=search_term_string\"}],\"inLanguage\":\"en-US\"},{\"@type\":\"ImageObject\",\"@id\":\"https:\/\/livrariasolmar.pt\/produto\/pai-rico-pai-pobre-segunda-oportunidade\/#primaryimage\",\"inLanguage\":\"en-US\",\"url\":\"https:\/\/livrariasolmar.pt\/wp-content\/uploads\/2025\/09\/1507-1-1.jpg\",\"contentUrl\":\"https:\/\/livrariasolmar.pt\/wp-content\/uploads\/2025\/09\/1507-1-1.jpg\",\"width\":400,\"height\":605},{\"@type\":\"WebPage\",\"@id\":\"https:\/\/livrariasolmar.pt\/produto\/pai-rico-pai-pobre-segunda-oportunidade\/#webpage\",\"url\":\"https:\/\/livrariasolmar.pt\/produto\/pai-rico-pai-pobre-segunda-oportunidade\/\",\"name\":\"Pai Rico, Pai Pobre - Segunda oportunidade - Livraria Solmar - Livraria online\",\"isPartOf\":{\"@id\":\"https:\/\/livrariasolmar.pt\/#website\"},\"primaryImageOfPage\":{\"@id\":\"https:\/\/livrariasolmar.pt\/produto\/pai-rico-pai-pobre-segunda-oportunidade\/#primaryimage\"},\"datePublished\":\"2025-09-25T17:25:56+00:00\",\"dateModified\":\"2025-11-25T19:34:21+00:00\",\"breadcrumb\":{\"@id\":\"https:\/\/livrariasolmar.pt\/produto\/pai-rico-pai-pobre-segunda-oportunidade\/#breadcrumb\"},\"inLanguage\":\"en-US\",\"potentialAction\":[{\"@type\":\"ReadAction\",\"target\":[\"https:\/\/livrariasolmar.pt\/produto\/pai-rico-pai-pobre-segunda-oportunidade\/\"]}]},{\"@type\":\"BreadcrumbList\",\"@id\":\"https:\/\/livrariasolmar.pt\/produto\/pai-rico-pai-pobre-segunda-oportunidade\/#breadcrumb\",\"itemListElement\":[{\"@type\":\"ListItem\",\"position\":1,\"name\":\"In\\u00edcio\",\"item\":\"https:\/\/livrariasolmar.pt\/en\/\"},{\"@type\":\"ListItem\",\"position\":2,\"name\":\"Shop\",\"item\":\"https:\/\/livrariasolmar.pt\/en\/shop\/\"},{\"@type\":\"ListItem\",\"position\":3,\"name\":\"Pai Rico, Pai Pobre &#8211; Segunda oportunidade\"}]}]}<\/script>\n<!-- \/ Yoast SEO plugin. -->","_links":{"self":[{"href":"https:\/\/livrariasolmar.pt\/en\/wp-json\/wp\/v2\/product\/10940"}],"collection":[{"href":"https:\/\/livrariasolmar.pt\/en\/wp-json\/wp\/v2\/product"}],"about":[{"href":"https:\/\/livrariasolmar.pt\/en\/wp-json\/wp\/v2\/types\/product"}],"author":[{"embeddable":true,"href":"https:\/\/livrariasolmar.pt\/en\/wp-json\/wp\/v2\/users\/2"}],"wp:featuredmedia":[{"embeddable":true,"href":"https:\/\/livrariasolmar.pt\/en\/wp-json\/wp\/v2\/media\/10941"}],"wp:attachment":[{"href":"https:\/\/livrariasolmar.pt\/en\/wp-json\/wp\/v2\/media?parent=10940"}],"wp:term":[{"taxonomy":"product_cat","embeddable":true,"href":"https:\/\/livrariasolmar.pt\/en\/wp-json\/wp\/v2\/product_cat?post=10940"},{"taxonomy":"product_tag","embeddable":true,"href":"https:\/\/livrariasolmar.pt\/en\/wp-json\/wp\/v2\/product_tag?post=10940"},{"taxonomy":"cat_produtos","embeddable":true,"href":"https:\/\/livrariasolmar.pt\/en\/wp-json\/wp\/v2\/cat_produtos?post=10940"}],"curies":[{"name":"wp","href":"https:\/\/api.w.org\/{rel}","templated":true}]}}