{"id":10947,"date":"2025-09-25T17:52:15","date_gmt":"2025-09-25T17:52:15","guid":{"rendered":"https:\/\/livrariasolmar.pt\/?post_type=product&#038;p=10947"},"modified":"2025-12-16T15:12:04","modified_gmt":"2025-12-16T15:12:04","slug":"considera-te-beijada","status":"publish","type":"product","link":"https:\/\/livrariasolmar.pt\/en\/produto\/considera-te-beijada\/","title":{"rendered":"Considera-te Beijada"},"content":{"rendered":"","protected":false},"excerpt":{"rendered":"<p>Ao conhecer Adam, Coralie, rec\u00e9m-chegada a Londres vinda da Austr\u00e1lia, sente-se \u00e0 deriva. S\u00f3 que Adam \u00e9 inteligente, espirituoso e (insiste ele) um cent\u00edmetro mais alto do que a m\u00e9dia para um homem brit\u00e2nico; al\u00e9m disso, o facto de ter uma encantadora filha de 4 anos, Zora, s\u00f3 o torna mais atraente.<\/p>\n<p>Apesar de estarem juntos h\u00e1 dez anos, Coralie sente que existe alguma coisa de importante em falta na rela\u00e7\u00e3o constru\u00edda pelos dois. Ou talvez, tendo conquistado tudo aquilo com que sempre sonhou, Coralie tenha perdido algo que j\u00e1 foi seu: ela pr\u00f3pria.<\/p>\n<p>Situado numa d\u00e9cada conturbada, a qual incluiu a telenovela de cinco primeiros-ministros, o Brexit e a pandemia de Covid-19,\u00a0<i>Considera-te Beijada<\/i>\u00a0coloca os temas do amor e da fam\u00edlia em primeiro plano, revelando como os dramas \u00edntimos nos nossos lares competem pela nossa energia e aten\u00e7\u00e3o com os dramas p\u00fablicos dos nossos tempos.<\/p>\n","protected":false},"author":2,"featured_media":10948,"template":"","meta":[],"product_cat":[477],"product_tag":[],"cat_produtos":[],"yoast_head":"<!-- This site is optimized with the Yoast SEO plugin v16.6 - https:\/\/yoast.com\/wordpress\/plugins\/seo\/ -->\n<title>Considera-te Beijada - Livraria Solmar - Livraria online<\/title>\n<meta name=\"robots\" content=\"index, follow, max-snippet:-1, max-image-preview:large, max-video-preview:-1\" \/>\n<link rel=\"canonical\" href=\"https:\/\/livrariasolmar.pt\/en\/produto\/considera-te-beijada\/\" \/>\n<meta property=\"og:locale\" content=\"en_US\" \/>\n<meta property=\"og:type\" content=\"article\" \/>\n<meta property=\"og:title\" content=\"Considera-te Beijada - Livraria Solmar - Livraria online\" \/>\n<meta property=\"og:description\" content=\"Ao conhecer Adam, Coralie, rec\u00e9m-chegada a Londres vinda da Austr\u00e1lia, sente-se \u00e0 deriva. S\u00f3 que Adam \u00e9 inteligente, espirituoso e (insiste ele) um cent\u00edmetro mais alto do que a m\u00e9dia para um homem brit\u00e2nico; al\u00e9m disso, o facto de ter uma encantadora filha de 4 anos, Zora, s\u00f3 o torna mais atraente.  Apesar de estarem juntos h\u00e1 dez anos, Coralie sente que existe alguma coisa de importante em falta na rela\u00e7\u00e3o constru\u00edda pelos dois. Ou talvez, tendo conquistado tudo aquilo com que sempre sonhou, Coralie tenha perdido algo que j\u00e1 foi seu: ela pr\u00f3pria.  Situado numa d\u00e9cada conturbada, a qual incluiu a telenovela de cinco primeiros-ministros, o Brexit e a pandemia de Covid-19,\u00a0Considera-te Beijada\u00a0coloca os temas do amor e da fam\u00edlia em primeiro plano, revelando como os dramas \u00edntimos nos nossos lares competem pela nossa energia e aten\u00e7\u00e3o com os dramas p\u00fablicos dos nossos tempos.\" \/>\n<meta property=\"og:url\" content=\"https:\/\/livrariasolmar.pt\/produto\/considera-te-beijada\/\" \/>\n<meta property=\"og:site_name\" content=\"Livraria Solmar - Livraria online\" \/>\n<meta property=\"article:modified_time\" content=\"2025-12-16T15:12:04+00:00\" \/>\n<meta property=\"og:image\" content=\"https:\/\/livrariasolmar.pt\/wp-content\/uploads\/2025\/09\/1540-1-5.jpg\" \/>\n\t<meta property=\"og:image:width\" content=\"340\" \/>\n\t<meta property=\"og:image:height\" content=\"340\" \/>\n<meta name=\"twitter:card\" content=\"summary_large_image\" \/>\n<script type=\"application\/ld+json\" class=\"yoast-schema-graph\">{\"@context\":\"https:\/\/schema.org\",\"@graph\":[{\"@type\":\"WebSite\",\"@id\":\"https:\/\/livrariasolmar.pt\/#website\",\"url\":\"https:\/\/livrariasolmar.pt\/\",\"name\":\"Livraria Solmar - Livraria online\",\"description\":\"Com\\u00e9rcio Livros E Objetos De Arte, Lda - Ponta Delgada, A\\u00e7ores\",\"potentialAction\":[{\"@type\":\"SearchAction\",\"target\":{\"@type\":\"EntryPoint\",\"urlTemplate\":\"https:\/\/livrariasolmar.pt\/?s={search_term_string}\"},\"query-input\":\"required name=search_term_string\"}],\"inLanguage\":\"en-US\"},{\"@type\":\"ImageObject\",\"@id\":\"https:\/\/livrariasolmar.pt\/produto\/considera-te-beijada\/#primaryimage\",\"inLanguage\":\"en-US\",\"url\":\"https:\/\/livrariasolmar.pt\/wp-content\/uploads\/2025\/09\/1540-1-5.jpg\",\"contentUrl\":\"https:\/\/livrariasolmar.pt\/wp-content\/uploads\/2025\/09\/1540-1-5.jpg\",\"width\":340,\"height\":340},{\"@type\":\"WebPage\",\"@id\":\"https:\/\/livrariasolmar.pt\/produto\/considera-te-beijada\/#webpage\",\"url\":\"https:\/\/livrariasolmar.pt\/produto\/considera-te-beijada\/\",\"name\":\"Considera-te Beijada - Livraria Solmar - Livraria online\",\"isPartOf\":{\"@id\":\"https:\/\/livrariasolmar.pt\/#website\"},\"primaryImageOfPage\":{\"@id\":\"https:\/\/livrariasolmar.pt\/produto\/considera-te-beijada\/#primaryimage\"},\"datePublished\":\"2025-09-25T17:52:15+00:00\",\"dateModified\":\"2025-12-16T15:12:04+00:00\",\"breadcrumb\":{\"@id\":\"https:\/\/livrariasolmar.pt\/produto\/considera-te-beijada\/#breadcrumb\"},\"inLanguage\":\"en-US\",\"potentialAction\":[{\"@type\":\"ReadAction\",\"target\":[\"https:\/\/livrariasolmar.pt\/produto\/considera-te-beijada\/\"]}]},{\"@type\":\"BreadcrumbList\",\"@id\":\"https:\/\/livrariasolmar.pt\/produto\/considera-te-beijada\/#breadcrumb\",\"itemListElement\":[{\"@type\":\"ListItem\",\"position\":1,\"name\":\"In\\u00edcio\",\"item\":\"https:\/\/livrariasolmar.pt\/en\/\"},{\"@type\":\"ListItem\",\"position\":2,\"name\":\"Shop\",\"item\":\"https:\/\/livrariasolmar.pt\/en\/shop\/\"},{\"@type\":\"ListItem\",\"position\":3,\"name\":\"Considera-te Beijada\"}]}]}<\/script>\n<!-- \/ Yoast SEO plugin. -->","_links":{"self":[{"href":"https:\/\/livrariasolmar.pt\/en\/wp-json\/wp\/v2\/product\/10947"}],"collection":[{"href":"https:\/\/livrariasolmar.pt\/en\/wp-json\/wp\/v2\/product"}],"about":[{"href":"https:\/\/livrariasolmar.pt\/en\/wp-json\/wp\/v2\/types\/product"}],"author":[{"embeddable":true,"href":"https:\/\/livrariasolmar.pt\/en\/wp-json\/wp\/v2\/users\/2"}],"wp:featuredmedia":[{"embeddable":true,"href":"https:\/\/livrariasolmar.pt\/en\/wp-json\/wp\/v2\/media\/10948"}],"wp:attachment":[{"href":"https:\/\/livrariasolmar.pt\/en\/wp-json\/wp\/v2\/media?parent=10947"}],"wp:term":[{"taxonomy":"product_cat","embeddable":true,"href":"https:\/\/livrariasolmar.pt\/en\/wp-json\/wp\/v2\/product_cat?post=10947"},{"taxonomy":"product_tag","embeddable":true,"href":"https:\/\/livrariasolmar.pt\/en\/wp-json\/wp\/v2\/product_tag?post=10947"},{"taxonomy":"cat_produtos","embeddable":true,"href":"https:\/\/livrariasolmar.pt\/en\/wp-json\/wp\/v2\/cat_produtos?post=10947"}],"curies":[{"name":"wp","href":"https:\/\/api.w.org\/{rel}","templated":true}]}}