{"id":10950,"date":"2025-09-25T18:17:39","date_gmt":"2025-09-25T18:17:39","guid":{"rendered":"https:\/\/livrariasolmar.pt\/?post_type=product&#038;p=10950"},"modified":"2025-11-29T14:38:29","modified_gmt":"2025-11-29T14:38:29","slug":"jogos-perigosos","status":"publish","type":"product","link":"https:\/\/livrariasolmar.pt\/en\/produto\/jogos-perigosos\/","title":{"rendered":"Jogos Perigosos"},"content":{"rendered":"","protected":false},"excerpt":{"rendered":"<p>A rep\u00f3rter e correspondente televisiva Alix Phillips est\u00e1 sempre disposta a colocar-se na linha da frente em prol do seu trabalho. Movida pela sua ambi\u00e7\u00e3o de sucesso e pela paix\u00e3o imensa pelo que faz, tudo o que importa \u00e9 perseguir a hist\u00f3ria, perseguir a pr\u00f3xima not\u00edcia.<\/p>\n<p>Ap\u00f3s perder o marido, Alix apenas permite que a sua m\u00e3e e filha amadas se aproximem dela. Elas e tamb\u00e9m Ben, o seu operador de c\u00e2mara. Nenhum dos dois teme a morte &#8211; mas tamb\u00e9m nenhum deles consegue enfrentar os seus verdadeiros sentimentos um pelo outro.<\/p>\n<p>Com os rumores que circulam sobre um grande esc\u00e2ndalo que envolve o vice-presidente dos Estados Unidos, Alix est\u00e1 determinada a descobrir a verdade. Esta \u00e9 uma hist\u00f3ria que pode fazer dinamitar os corredores do poder na Casa Branca e, desta vez, Alix est\u00e1 a sentir o fogo que se aproxima.<\/p>\n<p>Contudo, \u00e0 medida que investiga este esc\u00e2ndalo, h\u00e1 tamb\u00e9m pessoas poderosas que v\u00e3o sair da sombra com a inten\u00e7\u00e3o de a silenciar, amea\u00e7ando desde logo a sua fam\u00edlia. E, para algu\u00e9m que nunca teve medo, Alix percebe agora que chegou a altura de jogar jogos muito perigosos\u2026 e depressa compreender\u00e1 que est\u00e1 a lidar com um advers\u00e1rio muito mais sinistro do que imaginava.<\/p>\n","protected":false},"author":2,"featured_media":10951,"template":"","meta":[],"product_cat":[477],"product_tag":[],"cat_produtos":[],"yoast_head":"<!-- This site is optimized with the Yoast SEO plugin v16.6 - https:\/\/yoast.com\/wordpress\/plugins\/seo\/ -->\n<title>Jogos Perigosos - Livraria Solmar - Livraria online<\/title>\n<meta name=\"robots\" content=\"index, follow, max-snippet:-1, max-image-preview:large, max-video-preview:-1\" \/>\n<link rel=\"canonical\" href=\"https:\/\/livrariasolmar.pt\/en\/produto\/jogos-perigosos\/\" \/>\n<meta property=\"og:locale\" content=\"en_US\" \/>\n<meta property=\"og:type\" content=\"article\" \/>\n<meta property=\"og:title\" content=\"Jogos Perigosos - Livraria Solmar - Livraria online\" \/>\n<meta property=\"og:description\" content=\"A rep\u00f3rter e correspondente televisiva Alix Phillips est\u00e1 sempre disposta a colocar-se na linha da frente em prol do seu trabalho. Movida pela sua ambi\u00e7\u00e3o de sucesso e pela paix\u00e3o imensa pelo que faz, tudo o que importa \u00e9 perseguir a hist\u00f3ria, perseguir a pr\u00f3xima not\u00edcia.  Ap\u00f3s perder o marido, Alix apenas permite que a sua m\u00e3e e filha amadas se aproximem dela. Elas e tamb\u00e9m Ben, o seu operador de c\u00e2mara. Nenhum dos dois teme a morte - mas tamb\u00e9m nenhum deles consegue enfrentar os seus verdadeiros sentimentos um pelo outro.  Com os rumores que circulam sobre um grande esc\u00e2ndalo que envolve o vice-presidente dos Estados Unidos, Alix est\u00e1 determinada a descobrir a verdade. Esta \u00e9 uma hist\u00f3ria que pode fazer dinamitar os corredores do poder na Casa Branca e, desta vez, Alix est\u00e1 a sentir o fogo que se aproxima.  Contudo, \u00e0 medida que investiga este esc\u00e2ndalo, h\u00e1 tamb\u00e9m pessoas poderosas que v\u00e3o sair da sombra com a inten\u00e7\u00e3o de a silenciar, amea\u00e7ando desde logo a sua fam\u00edlia. E, para algu\u00e9m que nunca teve medo, Alix percebe agora que chegou a altura de jogar jogos muito perigosos\u2026 e depressa compreender\u00e1 que est\u00e1 a lidar com um advers\u00e1rio muito mais sinistro do que imaginava.\" \/>\n<meta property=\"og:url\" content=\"https:\/\/livrariasolmar.pt\/produto\/jogos-perigosos\/\" \/>\n<meta property=\"og:site_name\" content=\"Livraria Solmar - Livraria online\" \/>\n<meta property=\"article:modified_time\" content=\"2025-11-29T14:38:29+00:00\" \/>\n<meta property=\"og:image\" content=\"https:\/\/livrariasolmar.pt\/wp-content\/uploads\/2025\/09\/1540-1-6.jpg\" \/>\n\t<meta property=\"og:image:width\" content=\"340\" \/>\n\t<meta property=\"og:image:height\" content=\"340\" \/>\n<meta name=\"twitter:card\" content=\"summary_large_image\" \/>\n<script type=\"application\/ld+json\" class=\"yoast-schema-graph\">{\"@context\":\"https:\/\/schema.org\",\"@graph\":[{\"@type\":\"WebSite\",\"@id\":\"https:\/\/livrariasolmar.pt\/#website\",\"url\":\"https:\/\/livrariasolmar.pt\/\",\"name\":\"Livraria Solmar - Livraria online\",\"description\":\"Com\\u00e9rcio Livros E Objetos De Arte, Lda - Ponta Delgada, A\\u00e7ores\",\"potentialAction\":[{\"@type\":\"SearchAction\",\"target\":{\"@type\":\"EntryPoint\",\"urlTemplate\":\"https:\/\/livrariasolmar.pt\/?s={search_term_string}\"},\"query-input\":\"required name=search_term_string\"}],\"inLanguage\":\"en-US\"},{\"@type\":\"ImageObject\",\"@id\":\"https:\/\/livrariasolmar.pt\/produto\/jogos-perigosos\/#primaryimage\",\"inLanguage\":\"en-US\",\"url\":\"https:\/\/livrariasolmar.pt\/wp-content\/uploads\/2025\/09\/1540-1-6.jpg\",\"contentUrl\":\"https:\/\/livrariasolmar.pt\/wp-content\/uploads\/2025\/09\/1540-1-6.jpg\",\"width\":340,\"height\":340},{\"@type\":\"WebPage\",\"@id\":\"https:\/\/livrariasolmar.pt\/produto\/jogos-perigosos\/#webpage\",\"url\":\"https:\/\/livrariasolmar.pt\/produto\/jogos-perigosos\/\",\"name\":\"Jogos Perigosos - Livraria Solmar - Livraria online\",\"isPartOf\":{\"@id\":\"https:\/\/livrariasolmar.pt\/#website\"},\"primaryImageOfPage\":{\"@id\":\"https:\/\/livrariasolmar.pt\/produto\/jogos-perigosos\/#primaryimage\"},\"datePublished\":\"2025-09-25T18:17:39+00:00\",\"dateModified\":\"2025-11-29T14:38:29+00:00\",\"breadcrumb\":{\"@id\":\"https:\/\/livrariasolmar.pt\/produto\/jogos-perigosos\/#breadcrumb\"},\"inLanguage\":\"en-US\",\"potentialAction\":[{\"@type\":\"ReadAction\",\"target\":[\"https:\/\/livrariasolmar.pt\/produto\/jogos-perigosos\/\"]}]},{\"@type\":\"BreadcrumbList\",\"@id\":\"https:\/\/livrariasolmar.pt\/produto\/jogos-perigosos\/#breadcrumb\",\"itemListElement\":[{\"@type\":\"ListItem\",\"position\":1,\"name\":\"In\\u00edcio\",\"item\":\"https:\/\/livrariasolmar.pt\/en\/\"},{\"@type\":\"ListItem\",\"position\":2,\"name\":\"Shop\",\"item\":\"https:\/\/livrariasolmar.pt\/en\/shop\/\"},{\"@type\":\"ListItem\",\"position\":3,\"name\":\"Jogos Perigosos\"}]}]}<\/script>\n<!-- \/ Yoast SEO plugin. -->","_links":{"self":[{"href":"https:\/\/livrariasolmar.pt\/en\/wp-json\/wp\/v2\/product\/10950"}],"collection":[{"href":"https:\/\/livrariasolmar.pt\/en\/wp-json\/wp\/v2\/product"}],"about":[{"href":"https:\/\/livrariasolmar.pt\/en\/wp-json\/wp\/v2\/types\/product"}],"author":[{"embeddable":true,"href":"https:\/\/livrariasolmar.pt\/en\/wp-json\/wp\/v2\/users\/2"}],"wp:featuredmedia":[{"embeddable":true,"href":"https:\/\/livrariasolmar.pt\/en\/wp-json\/wp\/v2\/media\/10951"}],"wp:attachment":[{"href":"https:\/\/livrariasolmar.pt\/en\/wp-json\/wp\/v2\/media?parent=10950"}],"wp:term":[{"taxonomy":"product_cat","embeddable":true,"href":"https:\/\/livrariasolmar.pt\/en\/wp-json\/wp\/v2\/product_cat?post=10950"},{"taxonomy":"product_tag","embeddable":true,"href":"https:\/\/livrariasolmar.pt\/en\/wp-json\/wp\/v2\/product_tag?post=10950"},{"taxonomy":"cat_produtos","embeddable":true,"href":"https:\/\/livrariasolmar.pt\/en\/wp-json\/wp\/v2\/cat_produtos?post=10950"}],"curies":[{"name":"wp","href":"https:\/\/api.w.org\/{rel}","templated":true}]}}