{"id":10953,"date":"2025-09-25T19:00:11","date_gmt":"2025-09-25T19:00:11","guid":{"rendered":"https:\/\/livrariasolmar.pt\/?post_type=product&#038;p=10953"},"modified":"2025-09-25T19:00:12","modified_gmt":"2025-09-25T19:00:12","slug":"invencivel-shatter-me-livro-5","status":"publish","type":"product","link":"https:\/\/livrariasolmar.pt\/en\/produto\/invencivel-shatter-me-livro-5\/","title":{"rendered":"Invenc\u00edvel &#8211; Shatter Me &#8211; Livro 5"},"content":{"rendered":"","protected":false},"excerpt":{"rendered":"<p>Juliette n\u00e3o \u00e9 quem pensava.<\/p>\n<p>Ela achava que tinha derrotado o Restabelecimento. Que tinha assumido o controlo da sua vida, do seu poder e da sua dor. Mas s\u00f3 agora come\u00e7ou a desvendar uma vida inteira de mentiras, e v\u00ea-se confrontada com uma escolha familiar&#8230; Ser uma arma. Ou ser uma guerreira.<\/p>\n<p>Desta vez, n\u00e3o est\u00e1 sozinha. Mais forte, corajosa e resiliente do que nunca, Juliette lutar\u00e1 com amigos ao seu lado. Mas primeiro tem de sobreviver \u00e0 guerra dentro de si.<br \/>\nEla tem de se lembrar de quem era.<\/p>\n<p>No quinto livro da s\u00e9rie\u00a0<i>bestseller Shatter Me<\/i>, Juliette e Warner lutam pela vida e pelo amor numa arrebatadora hist\u00f3ria de leitura imersiva e compulsiva.<\/p>\n","protected":false},"author":2,"featured_media":10954,"template":"","meta":[],"product_cat":[477],"product_tag":[],"cat_produtos":[],"yoast_head":"<!-- This site is optimized with the Yoast SEO plugin v16.6 - https:\/\/yoast.com\/wordpress\/plugins\/seo\/ -->\n<title>Invenc\u00edvel - Shatter Me - Livro 5 - Livraria Solmar - Livraria online<\/title>\n<meta name=\"robots\" content=\"index, follow, max-snippet:-1, max-image-preview:large, max-video-preview:-1\" \/>\n<link rel=\"canonical\" href=\"https:\/\/livrariasolmar.pt\/en\/produto\/invencivel-shatter-me-livro-5\/\" \/>\n<meta property=\"og:locale\" content=\"en_US\" \/>\n<meta property=\"og:type\" content=\"article\" \/>\n<meta property=\"og:title\" content=\"Invenc\u00edvel - Shatter Me - Livro 5 - Livraria Solmar - Livraria online\" \/>\n<meta property=\"og:description\" content=\"Juliette n\u00e3o \u00e9 quem pensava.  Ela achava que tinha derrotado o Restabelecimento. Que tinha assumido o controlo da sua vida, do seu poder e da sua dor. Mas s\u00f3 agora come\u00e7ou a desvendar uma vida inteira de mentiras, e v\u00ea-se confrontada com uma escolha familiar... Ser uma arma. Ou ser uma guerreira.  Desta vez, n\u00e3o est\u00e1 sozinha. Mais forte, corajosa e resiliente do que nunca, Juliette lutar\u00e1 com amigos ao seu lado. Mas primeiro tem de sobreviver \u00e0 guerra dentro de si. Ela tem de se lembrar de quem era.  No quinto livro da s\u00e9rie\u00a0bestseller Shatter Me, Juliette e Warner lutam pela vida e pelo amor numa arrebatadora hist\u00f3ria de leitura imersiva e compulsiva.\" \/>\n<meta property=\"og:url\" content=\"https:\/\/livrariasolmar.pt\/produto\/invencivel-shatter-me-livro-5\/\" \/>\n<meta property=\"og:site_name\" content=\"Livraria Solmar - Livraria online\" \/>\n<meta property=\"article:modified_time\" content=\"2025-09-25T19:00:12+00:00\" \/>\n<meta property=\"og:image\" content=\"https:\/\/livrariasolmar.pt\/wp-content\/uploads\/2025\/09\/1540-1-7.jpg\" \/>\n\t<meta property=\"og:image:width\" content=\"340\" \/>\n\t<meta property=\"og:image:height\" content=\"340\" \/>\n<meta name=\"twitter:card\" content=\"summary_large_image\" \/>\n<script type=\"application\/ld+json\" class=\"yoast-schema-graph\">{\"@context\":\"https:\/\/schema.org\",\"@graph\":[{\"@type\":\"WebSite\",\"@id\":\"https:\/\/livrariasolmar.pt\/#website\",\"url\":\"https:\/\/livrariasolmar.pt\/\",\"name\":\"Livraria Solmar - Livraria online\",\"description\":\"Com\\u00e9rcio Livros E Objetos De Arte, Lda - Ponta Delgada, A\\u00e7ores\",\"potentialAction\":[{\"@type\":\"SearchAction\",\"target\":{\"@type\":\"EntryPoint\",\"urlTemplate\":\"https:\/\/livrariasolmar.pt\/?s={search_term_string}\"},\"query-input\":\"required name=search_term_string\"}],\"inLanguage\":\"en-US\"},{\"@type\":\"ImageObject\",\"@id\":\"https:\/\/livrariasolmar.pt\/produto\/invencivel-shatter-me-livro-5\/#primaryimage\",\"inLanguage\":\"en-US\",\"url\":\"https:\/\/livrariasolmar.pt\/wp-content\/uploads\/2025\/09\/1540-1-7.jpg\",\"contentUrl\":\"https:\/\/livrariasolmar.pt\/wp-content\/uploads\/2025\/09\/1540-1-7.jpg\",\"width\":340,\"height\":340},{\"@type\":\"WebPage\",\"@id\":\"https:\/\/livrariasolmar.pt\/produto\/invencivel-shatter-me-livro-5\/#webpage\",\"url\":\"https:\/\/livrariasolmar.pt\/produto\/invencivel-shatter-me-livro-5\/\",\"name\":\"Invenc\\u00edvel - Shatter Me - Livro 5 - Livraria Solmar - Livraria online\",\"isPartOf\":{\"@id\":\"https:\/\/livrariasolmar.pt\/#website\"},\"primaryImageOfPage\":{\"@id\":\"https:\/\/livrariasolmar.pt\/produto\/invencivel-shatter-me-livro-5\/#primaryimage\"},\"datePublished\":\"2025-09-25T19:00:11+00:00\",\"dateModified\":\"2025-09-25T19:00:12+00:00\",\"breadcrumb\":{\"@id\":\"https:\/\/livrariasolmar.pt\/produto\/invencivel-shatter-me-livro-5\/#breadcrumb\"},\"inLanguage\":\"en-US\",\"potentialAction\":[{\"@type\":\"ReadAction\",\"target\":[\"https:\/\/livrariasolmar.pt\/produto\/invencivel-shatter-me-livro-5\/\"]}]},{\"@type\":\"BreadcrumbList\",\"@id\":\"https:\/\/livrariasolmar.pt\/produto\/invencivel-shatter-me-livro-5\/#breadcrumb\",\"itemListElement\":[{\"@type\":\"ListItem\",\"position\":1,\"name\":\"In\\u00edcio\",\"item\":\"https:\/\/livrariasolmar.pt\/en\/\"},{\"@type\":\"ListItem\",\"position\":2,\"name\":\"Shop\",\"item\":\"https:\/\/livrariasolmar.pt\/en\/shop\/\"},{\"@type\":\"ListItem\",\"position\":3,\"name\":\"Invenc\\u00edvel &#8211; Shatter Me &#8211; Livro 5\"}]}]}<\/script>\n<!-- \/ Yoast SEO plugin. -->","_links":{"self":[{"href":"https:\/\/livrariasolmar.pt\/en\/wp-json\/wp\/v2\/product\/10953"}],"collection":[{"href":"https:\/\/livrariasolmar.pt\/en\/wp-json\/wp\/v2\/product"}],"about":[{"href":"https:\/\/livrariasolmar.pt\/en\/wp-json\/wp\/v2\/types\/product"}],"author":[{"embeddable":true,"href":"https:\/\/livrariasolmar.pt\/en\/wp-json\/wp\/v2\/users\/2"}],"wp:featuredmedia":[{"embeddable":true,"href":"https:\/\/livrariasolmar.pt\/en\/wp-json\/wp\/v2\/media\/10954"}],"wp:attachment":[{"href":"https:\/\/livrariasolmar.pt\/en\/wp-json\/wp\/v2\/media?parent=10953"}],"wp:term":[{"taxonomy":"product_cat","embeddable":true,"href":"https:\/\/livrariasolmar.pt\/en\/wp-json\/wp\/v2\/product_cat?post=10953"},{"taxonomy":"product_tag","embeddable":true,"href":"https:\/\/livrariasolmar.pt\/en\/wp-json\/wp\/v2\/product_tag?post=10953"},{"taxonomy":"cat_produtos","embeddable":true,"href":"https:\/\/livrariasolmar.pt\/en\/wp-json\/wp\/v2\/cat_produtos?post=10953"}],"curies":[{"name":"wp","href":"https:\/\/api.w.org\/{rel}","templated":true}]}}