{"id":10960,"date":"2025-09-26T15:24:02","date_gmt":"2025-09-26T15:24:02","guid":{"rendered":"https:\/\/livrariasolmar.pt\/?post_type=product&#038;p=10960"},"modified":"2025-12-13T15:11:53","modified_gmt":"2025-12-13T15:11:53","slug":"livro-do-desassossego-2","status":"publish","type":"product","link":"https:\/\/livrariasolmar.pt\/en\/produto\/livro-do-desassossego-2\/","title":{"rendered":"Livro do Desassossego"},"content":{"rendered":"","protected":false},"excerpt":{"rendered":"<p><i>O Livro do Desassossego<\/i>\u00a0\u00e9 um dos maiores feitos liter\u00e1rios do s\u00e9culo XX. Obra-prima p\u00f3stuma, retrato da cidade de Lisboa e do seu retratista, comp\u00f5e-se de centenas de fragmentos, oscilando entre di\u00e1rio \u00edntimo, prosa po\u00e9tica e narrativa, num conjunto fundamental para compreender o lugar de Fernando Pessoa na cria\u00e7\u00e3o da consci\u00eancia do mundo moderno. Nesta nova edi\u00e7\u00e3o, Jer\u00f3nimo Pizarro, reconhecido estudioso pessoano, regressa \u00e0s fontes dos textos que Fernando Pessoa pretendia incorporar no\u00a0<i>Livro do Desassossego<\/i>. Da\u00ed o novo corpus e a nova organiza\u00e7\u00e3o da obra, as melhorias na decifra\u00e7\u00e3o dequase todos os fragmentos, o respeito pela ortografia original, as notas destinadas a esclarecer refer\u00eancias liter\u00e1rias e decis\u00f5eseditoriais e, finalmente, a redefini\u00e7\u00e3o do c\u00e2none da autoria deste livro imenso.<\/p>\n","protected":false},"author":2,"featured_media":10961,"template":"","meta":[],"product_cat":[153],"product_tag":[],"cat_produtos":[],"yoast_head":"<!-- This site is optimized with the Yoast SEO plugin v16.6 - https:\/\/yoast.com\/wordpress\/plugins\/seo\/ -->\n<title>Livro do Desassossego - Livraria Solmar - Livraria online<\/title>\n<meta name=\"robots\" content=\"index, follow, max-snippet:-1, max-image-preview:large, max-video-preview:-1\" \/>\n<link rel=\"canonical\" href=\"https:\/\/livrariasolmar.pt\/en\/produto\/livro-do-desassossego-2\/\" \/>\n<meta property=\"og:locale\" content=\"en_US\" \/>\n<meta property=\"og:type\" content=\"article\" \/>\n<meta property=\"og:title\" content=\"Livro do Desassossego - Livraria Solmar - Livraria online\" \/>\n<meta property=\"og:description\" content=\"O Livro do Desassossego\u00a0\u00e9 um dos maiores feitos liter\u00e1rios do s\u00e9culo XX. Obra-prima p\u00f3stuma, retrato da cidade de Lisboa e do seu retratista, comp\u00f5e-se de centenas de fragmentos, oscilando entre di\u00e1rio \u00edntimo, prosa po\u00e9tica e narrativa, num conjunto fundamental para compreender o lugar de Fernando Pessoa na cria\u00e7\u00e3o da consci\u00eancia do mundo moderno. Nesta nova edi\u00e7\u00e3o, Jer\u00f3nimo Pizarro, reconhecido estudioso pessoano, regressa \u00e0s fontes dos textos que Fernando Pessoa pretendia incorporar no\u00a0Livro do Desassossego. Da\u00ed o novo corpus e a nova organiza\u00e7\u00e3o da obra, as melhorias na decifra\u00e7\u00e3o dequase todos os fragmentos, o respeito pela ortografia original, as notas destinadas a esclarecer refer\u00eancias liter\u00e1rias e decis\u00f5eseditoriais e, finalmente, a redefini\u00e7\u00e3o do c\u00e2none da autoria deste livro imenso.\" \/>\n<meta property=\"og:url\" content=\"https:\/\/livrariasolmar.pt\/produto\/livro-do-desassossego-2\/\" \/>\n<meta property=\"og:site_name\" content=\"Livraria Solmar - Livraria online\" \/>\n<meta property=\"article:modified_time\" content=\"2025-12-13T15:11:53+00:00\" \/>\n<meta property=\"og:image\" content=\"https:\/\/livrariasolmar.pt\/wp-content\/uploads\/2025\/09\/Livro-do-Desaoego.jpg\" \/>\n\t<meta property=\"og:image:width\" content=\"400\" \/>\n\t<meta property=\"og:image:height\" content=\"558\" \/>\n<meta name=\"twitter:card\" content=\"summary_large_image\" \/>\n<script type=\"application\/ld+json\" class=\"yoast-schema-graph\">{\"@context\":\"https:\/\/schema.org\",\"@graph\":[{\"@type\":\"WebSite\",\"@id\":\"https:\/\/livrariasolmar.pt\/#website\",\"url\":\"https:\/\/livrariasolmar.pt\/\",\"name\":\"Livraria Solmar - Livraria online\",\"description\":\"Com\\u00e9rcio Livros E Objetos De Arte, Lda - Ponta Delgada, A\\u00e7ores\",\"potentialAction\":[{\"@type\":\"SearchAction\",\"target\":{\"@type\":\"EntryPoint\",\"urlTemplate\":\"https:\/\/livrariasolmar.pt\/?s={search_term_string}\"},\"query-input\":\"required name=search_term_string\"}],\"inLanguage\":\"en-US\"},{\"@type\":\"ImageObject\",\"@id\":\"https:\/\/livrariasolmar.pt\/produto\/livro-do-desassossego-2\/#primaryimage\",\"inLanguage\":\"en-US\",\"url\":\"https:\/\/livrariasolmar.pt\/wp-content\/uploads\/2025\/09\/Livro-do-Desaoego.jpg\",\"contentUrl\":\"https:\/\/livrariasolmar.pt\/wp-content\/uploads\/2025\/09\/Livro-do-Desaoego.jpg\",\"width\":400,\"height\":558},{\"@type\":\"WebPage\",\"@id\":\"https:\/\/livrariasolmar.pt\/produto\/livro-do-desassossego-2\/#webpage\",\"url\":\"https:\/\/livrariasolmar.pt\/produto\/livro-do-desassossego-2\/\",\"name\":\"Livro do Desassossego - Livraria Solmar - Livraria online\",\"isPartOf\":{\"@id\":\"https:\/\/livrariasolmar.pt\/#website\"},\"primaryImageOfPage\":{\"@id\":\"https:\/\/livrariasolmar.pt\/produto\/livro-do-desassossego-2\/#primaryimage\"},\"datePublished\":\"2025-09-26T15:24:02+00:00\",\"dateModified\":\"2025-12-13T15:11:53+00:00\",\"breadcrumb\":{\"@id\":\"https:\/\/livrariasolmar.pt\/produto\/livro-do-desassossego-2\/#breadcrumb\"},\"inLanguage\":\"en-US\",\"potentialAction\":[{\"@type\":\"ReadAction\",\"target\":[\"https:\/\/livrariasolmar.pt\/produto\/livro-do-desassossego-2\/\"]}]},{\"@type\":\"BreadcrumbList\",\"@id\":\"https:\/\/livrariasolmar.pt\/produto\/livro-do-desassossego-2\/#breadcrumb\",\"itemListElement\":[{\"@type\":\"ListItem\",\"position\":1,\"name\":\"In\\u00edcio\",\"item\":\"https:\/\/livrariasolmar.pt\/en\/\"},{\"@type\":\"ListItem\",\"position\":2,\"name\":\"Shop\",\"item\":\"https:\/\/livrariasolmar.pt\/en\/shop\/\"},{\"@type\":\"ListItem\",\"position\":3,\"name\":\"Livro do Desassossego\"}]}]}<\/script>\n<!-- \/ Yoast SEO plugin. -->","_links":{"self":[{"href":"https:\/\/livrariasolmar.pt\/en\/wp-json\/wp\/v2\/product\/10960"}],"collection":[{"href":"https:\/\/livrariasolmar.pt\/en\/wp-json\/wp\/v2\/product"}],"about":[{"href":"https:\/\/livrariasolmar.pt\/en\/wp-json\/wp\/v2\/types\/product"}],"author":[{"embeddable":true,"href":"https:\/\/livrariasolmar.pt\/en\/wp-json\/wp\/v2\/users\/2"}],"wp:featuredmedia":[{"embeddable":true,"href":"https:\/\/livrariasolmar.pt\/en\/wp-json\/wp\/v2\/media\/10961"}],"wp:attachment":[{"href":"https:\/\/livrariasolmar.pt\/en\/wp-json\/wp\/v2\/media?parent=10960"}],"wp:term":[{"taxonomy":"product_cat","embeddable":true,"href":"https:\/\/livrariasolmar.pt\/en\/wp-json\/wp\/v2\/product_cat?post=10960"},{"taxonomy":"product_tag","embeddable":true,"href":"https:\/\/livrariasolmar.pt\/en\/wp-json\/wp\/v2\/product_tag?post=10960"},{"taxonomy":"cat_produtos","embeddable":true,"href":"https:\/\/livrariasolmar.pt\/en\/wp-json\/wp\/v2\/cat_produtos?post=10960"}],"curies":[{"name":"wp","href":"https:\/\/api.w.org\/{rel}","templated":true}]}}