{"id":10963,"date":"2025-09-26T15:36:51","date_gmt":"2025-09-26T15:36:51","guid":{"rendered":"https:\/\/livrariasolmar.pt\/?post_type=product&#038;p=10963"},"modified":"2025-11-16T16:10:38","modified_gmt":"2025-11-16T16:10:38","slug":"as-tres-vidas","status":"publish","type":"product","link":"https:\/\/livrariasolmar.pt\/en\/produto\/as-tres-vidas\/","title":{"rendered":"As Tr\u00eas Vidas"},"content":{"rendered":"","protected":false},"excerpt":{"rendered":"<p>Hist\u00f3ria de amor, saga familiar, mist\u00e9rio policial, retrato de um mundo que amea\u00e7a resvalar da corda bamba,\u00a0<i>Tr\u00eas Vidas<\/i>\u00a0\u00e9 um dos mais importantes romances de Jo\u00e3o Tordo, tendo-lhe valido o Pr\u00e9mio Liter\u00e1rio Jos\u00e9 Saramago.<br \/>\nAnt\u00f3nio Augusto Milhouse Pascal vive longe do mundo, num velho casar\u00e3o alentejano, com os tr\u00eas netos pouco dados a regras e um jardineiro taciturno. O isolamento \u00e9 quebrado pelas visitas de clientes abastados que procuram ajuda do velho patriarca, em tempos um importante espi\u00e3o e contra-espi\u00e3o, testemunha activa das grandes guerras do s\u00e9culo XX. O nosso narrador &#8211; um lisboeta de origens modestas &#8211; entra na hist\u00f3ria quando Milhouse Pascal o contrata como arquivista dos segredos que envolvem os seus clientes. N\u00e3o poderia adivinhar o rapaz, ao aceitar o trabalho, que este acabaria por consumir a sua pr\u00f3pria vida. A partir do momento em que se apaixona por Camila, neta do patr\u00e3o com sonhos de ser funambulista, que desaparece ap\u00f3s uma viagem a Nova Iorque, o destino do narrador enreda-se irreversivelmente nos mist\u00e9rios da fam\u00edlia, partindo a sua exist\u00eancia em tr\u00eas.<\/p>\n","protected":false},"author":2,"featured_media":10964,"template":"","meta":[],"product_cat":[153],"product_tag":[],"cat_produtos":[1564],"yoast_head":"<!-- This site is optimized with the Yoast SEO plugin v16.6 - https:\/\/yoast.com\/wordpress\/plugins\/seo\/ -->\n<title>As Tr\u00eas Vidas - Livraria Solmar - Livraria online<\/title>\n<meta name=\"robots\" content=\"index, follow, max-snippet:-1, max-image-preview:large, max-video-preview:-1\" \/>\n<link rel=\"canonical\" href=\"https:\/\/livrariasolmar.pt\/en\/produto\/as-tres-vidas\/\" \/>\n<meta property=\"og:locale\" content=\"en_US\" \/>\n<meta property=\"og:type\" content=\"article\" \/>\n<meta property=\"og:title\" content=\"As Tr\u00eas Vidas - Livraria Solmar - Livraria online\" \/>\n<meta property=\"og:description\" content=\"Hist\u00f3ria de amor, saga familiar, mist\u00e9rio policial, retrato de um mundo que amea\u00e7a resvalar da corda bamba,\u00a0Tr\u00eas Vidas\u00a0\u00e9 um dos mais importantes romances de Jo\u00e3o Tordo, tendo-lhe valido o Pr\u00e9mio Liter\u00e1rio Jos\u00e9 Saramago. Ant\u00f3nio Augusto Milhouse Pascal vive longe do mundo, num velho casar\u00e3o alentejano, com os tr\u00eas netos pouco dados a regras e um jardineiro taciturno. O isolamento \u00e9 quebrado pelas visitas de clientes abastados que procuram ajuda do velho patriarca, em tempos um importante espi\u00e3o e contra-espi\u00e3o, testemunha activa das grandes guerras do s\u00e9culo XX. O nosso narrador - um lisboeta de origens modestas - entra na hist\u00f3ria quando Milhouse Pascal o contrata como arquivista dos segredos que envolvem os seus clientes. N\u00e3o poderia adivinhar o rapaz, ao aceitar o trabalho, que este acabaria por consumir a sua pr\u00f3pria vida. A partir do momento em que se apaixona por Camila, neta do patr\u00e3o com sonhos de ser funambulista, que desaparece ap\u00f3s uma viagem a Nova Iorque, o destino do narrador enreda-se irreversivelmente nos mist\u00e9rios da fam\u00edlia, partindo a sua exist\u00eancia em tr\u00eas.\" \/>\n<meta property=\"og:url\" content=\"https:\/\/livrariasolmar.pt\/produto\/as-tres-vidas\/\" \/>\n<meta property=\"og:site_name\" content=\"Livraria Solmar - Livraria online\" \/>\n<meta property=\"article:modified_time\" content=\"2025-11-16T16:10:38+00:00\" \/>\n<meta property=\"og:image\" content=\"https:\/\/livrariasolmar.pt\/wp-content\/uploads\/2025\/09\/1540-1-9.jpg\" \/>\n\t<meta property=\"og:image:width\" content=\"340\" \/>\n\t<meta property=\"og:image:height\" content=\"340\" \/>\n<meta name=\"twitter:card\" content=\"summary_large_image\" \/>\n<script type=\"application\/ld+json\" class=\"yoast-schema-graph\">{\"@context\":\"https:\/\/schema.org\",\"@graph\":[{\"@type\":\"WebSite\",\"@id\":\"https:\/\/livrariasolmar.pt\/#website\",\"url\":\"https:\/\/livrariasolmar.pt\/\",\"name\":\"Livraria Solmar - Livraria online\",\"description\":\"Com\\u00e9rcio Livros E Objetos De Arte, Lda - Ponta Delgada, A\\u00e7ores\",\"potentialAction\":[{\"@type\":\"SearchAction\",\"target\":{\"@type\":\"EntryPoint\",\"urlTemplate\":\"https:\/\/livrariasolmar.pt\/?s={search_term_string}\"},\"query-input\":\"required name=search_term_string\"}],\"inLanguage\":\"en-US\"},{\"@type\":\"ImageObject\",\"@id\":\"https:\/\/livrariasolmar.pt\/produto\/as-tres-vidas\/#primaryimage\",\"inLanguage\":\"en-US\",\"url\":\"https:\/\/livrariasolmar.pt\/wp-content\/uploads\/2025\/09\/1540-1-9.jpg\",\"contentUrl\":\"https:\/\/livrariasolmar.pt\/wp-content\/uploads\/2025\/09\/1540-1-9.jpg\",\"width\":340,\"height\":340},{\"@type\":\"WebPage\",\"@id\":\"https:\/\/livrariasolmar.pt\/produto\/as-tres-vidas\/#webpage\",\"url\":\"https:\/\/livrariasolmar.pt\/produto\/as-tres-vidas\/\",\"name\":\"As Tr\\u00eas Vidas - Livraria Solmar - Livraria online\",\"isPartOf\":{\"@id\":\"https:\/\/livrariasolmar.pt\/#website\"},\"primaryImageOfPage\":{\"@id\":\"https:\/\/livrariasolmar.pt\/produto\/as-tres-vidas\/#primaryimage\"},\"datePublished\":\"2025-09-26T15:36:51+00:00\",\"dateModified\":\"2025-11-16T16:10:38+00:00\",\"breadcrumb\":{\"@id\":\"https:\/\/livrariasolmar.pt\/produto\/as-tres-vidas\/#breadcrumb\"},\"inLanguage\":\"en-US\",\"potentialAction\":[{\"@type\":\"ReadAction\",\"target\":[\"https:\/\/livrariasolmar.pt\/produto\/as-tres-vidas\/\"]}]},{\"@type\":\"BreadcrumbList\",\"@id\":\"https:\/\/livrariasolmar.pt\/produto\/as-tres-vidas\/#breadcrumb\",\"itemListElement\":[{\"@type\":\"ListItem\",\"position\":1,\"name\":\"In\\u00edcio\",\"item\":\"https:\/\/livrariasolmar.pt\/en\/\"},{\"@type\":\"ListItem\",\"position\":2,\"name\":\"Shop\",\"item\":\"https:\/\/livrariasolmar.pt\/en\/shop\/\"},{\"@type\":\"ListItem\",\"position\":3,\"name\":\"As Tr\\u00eas Vidas\"}]}]}<\/script>\n<!-- \/ Yoast SEO plugin. -->","_links":{"self":[{"href":"https:\/\/livrariasolmar.pt\/en\/wp-json\/wp\/v2\/product\/10963"}],"collection":[{"href":"https:\/\/livrariasolmar.pt\/en\/wp-json\/wp\/v2\/product"}],"about":[{"href":"https:\/\/livrariasolmar.pt\/en\/wp-json\/wp\/v2\/types\/product"}],"author":[{"embeddable":true,"href":"https:\/\/livrariasolmar.pt\/en\/wp-json\/wp\/v2\/users\/2"}],"wp:featuredmedia":[{"embeddable":true,"href":"https:\/\/livrariasolmar.pt\/en\/wp-json\/wp\/v2\/media\/10964"}],"wp:attachment":[{"href":"https:\/\/livrariasolmar.pt\/en\/wp-json\/wp\/v2\/media?parent=10963"}],"wp:term":[{"taxonomy":"product_cat","embeddable":true,"href":"https:\/\/livrariasolmar.pt\/en\/wp-json\/wp\/v2\/product_cat?post=10963"},{"taxonomy":"product_tag","embeddable":true,"href":"https:\/\/livrariasolmar.pt\/en\/wp-json\/wp\/v2\/product_tag?post=10963"},{"taxonomy":"cat_produtos","embeddable":true,"href":"https:\/\/livrariasolmar.pt\/en\/wp-json\/wp\/v2\/cat_produtos?post=10963"}],"curies":[{"name":"wp","href":"https:\/\/api.w.org\/{rel}","templated":true}]}}