{"id":10972,"date":"2025-09-26T17:59:53","date_gmt":"2025-09-26T17:59:53","guid":{"rendered":"https:\/\/livrariasolmar.pt\/?post_type=product&#038;p=10972"},"modified":"2025-11-25T18:33:02","modified_gmt":"2025-11-25T18:33:02","slug":"dedico-lhe-o-meu-silencio","status":"publish","type":"product","link":"https:\/\/livrariasolmar.pt\/en\/produto\/dedico-lhe-o-meu-silencio\/","title":{"rendered":"Dedico-lhe o Meu Sil\u00eancio"},"content":{"rendered":"","protected":false},"excerpt":{"rendered":"<p>Pode dizer-se que o novo romance de Varga Llosa o devolve aos terrenos da utopia; desta vez, com a m\u00fasica peruana como fio condutor. O protagonista da hist\u00f3ria, To\u00f1o Azpilcueta, \u00e9 especialista em \u00abm\u00fasica crioula\u00bb e descobre um violonista, Lalo Molfino (personagem de Travessuras da Menina M\u00e1). O talento do violonista revive o amor de To\u00f1o pelas valsas, marineras, polcas e huaynitos, pe\u00e7as enraizadas na m\u00fasica popular do pa\u00eds. A m\u00fasica crioula n\u00e3o \u00e9 apenas uma marca do pa\u00eds; \u00e9 muito mais importante: um elemento capaz de provocar uma revolu\u00e7\u00e3o, quebrando preconceitos e barreiras raciais para unir todo o pa\u00eds.<\/p>\n<p>O romance decorre no in\u00edcio dos anos 90, em plena ofensiva terrorista do movimento comunista Sendero Luminoso. A m\u00fasica revela-se como elo de uni\u00e3o de uma sociedade e o virtuosismo de Lalo Molfino seria decisivo. To\u00f1o Azpilcueta decide investigar o guitarrista para descobrir como ele se tornou um m\u00fasico t\u00e3o excelente.<\/p>\n<p>Assim, viajou pelo Peru at\u00e9 \u00e0 sua terra-natal, mergulhando nos seus mist\u00e9rios, na hist\u00f3ria da sua fam\u00edlia, nas suas rela\u00e7\u00f5es amorosas. \u00c9 ent\u00e3o que tem a ideia de escrever um livro para contar a hist\u00f3ria da m\u00fasica crioula.<\/p>\n","protected":false},"author":2,"featured_media":10973,"template":"","meta":[],"product_cat":[153],"product_tag":[],"cat_produtos":[],"yoast_head":"<!-- This site is optimized with the Yoast SEO plugin v16.6 - https:\/\/yoast.com\/wordpress\/plugins\/seo\/ -->\n<title>Dedico-lhe o Meu Sil\u00eancio - Livraria Solmar - Livraria online<\/title>\n<meta name=\"robots\" content=\"index, follow, max-snippet:-1, max-image-preview:large, max-video-preview:-1\" \/>\n<link rel=\"canonical\" href=\"https:\/\/livrariasolmar.pt\/en\/produto\/dedico-lhe-o-meu-silencio\/\" \/>\n<meta property=\"og:locale\" content=\"en_US\" \/>\n<meta property=\"og:type\" content=\"article\" \/>\n<meta property=\"og:title\" content=\"Dedico-lhe o Meu Sil\u00eancio - Livraria Solmar - Livraria online\" \/>\n<meta property=\"og:description\" content=\"Pode dizer-se que o novo romance de Varga Llosa o devolve aos terrenos da utopia; desta vez, com a m\u00fasica peruana como fio condutor. O protagonista da hist\u00f3ria, To\u00f1o Azpilcueta, \u00e9 especialista em \u00abm\u00fasica crioula\u00bb e descobre um violonista, Lalo Molfino (personagem de Travessuras da Menina M\u00e1). O talento do violonista revive o amor de To\u00f1o pelas valsas, marineras, polcas e huaynitos, pe\u00e7as enraizadas na m\u00fasica popular do pa\u00eds. A m\u00fasica crioula n\u00e3o \u00e9 apenas uma marca do pa\u00eds; \u00e9 muito mais importante: um elemento capaz de provocar uma revolu\u00e7\u00e3o, quebrando preconceitos e barreiras raciais para unir todo o pa\u00eds.  O romance decorre no in\u00edcio dos anos 90, em plena ofensiva terrorista do movimento comunista Sendero Luminoso. A m\u00fasica revela-se como elo de uni\u00e3o de uma sociedade e o virtuosismo de Lalo Molfino seria decisivo. To\u00f1o Azpilcueta decide investigar o guitarrista para descobrir como ele se tornou um m\u00fasico t\u00e3o excelente.  Assim, viajou pelo Peru at\u00e9 \u00e0 sua terra-natal, mergulhando nos seus mist\u00e9rios, na hist\u00f3ria da sua fam\u00edlia, nas suas rela\u00e7\u00f5es amorosas. \u00c9 ent\u00e3o que tem a ideia de escrever um livro para contar a hist\u00f3ria da m\u00fasica crioula.\" \/>\n<meta property=\"og:url\" content=\"https:\/\/livrariasolmar.pt\/produto\/dedico-lhe-o-meu-silencio\/\" \/>\n<meta property=\"og:site_name\" content=\"Livraria Solmar - Livraria online\" \/>\n<meta property=\"article:modified_time\" content=\"2025-11-25T18:33:02+00:00\" \/>\n<meta property=\"og:image\" content=\"https:\/\/livrariasolmar.pt\/wp-content\/uploads\/2025\/09\/1540-1-12.jpg\" \/>\n\t<meta property=\"og:image:width\" content=\"340\" \/>\n\t<meta property=\"og:image:height\" content=\"340\" \/>\n<meta name=\"twitter:card\" content=\"summary_large_image\" \/>\n<script type=\"application\/ld+json\" class=\"yoast-schema-graph\">{\"@context\":\"https:\/\/schema.org\",\"@graph\":[{\"@type\":\"WebSite\",\"@id\":\"https:\/\/livrariasolmar.pt\/#website\",\"url\":\"https:\/\/livrariasolmar.pt\/\",\"name\":\"Livraria Solmar - Livraria online\",\"description\":\"Com\\u00e9rcio Livros E Objetos De Arte, Lda - Ponta Delgada, A\\u00e7ores\",\"potentialAction\":[{\"@type\":\"SearchAction\",\"target\":{\"@type\":\"EntryPoint\",\"urlTemplate\":\"https:\/\/livrariasolmar.pt\/?s={search_term_string}\"},\"query-input\":\"required name=search_term_string\"}],\"inLanguage\":\"en-US\"},{\"@type\":\"ImageObject\",\"@id\":\"https:\/\/livrariasolmar.pt\/produto\/dedico-lhe-o-meu-silencio\/#primaryimage\",\"inLanguage\":\"en-US\",\"url\":\"https:\/\/livrariasolmar.pt\/wp-content\/uploads\/2025\/09\/1540-1-12.jpg\",\"contentUrl\":\"https:\/\/livrariasolmar.pt\/wp-content\/uploads\/2025\/09\/1540-1-12.jpg\",\"width\":340,\"height\":340},{\"@type\":\"WebPage\",\"@id\":\"https:\/\/livrariasolmar.pt\/produto\/dedico-lhe-o-meu-silencio\/#webpage\",\"url\":\"https:\/\/livrariasolmar.pt\/produto\/dedico-lhe-o-meu-silencio\/\",\"name\":\"Dedico-lhe o Meu Sil\\u00eancio - Livraria Solmar - Livraria online\",\"isPartOf\":{\"@id\":\"https:\/\/livrariasolmar.pt\/#website\"},\"primaryImageOfPage\":{\"@id\":\"https:\/\/livrariasolmar.pt\/produto\/dedico-lhe-o-meu-silencio\/#primaryimage\"},\"datePublished\":\"2025-09-26T17:59:53+00:00\",\"dateModified\":\"2025-11-25T18:33:02+00:00\",\"breadcrumb\":{\"@id\":\"https:\/\/livrariasolmar.pt\/produto\/dedico-lhe-o-meu-silencio\/#breadcrumb\"},\"inLanguage\":\"en-US\",\"potentialAction\":[{\"@type\":\"ReadAction\",\"target\":[\"https:\/\/livrariasolmar.pt\/produto\/dedico-lhe-o-meu-silencio\/\"]}]},{\"@type\":\"BreadcrumbList\",\"@id\":\"https:\/\/livrariasolmar.pt\/produto\/dedico-lhe-o-meu-silencio\/#breadcrumb\",\"itemListElement\":[{\"@type\":\"ListItem\",\"position\":1,\"name\":\"In\\u00edcio\",\"item\":\"https:\/\/livrariasolmar.pt\/en\/\"},{\"@type\":\"ListItem\",\"position\":2,\"name\":\"Shop\",\"item\":\"https:\/\/livrariasolmar.pt\/en\/shop\/\"},{\"@type\":\"ListItem\",\"position\":3,\"name\":\"Dedico-lhe o Meu Sil\\u00eancio\"}]}]}<\/script>\n<!-- \/ Yoast SEO plugin. -->","_links":{"self":[{"href":"https:\/\/livrariasolmar.pt\/en\/wp-json\/wp\/v2\/product\/10972"}],"collection":[{"href":"https:\/\/livrariasolmar.pt\/en\/wp-json\/wp\/v2\/product"}],"about":[{"href":"https:\/\/livrariasolmar.pt\/en\/wp-json\/wp\/v2\/types\/product"}],"author":[{"embeddable":true,"href":"https:\/\/livrariasolmar.pt\/en\/wp-json\/wp\/v2\/users\/2"}],"wp:featuredmedia":[{"embeddable":true,"href":"https:\/\/livrariasolmar.pt\/en\/wp-json\/wp\/v2\/media\/10973"}],"wp:attachment":[{"href":"https:\/\/livrariasolmar.pt\/en\/wp-json\/wp\/v2\/media?parent=10972"}],"wp:term":[{"taxonomy":"product_cat","embeddable":true,"href":"https:\/\/livrariasolmar.pt\/en\/wp-json\/wp\/v2\/product_cat?post=10972"},{"taxonomy":"product_tag","embeddable":true,"href":"https:\/\/livrariasolmar.pt\/en\/wp-json\/wp\/v2\/product_tag?post=10972"},{"taxonomy":"cat_produtos","embeddable":true,"href":"https:\/\/livrariasolmar.pt\/en\/wp-json\/wp\/v2\/cat_produtos?post=10972"}],"curies":[{"name":"wp","href":"https:\/\/api.w.org\/{rel}","templated":true}]}}