{"id":10979,"date":"2025-09-26T19:31:06","date_gmt":"2025-09-26T19:31:06","guid":{"rendered":"https:\/\/livrariasolmar.pt\/?post_type=product&#038;p=10979"},"modified":"2025-12-13T18:08:21","modified_gmt":"2025-12-13T18:08:21","slug":"rabo-de-peixe-toda-a-verdade-2","status":"publish","type":"product","link":"https:\/\/livrariasolmar.pt\/en\/produto\/rabo-de-peixe-toda-a-verdade-2\/","title":{"rendered":"Rabo de Peixe Toda a verdade"},"content":{"rendered":"","protected":false},"excerpt":{"rendered":"<p>E se a verdadeira hist\u00f3ria de Rabo de Peixe for ainda mais rocambolesca do que aquela que \u00e9 contada na s\u00e9rie da Netflix?<\/p>\n<p>No dia 6 de junho de 2001,\u00a0<i>Antonino Giuseppe Quinci<\/i>, o protagonista da hist\u00f3ria que mudou o destino de v\u00e1rias gera\u00e7\u00f5es de rabopeixenses, aportou na vila, depois de ter escondido, pela costa de S\u00e3o Miguel, mais de 700 quilos de coca\u00edna.<\/p>\n<p>O a\u00e7oriano\u00a0<i>R\u00faben Pacheco Correia<\/i>\u00a0empreendeu uma longa viagem \u00e0 procura da verdade dos factos, assim como dos protagonistas de carne e osso, da hist\u00f3ria que inspirou a s\u00e9rie. Sem saber at\u00e9 onde o iria levar a investiga\u00e7\u00e3o a que se dedicou durante quase dois anos e que o fez viajar at\u00e9 \u00e0 It\u00e1lia e ao Brasil, o autor, conhecido gastr\u00f3nomo e comentador televisivo, partiu com o des\u00edgnio de fazer justi\u00e7a \u00e0 verdade e tamb\u00e9m \u00e0 vila onde nasceu em 1997.<\/p>\n<p>Passados mais de vinte anos, o pa\u00eds e o mundo podem, finalmente, conhecer o rosto dos protagonistas reais e as suas hist\u00f3rias, in\u00e9ditas e peculiares, que se desenrolaram naquele tr\u00e1gico ano e que mudaram, para sempre, o destino de Rabo de Peixe.<\/p>\n<p>Ser\u00e1 que, realmente, as pessoas panaram peixe com a coca\u00edna do traficante italiano? Fizeram linhas de campo de futebol com a droga? Houve, de facto, algum padre que sofreu uma overdose? E, afinal, quem era e onde est\u00e1 o protagonista de todo este desastre? Como fugiu da pris\u00e3o? E quem s\u00e3o os demais envolvidos nesta hist\u00f3ria?<\/p>\n<p>Neste livro,\u00a0<i>R\u00faben Pacheco Correia<\/i>\u00a0leva o leitor a sentir-se parte da investiga\u00e7\u00e3o, f\u00e1-lo vibrar a cada pista conseguida, levantar voo a cada viagem, e concluir que, nesta hist\u00f3ria, a realidade supera mesmo a fic\u00e7\u00e3o.<\/p>\n","protected":false},"author":2,"featured_media":10980,"template":"","meta":[],"product_cat":[146],"product_tag":[],"cat_produtos":[],"yoast_head":"<!-- This site is optimized with the Yoast SEO plugin v16.6 - https:\/\/yoast.com\/wordpress\/plugins\/seo\/ -->\n<title>Rabo de Peixe Toda a verdade - Livraria Solmar - Livraria online<\/title>\n<meta name=\"robots\" content=\"index, follow, max-snippet:-1, max-image-preview:large, max-video-preview:-1\" \/>\n<link rel=\"canonical\" href=\"https:\/\/livrariasolmar.pt\/en\/produto\/rabo-de-peixe-toda-a-verdade-2\/\" \/>\n<meta property=\"og:locale\" content=\"en_US\" \/>\n<meta property=\"og:type\" content=\"article\" \/>\n<meta property=\"og:title\" content=\"Rabo de Peixe Toda a verdade - Livraria Solmar - Livraria online\" \/>\n<meta property=\"og:description\" content=\"E se a verdadeira hist\u00f3ria de Rabo de Peixe for ainda mais rocambolesca do que aquela que \u00e9 contada na s\u00e9rie da Netflix?  No dia 6 de junho de 2001,\u00a0Antonino Giuseppe Quinci, o protagonista da hist\u00f3ria que mudou o destino de v\u00e1rias gera\u00e7\u00f5es de rabopeixenses, aportou na vila, depois de ter escondido, pela costa de S\u00e3o Miguel, mais de 700 quilos de coca\u00edna.  O a\u00e7oriano\u00a0R\u00faben Pacheco Correia\u00a0empreendeu uma longa viagem \u00e0 procura da verdade dos factos, assim como dos protagonistas de carne e osso, da hist\u00f3ria que inspirou a s\u00e9rie. Sem saber at\u00e9 onde o iria levar a investiga\u00e7\u00e3o a que se dedicou durante quase dois anos e que o fez viajar at\u00e9 \u00e0 It\u00e1lia e ao Brasil, o autor, conhecido gastr\u00f3nomo e comentador televisivo, partiu com o des\u00edgnio de fazer justi\u00e7a \u00e0 verdade e tamb\u00e9m \u00e0 vila onde nasceu em 1997.  Passados mais de vinte anos, o pa\u00eds e o mundo podem, finalmente, conhecer o rosto dos protagonistas reais e as suas hist\u00f3rias, in\u00e9ditas e peculiares, que se desenrolaram naquele tr\u00e1gico ano e que mudaram, para sempre, o destino de Rabo de Peixe.  Ser\u00e1 que, realmente, as pessoas panaram peixe com a coca\u00edna do traficante italiano? Fizeram linhas de campo de futebol com a droga? Houve, de facto, algum padre que sofreu uma overdose? E, afinal, quem era e onde est\u00e1 o protagonista de todo este desastre? Como fugiu da pris\u00e3o? E quem s\u00e3o os demais envolvidos nesta hist\u00f3ria?  Neste livro,\u00a0R\u00faben Pacheco Correia\u00a0leva o leitor a sentir-se parte da investiga\u00e7\u00e3o, f\u00e1-lo vibrar a cada pista conseguida, levantar voo a cada viagem, e concluir que, nesta hist\u00f3ria, a realidade supera mesmo a fic\u00e7\u00e3o.\" \/>\n<meta property=\"og:url\" content=\"https:\/\/livrariasolmar.pt\/produto\/rabo-de-peixe-toda-a-verdade-2\/\" \/>\n<meta property=\"og:site_name\" content=\"Livraria Solmar - Livraria online\" \/>\n<meta property=\"article:modified_time\" content=\"2025-12-13T18:08:21+00:00\" \/>\n<meta property=\"og:image\" content=\"https:\/\/livrariasolmar.pt\/wp-content\/uploads\/2025\/09\/1540-1-13.jpg\" \/>\n\t<meta property=\"og:image:width\" content=\"340\" \/>\n\t<meta property=\"og:image:height\" content=\"340\" \/>\n<meta name=\"twitter:card\" content=\"summary_large_image\" \/>\n<script type=\"application\/ld+json\" class=\"yoast-schema-graph\">{\"@context\":\"https:\/\/schema.org\",\"@graph\":[{\"@type\":\"WebSite\",\"@id\":\"https:\/\/livrariasolmar.pt\/#website\",\"url\":\"https:\/\/livrariasolmar.pt\/\",\"name\":\"Livraria Solmar - Livraria online\",\"description\":\"Com\\u00e9rcio Livros E Objetos De Arte, Lda - Ponta Delgada, A\\u00e7ores\",\"potentialAction\":[{\"@type\":\"SearchAction\",\"target\":{\"@type\":\"EntryPoint\",\"urlTemplate\":\"https:\/\/livrariasolmar.pt\/?s={search_term_string}\"},\"query-input\":\"required name=search_term_string\"}],\"inLanguage\":\"en-US\"},{\"@type\":\"ImageObject\",\"@id\":\"https:\/\/livrariasolmar.pt\/produto\/rabo-de-peixe-toda-a-verdade-2\/#primaryimage\",\"inLanguage\":\"en-US\",\"url\":\"https:\/\/livrariasolmar.pt\/wp-content\/uploads\/2025\/09\/1540-1-13.jpg\",\"contentUrl\":\"https:\/\/livrariasolmar.pt\/wp-content\/uploads\/2025\/09\/1540-1-13.jpg\",\"width\":340,\"height\":340},{\"@type\":\"WebPage\",\"@id\":\"https:\/\/livrariasolmar.pt\/produto\/rabo-de-peixe-toda-a-verdade-2\/#webpage\",\"url\":\"https:\/\/livrariasolmar.pt\/produto\/rabo-de-peixe-toda-a-verdade-2\/\",\"name\":\"Rabo de Peixe Toda a verdade - Livraria Solmar - Livraria online\",\"isPartOf\":{\"@id\":\"https:\/\/livrariasolmar.pt\/#website\"},\"primaryImageOfPage\":{\"@id\":\"https:\/\/livrariasolmar.pt\/produto\/rabo-de-peixe-toda-a-verdade-2\/#primaryimage\"},\"datePublished\":\"2025-09-26T19:31:06+00:00\",\"dateModified\":\"2025-12-13T18:08:21+00:00\",\"breadcrumb\":{\"@id\":\"https:\/\/livrariasolmar.pt\/produto\/rabo-de-peixe-toda-a-verdade-2\/#breadcrumb\"},\"inLanguage\":\"en-US\",\"potentialAction\":[{\"@type\":\"ReadAction\",\"target\":[\"https:\/\/livrariasolmar.pt\/produto\/rabo-de-peixe-toda-a-verdade-2\/\"]}]},{\"@type\":\"BreadcrumbList\",\"@id\":\"https:\/\/livrariasolmar.pt\/produto\/rabo-de-peixe-toda-a-verdade-2\/#breadcrumb\",\"itemListElement\":[{\"@type\":\"ListItem\",\"position\":1,\"name\":\"In\\u00edcio\",\"item\":\"https:\/\/livrariasolmar.pt\/en\/\"},{\"@type\":\"ListItem\",\"position\":2,\"name\":\"Shop\",\"item\":\"https:\/\/livrariasolmar.pt\/en\/shop\/\"},{\"@type\":\"ListItem\",\"position\":3,\"name\":\"Rabo de Peixe Toda a verdade\"}]}]}<\/script>\n<!-- \/ Yoast SEO plugin. -->","_links":{"self":[{"href":"https:\/\/livrariasolmar.pt\/en\/wp-json\/wp\/v2\/product\/10979"}],"collection":[{"href":"https:\/\/livrariasolmar.pt\/en\/wp-json\/wp\/v2\/product"}],"about":[{"href":"https:\/\/livrariasolmar.pt\/en\/wp-json\/wp\/v2\/types\/product"}],"author":[{"embeddable":true,"href":"https:\/\/livrariasolmar.pt\/en\/wp-json\/wp\/v2\/users\/2"}],"wp:featuredmedia":[{"embeddable":true,"href":"https:\/\/livrariasolmar.pt\/en\/wp-json\/wp\/v2\/media\/10980"}],"wp:attachment":[{"href":"https:\/\/livrariasolmar.pt\/en\/wp-json\/wp\/v2\/media?parent=10979"}],"wp:term":[{"taxonomy":"product_cat","embeddable":true,"href":"https:\/\/livrariasolmar.pt\/en\/wp-json\/wp\/v2\/product_cat?post=10979"},{"taxonomy":"product_tag","embeddable":true,"href":"https:\/\/livrariasolmar.pt\/en\/wp-json\/wp\/v2\/product_tag?post=10979"},{"taxonomy":"cat_produtos","embeddable":true,"href":"https:\/\/livrariasolmar.pt\/en\/wp-json\/wp\/v2\/cat_produtos?post=10979"}],"curies":[{"name":"wp","href":"https:\/\/api.w.org\/{rel}","templated":true}]}}