{"id":10986,"date":"2025-10-08T15:03:29","date_gmt":"2025-10-08T15:03:29","guid":{"rendered":"https:\/\/livrariasolmar.pt\/?post_type=product&#038;p=10986"},"modified":"2026-01-18T13:29:56","modified_gmt":"2026-01-18T13:29:56","slug":"os-favoritos","status":"publish","type":"product","link":"https:\/\/livrariasolmar.pt\/en\/produto\/os-favoritos\/","title":{"rendered":"Os Favoritos"},"content":{"rendered":"","protected":false},"excerpt":{"rendered":"<p>Durante anos, Katarina Shaw e Heath Rocha estiveram nas bocas do mundo, mas nem sempre pelas melhores raz\u00f5es. Enquanto um dos pares mais medi\u00e1ticos de sempre da patinagem art\u00edstica no gelo, idolatrados por um p\u00fablico cativado pela sua qu\u00edmica ineg\u00e1vel e esp\u00edrito rebelde, foram tamb\u00e9m alvo de largas cr\u00edticas e rumores maliciosos que dificultaram o seu caminho at\u00e9 \u00e0 fama.<\/p>\n<p>Agora, dez anos depois do final da sua carreira, estreia um document\u00e1rio n\u00e3o autorizado que pretende revelar a\u00a0<i>verdadeira hist\u00f3ria<\/i>\u00a0de Shaw e Rocha. Com testemunhos daqueles que presenciaram a sua paix\u00e3o incandescente e rela\u00e7\u00e3o tumultuosa, a verdade surge como um choque maior do que as manchetes do passado.<\/p>\n","protected":false},"author":2,"featured_media":10987,"template":"","meta":[],"product_cat":[153],"product_tag":[],"cat_produtos":[1800],"yoast_head":"<!-- This site is optimized with the Yoast SEO plugin v16.6 - https:\/\/yoast.com\/wordpress\/plugins\/seo\/ -->\n<title>Os Favoritos - Livraria Solmar - Livraria online<\/title>\n<meta name=\"robots\" content=\"index, follow, max-snippet:-1, max-image-preview:large, max-video-preview:-1\" \/>\n<link rel=\"canonical\" href=\"https:\/\/livrariasolmar.pt\/en\/produto\/os-favoritos\/\" \/>\n<meta property=\"og:locale\" content=\"en_US\" \/>\n<meta property=\"og:type\" content=\"article\" \/>\n<meta property=\"og:title\" content=\"Os Favoritos - Livraria Solmar - Livraria online\" \/>\n<meta property=\"og:description\" content=\"Durante anos, Katarina Shaw e Heath Rocha estiveram nas bocas do mundo, mas nem sempre pelas melhores raz\u00f5es. Enquanto um dos pares mais medi\u00e1ticos de sempre da patinagem art\u00edstica no gelo, idolatrados por um p\u00fablico cativado pela sua qu\u00edmica ineg\u00e1vel e esp\u00edrito rebelde, foram tamb\u00e9m alvo de largas cr\u00edticas e rumores maliciosos que dificultaram o seu caminho at\u00e9 \u00e0 fama.  Agora, dez anos depois do final da sua carreira, estreia um document\u00e1rio n\u00e3o autorizado que pretende revelar a\u00a0verdadeira hist\u00f3ria\u00a0de Shaw e Rocha. Com testemunhos daqueles que presenciaram a sua paix\u00e3o incandescente e rela\u00e7\u00e3o tumultuosa, a verdade surge como um choque maior do que as manchetes do passado.\" \/>\n<meta property=\"og:url\" content=\"https:\/\/livrariasolmar.pt\/produto\/os-favoritos\/\" \/>\n<meta property=\"og:site_name\" content=\"Livraria Solmar - Livraria online\" \/>\n<meta property=\"article:modified_time\" content=\"2026-01-18T13:29:56+00:00\" \/>\n<meta property=\"og:image\" content=\"https:\/\/livrariasolmar.pt\/wp-content\/uploads\/2025\/10\/1540-1-14.jpg\" \/>\n\t<meta property=\"og:image:width\" content=\"340\" \/>\n\t<meta property=\"og:image:height\" content=\"340\" \/>\n<meta name=\"twitter:card\" content=\"summary_large_image\" \/>\n<script type=\"application\/ld+json\" class=\"yoast-schema-graph\">{\"@context\":\"https:\/\/schema.org\",\"@graph\":[{\"@type\":\"WebSite\",\"@id\":\"https:\/\/livrariasolmar.pt\/#website\",\"url\":\"https:\/\/livrariasolmar.pt\/\",\"name\":\"Livraria Solmar - Livraria online\",\"description\":\"Com\\u00e9rcio Livros E Objetos De Arte, Lda - Ponta Delgada, A\\u00e7ores\",\"potentialAction\":[{\"@type\":\"SearchAction\",\"target\":{\"@type\":\"EntryPoint\",\"urlTemplate\":\"https:\/\/livrariasolmar.pt\/?s={search_term_string}\"},\"query-input\":\"required name=search_term_string\"}],\"inLanguage\":\"en-US\"},{\"@type\":\"ImageObject\",\"@id\":\"https:\/\/livrariasolmar.pt\/produto\/os-favoritos\/#primaryimage\",\"inLanguage\":\"en-US\",\"url\":\"https:\/\/livrariasolmar.pt\/wp-content\/uploads\/2025\/10\/1540-1-14.jpg\",\"contentUrl\":\"https:\/\/livrariasolmar.pt\/wp-content\/uploads\/2025\/10\/1540-1-14.jpg\",\"width\":340,\"height\":340},{\"@type\":\"WebPage\",\"@id\":\"https:\/\/livrariasolmar.pt\/produto\/os-favoritos\/#webpage\",\"url\":\"https:\/\/livrariasolmar.pt\/produto\/os-favoritos\/\",\"name\":\"Os Favoritos - Livraria Solmar - Livraria online\",\"isPartOf\":{\"@id\":\"https:\/\/livrariasolmar.pt\/#website\"},\"primaryImageOfPage\":{\"@id\":\"https:\/\/livrariasolmar.pt\/produto\/os-favoritos\/#primaryimage\"},\"datePublished\":\"2025-10-08T15:03:29+00:00\",\"dateModified\":\"2026-01-18T13:29:56+00:00\",\"breadcrumb\":{\"@id\":\"https:\/\/livrariasolmar.pt\/produto\/os-favoritos\/#breadcrumb\"},\"inLanguage\":\"en-US\",\"potentialAction\":[{\"@type\":\"ReadAction\",\"target\":[\"https:\/\/livrariasolmar.pt\/produto\/os-favoritos\/\"]}]},{\"@type\":\"BreadcrumbList\",\"@id\":\"https:\/\/livrariasolmar.pt\/produto\/os-favoritos\/#breadcrumb\",\"itemListElement\":[{\"@type\":\"ListItem\",\"position\":1,\"name\":\"In\\u00edcio\",\"item\":\"https:\/\/livrariasolmar.pt\/en\/\"},{\"@type\":\"ListItem\",\"position\":2,\"name\":\"Shop\",\"item\":\"https:\/\/livrariasolmar.pt\/en\/shop\/\"},{\"@type\":\"ListItem\",\"position\":3,\"name\":\"Os Favoritos\"}]}]}<\/script>\n<!-- \/ Yoast SEO plugin. -->","_links":{"self":[{"href":"https:\/\/livrariasolmar.pt\/en\/wp-json\/wp\/v2\/product\/10986"}],"collection":[{"href":"https:\/\/livrariasolmar.pt\/en\/wp-json\/wp\/v2\/product"}],"about":[{"href":"https:\/\/livrariasolmar.pt\/en\/wp-json\/wp\/v2\/types\/product"}],"author":[{"embeddable":true,"href":"https:\/\/livrariasolmar.pt\/en\/wp-json\/wp\/v2\/users\/2"}],"wp:featuredmedia":[{"embeddable":true,"href":"https:\/\/livrariasolmar.pt\/en\/wp-json\/wp\/v2\/media\/10987"}],"wp:attachment":[{"href":"https:\/\/livrariasolmar.pt\/en\/wp-json\/wp\/v2\/media?parent=10986"}],"wp:term":[{"taxonomy":"product_cat","embeddable":true,"href":"https:\/\/livrariasolmar.pt\/en\/wp-json\/wp\/v2\/product_cat?post=10986"},{"taxonomy":"product_tag","embeddable":true,"href":"https:\/\/livrariasolmar.pt\/en\/wp-json\/wp\/v2\/product_tag?post=10986"},{"taxonomy":"cat_produtos","embeddable":true,"href":"https:\/\/livrariasolmar.pt\/en\/wp-json\/wp\/v2\/cat_produtos?post=10986"}],"curies":[{"name":"wp","href":"https:\/\/api.w.org\/{rel}","templated":true}]}}