{"id":10995,"date":"2025-10-08T15:38:10","date_gmt":"2025-10-08T15:38:10","guid":{"rendered":"https:\/\/livrariasolmar.pt\/?post_type=product&#038;p=10995"},"modified":"2025-12-13T14:59:54","modified_gmt":"2025-12-13T14:59:54","slug":"amavel-o-pugilista-gentil","status":"publish","type":"product","link":"https:\/\/livrariasolmar.pt\/en\/produto\/amavel-o-pugilista-gentil\/","title":{"rendered":"Am\u00e1vel, o Pugilista Gentil"},"content":{"rendered":"","protected":false},"excerpt":{"rendered":"<p>Am\u00e1vel passa os dias a levar socos da vida no escrit\u00f3rio&#8230; s\u00f3 no ringue encontra liberdade para fugir do teclado! Mas o destino d\u00e1-lhe um golpe baixo&#8230; quando o passado lhe acerta em cheio nas trombas, na forma de uma heran\u00e7a que cheira a sarilhos, percebe que h\u00e1 lutas que n\u00e3o se ganham s\u00f3 com punhos.<br \/>\nEntre o luto e a luta, Am\u00e1vel vai ter de esquivar-se aos segredos da fam\u00edlia e \u00e0s rasteiras de um passado que perdura.<br \/>\nPorque h\u00e1 combates que n\u00e3o acabam no ringue\u2026 e a vit\u00f3ria mais dif\u00edcil \u00e9 ser um homem inteiro fora dele.<\/p>\n","protected":false},"author":2,"featured_media":10996,"template":"","meta":[],"product_cat":[174],"product_tag":[],"cat_produtos":[],"yoast_head":"<!-- This site is optimized with the Yoast SEO plugin v16.6 - https:\/\/yoast.com\/wordpress\/plugins\/seo\/ -->\n<title>Am\u00e1vel, o Pugilista Gentil - Livraria Solmar - Livraria online<\/title>\n<meta name=\"robots\" content=\"index, follow, max-snippet:-1, max-image-preview:large, max-video-preview:-1\" \/>\n<link rel=\"canonical\" href=\"https:\/\/livrariasolmar.pt\/en\/produto\/amavel-o-pugilista-gentil\/\" \/>\n<meta property=\"og:locale\" content=\"en_US\" \/>\n<meta property=\"og:type\" content=\"article\" \/>\n<meta property=\"og:title\" content=\"Am\u00e1vel, o Pugilista Gentil - Livraria Solmar - Livraria online\" \/>\n<meta property=\"og:description\" content=\"Am\u00e1vel passa os dias a levar socos da vida no escrit\u00f3rio... s\u00f3 no ringue encontra liberdade para fugir do teclado! Mas o destino d\u00e1-lhe um golpe baixo... quando o passado lhe acerta em cheio nas trombas, na forma de uma heran\u00e7a que cheira a sarilhos, percebe que h\u00e1 lutas que n\u00e3o se ganham s\u00f3 com punhos. Entre o luto e a luta, Am\u00e1vel vai ter de esquivar-se aos segredos da fam\u00edlia e \u00e0s rasteiras de um passado que perdura. Porque h\u00e1 combates que n\u00e3o acabam no ringue\u2026 e a vit\u00f3ria mais dif\u00edcil \u00e9 ser um homem inteiro fora dele.\" \/>\n<meta property=\"og:url\" content=\"https:\/\/livrariasolmar.pt\/produto\/amavel-o-pugilista-gentil\/\" \/>\n<meta property=\"og:site_name\" content=\"Livraria Solmar - Livraria online\" \/>\n<meta property=\"article:modified_time\" content=\"2025-12-13T14:59:54+00:00\" \/>\n<meta property=\"og:image\" content=\"https:\/\/livrariasolmar.pt\/wp-content\/uploads\/2025\/10\/1507-1-7.jpg\" \/>\n\t<meta property=\"og:image:width\" content=\"400\" \/>\n\t<meta property=\"og:image:height\" content=\"500\" \/>\n<meta name=\"twitter:card\" content=\"summary_large_image\" \/>\n<script type=\"application\/ld+json\" class=\"yoast-schema-graph\">{\"@context\":\"https:\/\/schema.org\",\"@graph\":[{\"@type\":\"WebSite\",\"@id\":\"https:\/\/livrariasolmar.pt\/#website\",\"url\":\"https:\/\/livrariasolmar.pt\/\",\"name\":\"Livraria Solmar - Livraria online\",\"description\":\"Com\\u00e9rcio Livros E Objetos De Arte, Lda - Ponta Delgada, A\\u00e7ores\",\"potentialAction\":[{\"@type\":\"SearchAction\",\"target\":{\"@type\":\"EntryPoint\",\"urlTemplate\":\"https:\/\/livrariasolmar.pt\/?s={search_term_string}\"},\"query-input\":\"required name=search_term_string\"}],\"inLanguage\":\"en-US\"},{\"@type\":\"ImageObject\",\"@id\":\"https:\/\/livrariasolmar.pt\/produto\/amavel-o-pugilista-gentil\/#primaryimage\",\"inLanguage\":\"en-US\",\"url\":\"https:\/\/livrariasolmar.pt\/wp-content\/uploads\/2025\/10\/1507-1-7.jpg\",\"contentUrl\":\"https:\/\/livrariasolmar.pt\/wp-content\/uploads\/2025\/10\/1507-1-7.jpg\",\"width\":400,\"height\":500},{\"@type\":\"WebPage\",\"@id\":\"https:\/\/livrariasolmar.pt\/produto\/amavel-o-pugilista-gentil\/#webpage\",\"url\":\"https:\/\/livrariasolmar.pt\/produto\/amavel-o-pugilista-gentil\/\",\"name\":\"Am\\u00e1vel, o Pugilista Gentil - Livraria Solmar - Livraria online\",\"isPartOf\":{\"@id\":\"https:\/\/livrariasolmar.pt\/#website\"},\"primaryImageOfPage\":{\"@id\":\"https:\/\/livrariasolmar.pt\/produto\/amavel-o-pugilista-gentil\/#primaryimage\"},\"datePublished\":\"2025-10-08T15:38:10+00:00\",\"dateModified\":\"2025-12-13T14:59:54+00:00\",\"breadcrumb\":{\"@id\":\"https:\/\/livrariasolmar.pt\/produto\/amavel-o-pugilista-gentil\/#breadcrumb\"},\"inLanguage\":\"en-US\",\"potentialAction\":[{\"@type\":\"ReadAction\",\"target\":[\"https:\/\/livrariasolmar.pt\/produto\/amavel-o-pugilista-gentil\/\"]}]},{\"@type\":\"BreadcrumbList\",\"@id\":\"https:\/\/livrariasolmar.pt\/produto\/amavel-o-pugilista-gentil\/#breadcrumb\",\"itemListElement\":[{\"@type\":\"ListItem\",\"position\":1,\"name\":\"In\\u00edcio\",\"item\":\"https:\/\/livrariasolmar.pt\/en\/\"},{\"@type\":\"ListItem\",\"position\":2,\"name\":\"Shop\",\"item\":\"https:\/\/livrariasolmar.pt\/en\/shop\/\"},{\"@type\":\"ListItem\",\"position\":3,\"name\":\"Am\\u00e1vel, o Pugilista Gentil\"}]}]}<\/script>\n<!-- \/ Yoast SEO plugin. -->","_links":{"self":[{"href":"https:\/\/livrariasolmar.pt\/en\/wp-json\/wp\/v2\/product\/10995"}],"collection":[{"href":"https:\/\/livrariasolmar.pt\/en\/wp-json\/wp\/v2\/product"}],"about":[{"href":"https:\/\/livrariasolmar.pt\/en\/wp-json\/wp\/v2\/types\/product"}],"author":[{"embeddable":true,"href":"https:\/\/livrariasolmar.pt\/en\/wp-json\/wp\/v2\/users\/2"}],"wp:featuredmedia":[{"embeddable":true,"href":"https:\/\/livrariasolmar.pt\/en\/wp-json\/wp\/v2\/media\/10996"}],"wp:attachment":[{"href":"https:\/\/livrariasolmar.pt\/en\/wp-json\/wp\/v2\/media?parent=10995"}],"wp:term":[{"taxonomy":"product_cat","embeddable":true,"href":"https:\/\/livrariasolmar.pt\/en\/wp-json\/wp\/v2\/product_cat?post=10995"},{"taxonomy":"product_tag","embeddable":true,"href":"https:\/\/livrariasolmar.pt\/en\/wp-json\/wp\/v2\/product_tag?post=10995"},{"taxonomy":"cat_produtos","embeddable":true,"href":"https:\/\/livrariasolmar.pt\/en\/wp-json\/wp\/v2\/cat_produtos?post=10995"}],"curies":[{"name":"wp","href":"https:\/\/api.w.org\/{rel}","templated":true}]}}