{"id":10998,"date":"2025-10-08T15:45:18","date_gmt":"2025-10-08T15:45:18","guid":{"rendered":"https:\/\/livrariasolmar.pt\/?post_type=product&#038;p=10998"},"modified":"2025-12-16T15:11:23","modified_gmt":"2025-12-16T15:11:23","slug":"jalan-jalan","status":"publish","type":"product","link":"https:\/\/livrariasolmar.pt\/en\/produto\/jalan-jalan\/","title":{"rendered":"Jalan Jalan"},"content":{"rendered":"","protected":false},"excerpt":{"rendered":"<p>\u00abApesar da beleza da paisagem, dos campos de arroz, do verde omnipresente, dos templos hindus, dos macacos zangados, uma das melhores coisas que trouxe de Bali foi uma oferta do Jo\u00e3o, que embrulhou e me ofereceu uma palavra, talvez duas: Jalan significa rua em indon\u00e9sio, disse-me. Tamb\u00e9m significa andar. Jalan jalan, a repeti\u00e7\u00e3o da palavra, que muitas vezes forma o plural, significa, neste caso, passear. Passear \u00e9 andar duas vezes. (&#8230;) Passear \u00e9 o que fazemos para n\u00e3o chegar a um destino, n\u00e3o se mede pela dist\u00e2ncia nem pela t\u00e9cnica de colocar um p\u00e9 \u00e0 frente do outro, mas sim pelo modo como a paisagem nos comoveu ou como o voo de um p\u00e1ssaro nos tocou. \u00c9 um pouco como a arte, tem o valor imenso de tudo aquilo que n\u00e3o tem valor nenhum. Pode n\u00e3o ter raz\u00e3o, destino, objectivo, utilidade, e \u00e9 exactamente a\u00ed que reside a riqueza do passeio. N\u00e3o existem profissionais do passeio. Chesterton, que era um grande apologista do amador, dizia que as melhores coisas da vida, bem como as mais importantes, n\u00e3o s\u00e3o profissionalizadas. O amor, quando \u00e9 profissionalizado, torna-se prostitui\u00e7\u00e3o.\u00bb<\/p>\n","protected":false},"author":2,"featured_media":10999,"template":"","meta":[],"product_cat":[153],"product_tag":[],"cat_produtos":[1804],"yoast_head":"<!-- This site is optimized with the Yoast SEO plugin v16.6 - https:\/\/yoast.com\/wordpress\/plugins\/seo\/ -->\n<title>Jalan Jalan - Livraria Solmar - Livraria online<\/title>\n<meta name=\"robots\" content=\"index, follow, max-snippet:-1, max-image-preview:large, max-video-preview:-1\" \/>\n<link rel=\"canonical\" href=\"https:\/\/livrariasolmar.pt\/en\/produto\/jalan-jalan\/\" \/>\n<meta property=\"og:locale\" content=\"en_US\" \/>\n<meta property=\"og:type\" content=\"article\" \/>\n<meta property=\"og:title\" content=\"Jalan Jalan - Livraria Solmar - Livraria online\" \/>\n<meta property=\"og:description\" content=\"\u00abApesar da beleza da paisagem, dos campos de arroz, do verde omnipresente, dos templos hindus, dos macacos zangados, uma das melhores coisas que trouxe de Bali foi uma oferta do Jo\u00e3o, que embrulhou e me ofereceu uma palavra, talvez duas: Jalan significa rua em indon\u00e9sio, disse-me. Tamb\u00e9m significa andar. Jalan jalan, a repeti\u00e7\u00e3o da palavra, que muitas vezes forma o plural, significa, neste caso, passear. Passear \u00e9 andar duas vezes. (...) Passear \u00e9 o que fazemos para n\u00e3o chegar a um destino, n\u00e3o se mede pela dist\u00e2ncia nem pela t\u00e9cnica de colocar um p\u00e9 \u00e0 frente do outro, mas sim pelo modo como a paisagem nos comoveu ou como o voo de um p\u00e1ssaro nos tocou. \u00c9 um pouco como a arte, tem o valor imenso de tudo aquilo que n\u00e3o tem valor nenhum. Pode n\u00e3o ter raz\u00e3o, destino, objectivo, utilidade, e \u00e9 exactamente a\u00ed que reside a riqueza do passeio. N\u00e3o existem profissionais do passeio. Chesterton, que era um grande apologista do amador, dizia que as melhores coisas da vida, bem como as mais importantes, n\u00e3o s\u00e3o profissionalizadas. O amor, quando \u00e9 profissionalizado, torna-se prostitui\u00e7\u00e3o.\u00bb\" \/>\n<meta property=\"og:url\" content=\"https:\/\/livrariasolmar.pt\/produto\/jalan-jalan\/\" \/>\n<meta property=\"og:site_name\" content=\"Livraria Solmar - Livraria online\" \/>\n<meta property=\"article:modified_time\" content=\"2025-12-16T15:11:23+00:00\" \/>\n<meta property=\"og:image\" content=\"https:\/\/livrariasolmar.pt\/wp-content\/uploads\/2025\/10\/1540-1-15.jpg\" \/>\n\t<meta property=\"og:image:width\" content=\"340\" \/>\n\t<meta property=\"og:image:height\" content=\"340\" \/>\n<meta name=\"twitter:card\" content=\"summary_large_image\" \/>\n<script type=\"application\/ld+json\" class=\"yoast-schema-graph\">{\"@context\":\"https:\/\/schema.org\",\"@graph\":[{\"@type\":\"WebSite\",\"@id\":\"https:\/\/livrariasolmar.pt\/#website\",\"url\":\"https:\/\/livrariasolmar.pt\/\",\"name\":\"Livraria Solmar - Livraria online\",\"description\":\"Com\\u00e9rcio Livros E Objetos De Arte, Lda - Ponta Delgada, A\\u00e7ores\",\"potentialAction\":[{\"@type\":\"SearchAction\",\"target\":{\"@type\":\"EntryPoint\",\"urlTemplate\":\"https:\/\/livrariasolmar.pt\/?s={search_term_string}\"},\"query-input\":\"required name=search_term_string\"}],\"inLanguage\":\"en-US\"},{\"@type\":\"ImageObject\",\"@id\":\"https:\/\/livrariasolmar.pt\/produto\/jalan-jalan\/#primaryimage\",\"inLanguage\":\"en-US\",\"url\":\"https:\/\/livrariasolmar.pt\/wp-content\/uploads\/2025\/10\/1540-1-15.jpg\",\"contentUrl\":\"https:\/\/livrariasolmar.pt\/wp-content\/uploads\/2025\/10\/1540-1-15.jpg\",\"width\":340,\"height\":340},{\"@type\":\"WebPage\",\"@id\":\"https:\/\/livrariasolmar.pt\/produto\/jalan-jalan\/#webpage\",\"url\":\"https:\/\/livrariasolmar.pt\/produto\/jalan-jalan\/\",\"name\":\"Jalan Jalan - Livraria Solmar - Livraria online\",\"isPartOf\":{\"@id\":\"https:\/\/livrariasolmar.pt\/#website\"},\"primaryImageOfPage\":{\"@id\":\"https:\/\/livrariasolmar.pt\/produto\/jalan-jalan\/#primaryimage\"},\"datePublished\":\"2025-10-08T15:45:18+00:00\",\"dateModified\":\"2025-12-16T15:11:23+00:00\",\"breadcrumb\":{\"@id\":\"https:\/\/livrariasolmar.pt\/produto\/jalan-jalan\/#breadcrumb\"},\"inLanguage\":\"en-US\",\"potentialAction\":[{\"@type\":\"ReadAction\",\"target\":[\"https:\/\/livrariasolmar.pt\/produto\/jalan-jalan\/\"]}]},{\"@type\":\"BreadcrumbList\",\"@id\":\"https:\/\/livrariasolmar.pt\/produto\/jalan-jalan\/#breadcrumb\",\"itemListElement\":[{\"@type\":\"ListItem\",\"position\":1,\"name\":\"In\\u00edcio\",\"item\":\"https:\/\/livrariasolmar.pt\/en\/\"},{\"@type\":\"ListItem\",\"position\":2,\"name\":\"Shop\",\"item\":\"https:\/\/livrariasolmar.pt\/en\/shop\/\"},{\"@type\":\"ListItem\",\"position\":3,\"name\":\"Jalan Jalan\"}]}]}<\/script>\n<!-- \/ Yoast SEO plugin. -->","_links":{"self":[{"href":"https:\/\/livrariasolmar.pt\/en\/wp-json\/wp\/v2\/product\/10998"}],"collection":[{"href":"https:\/\/livrariasolmar.pt\/en\/wp-json\/wp\/v2\/product"}],"about":[{"href":"https:\/\/livrariasolmar.pt\/en\/wp-json\/wp\/v2\/types\/product"}],"author":[{"embeddable":true,"href":"https:\/\/livrariasolmar.pt\/en\/wp-json\/wp\/v2\/users\/2"}],"wp:featuredmedia":[{"embeddable":true,"href":"https:\/\/livrariasolmar.pt\/en\/wp-json\/wp\/v2\/media\/10999"}],"wp:attachment":[{"href":"https:\/\/livrariasolmar.pt\/en\/wp-json\/wp\/v2\/media?parent=10998"}],"wp:term":[{"taxonomy":"product_cat","embeddable":true,"href":"https:\/\/livrariasolmar.pt\/en\/wp-json\/wp\/v2\/product_cat?post=10998"},{"taxonomy":"product_tag","embeddable":true,"href":"https:\/\/livrariasolmar.pt\/en\/wp-json\/wp\/v2\/product_tag?post=10998"},{"taxonomy":"cat_produtos","embeddable":true,"href":"https:\/\/livrariasolmar.pt\/en\/wp-json\/wp\/v2\/cat_produtos?post=10998"}],"curies":[{"name":"wp","href":"https:\/\/api.w.org\/{rel}","templated":true}]}}