{"id":11001,"date":"2025-10-08T15:51:37","date_gmt":"2025-10-08T15:51:37","guid":{"rendered":"https:\/\/livrariasolmar.pt\/?post_type=product&#038;p=11001"},"modified":"2026-04-04T13:31:25","modified_gmt":"2026-04-04T13:31:25","slug":"os-nomes-de-feliza","status":"publish","type":"product","link":"https:\/\/livrariasolmar.pt\/en\/produto\/os-nomes-de-feliza\/","title":{"rendered":"Os Nomes de Feliza"},"content":{"rendered":"","protected":false},"excerpt":{"rendered":"<p>A 8 de janeiro de 1982, a escultora colombiana Feliza Bursztyn morre num restaurante de Paris. Tinha quarenta e oito anos e, no momento da sua morte repentina, estava acompanhada pelo marido e quatro amigos. Um deles era o escritor Gabriel Garc\u00eda M\u00e1rquez, que, uns dias depois, publicou um artigo que inclu\u00eda tr\u00eas palavras aparentemente simples, mas profundamente misteriosas: \u00abMorreu de tristeza.\u00bb<\/p>\n<p>Juan Gabriel V\u00e1squez parte deste enigma para investigar a vida secreta de Feliza Bursztyn: filha de um casal judeu expatriado na Col\u00f4mbia, artista revolucion\u00e1ria em tempos de convuls\u00e3o pol\u00edtica, mulher de esp\u00edrito livre num mundo que desconfiava da liberdade feminina. A vida de Feliza p\u00f4s a descoberto as grandes tens\u00f5es do s\u00e9culo XX e, acima de tudo, reivindicou o desejo de ser dona de si mesma.<\/p>\n<p>Neste livro, Juan Gabriel V\u00e1squez entretece habilmente biografia, realidade e imagina\u00e7\u00e3o, entregando aos leitores uma fic\u00e7\u00e3o admir\u00e1vel sobre como a vida \u00edntima de todos os seres humanos \u00e9 inevitavelmente dominada pelas for\u00e7as da Hist\u00f3ria e da pol\u00edtica.<\/p>\n","protected":false},"author":2,"featured_media":11002,"template":"","meta":[],"product_cat":[153],"product_tag":[],"cat_produtos":[1805],"yoast_head":"<!-- This site is optimized with the Yoast SEO plugin v16.6 - https:\/\/yoast.com\/wordpress\/plugins\/seo\/ -->\n<title>Os Nomes de Feliza - Livraria Solmar - Livraria online<\/title>\n<meta name=\"robots\" content=\"index, follow, max-snippet:-1, max-image-preview:large, max-video-preview:-1\" \/>\n<link rel=\"canonical\" href=\"https:\/\/livrariasolmar.pt\/en\/produto\/os-nomes-de-feliza\/\" \/>\n<meta property=\"og:locale\" content=\"en_US\" \/>\n<meta property=\"og:type\" content=\"article\" \/>\n<meta property=\"og:title\" content=\"Os Nomes de Feliza - Livraria Solmar - Livraria online\" \/>\n<meta property=\"og:description\" content=\"A 8 de janeiro de 1982, a escultora colombiana Feliza Bursztyn morre num restaurante de Paris. Tinha quarenta e oito anos e, no momento da sua morte repentina, estava acompanhada pelo marido e quatro amigos. Um deles era o escritor Gabriel Garc\u00eda M\u00e1rquez, que, uns dias depois, publicou um artigo que inclu\u00eda tr\u00eas palavras aparentemente simples, mas profundamente misteriosas: \u00abMorreu de tristeza.\u00bb  Juan Gabriel V\u00e1squez parte deste enigma para investigar a vida secreta de Feliza Bursztyn: filha de um casal judeu expatriado na Col\u00f4mbia, artista revolucion\u00e1ria em tempos de convuls\u00e3o pol\u00edtica, mulher de esp\u00edrito livre num mundo que desconfiava da liberdade feminina. A vida de Feliza p\u00f4s a descoberto as grandes tens\u00f5es do s\u00e9culo XX e, acima de tudo, reivindicou o desejo de ser dona de si mesma.  Neste livro, Juan Gabriel V\u00e1squez entretece habilmente biografia, realidade e imagina\u00e7\u00e3o, entregando aos leitores uma fic\u00e7\u00e3o admir\u00e1vel sobre como a vida \u00edntima de todos os seres humanos \u00e9 inevitavelmente dominada pelas for\u00e7as da Hist\u00f3ria e da pol\u00edtica.\" \/>\n<meta property=\"og:url\" content=\"https:\/\/livrariasolmar.pt\/produto\/os-nomes-de-feliza\/\" \/>\n<meta property=\"og:site_name\" content=\"Livraria Solmar - Livraria online\" \/>\n<meta property=\"article:modified_time\" content=\"2026-04-04T13:31:25+00:00\" \/>\n<meta property=\"og:image\" content=\"https:\/\/livrariasolmar.pt\/wp-content\/uploads\/2025\/10\/1540-1-16.jpg\" \/>\n\t<meta property=\"og:image:width\" content=\"340\" \/>\n\t<meta property=\"og:image:height\" content=\"340\" \/>\n<meta name=\"twitter:card\" content=\"summary_large_image\" \/>\n<script type=\"application\/ld+json\" class=\"yoast-schema-graph\">{\"@context\":\"https:\/\/schema.org\",\"@graph\":[{\"@type\":\"WebSite\",\"@id\":\"https:\/\/livrariasolmar.pt\/#website\",\"url\":\"https:\/\/livrariasolmar.pt\/\",\"name\":\"Livraria Solmar - Livraria online\",\"description\":\"Com\\u00e9rcio Livros E Objetos De Arte, Lda - Ponta Delgada, A\\u00e7ores\",\"potentialAction\":[{\"@type\":\"SearchAction\",\"target\":{\"@type\":\"EntryPoint\",\"urlTemplate\":\"https:\/\/livrariasolmar.pt\/?s={search_term_string}\"},\"query-input\":\"required name=search_term_string\"}],\"inLanguage\":\"en-US\"},{\"@type\":\"ImageObject\",\"@id\":\"https:\/\/livrariasolmar.pt\/produto\/os-nomes-de-feliza\/#primaryimage\",\"inLanguage\":\"en-US\",\"url\":\"https:\/\/livrariasolmar.pt\/wp-content\/uploads\/2025\/10\/1540-1-16.jpg\",\"contentUrl\":\"https:\/\/livrariasolmar.pt\/wp-content\/uploads\/2025\/10\/1540-1-16.jpg\",\"width\":340,\"height\":340},{\"@type\":\"WebPage\",\"@id\":\"https:\/\/livrariasolmar.pt\/produto\/os-nomes-de-feliza\/#webpage\",\"url\":\"https:\/\/livrariasolmar.pt\/produto\/os-nomes-de-feliza\/\",\"name\":\"Os Nomes de Feliza - Livraria Solmar - Livraria online\",\"isPartOf\":{\"@id\":\"https:\/\/livrariasolmar.pt\/#website\"},\"primaryImageOfPage\":{\"@id\":\"https:\/\/livrariasolmar.pt\/produto\/os-nomes-de-feliza\/#primaryimage\"},\"datePublished\":\"2025-10-08T15:51:37+00:00\",\"dateModified\":\"2026-04-04T13:31:25+00:00\",\"breadcrumb\":{\"@id\":\"https:\/\/livrariasolmar.pt\/produto\/os-nomes-de-feliza\/#breadcrumb\"},\"inLanguage\":\"en-US\",\"potentialAction\":[{\"@type\":\"ReadAction\",\"target\":[\"https:\/\/livrariasolmar.pt\/produto\/os-nomes-de-feliza\/\"]}]},{\"@type\":\"BreadcrumbList\",\"@id\":\"https:\/\/livrariasolmar.pt\/produto\/os-nomes-de-feliza\/#breadcrumb\",\"itemListElement\":[{\"@type\":\"ListItem\",\"position\":1,\"name\":\"In\\u00edcio\",\"item\":\"https:\/\/livrariasolmar.pt\/en\/\"},{\"@type\":\"ListItem\",\"position\":2,\"name\":\"Shop\",\"item\":\"https:\/\/livrariasolmar.pt\/en\/shop\/\"},{\"@type\":\"ListItem\",\"position\":3,\"name\":\"Os Nomes de Feliza\"}]}]}<\/script>\n<!-- \/ Yoast SEO plugin. -->","_links":{"self":[{"href":"https:\/\/livrariasolmar.pt\/en\/wp-json\/wp\/v2\/product\/11001"}],"collection":[{"href":"https:\/\/livrariasolmar.pt\/en\/wp-json\/wp\/v2\/product"}],"about":[{"href":"https:\/\/livrariasolmar.pt\/en\/wp-json\/wp\/v2\/types\/product"}],"author":[{"embeddable":true,"href":"https:\/\/livrariasolmar.pt\/en\/wp-json\/wp\/v2\/users\/2"}],"wp:featuredmedia":[{"embeddable":true,"href":"https:\/\/livrariasolmar.pt\/en\/wp-json\/wp\/v2\/media\/11002"}],"wp:attachment":[{"href":"https:\/\/livrariasolmar.pt\/en\/wp-json\/wp\/v2\/media?parent=11001"}],"wp:term":[{"taxonomy":"product_cat","embeddable":true,"href":"https:\/\/livrariasolmar.pt\/en\/wp-json\/wp\/v2\/product_cat?post=11001"},{"taxonomy":"product_tag","embeddable":true,"href":"https:\/\/livrariasolmar.pt\/en\/wp-json\/wp\/v2\/product_tag?post=11001"},{"taxonomy":"cat_produtos","embeddable":true,"href":"https:\/\/livrariasolmar.pt\/en\/wp-json\/wp\/v2\/cat_produtos?post=11001"}],"curies":[{"name":"wp","href":"https:\/\/api.w.org\/{rel}","templated":true}]}}