{"id":11004,"date":"2025-10-08T15:57:10","date_gmt":"2025-10-08T15:57:10","guid":{"rendered":"https:\/\/livrariasolmar.pt\/?post_type=product&#038;p=11004"},"modified":"2025-11-20T17:21:01","modified_gmt":"2025-11-20T17:21:01","slug":"contra-o-progresso","status":"publish","type":"product","link":"https:\/\/livrariasolmar.pt\/en\/produto\/contra-o-progresso\/","title":{"rendered":"Contra o Progresso"},"content":{"rendered":"","protected":false},"excerpt":{"rendered":"<p>Definir o conceito de &#8220;progresso&#8221; \u00e9 reivindicar o futuro.<\/p>\n<p>Pode o mundo, que parece nunca ter estado t\u00e3o mal, melhorar? E o que seria um mundo melhor? Como podemos abrir caminho e seguir em frente, contra profetas da desgra\u00e7a e relativismos incapacitantes, e enfrentar as crises ecol\u00f3gica, social e pol\u00edtica sem precedentes que vivemos hoje?<\/p>\n<p>Contra o progresso re\u00fane 13 ensaios provocantes onde Slavoj \u017di\u017eek desafia a narrativa sufocante que neoliberais, trumpistas, ind\u00fastrias t\u00f3xicas do desenvolvimento pessoal e aceleracionistas impuseram \u00e0 no\u00e7\u00e3o de progresso. Esmiu\u00e7ando aquilo que se perde quando permitimos que os principais antagonistas do futuro o definam por n\u00f3s, o fil\u00f3sofo esloveno exp\u00f5e o que as diferentes vis\u00f5es de progresso excluem ou sacrificam, bem como as din\u00e2micas do desejo, nega\u00e7\u00e3o e rejei\u00e7\u00e3o em jogo nos blockbusters de Hollywood, na economia budista, nos movimentos de descoloniza\u00e7\u00e3o&#8230;<\/p>\n<p>Da gentrifica\u00e7\u00e3o \u00e0 teoria da relatividade, passando por Lacan, Lenine e Mary Poppins, \u017di\u017eek questiona passado, presente e futuro para responder \u00e0 pergunta mais dif\u00edcil de todas: como nos libertamos deste sonho hip\u00f3crita e prenhe de culpa em que estamos embrulhados, e como come\u00e7amos a construir um mundo melhor?<\/p>\n","protected":false},"author":2,"featured_media":11005,"template":"","meta":[],"product_cat":[166],"product_tag":[],"cat_produtos":[1806],"yoast_head":"<!-- This site is optimized with the Yoast SEO plugin v16.6 - https:\/\/yoast.com\/wordpress\/plugins\/seo\/ -->\n<title>Contra o Progresso - Livraria Solmar - Livraria online<\/title>\n<meta name=\"robots\" content=\"index, follow, max-snippet:-1, max-image-preview:large, max-video-preview:-1\" \/>\n<link rel=\"canonical\" href=\"https:\/\/livrariasolmar.pt\/en\/produto\/contra-o-progresso\/\" \/>\n<meta property=\"og:locale\" content=\"en_US\" \/>\n<meta property=\"og:type\" content=\"article\" \/>\n<meta property=\"og:title\" content=\"Contra o Progresso - Livraria Solmar - Livraria online\" \/>\n<meta property=\"og:description\" content=\"Definir o conceito de &quot;progresso&quot; \u00e9 reivindicar o futuro.  Pode o mundo, que parece nunca ter estado t\u00e3o mal, melhorar? E o que seria um mundo melhor? Como podemos abrir caminho e seguir em frente, contra profetas da desgra\u00e7a e relativismos incapacitantes, e enfrentar as crises ecol\u00f3gica, social e pol\u00edtica sem precedentes que vivemos hoje?  Contra o progresso re\u00fane 13 ensaios provocantes onde Slavoj \u017di\u017eek desafia a narrativa sufocante que neoliberais, trumpistas, ind\u00fastrias t\u00f3xicas do desenvolvimento pessoal e aceleracionistas impuseram \u00e0 no\u00e7\u00e3o de progresso. Esmiu\u00e7ando aquilo que se perde quando permitimos que os principais antagonistas do futuro o definam por n\u00f3s, o fil\u00f3sofo esloveno exp\u00f5e o que as diferentes vis\u00f5es de progresso excluem ou sacrificam, bem como as din\u00e2micas do desejo, nega\u00e7\u00e3o e rejei\u00e7\u00e3o em jogo nos blockbusters de Hollywood, na economia budista, nos movimentos de descoloniza\u00e7\u00e3o...  Da gentrifica\u00e7\u00e3o \u00e0 teoria da relatividade, passando por Lacan, Lenine e Mary Poppins, \u017di\u017eek questiona passado, presente e futuro para responder \u00e0 pergunta mais dif\u00edcil de todas: como nos libertamos deste sonho hip\u00f3crita e prenhe de culpa em que estamos embrulhados, e como come\u00e7amos a construir um mundo melhor?\" \/>\n<meta property=\"og:url\" content=\"https:\/\/livrariasolmar.pt\/produto\/contra-o-progresso\/\" \/>\n<meta property=\"og:site_name\" content=\"Livraria Solmar - Livraria online\" \/>\n<meta property=\"article:modified_time\" content=\"2025-11-20T17:21:01+00:00\" \/>\n<meta property=\"og:image\" content=\"https:\/\/livrariasolmar.pt\/wp-content\/uploads\/2025\/10\/1540-1-17.jpg\" \/>\n\t<meta property=\"og:image:width\" content=\"340\" \/>\n\t<meta property=\"og:image:height\" content=\"340\" \/>\n<meta name=\"twitter:card\" content=\"summary_large_image\" \/>\n<script type=\"application\/ld+json\" class=\"yoast-schema-graph\">{\"@context\":\"https:\/\/schema.org\",\"@graph\":[{\"@type\":\"WebSite\",\"@id\":\"https:\/\/livrariasolmar.pt\/#website\",\"url\":\"https:\/\/livrariasolmar.pt\/\",\"name\":\"Livraria Solmar - Livraria online\",\"description\":\"Com\\u00e9rcio Livros E Objetos De Arte, Lda - Ponta Delgada, A\\u00e7ores\",\"potentialAction\":[{\"@type\":\"SearchAction\",\"target\":{\"@type\":\"EntryPoint\",\"urlTemplate\":\"https:\/\/livrariasolmar.pt\/?s={search_term_string}\"},\"query-input\":\"required name=search_term_string\"}],\"inLanguage\":\"en-US\"},{\"@type\":\"ImageObject\",\"@id\":\"https:\/\/livrariasolmar.pt\/produto\/contra-o-progresso\/#primaryimage\",\"inLanguage\":\"en-US\",\"url\":\"https:\/\/livrariasolmar.pt\/wp-content\/uploads\/2025\/10\/1540-1-17.jpg\",\"contentUrl\":\"https:\/\/livrariasolmar.pt\/wp-content\/uploads\/2025\/10\/1540-1-17.jpg\",\"width\":340,\"height\":340},{\"@type\":\"WebPage\",\"@id\":\"https:\/\/livrariasolmar.pt\/produto\/contra-o-progresso\/#webpage\",\"url\":\"https:\/\/livrariasolmar.pt\/produto\/contra-o-progresso\/\",\"name\":\"Contra o Progresso - Livraria Solmar - Livraria online\",\"isPartOf\":{\"@id\":\"https:\/\/livrariasolmar.pt\/#website\"},\"primaryImageOfPage\":{\"@id\":\"https:\/\/livrariasolmar.pt\/produto\/contra-o-progresso\/#primaryimage\"},\"datePublished\":\"2025-10-08T15:57:10+00:00\",\"dateModified\":\"2025-11-20T17:21:01+00:00\",\"breadcrumb\":{\"@id\":\"https:\/\/livrariasolmar.pt\/produto\/contra-o-progresso\/#breadcrumb\"},\"inLanguage\":\"en-US\",\"potentialAction\":[{\"@type\":\"ReadAction\",\"target\":[\"https:\/\/livrariasolmar.pt\/produto\/contra-o-progresso\/\"]}]},{\"@type\":\"BreadcrumbList\",\"@id\":\"https:\/\/livrariasolmar.pt\/produto\/contra-o-progresso\/#breadcrumb\",\"itemListElement\":[{\"@type\":\"ListItem\",\"position\":1,\"name\":\"In\\u00edcio\",\"item\":\"https:\/\/livrariasolmar.pt\/en\/\"},{\"@type\":\"ListItem\",\"position\":2,\"name\":\"Shop\",\"item\":\"https:\/\/livrariasolmar.pt\/en\/shop\/\"},{\"@type\":\"ListItem\",\"position\":3,\"name\":\"Contra o Progresso\"}]}]}<\/script>\n<!-- \/ Yoast SEO plugin. -->","_links":{"self":[{"href":"https:\/\/livrariasolmar.pt\/en\/wp-json\/wp\/v2\/product\/11004"}],"collection":[{"href":"https:\/\/livrariasolmar.pt\/en\/wp-json\/wp\/v2\/product"}],"about":[{"href":"https:\/\/livrariasolmar.pt\/en\/wp-json\/wp\/v2\/types\/product"}],"author":[{"embeddable":true,"href":"https:\/\/livrariasolmar.pt\/en\/wp-json\/wp\/v2\/users\/2"}],"wp:featuredmedia":[{"embeddable":true,"href":"https:\/\/livrariasolmar.pt\/en\/wp-json\/wp\/v2\/media\/11005"}],"wp:attachment":[{"href":"https:\/\/livrariasolmar.pt\/en\/wp-json\/wp\/v2\/media?parent=11004"}],"wp:term":[{"taxonomy":"product_cat","embeddable":true,"href":"https:\/\/livrariasolmar.pt\/en\/wp-json\/wp\/v2\/product_cat?post=11004"},{"taxonomy":"product_tag","embeddable":true,"href":"https:\/\/livrariasolmar.pt\/en\/wp-json\/wp\/v2\/product_tag?post=11004"},{"taxonomy":"cat_produtos","embeddable":true,"href":"https:\/\/livrariasolmar.pt\/en\/wp-json\/wp\/v2\/cat_produtos?post=11004"}],"curies":[{"name":"wp","href":"https:\/\/api.w.org\/{rel}","templated":true}]}}