{"id":11007,"date":"2025-10-08T16:13:47","date_gmt":"2025-10-08T16:13:47","guid":{"rendered":"https:\/\/livrariasolmar.pt\/?post_type=product&#038;p=11007"},"modified":"2025-12-13T18:07:13","modified_gmt":"2025-12-13T18:07:13","slug":"a-chuva-que-lanca-a-areia-do-saara","status":"publish","type":"product","link":"https:\/\/livrariasolmar.pt\/en\/produto\/a-chuva-que-lanca-a-areia-do-saara\/","title":{"rendered":"A Chuva que Lan\u00e7a a Areia do Saara"},"content":{"rendered":"","protected":false},"excerpt":{"rendered":"<p>Uma carro\u00e7a afasta-se, lesta, da costa. Na parte de tr\u00e1s, jaz Firmino, feito prisioneiro e condenado, sem saber, a trabalhos for\u00e7ados numa pedreira escondida no c\u00f4ncavo de um Portugal remoto. Os homens que a\u00ed trabalham a pedra, dela querendo extrair um anjo, fazem-no em nome de uma f\u00e9 sujeita aos caprichos de um p\u00e1roco \u00e1vido de milagres, um artista cego e um burl\u00e3o de meia-idade, abastado e caprichoso.<\/p>\n<p>H\u00e1 tamb\u00e9m nesta hist\u00f3ria uma mulher sem nariz, uma vi\u00fava com arroubos de paix\u00e3o, um cobarde violador, um lobo que nunca existiu, um c\u00e3o que abandonou o dono, uma queda-d&#8217;\u00e1gua desviada, um apicultor por quem todos se enamoram e duas g\u00e9meas siamesas unidas pela ilharga. E, tudo cobrindo de um tom ocre, as poeiras migrantes do Saara, que viajam milhares de quil\u00f3metros para turvarem as vistas sempre que algo inesperado est\u00e1 para acontecer.<\/p>\n","protected":false},"author":2,"featured_media":11008,"template":"","meta":[],"product_cat":[153],"product_tag":[],"cat_produtos":[1807],"yoast_head":"<!-- This site is optimized with the Yoast SEO plugin v16.6 - https:\/\/yoast.com\/wordpress\/plugins\/seo\/ -->\n<title>A Chuva que Lan\u00e7a a Areia do Saara - Livraria Solmar - Livraria online<\/title>\n<meta name=\"robots\" content=\"index, follow, max-snippet:-1, max-image-preview:large, max-video-preview:-1\" \/>\n<link rel=\"canonical\" href=\"https:\/\/livrariasolmar.pt\/en\/produto\/a-chuva-que-lanca-a-areia-do-saara\/\" \/>\n<meta property=\"og:locale\" content=\"en_US\" \/>\n<meta property=\"og:type\" content=\"article\" \/>\n<meta property=\"og:title\" content=\"A Chuva que Lan\u00e7a a Areia do Saara - Livraria Solmar - Livraria online\" \/>\n<meta property=\"og:description\" content=\"Uma carro\u00e7a afasta-se, lesta, da costa. Na parte de tr\u00e1s, jaz Firmino, feito prisioneiro e condenado, sem saber, a trabalhos for\u00e7ados numa pedreira escondida no c\u00f4ncavo de um Portugal remoto. Os homens que a\u00ed trabalham a pedra, dela querendo extrair um anjo, fazem-no em nome de uma f\u00e9 sujeita aos caprichos de um p\u00e1roco \u00e1vido de milagres, um artista cego e um burl\u00e3o de meia-idade, abastado e caprichoso.  H\u00e1 tamb\u00e9m nesta hist\u00f3ria uma mulher sem nariz, uma vi\u00fava com arroubos de paix\u00e3o, um cobarde violador, um lobo que nunca existiu, um c\u00e3o que abandonou o dono, uma queda-d&#039;\u00e1gua desviada, um apicultor por quem todos se enamoram e duas g\u00e9meas siamesas unidas pela ilharga. E, tudo cobrindo de um tom ocre, as poeiras migrantes do Saara, que viajam milhares de quil\u00f3metros para turvarem as vistas sempre que algo inesperado est\u00e1 para acontecer.\" \/>\n<meta property=\"og:url\" content=\"https:\/\/livrariasolmar.pt\/produto\/a-chuva-que-lanca-a-areia-do-saara\/\" \/>\n<meta property=\"og:site_name\" content=\"Livraria Solmar - Livraria online\" \/>\n<meta property=\"article:modified_time\" content=\"2025-12-13T18:07:13+00:00\" \/>\n<meta property=\"og:image\" content=\"https:\/\/livrariasolmar.pt\/wp-content\/uploads\/2025\/10\/1540-1-18.jpg\" \/>\n\t<meta property=\"og:image:width\" content=\"340\" \/>\n\t<meta property=\"og:image:height\" content=\"340\" \/>\n<meta name=\"twitter:card\" content=\"summary_large_image\" \/>\n<script type=\"application\/ld+json\" class=\"yoast-schema-graph\">{\"@context\":\"https:\/\/schema.org\",\"@graph\":[{\"@type\":\"WebSite\",\"@id\":\"https:\/\/livrariasolmar.pt\/#website\",\"url\":\"https:\/\/livrariasolmar.pt\/\",\"name\":\"Livraria Solmar - Livraria online\",\"description\":\"Com\\u00e9rcio Livros E Objetos De Arte, Lda - Ponta Delgada, A\\u00e7ores\",\"potentialAction\":[{\"@type\":\"SearchAction\",\"target\":{\"@type\":\"EntryPoint\",\"urlTemplate\":\"https:\/\/livrariasolmar.pt\/?s={search_term_string}\"},\"query-input\":\"required name=search_term_string\"}],\"inLanguage\":\"en-US\"},{\"@type\":\"ImageObject\",\"@id\":\"https:\/\/livrariasolmar.pt\/produto\/a-chuva-que-lanca-a-areia-do-saara\/#primaryimage\",\"inLanguage\":\"en-US\",\"url\":\"https:\/\/livrariasolmar.pt\/wp-content\/uploads\/2025\/10\/1540-1-18.jpg\",\"contentUrl\":\"https:\/\/livrariasolmar.pt\/wp-content\/uploads\/2025\/10\/1540-1-18.jpg\",\"width\":340,\"height\":340},{\"@type\":\"WebPage\",\"@id\":\"https:\/\/livrariasolmar.pt\/produto\/a-chuva-que-lanca-a-areia-do-saara\/#webpage\",\"url\":\"https:\/\/livrariasolmar.pt\/produto\/a-chuva-que-lanca-a-areia-do-saara\/\",\"name\":\"A Chuva que Lan\\u00e7a a Areia do Saara - Livraria Solmar - Livraria online\",\"isPartOf\":{\"@id\":\"https:\/\/livrariasolmar.pt\/#website\"},\"primaryImageOfPage\":{\"@id\":\"https:\/\/livrariasolmar.pt\/produto\/a-chuva-que-lanca-a-areia-do-saara\/#primaryimage\"},\"datePublished\":\"2025-10-08T16:13:47+00:00\",\"dateModified\":\"2025-12-13T18:07:13+00:00\",\"breadcrumb\":{\"@id\":\"https:\/\/livrariasolmar.pt\/produto\/a-chuva-que-lanca-a-areia-do-saara\/#breadcrumb\"},\"inLanguage\":\"en-US\",\"potentialAction\":[{\"@type\":\"ReadAction\",\"target\":[\"https:\/\/livrariasolmar.pt\/produto\/a-chuva-que-lanca-a-areia-do-saara\/\"]}]},{\"@type\":\"BreadcrumbList\",\"@id\":\"https:\/\/livrariasolmar.pt\/produto\/a-chuva-que-lanca-a-areia-do-saara\/#breadcrumb\",\"itemListElement\":[{\"@type\":\"ListItem\",\"position\":1,\"name\":\"In\\u00edcio\",\"item\":\"https:\/\/livrariasolmar.pt\/en\/\"},{\"@type\":\"ListItem\",\"position\":2,\"name\":\"Shop\",\"item\":\"https:\/\/livrariasolmar.pt\/en\/shop\/\"},{\"@type\":\"ListItem\",\"position\":3,\"name\":\"A Chuva que Lan\\u00e7a a Areia do Saara\"}]}]}<\/script>\n<!-- \/ Yoast SEO plugin. -->","_links":{"self":[{"href":"https:\/\/livrariasolmar.pt\/en\/wp-json\/wp\/v2\/product\/11007"}],"collection":[{"href":"https:\/\/livrariasolmar.pt\/en\/wp-json\/wp\/v2\/product"}],"about":[{"href":"https:\/\/livrariasolmar.pt\/en\/wp-json\/wp\/v2\/types\/product"}],"author":[{"embeddable":true,"href":"https:\/\/livrariasolmar.pt\/en\/wp-json\/wp\/v2\/users\/2"}],"wp:featuredmedia":[{"embeddable":true,"href":"https:\/\/livrariasolmar.pt\/en\/wp-json\/wp\/v2\/media\/11008"}],"wp:attachment":[{"href":"https:\/\/livrariasolmar.pt\/en\/wp-json\/wp\/v2\/media?parent=11007"}],"wp:term":[{"taxonomy":"product_cat","embeddable":true,"href":"https:\/\/livrariasolmar.pt\/en\/wp-json\/wp\/v2\/product_cat?post=11007"},{"taxonomy":"product_tag","embeddable":true,"href":"https:\/\/livrariasolmar.pt\/en\/wp-json\/wp\/v2\/product_tag?post=11007"},{"taxonomy":"cat_produtos","embeddable":true,"href":"https:\/\/livrariasolmar.pt\/en\/wp-json\/wp\/v2\/cat_produtos?post=11007"}],"curies":[{"name":"wp","href":"https:\/\/api.w.org\/{rel}","templated":true}]}}