{"id":11010,"date":"2025-10-09T15:06:13","date_gmt":"2025-10-09T15:06:13","guid":{"rendered":"https:\/\/livrariasolmar.pt\/?post_type=product&#038;p=11010"},"modified":"2025-11-14T17:56:39","modified_gmt":"2025-11-14T17:56:39","slug":"o-esquilo-e-o-passarinho","status":"publish","type":"product","link":"https:\/\/livrariasolmar.pt\/en\/produto\/o-esquilo-e-o-passarinho\/","title":{"rendered":"O Esquilo e o Passarinho"},"content":{"rendered":"","protected":false},"excerpt":{"rendered":"<p>O Esquilo e o Passarinho s\u00e3o os melhores amigos, mas muito diferentes um do outro. Um dia, decidem preparar um concerto para toda a floresta. E, para espanto de quem pensava que os conhecia bem, eles revelam outro lado de si at\u00e9 a\u00ed escondido. E n\u00e3o h\u00e1 mal nenhum nisso. Ningu\u00e9m \u00e9 sempre igual, nem reage sempre da mesma maneira ao que acontece \u00e0 sua volta.<\/p>\n<p>\u00c0s vezes at\u00e9 podemos parecer contradit\u00f3rios. E n\u00e3o \u00e9 por isso que deixamos de gostar uns dos outros.<\/p>\n<p>Um livro que celebra a riqueza e multiplicidade de caracter\u00edsticas que nos definem e lembra como os r\u00f3tulos podem ser errados e injustos.<\/p>\n<p>De forma leve, toca em quest\u00f5es importantes &#8211; identidade, liberdade de express\u00e3o, autoestima e o perigo dos r\u00f3tulos &#8211; sem moralismos.<\/p>\n","protected":false},"author":2,"featured_media":11011,"template":"","meta":[],"product_cat":[15],"product_tag":[],"cat_produtos":[],"yoast_head":"<!-- This site is optimized with the Yoast SEO plugin v16.6 - https:\/\/yoast.com\/wordpress\/plugins\/seo\/ -->\n<title>O Esquilo e o Passarinho - Livraria Solmar - Livraria online<\/title>\n<meta name=\"robots\" content=\"index, follow, max-snippet:-1, max-image-preview:large, max-video-preview:-1\" \/>\n<link rel=\"canonical\" href=\"https:\/\/livrariasolmar.pt\/en\/produto\/o-esquilo-e-o-passarinho\/\" \/>\n<meta property=\"og:locale\" content=\"en_US\" \/>\n<meta property=\"og:type\" content=\"article\" \/>\n<meta property=\"og:title\" content=\"O Esquilo e o Passarinho - Livraria Solmar - Livraria online\" \/>\n<meta property=\"og:description\" content=\"O Esquilo e o Passarinho s\u00e3o os melhores amigos, mas muito diferentes um do outro. Um dia, decidem preparar um concerto para toda a floresta. E, para espanto de quem pensava que os conhecia bem, eles revelam outro lado de si at\u00e9 a\u00ed escondido. E n\u00e3o h\u00e1 mal nenhum nisso. Ningu\u00e9m \u00e9 sempre igual, nem reage sempre da mesma maneira ao que acontece \u00e0 sua volta.  \u00c0s vezes at\u00e9 podemos parecer contradit\u00f3rios. E n\u00e3o \u00e9 por isso que deixamos de gostar uns dos outros.  Um livro que celebra a riqueza e multiplicidade de caracter\u00edsticas que nos definem e lembra como os r\u00f3tulos podem ser errados e injustos.  De forma leve, toca em quest\u00f5es importantes - identidade, liberdade de express\u00e3o, autoestima e o perigo dos r\u00f3tulos - sem moralismos.\" \/>\n<meta property=\"og:url\" content=\"https:\/\/livrariasolmar.pt\/produto\/o-esquilo-e-o-passarinho\/\" \/>\n<meta property=\"og:site_name\" content=\"Livraria Solmar - Livraria online\" \/>\n<meta property=\"article:modified_time\" content=\"2025-11-14T17:56:39+00:00\" \/>\n<meta property=\"og:image\" content=\"https:\/\/livrariasolmar.pt\/wp-content\/uploads\/2025\/10\/1540-1-19.jpg\" \/>\n\t<meta property=\"og:image:width\" content=\"340\" \/>\n\t<meta property=\"og:image:height\" content=\"340\" \/>\n<meta name=\"twitter:card\" content=\"summary_large_image\" \/>\n<script type=\"application\/ld+json\" class=\"yoast-schema-graph\">{\"@context\":\"https:\/\/schema.org\",\"@graph\":[{\"@type\":\"WebSite\",\"@id\":\"https:\/\/livrariasolmar.pt\/#website\",\"url\":\"https:\/\/livrariasolmar.pt\/\",\"name\":\"Livraria Solmar - Livraria online\",\"description\":\"Com\\u00e9rcio Livros E Objetos De Arte, Lda - Ponta Delgada, A\\u00e7ores\",\"potentialAction\":[{\"@type\":\"SearchAction\",\"target\":{\"@type\":\"EntryPoint\",\"urlTemplate\":\"https:\/\/livrariasolmar.pt\/?s={search_term_string}\"},\"query-input\":\"required name=search_term_string\"}],\"inLanguage\":\"en-US\"},{\"@type\":\"ImageObject\",\"@id\":\"https:\/\/livrariasolmar.pt\/produto\/o-esquilo-e-o-passarinho\/#primaryimage\",\"inLanguage\":\"en-US\",\"url\":\"https:\/\/livrariasolmar.pt\/wp-content\/uploads\/2025\/10\/1540-1-19.jpg\",\"contentUrl\":\"https:\/\/livrariasolmar.pt\/wp-content\/uploads\/2025\/10\/1540-1-19.jpg\",\"width\":340,\"height\":340},{\"@type\":\"WebPage\",\"@id\":\"https:\/\/livrariasolmar.pt\/produto\/o-esquilo-e-o-passarinho\/#webpage\",\"url\":\"https:\/\/livrariasolmar.pt\/produto\/o-esquilo-e-o-passarinho\/\",\"name\":\"O Esquilo e o Passarinho - Livraria Solmar - Livraria online\",\"isPartOf\":{\"@id\":\"https:\/\/livrariasolmar.pt\/#website\"},\"primaryImageOfPage\":{\"@id\":\"https:\/\/livrariasolmar.pt\/produto\/o-esquilo-e-o-passarinho\/#primaryimage\"},\"datePublished\":\"2025-10-09T15:06:13+00:00\",\"dateModified\":\"2025-11-14T17:56:39+00:00\",\"breadcrumb\":{\"@id\":\"https:\/\/livrariasolmar.pt\/produto\/o-esquilo-e-o-passarinho\/#breadcrumb\"},\"inLanguage\":\"en-US\",\"potentialAction\":[{\"@type\":\"ReadAction\",\"target\":[\"https:\/\/livrariasolmar.pt\/produto\/o-esquilo-e-o-passarinho\/\"]}]},{\"@type\":\"BreadcrumbList\",\"@id\":\"https:\/\/livrariasolmar.pt\/produto\/o-esquilo-e-o-passarinho\/#breadcrumb\",\"itemListElement\":[{\"@type\":\"ListItem\",\"position\":1,\"name\":\"In\\u00edcio\",\"item\":\"https:\/\/livrariasolmar.pt\/en\/\"},{\"@type\":\"ListItem\",\"position\":2,\"name\":\"Shop\",\"item\":\"https:\/\/livrariasolmar.pt\/en\/shop\/\"},{\"@type\":\"ListItem\",\"position\":3,\"name\":\"O Esquilo e o Passarinho\"}]}]}<\/script>\n<!-- \/ Yoast SEO plugin. -->","_links":{"self":[{"href":"https:\/\/livrariasolmar.pt\/en\/wp-json\/wp\/v2\/product\/11010"}],"collection":[{"href":"https:\/\/livrariasolmar.pt\/en\/wp-json\/wp\/v2\/product"}],"about":[{"href":"https:\/\/livrariasolmar.pt\/en\/wp-json\/wp\/v2\/types\/product"}],"author":[{"embeddable":true,"href":"https:\/\/livrariasolmar.pt\/en\/wp-json\/wp\/v2\/users\/2"}],"wp:featuredmedia":[{"embeddable":true,"href":"https:\/\/livrariasolmar.pt\/en\/wp-json\/wp\/v2\/media\/11011"}],"wp:attachment":[{"href":"https:\/\/livrariasolmar.pt\/en\/wp-json\/wp\/v2\/media?parent=11010"}],"wp:term":[{"taxonomy":"product_cat","embeddable":true,"href":"https:\/\/livrariasolmar.pt\/en\/wp-json\/wp\/v2\/product_cat?post=11010"},{"taxonomy":"product_tag","embeddable":true,"href":"https:\/\/livrariasolmar.pt\/en\/wp-json\/wp\/v2\/product_tag?post=11010"},{"taxonomy":"cat_produtos","embeddable":true,"href":"https:\/\/livrariasolmar.pt\/en\/wp-json\/wp\/v2\/cat_produtos?post=11010"}],"curies":[{"name":"wp","href":"https:\/\/api.w.org\/{rel}","templated":true}]}}