{"id":11030,"date":"2025-10-25T19:08:42","date_gmt":"2025-10-25T19:08:42","guid":{"rendered":"https:\/\/livrariasolmar.pt\/?post_type=product&#038;p=11030"},"modified":"2026-01-25T16:21:55","modified_gmt":"2026-01-25T16:21:55","slug":"cicatrizes","status":"publish","type":"product","link":"https:\/\/livrariasolmar.pt\/en\/produto\/cicatrizes\/","title":{"rendered":"Cicatrizes"},"content":{"rendered":"","protected":false},"excerpt":{"rendered":"<p>Metade de um s\u00e9culo passou sobre a independ\u00eancia da sua terra ancestral, altura em que o seu pai j\u00e1 emigrara da ilha cabo-verdiana de Santiago para Portugal. Meia centena \u00e9 tamb\u00e9m o n\u00famero de textos que comp\u00f5em a estreia liter\u00e1ria de Dino D\u2019Santiago.<\/p>\n<p>Esta estreia n\u00e3o resulta de uma produ\u00e7\u00e3o linear, nem nasceu da inten\u00e7\u00e3o de se tornar livro, mas germinou de forma org\u00e2nica, num processo de escrita e de autoconhecimento que se foi alimentando mutuamente. Escrever foi pedir licen\u00e7a \u00e0 ancestralidade, voltar \u00e0s mem\u00f3rias do passado, olhar para o presente e esperan\u00e7ar o futuro.<\/p>\n<p>Ao ser desafiado a publicar o que escreveu, o autor acreditou que a partilha da sua experi\u00eancia, das suas reflex\u00f5es sobre o quotidiano, do seu sentir, e tamb\u00e9m dos seus conflitos e vulnerabilidades, revela aquilo que ele em nenhum momento deixa de ser: o homem comum que, apesar da carreira art\u00edstica, n\u00e3o abre m\u00e3o dos pap\u00e9is de pai, filho, irm\u00e3o e marido.<\/p>\n<p>Se a pena \u00e9 a l\u00edngua da alma,\u00a0<i>Cicatrizes<\/i>\u00a0exprime sem precedentes a natureza \u00edntima do seu criador.<\/p>\n","protected":false},"author":2,"featured_media":11143,"template":"","meta":[],"product_cat":[153],"product_tag":[],"cat_produtos":[1813],"yoast_head":"<!-- This site is optimized with the Yoast SEO plugin v16.6 - https:\/\/yoast.com\/wordpress\/plugins\/seo\/ -->\n<title>Cicatrizes - Livraria Solmar - Livraria online<\/title>\n<meta name=\"robots\" content=\"index, follow, max-snippet:-1, max-image-preview:large, max-video-preview:-1\" \/>\n<link rel=\"canonical\" href=\"https:\/\/livrariasolmar.pt\/en\/produto\/cicatrizes\/\" \/>\n<meta property=\"og:locale\" content=\"en_US\" \/>\n<meta property=\"og:type\" content=\"article\" \/>\n<meta property=\"og:title\" content=\"Cicatrizes - Livraria Solmar - Livraria online\" \/>\n<meta property=\"og:description\" content=\"Metade de um s\u00e9culo passou sobre a independ\u00eancia da sua terra ancestral, altura em que o seu pai j\u00e1 emigrara da ilha cabo-verdiana de Santiago para Portugal. Meia centena \u00e9 tamb\u00e9m o n\u00famero de textos que comp\u00f5em a estreia liter\u00e1ria de Dino D\u2019Santiago.  Esta estreia n\u00e3o resulta de uma produ\u00e7\u00e3o linear, nem nasceu da inten\u00e7\u00e3o de se tornar livro, mas germinou de forma org\u00e2nica, num processo de escrita e de autoconhecimento que se foi alimentando mutuamente. Escrever foi pedir licen\u00e7a \u00e0 ancestralidade, voltar \u00e0s mem\u00f3rias do passado, olhar para o presente e esperan\u00e7ar o futuro.  Ao ser desafiado a publicar o que escreveu, o autor acreditou que a partilha da sua experi\u00eancia, das suas reflex\u00f5es sobre o quotidiano, do seu sentir, e tamb\u00e9m dos seus conflitos e vulnerabilidades, revela aquilo que ele em nenhum momento deixa de ser: o homem comum que, apesar da carreira art\u00edstica, n\u00e3o abre m\u00e3o dos pap\u00e9is de pai, filho, irm\u00e3o e marido.  Se a pena \u00e9 a l\u00edngua da alma,\u00a0Cicatrizes\u00a0exprime sem precedentes a natureza \u00edntima do seu criador.\" \/>\n<meta property=\"og:url\" content=\"https:\/\/livrariasolmar.pt\/produto\/cicatrizes\/\" \/>\n<meta property=\"og:site_name\" content=\"Livraria Solmar - Livraria online\" \/>\n<meta property=\"article:modified_time\" content=\"2026-01-25T16:21:55+00:00\" \/>\n<meta property=\"og:image\" content=\"https:\/\/livrariasolmar.pt\/wp-content\/uploads\/2025\/10\/1507-1-16.jpg\" \/>\n\t<meta property=\"og:image:width\" content=\"400\" \/>\n\t<meta property=\"og:image:height\" content=\"500\" \/>\n<meta name=\"twitter:card\" content=\"summary_large_image\" \/>\n<script type=\"application\/ld+json\" class=\"yoast-schema-graph\">{\"@context\":\"https:\/\/schema.org\",\"@graph\":[{\"@type\":\"WebSite\",\"@id\":\"https:\/\/livrariasolmar.pt\/#website\",\"url\":\"https:\/\/livrariasolmar.pt\/\",\"name\":\"Livraria Solmar - Livraria online\",\"description\":\"Com\\u00e9rcio Livros E Objetos De Arte, Lda - Ponta Delgada, A\\u00e7ores\",\"potentialAction\":[{\"@type\":\"SearchAction\",\"target\":{\"@type\":\"EntryPoint\",\"urlTemplate\":\"https:\/\/livrariasolmar.pt\/?s={search_term_string}\"},\"query-input\":\"required name=search_term_string\"}],\"inLanguage\":\"en-US\"},{\"@type\":\"ImageObject\",\"@id\":\"https:\/\/livrariasolmar.pt\/produto\/cicatrizes\/#primaryimage\",\"inLanguage\":\"en-US\",\"url\":\"https:\/\/livrariasolmar.pt\/wp-content\/uploads\/2025\/10\/1507-1-16.jpg\",\"contentUrl\":\"https:\/\/livrariasolmar.pt\/wp-content\/uploads\/2025\/10\/1507-1-16.jpg\",\"width\":400,\"height\":500},{\"@type\":\"WebPage\",\"@id\":\"https:\/\/livrariasolmar.pt\/produto\/cicatrizes\/#webpage\",\"url\":\"https:\/\/livrariasolmar.pt\/produto\/cicatrizes\/\",\"name\":\"Cicatrizes - Livraria Solmar - Livraria online\",\"isPartOf\":{\"@id\":\"https:\/\/livrariasolmar.pt\/#website\"},\"primaryImageOfPage\":{\"@id\":\"https:\/\/livrariasolmar.pt\/produto\/cicatrizes\/#primaryimage\"},\"datePublished\":\"2025-10-25T19:08:42+00:00\",\"dateModified\":\"2026-01-25T16:21:55+00:00\",\"breadcrumb\":{\"@id\":\"https:\/\/livrariasolmar.pt\/produto\/cicatrizes\/#breadcrumb\"},\"inLanguage\":\"en-US\",\"potentialAction\":[{\"@type\":\"ReadAction\",\"target\":[\"https:\/\/livrariasolmar.pt\/produto\/cicatrizes\/\"]}]},{\"@type\":\"BreadcrumbList\",\"@id\":\"https:\/\/livrariasolmar.pt\/produto\/cicatrizes\/#breadcrumb\",\"itemListElement\":[{\"@type\":\"ListItem\",\"position\":1,\"name\":\"In\\u00edcio\",\"item\":\"https:\/\/livrariasolmar.pt\/en\/\"},{\"@type\":\"ListItem\",\"position\":2,\"name\":\"Shop\",\"item\":\"https:\/\/livrariasolmar.pt\/en\/shop\/\"},{\"@type\":\"ListItem\",\"position\":3,\"name\":\"Cicatrizes\"}]}]}<\/script>\n<!-- \/ Yoast SEO plugin. -->","_links":{"self":[{"href":"https:\/\/livrariasolmar.pt\/en\/wp-json\/wp\/v2\/product\/11030"}],"collection":[{"href":"https:\/\/livrariasolmar.pt\/en\/wp-json\/wp\/v2\/product"}],"about":[{"href":"https:\/\/livrariasolmar.pt\/en\/wp-json\/wp\/v2\/types\/product"}],"author":[{"embeddable":true,"href":"https:\/\/livrariasolmar.pt\/en\/wp-json\/wp\/v2\/users\/2"}],"wp:featuredmedia":[{"embeddable":true,"href":"https:\/\/livrariasolmar.pt\/en\/wp-json\/wp\/v2\/media\/11143"}],"wp:attachment":[{"href":"https:\/\/livrariasolmar.pt\/en\/wp-json\/wp\/v2\/media?parent=11030"}],"wp:term":[{"taxonomy":"product_cat","embeddable":true,"href":"https:\/\/livrariasolmar.pt\/en\/wp-json\/wp\/v2\/product_cat?post=11030"},{"taxonomy":"product_tag","embeddable":true,"href":"https:\/\/livrariasolmar.pt\/en\/wp-json\/wp\/v2\/product_tag?post=11030"},{"taxonomy":"cat_produtos","embeddable":true,"href":"https:\/\/livrariasolmar.pt\/en\/wp-json\/wp\/v2\/cat_produtos?post=11030"}],"curies":[{"name":"wp","href":"https:\/\/api.w.org\/{rel}","templated":true}]}}