{"id":11046,"date":"2025-11-01T13:24:04","date_gmt":"2025-11-01T13:24:04","guid":{"rendered":"https:\/\/livrariasolmar.pt\/?post_type=product&#038;p=11046"},"modified":"2025-12-13T18:07:47","modified_gmt":"2025-12-13T18:07:47","slug":"polo-norte-historia-de-uma-obsessao","status":"publish","type":"product","link":"https:\/\/livrariasolmar.pt\/en\/produto\/polo-norte-historia-de-uma-obsessao\/","title":{"rendered":"Polo Norte: Hist\u00f3ria de uma Obsess\u00e3o"},"content":{"rendered":"","protected":false},"excerpt":{"rendered":"<p>Tudo o que foi dito e escrito sobre o Polo Norte n\u00e3o foi baseado na realidade, mas em ilus\u00f5es. H\u00e1 mais de 2000 anos, autores do Egipto, da \u00cdndia, do Ir\u00e3o, da China, das margens do Mar Egeu e de outras paragens tentaram imaginar o clima, as popula\u00e7\u00f5es, as cores, a vegeta\u00e7\u00e3o e a topografia do topo do Mundo. Todos imaginaram como seria, mas, at\u00e9 h\u00e1 100 anos, quase todos estavam errados. Incont\u00e1veis foram os viajantes que pereceram de hipotermia, fome, escorbuto, tentando alcan\u00e7\u00e1-lo. Nesse limite setentrional, h\u00e1 um \u00fanico nascer do sol por ano, e o dia dura seis meses; depois, o sol p\u00f5e-se, e a noite dura outros seis. Erling Kagge sabe o que custa, pois caminhou at\u00e9 l\u00e1: fez a sua primeira expedi\u00e7\u00e3o ao \u00c1rtico em 1990, com B\u00f8rge Ousland; e a mais recente em 2023 &#8211; e oferece-nos esta medita\u00e7\u00e3o sobre a natureza no lugar mais in\u00f3spito do planeta.<\/p>\n<p>Atual\u00edssimo e indispens\u00e1vel, o livro de Erling Kagge n\u00e3o \u00e9 apenas uma visita\u00e7\u00e3o \u00e0 passagem, ao seu passado e ao seu sil\u00eancio &#8211; nunca como hoje o \u00c1rtico, a Gronel\u00e2ndia e o Polo estiveram nas primeiras p\u00e1ginas dos jornais e nos grandes debates de geopol\u00edtica. L\u00ea-lo \u00e9 uma forma de estarmos atentos.<\/p>\n","protected":false},"author":2,"featured_media":11047,"template":"","meta":[],"product_cat":[153],"product_tag":[],"cat_produtos":[],"yoast_head":"<!-- This site is optimized with the Yoast SEO plugin v16.6 - https:\/\/yoast.com\/wordpress\/plugins\/seo\/ -->\n<title>Polo Norte: Hist\u00f3ria de uma Obsess\u00e3o - Livraria Solmar - Livraria online<\/title>\n<meta name=\"robots\" content=\"index, follow, max-snippet:-1, max-image-preview:large, max-video-preview:-1\" \/>\n<link rel=\"canonical\" href=\"https:\/\/livrariasolmar.pt\/en\/produto\/polo-norte-historia-de-uma-obsessao\/\" \/>\n<meta property=\"og:locale\" content=\"en_US\" \/>\n<meta property=\"og:type\" content=\"article\" \/>\n<meta property=\"og:title\" content=\"Polo Norte: Hist\u00f3ria de uma Obsess\u00e3o - Livraria Solmar - Livraria online\" \/>\n<meta property=\"og:description\" content=\"Tudo o que foi dito e escrito sobre o Polo Norte n\u00e3o foi baseado na realidade, mas em ilus\u00f5es. H\u00e1 mais de 2000 anos, autores do Egipto, da \u00cdndia, do Ir\u00e3o, da China, das margens do Mar Egeu e de outras paragens tentaram imaginar o clima, as popula\u00e7\u00f5es, as cores, a vegeta\u00e7\u00e3o e a topografia do topo do Mundo. Todos imaginaram como seria, mas, at\u00e9 h\u00e1 100 anos, quase todos estavam errados. Incont\u00e1veis foram os viajantes que pereceram de hipotermia, fome, escorbuto, tentando alcan\u00e7\u00e1-lo. Nesse limite setentrional, h\u00e1 um \u00fanico nascer do sol por ano, e o dia dura seis meses; depois, o sol p\u00f5e-se, e a noite dura outros seis. Erling Kagge sabe o que custa, pois caminhou at\u00e9 l\u00e1: fez a sua primeira expedi\u00e7\u00e3o ao \u00c1rtico em 1990, com B\u00f8rge Ousland; e a mais recente em 2023 - e oferece-nos esta medita\u00e7\u00e3o sobre a natureza no lugar mais in\u00f3spito do planeta.  Atual\u00edssimo e indispens\u00e1vel, o livro de Erling Kagge n\u00e3o \u00e9 apenas uma visita\u00e7\u00e3o \u00e0 passagem, ao seu passado e ao seu sil\u00eancio - nunca como hoje o \u00c1rtico, a Gronel\u00e2ndia e o Polo estiveram nas primeiras p\u00e1ginas dos jornais e nos grandes debates de geopol\u00edtica. L\u00ea-lo \u00e9 uma forma de estarmos atentos.\" \/>\n<meta property=\"og:url\" content=\"https:\/\/livrariasolmar.pt\/produto\/polo-norte-historia-de-uma-obsessao\/\" \/>\n<meta property=\"og:site_name\" content=\"Livraria Solmar - Livraria online\" \/>\n<meta property=\"article:modified_time\" content=\"2025-12-13T18:07:47+00:00\" \/>\n<meta property=\"og:image\" content=\"https:\/\/livrariasolmar.pt\/wp-content\/uploads\/2025\/11\/1507-1-10.jpg\" \/>\n\t<meta property=\"og:image:width\" content=\"400\" \/>\n\t<meta property=\"og:image:height\" content=\"626\" \/>\n<meta name=\"twitter:card\" content=\"summary_large_image\" \/>\n<script type=\"application\/ld+json\" class=\"yoast-schema-graph\">{\"@context\":\"https:\/\/schema.org\",\"@graph\":[{\"@type\":\"WebSite\",\"@id\":\"https:\/\/livrariasolmar.pt\/#website\",\"url\":\"https:\/\/livrariasolmar.pt\/\",\"name\":\"Livraria Solmar - Livraria online\",\"description\":\"Com\\u00e9rcio Livros E Objetos De Arte, Lda - Ponta Delgada, A\\u00e7ores\",\"potentialAction\":[{\"@type\":\"SearchAction\",\"target\":{\"@type\":\"EntryPoint\",\"urlTemplate\":\"https:\/\/livrariasolmar.pt\/?s={search_term_string}\"},\"query-input\":\"required name=search_term_string\"}],\"inLanguage\":\"en-US\"},{\"@type\":\"ImageObject\",\"@id\":\"https:\/\/livrariasolmar.pt\/produto\/polo-norte-historia-de-uma-obsessao\/#primaryimage\",\"inLanguage\":\"en-US\",\"url\":\"https:\/\/livrariasolmar.pt\/wp-content\/uploads\/2025\/11\/1507-1-10.jpg\",\"contentUrl\":\"https:\/\/livrariasolmar.pt\/wp-content\/uploads\/2025\/11\/1507-1-10.jpg\",\"width\":400,\"height\":626},{\"@type\":\"WebPage\",\"@id\":\"https:\/\/livrariasolmar.pt\/produto\/polo-norte-historia-de-uma-obsessao\/#webpage\",\"url\":\"https:\/\/livrariasolmar.pt\/produto\/polo-norte-historia-de-uma-obsessao\/\",\"name\":\"Polo Norte: Hist\\u00f3ria de uma Obsess\\u00e3o - Livraria Solmar - Livraria online\",\"isPartOf\":{\"@id\":\"https:\/\/livrariasolmar.pt\/#website\"},\"primaryImageOfPage\":{\"@id\":\"https:\/\/livrariasolmar.pt\/produto\/polo-norte-historia-de-uma-obsessao\/#primaryimage\"},\"datePublished\":\"2025-11-01T13:24:04+00:00\",\"dateModified\":\"2025-12-13T18:07:47+00:00\",\"breadcrumb\":{\"@id\":\"https:\/\/livrariasolmar.pt\/produto\/polo-norte-historia-de-uma-obsessao\/#breadcrumb\"},\"inLanguage\":\"en-US\",\"potentialAction\":[{\"@type\":\"ReadAction\",\"target\":[\"https:\/\/livrariasolmar.pt\/produto\/polo-norte-historia-de-uma-obsessao\/\"]}]},{\"@type\":\"BreadcrumbList\",\"@id\":\"https:\/\/livrariasolmar.pt\/produto\/polo-norte-historia-de-uma-obsessao\/#breadcrumb\",\"itemListElement\":[{\"@type\":\"ListItem\",\"position\":1,\"name\":\"In\\u00edcio\",\"item\":\"https:\/\/livrariasolmar.pt\/en\/\"},{\"@type\":\"ListItem\",\"position\":2,\"name\":\"Shop\",\"item\":\"https:\/\/livrariasolmar.pt\/en\/shop\/\"},{\"@type\":\"ListItem\",\"position\":3,\"name\":\"Polo Norte: Hist\\u00f3ria de uma Obsess\\u00e3o\"}]}]}<\/script>\n<!-- \/ Yoast SEO plugin. -->","_links":{"self":[{"href":"https:\/\/livrariasolmar.pt\/en\/wp-json\/wp\/v2\/product\/11046"}],"collection":[{"href":"https:\/\/livrariasolmar.pt\/en\/wp-json\/wp\/v2\/product"}],"about":[{"href":"https:\/\/livrariasolmar.pt\/en\/wp-json\/wp\/v2\/types\/product"}],"author":[{"embeddable":true,"href":"https:\/\/livrariasolmar.pt\/en\/wp-json\/wp\/v2\/users\/2"}],"wp:featuredmedia":[{"embeddable":true,"href":"https:\/\/livrariasolmar.pt\/en\/wp-json\/wp\/v2\/media\/11047"}],"wp:attachment":[{"href":"https:\/\/livrariasolmar.pt\/en\/wp-json\/wp\/v2\/media?parent=11046"}],"wp:term":[{"taxonomy":"product_cat","embeddable":true,"href":"https:\/\/livrariasolmar.pt\/en\/wp-json\/wp\/v2\/product_cat?post=11046"},{"taxonomy":"product_tag","embeddable":true,"href":"https:\/\/livrariasolmar.pt\/en\/wp-json\/wp\/v2\/product_tag?post=11046"},{"taxonomy":"cat_produtos","embeddable":true,"href":"https:\/\/livrariasolmar.pt\/en\/wp-json\/wp\/v2\/cat_produtos?post=11046"}],"curies":[{"name":"wp","href":"https:\/\/api.w.org\/{rel}","templated":true}]}}