{"id":11055,"date":"2025-11-01T14:27:29","date_gmt":"2025-11-01T14:27:29","guid":{"rendered":"https:\/\/livrariasolmar.pt\/?post_type=product&#038;p=11055"},"modified":"2025-11-11T18:49:26","modified_gmt":"2025-11-11T18:49:26","slug":"sem-olhar-para-tras-slammed-livro-2","status":"publish","type":"product","link":"https:\/\/livrariasolmar.pt\/en\/produto\/sem-olhar-para-tras-slammed-livro-2\/","title":{"rendered":"Sem Olhar para Tr\u00e1s: Slammed &#8211; Livro 2"},"content":{"rendered":"","protected":false},"excerpt":{"rendered":"<p>Depois de terem conseguido ultrapassar os obst\u00e1culos que amea\u00e7avam destruir a sua hist\u00f3ria de amor, Layken e Will demonstram que foram feitos um para o outro. No entanto, est\u00e3o prestes a perceber que aquilo que os uniu poder\u00e1 vir a separ\u00e1-los.<\/p>\n<p>Layken ir\u00e1 p\u00f4r em causa a rela\u00e7\u00e3o, enquanto Will ter\u00e1 de fazer de tudo para lhe provar que aquilo que sente \u00e9 verdadeiro. O que descobrem acerca de si pr\u00f3prios durante esta jornada poder\u00e1 mudar todo o seu mundo e as vidas daqueles que mais dependem deles.<\/p>\n<p>Estar\u00e3o Layken e Will dispostos a lutar por um futuro juntos sem olharem para tr\u00e1s?<\/p>\n<p>&nbsp;<\/p>\n","protected":false},"author":2,"featured_media":11056,"template":"","meta":[],"product_cat":[477],"product_tag":[],"cat_produtos":[],"yoast_head":"<!-- This site is optimized with the Yoast SEO plugin v16.6 - https:\/\/yoast.com\/wordpress\/plugins\/seo\/ -->\n<title>Sem Olhar para Tr\u00e1s: Slammed - Livro 2 - Livraria Solmar - Livraria online<\/title>\n<meta name=\"robots\" content=\"index, follow, max-snippet:-1, max-image-preview:large, max-video-preview:-1\" \/>\n<link rel=\"canonical\" href=\"https:\/\/livrariasolmar.pt\/en\/produto\/sem-olhar-para-tras-slammed-livro-2\/\" \/>\n<meta property=\"og:locale\" content=\"en_US\" \/>\n<meta property=\"og:type\" content=\"article\" \/>\n<meta property=\"og:title\" content=\"Sem Olhar para Tr\u00e1s: Slammed - Livro 2 - Livraria Solmar - Livraria online\" \/>\n<meta property=\"og:description\" content=\"Depois de terem conseguido ultrapassar os obst\u00e1culos que amea\u00e7avam destruir a sua hist\u00f3ria de amor, Layken e Will demonstram que foram feitos um para o outro. No entanto, est\u00e3o prestes a perceber que aquilo que os uniu poder\u00e1 vir a separ\u00e1-los.  Layken ir\u00e1 p\u00f4r em causa a rela\u00e7\u00e3o, enquanto Will ter\u00e1 de fazer de tudo para lhe provar que aquilo que sente \u00e9 verdadeiro. O que descobrem acerca de si pr\u00f3prios durante esta jornada poder\u00e1 mudar todo o seu mundo e as vidas daqueles que mais dependem deles.  Estar\u00e3o Layken e Will dispostos a lutar por um futuro juntos sem olharem para tr\u00e1s?  &nbsp;\" \/>\n<meta property=\"og:url\" content=\"https:\/\/livrariasolmar.pt\/produto\/sem-olhar-para-tras-slammed-livro-2\/\" \/>\n<meta property=\"og:site_name\" content=\"Livraria Solmar - Livraria online\" \/>\n<meta property=\"article:modified_time\" content=\"2025-11-11T18:49:26+00:00\" \/>\n<meta property=\"og:image\" content=\"https:\/\/livrariasolmar.pt\/wp-content\/uploads\/2025\/11\/1540-1-24.jpg\" \/>\n\t<meta property=\"og:image:width\" content=\"340\" \/>\n\t<meta property=\"og:image:height\" content=\"340\" \/>\n<meta name=\"twitter:card\" content=\"summary_large_image\" \/>\n<script type=\"application\/ld+json\" class=\"yoast-schema-graph\">{\"@context\":\"https:\/\/schema.org\",\"@graph\":[{\"@type\":\"WebSite\",\"@id\":\"https:\/\/livrariasolmar.pt\/#website\",\"url\":\"https:\/\/livrariasolmar.pt\/\",\"name\":\"Livraria Solmar - Livraria online\",\"description\":\"Com\\u00e9rcio Livros E Objetos De Arte, Lda - Ponta Delgada, A\\u00e7ores\",\"potentialAction\":[{\"@type\":\"SearchAction\",\"target\":{\"@type\":\"EntryPoint\",\"urlTemplate\":\"https:\/\/livrariasolmar.pt\/?s={search_term_string}\"},\"query-input\":\"required name=search_term_string\"}],\"inLanguage\":\"en-US\"},{\"@type\":\"ImageObject\",\"@id\":\"https:\/\/livrariasolmar.pt\/produto\/sem-olhar-para-tras-slammed-livro-2\/#primaryimage\",\"inLanguage\":\"en-US\",\"url\":\"https:\/\/livrariasolmar.pt\/wp-content\/uploads\/2025\/11\/1540-1-24.jpg\",\"contentUrl\":\"https:\/\/livrariasolmar.pt\/wp-content\/uploads\/2025\/11\/1540-1-24.jpg\",\"width\":340,\"height\":340},{\"@type\":\"WebPage\",\"@id\":\"https:\/\/livrariasolmar.pt\/produto\/sem-olhar-para-tras-slammed-livro-2\/#webpage\",\"url\":\"https:\/\/livrariasolmar.pt\/produto\/sem-olhar-para-tras-slammed-livro-2\/\",\"name\":\"Sem Olhar para Tr\\u00e1s: Slammed - Livro 2 - Livraria Solmar - Livraria online\",\"isPartOf\":{\"@id\":\"https:\/\/livrariasolmar.pt\/#website\"},\"primaryImageOfPage\":{\"@id\":\"https:\/\/livrariasolmar.pt\/produto\/sem-olhar-para-tras-slammed-livro-2\/#primaryimage\"},\"datePublished\":\"2025-11-01T14:27:29+00:00\",\"dateModified\":\"2025-11-11T18:49:26+00:00\",\"breadcrumb\":{\"@id\":\"https:\/\/livrariasolmar.pt\/produto\/sem-olhar-para-tras-slammed-livro-2\/#breadcrumb\"},\"inLanguage\":\"en-US\",\"potentialAction\":[{\"@type\":\"ReadAction\",\"target\":[\"https:\/\/livrariasolmar.pt\/produto\/sem-olhar-para-tras-slammed-livro-2\/\"]}]},{\"@type\":\"BreadcrumbList\",\"@id\":\"https:\/\/livrariasolmar.pt\/produto\/sem-olhar-para-tras-slammed-livro-2\/#breadcrumb\",\"itemListElement\":[{\"@type\":\"ListItem\",\"position\":1,\"name\":\"In\\u00edcio\",\"item\":\"https:\/\/livrariasolmar.pt\/en\/\"},{\"@type\":\"ListItem\",\"position\":2,\"name\":\"Shop\",\"item\":\"https:\/\/livrariasolmar.pt\/en\/shop\/\"},{\"@type\":\"ListItem\",\"position\":3,\"name\":\"Sem Olhar para Tr\\u00e1s: Slammed &#8211; Livro 2\"}]}]}<\/script>\n<!-- \/ Yoast SEO plugin. -->","_links":{"self":[{"href":"https:\/\/livrariasolmar.pt\/en\/wp-json\/wp\/v2\/product\/11055"}],"collection":[{"href":"https:\/\/livrariasolmar.pt\/en\/wp-json\/wp\/v2\/product"}],"about":[{"href":"https:\/\/livrariasolmar.pt\/en\/wp-json\/wp\/v2\/types\/product"}],"author":[{"embeddable":true,"href":"https:\/\/livrariasolmar.pt\/en\/wp-json\/wp\/v2\/users\/2"}],"wp:featuredmedia":[{"embeddable":true,"href":"https:\/\/livrariasolmar.pt\/en\/wp-json\/wp\/v2\/media\/11056"}],"wp:attachment":[{"href":"https:\/\/livrariasolmar.pt\/en\/wp-json\/wp\/v2\/media?parent=11055"}],"wp:term":[{"taxonomy":"product_cat","embeddable":true,"href":"https:\/\/livrariasolmar.pt\/en\/wp-json\/wp\/v2\/product_cat?post=11055"},{"taxonomy":"product_tag","embeddable":true,"href":"https:\/\/livrariasolmar.pt\/en\/wp-json\/wp\/v2\/product_tag?post=11055"},{"taxonomy":"cat_produtos","embeddable":true,"href":"https:\/\/livrariasolmar.pt\/en\/wp-json\/wp\/v2\/cat_produtos?post=11055"}],"curies":[{"name":"wp","href":"https:\/\/api.w.org\/{rel}","templated":true}]}}