{"id":11058,"date":"2025-11-01T14:44:57","date_gmt":"2025-11-01T14:44:57","guid":{"rendered":"https:\/\/livrariasolmar.pt\/?post_type=product&#038;p=11058"},"modified":"2025-12-30T16:02:30","modified_gmt":"2025-12-30T16:02:30","slug":"gaspar-e-a-carta-de-natal-perdida","status":"publish","type":"product","link":"https:\/\/livrariasolmar.pt\/en\/produto\/gaspar-e-a-carta-de-natal-perdida\/","title":{"rendered":"Gaspar e a Carta de Natal Perdida"},"content":{"rendered":"","protected":false},"excerpt":{"rendered":"<p>Quando o rato Gaspar encontra uma carta perdida endere\u00e7ada ao Pai Natal na v\u00e9spera de Natal, parte numa viagem inesquec\u00edvel para entregar a carta ao seu destinat\u00e1rio e para nos dar uma li\u00e7\u00e3o de bondade e ternura.<\/p>\n<p>Um livro bel\u00edssimo, com uma mensagem cheia de esperan\u00e7a e ternura, que nos convida a festejar o esp\u00edrito natal\u00edcio e a criar mem\u00f3rias em fam\u00edlia.<\/p>\n","protected":false},"author":2,"featured_media":11059,"template":"","meta":[],"product_cat":[172],"product_tag":[],"cat_produtos":[],"yoast_head":"<!-- This site is optimized with the Yoast SEO plugin v16.6 - https:\/\/yoast.com\/wordpress\/plugins\/seo\/ -->\n<title>Gaspar e a Carta de Natal Perdida - Livraria Solmar - Livraria online<\/title>\n<meta name=\"robots\" content=\"index, follow, max-snippet:-1, max-image-preview:large, max-video-preview:-1\" \/>\n<link rel=\"canonical\" href=\"https:\/\/livrariasolmar.pt\/en\/produto\/gaspar-e-a-carta-de-natal-perdida\/\" \/>\n<meta property=\"og:locale\" content=\"en_US\" \/>\n<meta property=\"og:type\" content=\"article\" \/>\n<meta property=\"og:title\" content=\"Gaspar e a Carta de Natal Perdida - Livraria Solmar - Livraria online\" \/>\n<meta property=\"og:description\" content=\"Quando o rato Gaspar encontra uma carta perdida endere\u00e7ada ao Pai Natal na v\u00e9spera de Natal, parte numa viagem inesquec\u00edvel para entregar a carta ao seu destinat\u00e1rio e para nos dar uma li\u00e7\u00e3o de bondade e ternura.  Um livro bel\u00edssimo, com uma mensagem cheia de esperan\u00e7a e ternura, que nos convida a festejar o esp\u00edrito natal\u00edcio e a criar mem\u00f3rias em fam\u00edlia.\" \/>\n<meta property=\"og:url\" content=\"https:\/\/livrariasolmar.pt\/produto\/gaspar-e-a-carta-de-natal-perdida\/\" \/>\n<meta property=\"og:site_name\" content=\"Livraria Solmar - Livraria online\" \/>\n<meta property=\"article:modified_time\" content=\"2025-12-30T16:02:30+00:00\" \/>\n<meta property=\"og:image\" content=\"https:\/\/livrariasolmar.pt\/wp-content\/uploads\/2025\/11\/1540-1-25.jpg\" \/>\n\t<meta property=\"og:image:width\" content=\"340\" \/>\n\t<meta property=\"og:image:height\" content=\"340\" \/>\n<meta name=\"twitter:card\" content=\"summary_large_image\" \/>\n<script type=\"application\/ld+json\" class=\"yoast-schema-graph\">{\"@context\":\"https:\/\/schema.org\",\"@graph\":[{\"@type\":\"WebSite\",\"@id\":\"https:\/\/livrariasolmar.pt\/#website\",\"url\":\"https:\/\/livrariasolmar.pt\/\",\"name\":\"Livraria Solmar - Livraria online\",\"description\":\"Com\\u00e9rcio Livros E Objetos De Arte, Lda - Ponta Delgada, A\\u00e7ores\",\"potentialAction\":[{\"@type\":\"SearchAction\",\"target\":{\"@type\":\"EntryPoint\",\"urlTemplate\":\"https:\/\/livrariasolmar.pt\/?s={search_term_string}\"},\"query-input\":\"required name=search_term_string\"}],\"inLanguage\":\"en-US\"},{\"@type\":\"ImageObject\",\"@id\":\"https:\/\/livrariasolmar.pt\/produto\/gaspar-e-a-carta-de-natal-perdida\/#primaryimage\",\"inLanguage\":\"en-US\",\"url\":\"https:\/\/livrariasolmar.pt\/wp-content\/uploads\/2025\/11\/1540-1-25.jpg\",\"contentUrl\":\"https:\/\/livrariasolmar.pt\/wp-content\/uploads\/2025\/11\/1540-1-25.jpg\",\"width\":340,\"height\":340},{\"@type\":\"WebPage\",\"@id\":\"https:\/\/livrariasolmar.pt\/produto\/gaspar-e-a-carta-de-natal-perdida\/#webpage\",\"url\":\"https:\/\/livrariasolmar.pt\/produto\/gaspar-e-a-carta-de-natal-perdida\/\",\"name\":\"Gaspar e a Carta de Natal Perdida - Livraria Solmar - Livraria online\",\"isPartOf\":{\"@id\":\"https:\/\/livrariasolmar.pt\/#website\"},\"primaryImageOfPage\":{\"@id\":\"https:\/\/livrariasolmar.pt\/produto\/gaspar-e-a-carta-de-natal-perdida\/#primaryimage\"},\"datePublished\":\"2025-11-01T14:44:57+00:00\",\"dateModified\":\"2025-12-30T16:02:30+00:00\",\"breadcrumb\":{\"@id\":\"https:\/\/livrariasolmar.pt\/produto\/gaspar-e-a-carta-de-natal-perdida\/#breadcrumb\"},\"inLanguage\":\"en-US\",\"potentialAction\":[{\"@type\":\"ReadAction\",\"target\":[\"https:\/\/livrariasolmar.pt\/produto\/gaspar-e-a-carta-de-natal-perdida\/\"]}]},{\"@type\":\"BreadcrumbList\",\"@id\":\"https:\/\/livrariasolmar.pt\/produto\/gaspar-e-a-carta-de-natal-perdida\/#breadcrumb\",\"itemListElement\":[{\"@type\":\"ListItem\",\"position\":1,\"name\":\"In\\u00edcio\",\"item\":\"https:\/\/livrariasolmar.pt\/en\/\"},{\"@type\":\"ListItem\",\"position\":2,\"name\":\"Shop\",\"item\":\"https:\/\/livrariasolmar.pt\/en\/shop\/\"},{\"@type\":\"ListItem\",\"position\":3,\"name\":\"Gaspar e a Carta de Natal Perdida\"}]}]}<\/script>\n<!-- \/ Yoast SEO plugin. -->","_links":{"self":[{"href":"https:\/\/livrariasolmar.pt\/en\/wp-json\/wp\/v2\/product\/11058"}],"collection":[{"href":"https:\/\/livrariasolmar.pt\/en\/wp-json\/wp\/v2\/product"}],"about":[{"href":"https:\/\/livrariasolmar.pt\/en\/wp-json\/wp\/v2\/types\/product"}],"author":[{"embeddable":true,"href":"https:\/\/livrariasolmar.pt\/en\/wp-json\/wp\/v2\/users\/2"}],"wp:featuredmedia":[{"embeddable":true,"href":"https:\/\/livrariasolmar.pt\/en\/wp-json\/wp\/v2\/media\/11059"}],"wp:attachment":[{"href":"https:\/\/livrariasolmar.pt\/en\/wp-json\/wp\/v2\/media?parent=11058"}],"wp:term":[{"taxonomy":"product_cat","embeddable":true,"href":"https:\/\/livrariasolmar.pt\/en\/wp-json\/wp\/v2\/product_cat?post=11058"},{"taxonomy":"product_tag","embeddable":true,"href":"https:\/\/livrariasolmar.pt\/en\/wp-json\/wp\/v2\/product_tag?post=11058"},{"taxonomy":"cat_produtos","embeddable":true,"href":"https:\/\/livrariasolmar.pt\/en\/wp-json\/wp\/v2\/cat_produtos?post=11058"}],"curies":[{"name":"wp","href":"https:\/\/api.w.org\/{rel}","templated":true}]}}