{"id":11061,"date":"2025-11-01T15:19:09","date_gmt":"2025-11-01T15:19:09","guid":{"rendered":"https:\/\/livrariasolmar.pt\/?post_type=product&#038;p=11061"},"modified":"2026-04-10T19:09:53","modified_gmt":"2026-04-10T19:09:53","slug":"incrivel-evolucao-a-viagem-da-vida","status":"publish","type":"product","link":"https:\/\/livrariasolmar.pt\/en\/produto\/incrivel-evolucao-a-viagem-da-vida\/","title":{"rendered":"Incr\u00edvel Evolu\u00e7\u00e3o &#8211; A viagem da vida"},"content":{"rendered":"","protected":false},"excerpt":{"rendered":"<p>O que faz de um peixe um peixe?<br \/>\nPorque t\u00eam as girafas pesco\u00e7os t\u00e3o compridos?<br \/>\nQual a rela\u00e7\u00e3o entre os seres vivos, desde plantas, tigres e cogumelos a libelinhas, polvos e seres humanos?<br \/>\nA resposta a estas e muitas outras perguntas sobre a vida na Terra est\u00e1 na evolu\u00e7\u00e3o.<\/p>\n<p>Este livro explora o que \u00e9 a evolu\u00e7\u00e3o, como funciona e quem descobriu os seus segredos. Mostra a viagem da vida, desde as primeir\u00edssimas formas de vida simples, que se desenvolveram na Terra h\u00e1 3800 milh\u00f5es de anos, at\u00e9 aos incr\u00edveis macacos falantes, mais conhecidos como seres humanos, que atualmente habitam o planeta!<\/p>\n<p>O tema \u00e9 fascinante, os conte\u00fados foram alvo de uma cuidada revis\u00e3o cient\u00edfica e a linguagem \u00e9 acess\u00edvel aos mais novos.<\/p>\n<p>Boa leitura!<\/p>\n","protected":false},"author":2,"featured_media":11062,"template":"","meta":[],"product_cat":[172],"product_tag":[],"cat_produtos":[],"yoast_head":"<!-- This site is optimized with the Yoast SEO plugin v16.6 - https:\/\/yoast.com\/wordpress\/plugins\/seo\/ -->\n<title>Incr\u00edvel Evolu\u00e7\u00e3o - A viagem da vida - Livraria Solmar - Livraria online<\/title>\n<meta name=\"robots\" content=\"index, follow, max-snippet:-1, max-image-preview:large, max-video-preview:-1\" \/>\n<link rel=\"canonical\" href=\"https:\/\/livrariasolmar.pt\/en\/produto\/incrivel-evolucao-a-viagem-da-vida\/\" \/>\n<meta property=\"og:locale\" content=\"en_US\" \/>\n<meta property=\"og:type\" content=\"article\" \/>\n<meta property=\"og:title\" content=\"Incr\u00edvel Evolu\u00e7\u00e3o - A viagem da vida - Livraria Solmar - Livraria online\" \/>\n<meta property=\"og:description\" content=\"O que faz de um peixe um peixe? Porque t\u00eam as girafas pesco\u00e7os t\u00e3o compridos? Qual a rela\u00e7\u00e3o entre os seres vivos, desde plantas, tigres e cogumelos a libelinhas, polvos e seres humanos? A resposta a estas e muitas outras perguntas sobre a vida na Terra est\u00e1 na evolu\u00e7\u00e3o.  Este livro explora o que \u00e9 a evolu\u00e7\u00e3o, como funciona e quem descobriu os seus segredos. Mostra a viagem da vida, desde as primeir\u00edssimas formas de vida simples, que se desenvolveram na Terra h\u00e1 3800 milh\u00f5es de anos, at\u00e9 aos incr\u00edveis macacos falantes, mais conhecidos como seres humanos, que atualmente habitam o planeta!  O tema \u00e9 fascinante, os conte\u00fados foram alvo de uma cuidada revis\u00e3o cient\u00edfica e a linguagem \u00e9 acess\u00edvel aos mais novos.  Boa leitura!\" \/>\n<meta property=\"og:url\" content=\"https:\/\/livrariasolmar.pt\/produto\/incrivel-evolucao-a-viagem-da-vida\/\" \/>\n<meta property=\"og:site_name\" content=\"Livraria Solmar - Livraria online\" \/>\n<meta property=\"article:modified_time\" content=\"2026-04-10T19:09:53+00:00\" \/>\n<meta property=\"og:image\" content=\"https:\/\/livrariasolmar.pt\/wp-content\/uploads\/2025\/11\/1540-1-26.jpg\" \/>\n\t<meta property=\"og:image:width\" content=\"340\" \/>\n\t<meta property=\"og:image:height\" content=\"340\" \/>\n<meta name=\"twitter:card\" content=\"summary_large_image\" \/>\n<script type=\"application\/ld+json\" class=\"yoast-schema-graph\">{\"@context\":\"https:\/\/schema.org\",\"@graph\":[{\"@type\":\"WebSite\",\"@id\":\"https:\/\/livrariasolmar.pt\/#website\",\"url\":\"https:\/\/livrariasolmar.pt\/\",\"name\":\"Livraria Solmar - Livraria online\",\"description\":\"Com\\u00e9rcio Livros E Objetos De Arte, Lda - Ponta Delgada, A\\u00e7ores\",\"potentialAction\":[{\"@type\":\"SearchAction\",\"target\":{\"@type\":\"EntryPoint\",\"urlTemplate\":\"https:\/\/livrariasolmar.pt\/?s={search_term_string}\"},\"query-input\":\"required name=search_term_string\"}],\"inLanguage\":\"en-US\"},{\"@type\":\"ImageObject\",\"@id\":\"https:\/\/livrariasolmar.pt\/produto\/incrivel-evolucao-a-viagem-da-vida\/#primaryimage\",\"inLanguage\":\"en-US\",\"url\":\"https:\/\/livrariasolmar.pt\/wp-content\/uploads\/2025\/11\/1540-1-26.jpg\",\"contentUrl\":\"https:\/\/livrariasolmar.pt\/wp-content\/uploads\/2025\/11\/1540-1-26.jpg\",\"width\":340,\"height\":340},{\"@type\":\"WebPage\",\"@id\":\"https:\/\/livrariasolmar.pt\/produto\/incrivel-evolucao-a-viagem-da-vida\/#webpage\",\"url\":\"https:\/\/livrariasolmar.pt\/produto\/incrivel-evolucao-a-viagem-da-vida\/\",\"name\":\"Incr\\u00edvel Evolu\\u00e7\\u00e3o - A viagem da vida - Livraria Solmar - Livraria online\",\"isPartOf\":{\"@id\":\"https:\/\/livrariasolmar.pt\/#website\"},\"primaryImageOfPage\":{\"@id\":\"https:\/\/livrariasolmar.pt\/produto\/incrivel-evolucao-a-viagem-da-vida\/#primaryimage\"},\"datePublished\":\"2025-11-01T15:19:09+00:00\",\"dateModified\":\"2026-04-10T19:09:53+00:00\",\"breadcrumb\":{\"@id\":\"https:\/\/livrariasolmar.pt\/produto\/incrivel-evolucao-a-viagem-da-vida\/#breadcrumb\"},\"inLanguage\":\"en-US\",\"potentialAction\":[{\"@type\":\"ReadAction\",\"target\":[\"https:\/\/livrariasolmar.pt\/produto\/incrivel-evolucao-a-viagem-da-vida\/\"]}]},{\"@type\":\"BreadcrumbList\",\"@id\":\"https:\/\/livrariasolmar.pt\/produto\/incrivel-evolucao-a-viagem-da-vida\/#breadcrumb\",\"itemListElement\":[{\"@type\":\"ListItem\",\"position\":1,\"name\":\"In\\u00edcio\",\"item\":\"https:\/\/livrariasolmar.pt\/en\/\"},{\"@type\":\"ListItem\",\"position\":2,\"name\":\"Shop\",\"item\":\"https:\/\/livrariasolmar.pt\/en\/shop\/\"},{\"@type\":\"ListItem\",\"position\":3,\"name\":\"Incr\\u00edvel Evolu\\u00e7\\u00e3o &#8211; A viagem da vida\"}]}]}<\/script>\n<!-- \/ Yoast SEO plugin. -->","_links":{"self":[{"href":"https:\/\/livrariasolmar.pt\/en\/wp-json\/wp\/v2\/product\/11061"}],"collection":[{"href":"https:\/\/livrariasolmar.pt\/en\/wp-json\/wp\/v2\/product"}],"about":[{"href":"https:\/\/livrariasolmar.pt\/en\/wp-json\/wp\/v2\/types\/product"}],"author":[{"embeddable":true,"href":"https:\/\/livrariasolmar.pt\/en\/wp-json\/wp\/v2\/users\/2"}],"wp:featuredmedia":[{"embeddable":true,"href":"https:\/\/livrariasolmar.pt\/en\/wp-json\/wp\/v2\/media\/11062"}],"wp:attachment":[{"href":"https:\/\/livrariasolmar.pt\/en\/wp-json\/wp\/v2\/media?parent=11061"}],"wp:term":[{"taxonomy":"product_cat","embeddable":true,"href":"https:\/\/livrariasolmar.pt\/en\/wp-json\/wp\/v2\/product_cat?post=11061"},{"taxonomy":"product_tag","embeddable":true,"href":"https:\/\/livrariasolmar.pt\/en\/wp-json\/wp\/v2\/product_tag?post=11061"},{"taxonomy":"cat_produtos","embeddable":true,"href":"https:\/\/livrariasolmar.pt\/en\/wp-json\/wp\/v2\/cat_produtos?post=11061"}],"curies":[{"name":"wp","href":"https:\/\/api.w.org\/{rel}","templated":true}]}}