{"id":11064,"date":"2025-11-01T15:45:26","date_gmt":"2025-11-01T15:45:26","guid":{"rendered":"https:\/\/livrariasolmar.pt\/?post_type=product&#038;p=11064"},"modified":"2025-12-13T18:06:39","modified_gmt":"2025-12-13T18:06:39","slug":"o-dia-em-que-cai-num-conto-de-fadas","status":"publish","type":"product","link":"https:\/\/livrariasolmar.pt\/en\/produto\/o-dia-em-que-cai-num-conto-de-fadas\/","title":{"rendered":"O Dia em que Ca\u00ed Num Conto de Fadas"},"content":{"rendered":"","protected":false},"excerpt":{"rendered":"<p>Lana adora aventuras, em especial aquelas que partilhava com o seu irm\u00e3o, Harrison. Agora Harrison diz que \u00e9 demasiado crescido para estas brincadeiras. At\u00e9 que algo m\u00e1gico acontece&#8230;<\/p>\n<p>Num local totalmente inesperado, Lana descobre um misterioso portal para o mundo dos contos de fadas. Mas logo percebe que n\u00e3o se trata de um reino onde todos s\u00e3o felizes, mas sim de um universo cheio de aventuras perigosas.<\/p>\n<p>Ser\u00e1 que Lana vai conseguir convencer o irm\u00e3o a voltar a acreditar na magia das hist\u00f3rias e a juntar-se a ela nesta luta do bem contra o mal?<\/p>\n<p>A narrativa absorvente de Ben Miller e as bel\u00edssimas ilustra\u00e7\u00f5es de Daniela Jaglenka Terrazzini juntam-se numa incr\u00edvel aventura sobre o poder da imagina\u00e7\u00e3o e o elo especial que une os irm\u00e3os.<\/p>\n","protected":false},"author":2,"featured_media":11065,"template":"","meta":[],"product_cat":[172],"product_tag":[],"cat_produtos":[],"yoast_head":"<!-- This site is optimized with the Yoast SEO plugin v16.6 - https:\/\/yoast.com\/wordpress\/plugins\/seo\/ -->\n<title>O Dia em que Ca\u00ed Num Conto de Fadas - Livraria Solmar - Livraria online<\/title>\n<meta name=\"robots\" content=\"index, follow, max-snippet:-1, max-image-preview:large, max-video-preview:-1\" \/>\n<link rel=\"canonical\" href=\"https:\/\/livrariasolmar.pt\/en\/produto\/o-dia-em-que-cai-num-conto-de-fadas\/\" \/>\n<meta property=\"og:locale\" content=\"en_US\" \/>\n<meta property=\"og:type\" content=\"article\" \/>\n<meta property=\"og:title\" content=\"O Dia em que Ca\u00ed Num Conto de Fadas - Livraria Solmar - Livraria online\" \/>\n<meta property=\"og:description\" content=\"Lana adora aventuras, em especial aquelas que partilhava com o seu irm\u00e3o, Harrison. Agora Harrison diz que \u00e9 demasiado crescido para estas brincadeiras. At\u00e9 que algo m\u00e1gico acontece...  Num local totalmente inesperado, Lana descobre um misterioso portal para o mundo dos contos de fadas. Mas logo percebe que n\u00e3o se trata de um reino onde todos s\u00e3o felizes, mas sim de um universo cheio de aventuras perigosas.  Ser\u00e1 que Lana vai conseguir convencer o irm\u00e3o a voltar a acreditar na magia das hist\u00f3rias e a juntar-se a ela nesta luta do bem contra o mal?  A narrativa absorvente de Ben Miller e as bel\u00edssimas ilustra\u00e7\u00f5es de Daniela Jaglenka Terrazzini juntam-se numa incr\u00edvel aventura sobre o poder da imagina\u00e7\u00e3o e o elo especial que une os irm\u00e3os.\" \/>\n<meta property=\"og:url\" content=\"https:\/\/livrariasolmar.pt\/produto\/o-dia-em-que-cai-num-conto-de-fadas\/\" \/>\n<meta property=\"og:site_name\" content=\"Livraria Solmar - Livraria online\" \/>\n<meta property=\"article:modified_time\" content=\"2025-12-13T18:06:39+00:00\" \/>\n<meta property=\"og:image\" content=\"https:\/\/livrariasolmar.pt\/wp-content\/uploads\/2025\/11\/1540-1-27.jpg\" \/>\n\t<meta property=\"og:image:width\" content=\"340\" \/>\n\t<meta property=\"og:image:height\" content=\"340\" \/>\n<meta name=\"twitter:card\" content=\"summary_large_image\" \/>\n<script type=\"application\/ld+json\" class=\"yoast-schema-graph\">{\"@context\":\"https:\/\/schema.org\",\"@graph\":[{\"@type\":\"WebSite\",\"@id\":\"https:\/\/livrariasolmar.pt\/#website\",\"url\":\"https:\/\/livrariasolmar.pt\/\",\"name\":\"Livraria Solmar - Livraria online\",\"description\":\"Com\\u00e9rcio Livros E Objetos De Arte, Lda - Ponta Delgada, A\\u00e7ores\",\"potentialAction\":[{\"@type\":\"SearchAction\",\"target\":{\"@type\":\"EntryPoint\",\"urlTemplate\":\"https:\/\/livrariasolmar.pt\/?s={search_term_string}\"},\"query-input\":\"required name=search_term_string\"}],\"inLanguage\":\"en-US\"},{\"@type\":\"ImageObject\",\"@id\":\"https:\/\/livrariasolmar.pt\/produto\/o-dia-em-que-cai-num-conto-de-fadas\/#primaryimage\",\"inLanguage\":\"en-US\",\"url\":\"https:\/\/livrariasolmar.pt\/wp-content\/uploads\/2025\/11\/1540-1-27.jpg\",\"contentUrl\":\"https:\/\/livrariasolmar.pt\/wp-content\/uploads\/2025\/11\/1540-1-27.jpg\",\"width\":340,\"height\":340},{\"@type\":\"WebPage\",\"@id\":\"https:\/\/livrariasolmar.pt\/produto\/o-dia-em-que-cai-num-conto-de-fadas\/#webpage\",\"url\":\"https:\/\/livrariasolmar.pt\/produto\/o-dia-em-que-cai-num-conto-de-fadas\/\",\"name\":\"O Dia em que Ca\\u00ed Num Conto de Fadas - Livraria Solmar - Livraria online\",\"isPartOf\":{\"@id\":\"https:\/\/livrariasolmar.pt\/#website\"},\"primaryImageOfPage\":{\"@id\":\"https:\/\/livrariasolmar.pt\/produto\/o-dia-em-que-cai-num-conto-de-fadas\/#primaryimage\"},\"datePublished\":\"2025-11-01T15:45:26+00:00\",\"dateModified\":\"2025-12-13T18:06:39+00:00\",\"breadcrumb\":{\"@id\":\"https:\/\/livrariasolmar.pt\/produto\/o-dia-em-que-cai-num-conto-de-fadas\/#breadcrumb\"},\"inLanguage\":\"en-US\",\"potentialAction\":[{\"@type\":\"ReadAction\",\"target\":[\"https:\/\/livrariasolmar.pt\/produto\/o-dia-em-que-cai-num-conto-de-fadas\/\"]}]},{\"@type\":\"BreadcrumbList\",\"@id\":\"https:\/\/livrariasolmar.pt\/produto\/o-dia-em-que-cai-num-conto-de-fadas\/#breadcrumb\",\"itemListElement\":[{\"@type\":\"ListItem\",\"position\":1,\"name\":\"In\\u00edcio\",\"item\":\"https:\/\/livrariasolmar.pt\/en\/\"},{\"@type\":\"ListItem\",\"position\":2,\"name\":\"Shop\",\"item\":\"https:\/\/livrariasolmar.pt\/en\/shop\/\"},{\"@type\":\"ListItem\",\"position\":3,\"name\":\"O Dia em que Ca\\u00ed Num Conto de Fadas\"}]}]}<\/script>\n<!-- \/ Yoast SEO plugin. -->","_links":{"self":[{"href":"https:\/\/livrariasolmar.pt\/en\/wp-json\/wp\/v2\/product\/11064"}],"collection":[{"href":"https:\/\/livrariasolmar.pt\/en\/wp-json\/wp\/v2\/product"}],"about":[{"href":"https:\/\/livrariasolmar.pt\/en\/wp-json\/wp\/v2\/types\/product"}],"author":[{"embeddable":true,"href":"https:\/\/livrariasolmar.pt\/en\/wp-json\/wp\/v2\/users\/2"}],"wp:featuredmedia":[{"embeddable":true,"href":"https:\/\/livrariasolmar.pt\/en\/wp-json\/wp\/v2\/media\/11065"}],"wp:attachment":[{"href":"https:\/\/livrariasolmar.pt\/en\/wp-json\/wp\/v2\/media?parent=11064"}],"wp:term":[{"taxonomy":"product_cat","embeddable":true,"href":"https:\/\/livrariasolmar.pt\/en\/wp-json\/wp\/v2\/product_cat?post=11064"},{"taxonomy":"product_tag","embeddable":true,"href":"https:\/\/livrariasolmar.pt\/en\/wp-json\/wp\/v2\/product_tag?post=11064"},{"taxonomy":"cat_produtos","embeddable":true,"href":"https:\/\/livrariasolmar.pt\/en\/wp-json\/wp\/v2\/cat_produtos?post=11064"}],"curies":[{"name":"wp","href":"https:\/\/api.w.org\/{rel}","templated":true}]}}