{"id":11067,"date":"2025-11-01T15:56:51","date_gmt":"2025-11-01T15:56:51","guid":{"rendered":"https:\/\/livrariasolmar.pt\/?post_type=product&#038;p=11067"},"modified":"2026-02-08T18:02:12","modified_gmt":"2026-02-08T18:02:12","slug":"stranger-things-a-experiencia-do-dustin","status":"publish","type":"product","link":"https:\/\/livrariasolmar.pt\/en\/produto\/stranger-things-a-experiencia-do-dustin\/","title":{"rendered":"Stranger Things &#8211; A Experi\u00eancia do Dustin"},"content":{"rendered":"","protected":false},"excerpt":{"rendered":"<p>\u00c9 Outono de 1985 e o Dustin Henderson est\u00e1 a come\u00e7ar o seu primeiro ano na Secund\u00e1ria de Hawkins. Depois da trag\u00e9dia no Centro Comercial Starcourt, ele est\u00e1 pronto para que tudo volte ao normal, mas as coisas parecem estar diferentes. Alguns dos amigos foram embora. Outros permanecem na cidade, mas est\u00e3o cada vez mais distantes.<\/p>\n<p>Ele acredita que participar numa feira de ci\u00eancias vai resolver tudo, mas ser\u00e1 que o Lucas e o Mike se juntam a esta aventura? Ou ter\u00e1 ele de confiar num carism\u00e1tico metaleiro?<\/p>\n<p>Junta-te ao Dustin numa viagem cheia de inven\u00e7\u00f5es e amplificadores, at\u00e9 ele encontrar uma nova compreens\u00e3o do seu lugar em Hawkins.<\/p>\n<p>Livro oficial baseado na s\u00e9rie de televis\u00e3o.<\/p>\n","protected":false},"author":2,"featured_media":11068,"template":"","meta":[],"product_cat":[172],"product_tag":[],"cat_produtos":[],"yoast_head":"<!-- This site is optimized with the Yoast SEO plugin v16.6 - https:\/\/yoast.com\/wordpress\/plugins\/seo\/ -->\n<title>Stranger Things - A Experi\u00eancia do Dustin - Livraria Solmar - Livraria online<\/title>\n<meta name=\"robots\" content=\"index, follow, max-snippet:-1, max-image-preview:large, max-video-preview:-1\" \/>\n<link rel=\"canonical\" href=\"https:\/\/livrariasolmar.pt\/en\/produto\/stranger-things-a-experiencia-do-dustin\/\" \/>\n<meta property=\"og:locale\" content=\"en_US\" \/>\n<meta property=\"og:type\" content=\"article\" \/>\n<meta property=\"og:title\" content=\"Stranger Things - A Experi\u00eancia do Dustin - Livraria Solmar - Livraria online\" \/>\n<meta property=\"og:description\" content=\"\u00c9 Outono de 1985 e o Dustin Henderson est\u00e1 a come\u00e7ar o seu primeiro ano na Secund\u00e1ria de Hawkins. Depois da trag\u00e9dia no Centro Comercial Starcourt, ele est\u00e1 pronto para que tudo volte ao normal, mas as coisas parecem estar diferentes. Alguns dos amigos foram embora. Outros permanecem na cidade, mas est\u00e3o cada vez mais distantes.  Ele acredita que participar numa feira de ci\u00eancias vai resolver tudo, mas ser\u00e1 que o Lucas e o Mike se juntam a esta aventura? Ou ter\u00e1 ele de confiar num carism\u00e1tico metaleiro?  Junta-te ao Dustin numa viagem cheia de inven\u00e7\u00f5es e amplificadores, at\u00e9 ele encontrar uma nova compreens\u00e3o do seu lugar em Hawkins.  Livro oficial baseado na s\u00e9rie de televis\u00e3o.\" \/>\n<meta property=\"og:url\" content=\"https:\/\/livrariasolmar.pt\/produto\/stranger-things-a-experiencia-do-dustin\/\" \/>\n<meta property=\"og:site_name\" content=\"Livraria Solmar - Livraria online\" \/>\n<meta property=\"article:modified_time\" content=\"2026-02-08T18:02:12+00:00\" \/>\n<meta property=\"og:image\" content=\"https:\/\/livrariasolmar.pt\/wp-content\/uploads\/2025\/11\/1540-1-28.jpg\" \/>\n\t<meta property=\"og:image:width\" content=\"340\" \/>\n\t<meta property=\"og:image:height\" content=\"340\" \/>\n<meta name=\"twitter:card\" content=\"summary_large_image\" \/>\n<script type=\"application\/ld+json\" class=\"yoast-schema-graph\">{\"@context\":\"https:\/\/schema.org\",\"@graph\":[{\"@type\":\"WebSite\",\"@id\":\"https:\/\/livrariasolmar.pt\/#website\",\"url\":\"https:\/\/livrariasolmar.pt\/\",\"name\":\"Livraria Solmar - Livraria online\",\"description\":\"Com\\u00e9rcio Livros E Objetos De Arte, Lda - Ponta Delgada, A\\u00e7ores\",\"potentialAction\":[{\"@type\":\"SearchAction\",\"target\":{\"@type\":\"EntryPoint\",\"urlTemplate\":\"https:\/\/livrariasolmar.pt\/?s={search_term_string}\"},\"query-input\":\"required name=search_term_string\"}],\"inLanguage\":\"en-US\"},{\"@type\":\"ImageObject\",\"@id\":\"https:\/\/livrariasolmar.pt\/produto\/stranger-things-a-experiencia-do-dustin\/#primaryimage\",\"inLanguage\":\"en-US\",\"url\":\"https:\/\/livrariasolmar.pt\/wp-content\/uploads\/2025\/11\/1540-1-28.jpg\",\"contentUrl\":\"https:\/\/livrariasolmar.pt\/wp-content\/uploads\/2025\/11\/1540-1-28.jpg\",\"width\":340,\"height\":340},{\"@type\":\"WebPage\",\"@id\":\"https:\/\/livrariasolmar.pt\/produto\/stranger-things-a-experiencia-do-dustin\/#webpage\",\"url\":\"https:\/\/livrariasolmar.pt\/produto\/stranger-things-a-experiencia-do-dustin\/\",\"name\":\"Stranger Things - A Experi\\u00eancia do Dustin - Livraria Solmar - Livraria online\",\"isPartOf\":{\"@id\":\"https:\/\/livrariasolmar.pt\/#website\"},\"primaryImageOfPage\":{\"@id\":\"https:\/\/livrariasolmar.pt\/produto\/stranger-things-a-experiencia-do-dustin\/#primaryimage\"},\"datePublished\":\"2025-11-01T15:56:51+00:00\",\"dateModified\":\"2026-02-08T18:02:12+00:00\",\"breadcrumb\":{\"@id\":\"https:\/\/livrariasolmar.pt\/produto\/stranger-things-a-experiencia-do-dustin\/#breadcrumb\"},\"inLanguage\":\"en-US\",\"potentialAction\":[{\"@type\":\"ReadAction\",\"target\":[\"https:\/\/livrariasolmar.pt\/produto\/stranger-things-a-experiencia-do-dustin\/\"]}]},{\"@type\":\"BreadcrumbList\",\"@id\":\"https:\/\/livrariasolmar.pt\/produto\/stranger-things-a-experiencia-do-dustin\/#breadcrumb\",\"itemListElement\":[{\"@type\":\"ListItem\",\"position\":1,\"name\":\"In\\u00edcio\",\"item\":\"https:\/\/livrariasolmar.pt\/en\/\"},{\"@type\":\"ListItem\",\"position\":2,\"name\":\"Shop\",\"item\":\"https:\/\/livrariasolmar.pt\/en\/shop\/\"},{\"@type\":\"ListItem\",\"position\":3,\"name\":\"Stranger Things &#8211; A Experi\\u00eancia do Dustin\"}]}]}<\/script>\n<!-- \/ Yoast SEO plugin. -->","_links":{"self":[{"href":"https:\/\/livrariasolmar.pt\/en\/wp-json\/wp\/v2\/product\/11067"}],"collection":[{"href":"https:\/\/livrariasolmar.pt\/en\/wp-json\/wp\/v2\/product"}],"about":[{"href":"https:\/\/livrariasolmar.pt\/en\/wp-json\/wp\/v2\/types\/product"}],"author":[{"embeddable":true,"href":"https:\/\/livrariasolmar.pt\/en\/wp-json\/wp\/v2\/users\/2"}],"wp:featuredmedia":[{"embeddable":true,"href":"https:\/\/livrariasolmar.pt\/en\/wp-json\/wp\/v2\/media\/11068"}],"wp:attachment":[{"href":"https:\/\/livrariasolmar.pt\/en\/wp-json\/wp\/v2\/media?parent=11067"}],"wp:term":[{"taxonomy":"product_cat","embeddable":true,"href":"https:\/\/livrariasolmar.pt\/en\/wp-json\/wp\/v2\/product_cat?post=11067"},{"taxonomy":"product_tag","embeddable":true,"href":"https:\/\/livrariasolmar.pt\/en\/wp-json\/wp\/v2\/product_tag?post=11067"},{"taxonomy":"cat_produtos","embeddable":true,"href":"https:\/\/livrariasolmar.pt\/en\/wp-json\/wp\/v2\/cat_produtos?post=11067"}],"curies":[{"name":"wp","href":"https:\/\/api.w.org\/{rel}","templated":true}]}}