{"id":11070,"date":"2025-11-02T12:08:02","date_gmt":"2025-11-02T12:08:02","guid":{"rendered":"https:\/\/livrariasolmar.pt\/?post_type=product&#038;p=11070"},"modified":"2026-02-08T18:00:50","modified_gmt":"2026-02-08T18:00:50","slug":"os-segredos-da-maxi-ou-o-que-podes-aprender-com-um-cao","status":"publish","type":"product","link":"https:\/\/livrariasolmar.pt\/en\/produto\/os-segredos-da-maxi-ou-o-que-podes-aprender-com-um-cao\/","title":{"rendered":"Os Segredos da Maxi (ou o que podes aprender com um c\u00e3o)"},"content":{"rendered":"","protected":false},"excerpt":{"rendered":"<p>O Timminy sabe que chegar a uma nova cidade \u00e9 tudo menos f\u00e1cil, sobretudo quando se \u00e9 alvo de bullying por se ser o mi\u00fado mais pequeno da escola. Felizmente, a alegre, doce e independente Maxi entra na sua vida&#8230; E TUDO MUDA!<\/p>\n<p>Enquanto o Timminy se est\u00e1 a sentir em baixo por ter sido gozado por alguns colegas e fechado em cacifos, a Maxi e a sua vizinha Abby est\u00e3o decididas a ajud\u00e1-lo! As duas, e outros novos amigos, v\u00e3o fazer de tudo para lhe mostrar que n\u00e3o precisamos de ser iguais a ningu\u00e9m para encontrarmos e conquistarmos o nosso lugar especial no mundo.<\/p>\n<p>O Timminy est\u00e1 prestes a aprender essa grande li\u00e7\u00e3o e a descobrir muito outros SEGREDOS que a Maxi lhe ensina todos os dias. Segredos preciosos que far\u00e3o dele uma pessoa melhor&#8230; e muito, muito maior!<\/p>\n","protected":false},"author":2,"featured_media":11071,"template":"","meta":[],"product_cat":[172],"product_tag":[],"cat_produtos":[],"yoast_head":"<!-- This site is optimized with the Yoast SEO plugin v16.6 - https:\/\/yoast.com\/wordpress\/plugins\/seo\/ -->\n<title>Os Segredos da Maxi (ou o que podes aprender com um c\u00e3o) - Livraria Solmar - Livraria online<\/title>\n<meta name=\"robots\" content=\"index, follow, max-snippet:-1, max-image-preview:large, max-video-preview:-1\" \/>\n<link rel=\"canonical\" href=\"https:\/\/livrariasolmar.pt\/en\/produto\/os-segredos-da-maxi-ou-o-que-podes-aprender-com-um-cao\/\" \/>\n<meta property=\"og:locale\" content=\"en_US\" \/>\n<meta property=\"og:type\" content=\"article\" \/>\n<meta property=\"og:title\" content=\"Os Segredos da Maxi (ou o que podes aprender com um c\u00e3o) - Livraria Solmar - Livraria online\" \/>\n<meta property=\"og:description\" content=\"O Timminy sabe que chegar a uma nova cidade \u00e9 tudo menos f\u00e1cil, sobretudo quando se \u00e9 alvo de bullying por se ser o mi\u00fado mais pequeno da escola. Felizmente, a alegre, doce e independente Maxi entra na sua vida... E TUDO MUDA!  Enquanto o Timminy se est\u00e1 a sentir em baixo por ter sido gozado por alguns colegas e fechado em cacifos, a Maxi e a sua vizinha Abby est\u00e3o decididas a ajud\u00e1-lo! As duas, e outros novos amigos, v\u00e3o fazer de tudo para lhe mostrar que n\u00e3o precisamos de ser iguais a ningu\u00e9m para encontrarmos e conquistarmos o nosso lugar especial no mundo.  O Timminy est\u00e1 prestes a aprender essa grande li\u00e7\u00e3o e a descobrir muito outros SEGREDOS que a Maxi lhe ensina todos os dias. Segredos preciosos que far\u00e3o dele uma pessoa melhor... e muito, muito maior!\" \/>\n<meta property=\"og:url\" content=\"https:\/\/livrariasolmar.pt\/produto\/os-segredos-da-maxi-ou-o-que-podes-aprender-com-um-cao\/\" \/>\n<meta property=\"og:site_name\" content=\"Livraria Solmar - Livraria online\" \/>\n<meta property=\"article:modified_time\" content=\"2026-02-08T18:00:50+00:00\" \/>\n<meta property=\"og:image\" content=\"https:\/\/livrariasolmar.pt\/wp-content\/uploads\/2025\/11\/1540-1-29.jpg\" \/>\n\t<meta property=\"og:image:width\" content=\"340\" \/>\n\t<meta property=\"og:image:height\" content=\"340\" \/>\n<meta name=\"twitter:card\" content=\"summary_large_image\" \/>\n<script type=\"application\/ld+json\" class=\"yoast-schema-graph\">{\"@context\":\"https:\/\/schema.org\",\"@graph\":[{\"@type\":\"WebSite\",\"@id\":\"https:\/\/livrariasolmar.pt\/#website\",\"url\":\"https:\/\/livrariasolmar.pt\/\",\"name\":\"Livraria Solmar - Livraria online\",\"description\":\"Com\\u00e9rcio Livros E Objetos De Arte, Lda - Ponta Delgada, A\\u00e7ores\",\"potentialAction\":[{\"@type\":\"SearchAction\",\"target\":{\"@type\":\"EntryPoint\",\"urlTemplate\":\"https:\/\/livrariasolmar.pt\/?s={search_term_string}\"},\"query-input\":\"required name=search_term_string\"}],\"inLanguage\":\"en-US\"},{\"@type\":\"ImageObject\",\"@id\":\"https:\/\/livrariasolmar.pt\/produto\/os-segredos-da-maxi-ou-o-que-podes-aprender-com-um-cao\/#primaryimage\",\"inLanguage\":\"en-US\",\"url\":\"https:\/\/livrariasolmar.pt\/wp-content\/uploads\/2025\/11\/1540-1-29.jpg\",\"contentUrl\":\"https:\/\/livrariasolmar.pt\/wp-content\/uploads\/2025\/11\/1540-1-29.jpg\",\"width\":340,\"height\":340},{\"@type\":\"WebPage\",\"@id\":\"https:\/\/livrariasolmar.pt\/produto\/os-segredos-da-maxi-ou-o-que-podes-aprender-com-um-cao\/#webpage\",\"url\":\"https:\/\/livrariasolmar.pt\/produto\/os-segredos-da-maxi-ou-o-que-podes-aprender-com-um-cao\/\",\"name\":\"Os Segredos da Maxi (ou o que podes aprender com um c\\u00e3o) - Livraria Solmar - Livraria online\",\"isPartOf\":{\"@id\":\"https:\/\/livrariasolmar.pt\/#website\"},\"primaryImageOfPage\":{\"@id\":\"https:\/\/livrariasolmar.pt\/produto\/os-segredos-da-maxi-ou-o-que-podes-aprender-com-um-cao\/#primaryimage\"},\"datePublished\":\"2025-11-02T12:08:02+00:00\",\"dateModified\":\"2026-02-08T18:00:50+00:00\",\"breadcrumb\":{\"@id\":\"https:\/\/livrariasolmar.pt\/produto\/os-segredos-da-maxi-ou-o-que-podes-aprender-com-um-cao\/#breadcrumb\"},\"inLanguage\":\"en-US\",\"potentialAction\":[{\"@type\":\"ReadAction\",\"target\":[\"https:\/\/livrariasolmar.pt\/produto\/os-segredos-da-maxi-ou-o-que-podes-aprender-com-um-cao\/\"]}]},{\"@type\":\"BreadcrumbList\",\"@id\":\"https:\/\/livrariasolmar.pt\/produto\/os-segredos-da-maxi-ou-o-que-podes-aprender-com-um-cao\/#breadcrumb\",\"itemListElement\":[{\"@type\":\"ListItem\",\"position\":1,\"name\":\"In\\u00edcio\",\"item\":\"https:\/\/livrariasolmar.pt\/en\/\"},{\"@type\":\"ListItem\",\"position\":2,\"name\":\"Shop\",\"item\":\"https:\/\/livrariasolmar.pt\/en\/shop\/\"},{\"@type\":\"ListItem\",\"position\":3,\"name\":\"Os Segredos da Maxi (ou o que podes aprender com um c\\u00e3o)\"}]}]}<\/script>\n<!-- \/ Yoast SEO plugin. -->","_links":{"self":[{"href":"https:\/\/livrariasolmar.pt\/en\/wp-json\/wp\/v2\/product\/11070"}],"collection":[{"href":"https:\/\/livrariasolmar.pt\/en\/wp-json\/wp\/v2\/product"}],"about":[{"href":"https:\/\/livrariasolmar.pt\/en\/wp-json\/wp\/v2\/types\/product"}],"author":[{"embeddable":true,"href":"https:\/\/livrariasolmar.pt\/en\/wp-json\/wp\/v2\/users\/2"}],"wp:featuredmedia":[{"embeddable":true,"href":"https:\/\/livrariasolmar.pt\/en\/wp-json\/wp\/v2\/media\/11071"}],"wp:attachment":[{"href":"https:\/\/livrariasolmar.pt\/en\/wp-json\/wp\/v2\/media?parent=11070"}],"wp:term":[{"taxonomy":"product_cat","embeddable":true,"href":"https:\/\/livrariasolmar.pt\/en\/wp-json\/wp\/v2\/product_cat?post=11070"},{"taxonomy":"product_tag","embeddable":true,"href":"https:\/\/livrariasolmar.pt\/en\/wp-json\/wp\/v2\/product_tag?post=11070"},{"taxonomy":"cat_produtos","embeddable":true,"href":"https:\/\/livrariasolmar.pt\/en\/wp-json\/wp\/v2\/cat_produtos?post=11070"}],"curies":[{"name":"wp","href":"https:\/\/api.w.org\/{rel}","templated":true}]}}