{"id":11073,"date":"2025-11-02T12:14:37","date_gmt":"2025-11-02T12:14:37","guid":{"rendered":"https:\/\/livrariasolmar.pt\/?post_type=product&#038;p=11073"},"modified":"2025-11-02T12:14:37","modified_gmt":"2025-11-02T12:14:37","slug":"eu-o-meu-pai-e-o-fim-do-arco-iris","status":"publish","type":"product","link":"https:\/\/livrariasolmar.pt\/en\/produto\/eu-o-meu-pai-e-o-fim-do-arco-iris\/","title":{"rendered":"Eu, o Meu Pai e o Fim do Arco-\u00cdris"},"content":{"rendered":"","protected":false},"excerpt":{"rendered":"<p>Os pais do Archie v\u00e3o separar-se. Apesar disso, o que mais o aborrece \u00e9 a sensa\u00e7\u00e3o de que eles lhe est\u00e3o a esconder alguma coisa. E isso confirma-se quando ouve uma discuss\u00e3o e descobre que o pai \u00e9 gay.<\/p>\n<p>Passada a confus\u00e3o inicial, o Archie mostra-se determinado a mostrar ao pai que o apoia incondicionalmente! Por isso, ao apanhar um folheto colorido que cai do bolso dele, decide levar avante um plano secreto: surpreender o pai em Londres na Marcha do Orgulho e mostrar-lhe que o ama acima de tudo, sem reservas nem preconceitos.<\/p>\n<p>Nesta viagem emocionante, acompanhamos o Archie, e alguns amigos inesperados que ele encontra pelo caminho, num tributo ao amor, \u00e0 bondade e \u00e0 amizade. Habilmente, o autor leva-nos a refletir sobre rela\u00e7\u00f5es familiares, toler\u00e2ncia, inclus\u00e3o e identidade.<\/p>\n<p>The Diverse Book Awards: Vencedor na categoria de Melhor Livro Infantil<br \/>\nWaterstones: Nomeado para Melhor Livro Infantil<\/p>\n","protected":false},"author":2,"featured_media":11074,"template":"","meta":[],"product_cat":[172],"product_tag":[],"cat_produtos":[],"yoast_head":"<!-- This site is optimized with the Yoast SEO plugin v16.6 - https:\/\/yoast.com\/wordpress\/plugins\/seo\/ -->\n<title>Eu, o Meu Pai e o Fim do Arco-\u00cdris - Livraria Solmar - Livraria online<\/title>\n<meta name=\"robots\" content=\"index, follow, max-snippet:-1, max-image-preview:large, max-video-preview:-1\" \/>\n<link rel=\"canonical\" href=\"https:\/\/livrariasolmar.pt\/en\/produto\/eu-o-meu-pai-e-o-fim-do-arco-iris\/\" \/>\n<meta property=\"og:locale\" content=\"en_US\" \/>\n<meta property=\"og:type\" content=\"article\" \/>\n<meta property=\"og:title\" content=\"Eu, o Meu Pai e o Fim do Arco-\u00cdris - Livraria Solmar - Livraria online\" \/>\n<meta property=\"og:description\" content=\"Os pais do Archie v\u00e3o separar-se. Apesar disso, o que mais o aborrece \u00e9 a sensa\u00e7\u00e3o de que eles lhe est\u00e3o a esconder alguma coisa. E isso confirma-se quando ouve uma discuss\u00e3o e descobre que o pai \u00e9 gay.  Passada a confus\u00e3o inicial, o Archie mostra-se determinado a mostrar ao pai que o apoia incondicionalmente! Por isso, ao apanhar um folheto colorido que cai do bolso dele, decide levar avante um plano secreto: surpreender o pai em Londres na Marcha do Orgulho e mostrar-lhe que o ama acima de tudo, sem reservas nem preconceitos.  Nesta viagem emocionante, acompanhamos o Archie, e alguns amigos inesperados que ele encontra pelo caminho, num tributo ao amor, \u00e0 bondade e \u00e0 amizade. Habilmente, o autor leva-nos a refletir sobre rela\u00e7\u00f5es familiares, toler\u00e2ncia, inclus\u00e3o e identidade.  The Diverse Book Awards: Vencedor na categoria de Melhor Livro Infantil Waterstones: Nomeado para Melhor Livro Infantil\" \/>\n<meta property=\"og:url\" content=\"https:\/\/livrariasolmar.pt\/produto\/eu-o-meu-pai-e-o-fim-do-arco-iris\/\" \/>\n<meta property=\"og:site_name\" content=\"Livraria Solmar - Livraria online\" \/>\n<meta property=\"og:image\" content=\"https:\/\/livrariasolmar.pt\/wp-content\/uploads\/2025\/11\/1507-1-11.jpg\" \/>\n\t<meta property=\"og:image:width\" content=\"400\" \/>\n\t<meta property=\"og:image:height\" content=\"397\" \/>\n<meta name=\"twitter:card\" content=\"summary_large_image\" \/>\n<script type=\"application\/ld+json\" class=\"yoast-schema-graph\">{\"@context\":\"https:\/\/schema.org\",\"@graph\":[{\"@type\":\"WebSite\",\"@id\":\"https:\/\/livrariasolmar.pt\/#website\",\"url\":\"https:\/\/livrariasolmar.pt\/\",\"name\":\"Livraria Solmar - Livraria online\",\"description\":\"Com\\u00e9rcio Livros E Objetos De Arte, Lda - Ponta Delgada, A\\u00e7ores\",\"potentialAction\":[{\"@type\":\"SearchAction\",\"target\":{\"@type\":\"EntryPoint\",\"urlTemplate\":\"https:\/\/livrariasolmar.pt\/?s={search_term_string}\"},\"query-input\":\"required name=search_term_string\"}],\"inLanguage\":\"en-US\"},{\"@type\":\"ImageObject\",\"@id\":\"https:\/\/livrariasolmar.pt\/produto\/eu-o-meu-pai-e-o-fim-do-arco-iris\/#primaryimage\",\"inLanguage\":\"en-US\",\"url\":\"https:\/\/livrariasolmar.pt\/wp-content\/uploads\/2025\/11\/1507-1-11.jpg\",\"contentUrl\":\"https:\/\/livrariasolmar.pt\/wp-content\/uploads\/2025\/11\/1507-1-11.jpg\",\"width\":400,\"height\":397},{\"@type\":\"WebPage\",\"@id\":\"https:\/\/livrariasolmar.pt\/produto\/eu-o-meu-pai-e-o-fim-do-arco-iris\/#webpage\",\"url\":\"https:\/\/livrariasolmar.pt\/produto\/eu-o-meu-pai-e-o-fim-do-arco-iris\/\",\"name\":\"Eu, o Meu Pai e o Fim do Arco-\\u00cdris - Livraria Solmar - Livraria online\",\"isPartOf\":{\"@id\":\"https:\/\/livrariasolmar.pt\/#website\"},\"primaryImageOfPage\":{\"@id\":\"https:\/\/livrariasolmar.pt\/produto\/eu-o-meu-pai-e-o-fim-do-arco-iris\/#primaryimage\"},\"datePublished\":\"2025-11-02T12:14:37+00:00\",\"dateModified\":\"2025-11-02T12:14:37+00:00\",\"breadcrumb\":{\"@id\":\"https:\/\/livrariasolmar.pt\/produto\/eu-o-meu-pai-e-o-fim-do-arco-iris\/#breadcrumb\"},\"inLanguage\":\"en-US\",\"potentialAction\":[{\"@type\":\"ReadAction\",\"target\":[\"https:\/\/livrariasolmar.pt\/produto\/eu-o-meu-pai-e-o-fim-do-arco-iris\/\"]}]},{\"@type\":\"BreadcrumbList\",\"@id\":\"https:\/\/livrariasolmar.pt\/produto\/eu-o-meu-pai-e-o-fim-do-arco-iris\/#breadcrumb\",\"itemListElement\":[{\"@type\":\"ListItem\",\"position\":1,\"name\":\"In\\u00edcio\",\"item\":\"https:\/\/livrariasolmar.pt\/en\/\"},{\"@type\":\"ListItem\",\"position\":2,\"name\":\"Shop\",\"item\":\"https:\/\/livrariasolmar.pt\/en\/shop\/\"},{\"@type\":\"ListItem\",\"position\":3,\"name\":\"Eu, o Meu Pai e o Fim do Arco-\\u00cdris\"}]}]}<\/script>\n<!-- \/ Yoast SEO plugin. -->","_links":{"self":[{"href":"https:\/\/livrariasolmar.pt\/en\/wp-json\/wp\/v2\/product\/11073"}],"collection":[{"href":"https:\/\/livrariasolmar.pt\/en\/wp-json\/wp\/v2\/product"}],"about":[{"href":"https:\/\/livrariasolmar.pt\/en\/wp-json\/wp\/v2\/types\/product"}],"author":[{"embeddable":true,"href":"https:\/\/livrariasolmar.pt\/en\/wp-json\/wp\/v2\/users\/2"}],"wp:featuredmedia":[{"embeddable":true,"href":"https:\/\/livrariasolmar.pt\/en\/wp-json\/wp\/v2\/media\/11074"}],"wp:attachment":[{"href":"https:\/\/livrariasolmar.pt\/en\/wp-json\/wp\/v2\/media?parent=11073"}],"wp:term":[{"taxonomy":"product_cat","embeddable":true,"href":"https:\/\/livrariasolmar.pt\/en\/wp-json\/wp\/v2\/product_cat?post=11073"},{"taxonomy":"product_tag","embeddable":true,"href":"https:\/\/livrariasolmar.pt\/en\/wp-json\/wp\/v2\/product_tag?post=11073"},{"taxonomy":"cat_produtos","embeddable":true,"href":"https:\/\/livrariasolmar.pt\/en\/wp-json\/wp\/v2\/cat_produtos?post=11073"}],"curies":[{"name":"wp","href":"https:\/\/api.w.org\/{rel}","templated":true}]}}