{"id":11076,"date":"2025-11-02T12:54:27","date_gmt":"2025-11-02T12:54:27","guid":{"rendered":"https:\/\/livrariasolmar.pt\/?post_type=product&#038;p=11076"},"modified":"2026-02-08T18:00:06","modified_gmt":"2026-02-08T18:00:06","slug":"1000-anos-de-alegrias-e-tristezas-memorias","status":"publish","type":"product","link":"https:\/\/livrariasolmar.pt\/en\/produto\/1000-anos-de-alegrias-e-tristezas-memorias\/","title":{"rendered":"1000 Anos de Alegrias e Tristezas &#8211; Mem\u00f3rias"},"content":{"rendered":"","protected":false},"excerpt":{"rendered":"<p>Exaltado como \u00abum dos artistas vivos mais importantes do momento\u00bb pelo Financial Times e como \u00abuma voz eloquente e imposs\u00edvel de silenciar pela liberdade\u00bb pelo The New York Times, Ai Weiwei faz o registo das suas extensas mem\u00f3rias para apresentar uma not\u00e1vel hist\u00f3ria da China ao longo dos \u00faltimos 100 anos, ao mesmo tempo que reflecte sobre o seu processo de cria\u00e7\u00e3o art\u00edstica.<br \/>\nExplorando as origens da sua in\u00e9dita criatividade e das suas apaixonadas convic\u00e7\u00f5es pol\u00edticas, Weiwei revela ainda a hist\u00f3ria do seu pai, Ai Qing, outrora o poeta mais influente da China e companheiro pr\u00f3ximo e \u00edntimo de Mao Ts\u00e9-Tung. Acusado de dissid\u00eancia pol\u00edtica durante a revolu\u00e7\u00e3o Cultural, foi condenado a trabalhos for\u00e7ados durante a Revolu\u00e7\u00e3o Cultural e viu toda a sua fam\u00edlia, incluindo o filho, ser desterrada para uma parte remota e desolada do pa\u00eds a que chamavam \u00abPequena Sib\u00e9ria\u00bb.<br \/>\nWeiwei descreve uma inf\u00e2ncia no ex\u00edlio e recorda a dif\u00edcil decis\u00e3o de abandonar a fam\u00edlia para ir estudar Arte nos Estados Unidos, onde se tornaria amigo de Allen Ginsberg e encontraria em Marcel Duchamp e Andy Warhol uma inspira\u00e7\u00e3o. Com honestidade e lucidez, descreve o seu regresso \u00e0 China e a sua ascens\u00e3o de artista desconhecido a estrela da cena art\u00edstica internacional e activista pelos direitos humanos, um trabalho inelutavelmente marcado pela viv\u00eancia sob um regime totalit\u00e1rio, o mesmo que, em 2011, acabaria por det\u00ea-lo sem qualquer justifica\u00e7\u00e3o durante largos meses.<\/p>\n","protected":false},"author":2,"featured_media":11077,"template":"","meta":[],"product_cat":[175],"product_tag":[],"cat_produtos":[],"yoast_head":"<!-- This site is optimized with the Yoast SEO plugin v16.6 - https:\/\/yoast.com\/wordpress\/plugins\/seo\/ -->\n<title>1000 Anos de Alegrias e Tristezas - Mem\u00f3rias - Livraria Solmar - Livraria online<\/title>\n<meta name=\"robots\" content=\"index, follow, max-snippet:-1, max-image-preview:large, max-video-preview:-1\" \/>\n<link rel=\"canonical\" href=\"https:\/\/livrariasolmar.pt\/en\/produto\/1000-anos-de-alegrias-e-tristezas-memorias\/\" \/>\n<meta property=\"og:locale\" content=\"en_US\" \/>\n<meta property=\"og:type\" content=\"article\" \/>\n<meta property=\"og:title\" content=\"1000 Anos de Alegrias e Tristezas - Mem\u00f3rias - Livraria Solmar - Livraria online\" \/>\n<meta property=\"og:description\" content=\"Exaltado como \u00abum dos artistas vivos mais importantes do momento\u00bb pelo Financial Times e como \u00abuma voz eloquente e imposs\u00edvel de silenciar pela liberdade\u00bb pelo The New York Times, Ai Weiwei faz o registo das suas extensas mem\u00f3rias para apresentar uma not\u00e1vel hist\u00f3ria da China ao longo dos \u00faltimos 100 anos, ao mesmo tempo que reflecte sobre o seu processo de cria\u00e7\u00e3o art\u00edstica. Explorando as origens da sua in\u00e9dita criatividade e das suas apaixonadas convic\u00e7\u00f5es pol\u00edticas, Weiwei revela ainda a hist\u00f3ria do seu pai, Ai Qing, outrora o poeta mais influente da China e companheiro pr\u00f3ximo e \u00edntimo de Mao Ts\u00e9-Tung. Acusado de dissid\u00eancia pol\u00edtica durante a revolu\u00e7\u00e3o Cultural, foi condenado a trabalhos for\u00e7ados durante a Revolu\u00e7\u00e3o Cultural e viu toda a sua fam\u00edlia, incluindo o filho, ser desterrada para uma parte remota e desolada do pa\u00eds a que chamavam \u00abPequena Sib\u00e9ria\u00bb. Weiwei descreve uma inf\u00e2ncia no ex\u00edlio e recorda a dif\u00edcil decis\u00e3o de abandonar a fam\u00edlia para ir estudar Arte nos Estados Unidos, onde se tornaria amigo de Allen Ginsberg e encontraria em Marcel Duchamp e Andy Warhol uma inspira\u00e7\u00e3o. Com honestidade e lucidez, descreve o seu regresso \u00e0 China e a sua ascens\u00e3o de artista desconhecido a estrela da cena art\u00edstica internacional e activista pelos direitos humanos, um trabalho inelutavelmente marcado pela viv\u00eancia sob um regime totalit\u00e1rio, o mesmo que, em 2011, acabaria por det\u00ea-lo sem qualquer justifica\u00e7\u00e3o durante largos meses.\" \/>\n<meta property=\"og:url\" content=\"https:\/\/livrariasolmar.pt\/produto\/1000-anos-de-alegrias-e-tristezas-memorias\/\" \/>\n<meta property=\"og:site_name\" content=\"Livraria Solmar - Livraria online\" \/>\n<meta property=\"article:modified_time\" content=\"2026-02-08T18:00:06+00:00\" \/>\n<meta property=\"og:image\" content=\"https:\/\/livrariasolmar.pt\/wp-content\/uploads\/2025\/11\/1540-1-30.jpg\" \/>\n\t<meta property=\"og:image:width\" content=\"340\" \/>\n\t<meta property=\"og:image:height\" content=\"340\" \/>\n<meta name=\"twitter:card\" content=\"summary_large_image\" \/>\n<script type=\"application\/ld+json\" class=\"yoast-schema-graph\">{\"@context\":\"https:\/\/schema.org\",\"@graph\":[{\"@type\":\"WebSite\",\"@id\":\"https:\/\/livrariasolmar.pt\/#website\",\"url\":\"https:\/\/livrariasolmar.pt\/\",\"name\":\"Livraria Solmar - Livraria online\",\"description\":\"Com\\u00e9rcio Livros E Objetos De Arte, Lda - Ponta Delgada, A\\u00e7ores\",\"potentialAction\":[{\"@type\":\"SearchAction\",\"target\":{\"@type\":\"EntryPoint\",\"urlTemplate\":\"https:\/\/livrariasolmar.pt\/?s={search_term_string}\"},\"query-input\":\"required name=search_term_string\"}],\"inLanguage\":\"en-US\"},{\"@type\":\"ImageObject\",\"@id\":\"https:\/\/livrariasolmar.pt\/produto\/1000-anos-de-alegrias-e-tristezas-memorias\/#primaryimage\",\"inLanguage\":\"en-US\",\"url\":\"https:\/\/livrariasolmar.pt\/wp-content\/uploads\/2025\/11\/1540-1-30.jpg\",\"contentUrl\":\"https:\/\/livrariasolmar.pt\/wp-content\/uploads\/2025\/11\/1540-1-30.jpg\",\"width\":340,\"height\":340},{\"@type\":\"WebPage\",\"@id\":\"https:\/\/livrariasolmar.pt\/produto\/1000-anos-de-alegrias-e-tristezas-memorias\/#webpage\",\"url\":\"https:\/\/livrariasolmar.pt\/produto\/1000-anos-de-alegrias-e-tristezas-memorias\/\",\"name\":\"1000 Anos de Alegrias e Tristezas - Mem\\u00f3rias - Livraria Solmar - Livraria online\",\"isPartOf\":{\"@id\":\"https:\/\/livrariasolmar.pt\/#website\"},\"primaryImageOfPage\":{\"@id\":\"https:\/\/livrariasolmar.pt\/produto\/1000-anos-de-alegrias-e-tristezas-memorias\/#primaryimage\"},\"datePublished\":\"2025-11-02T12:54:27+00:00\",\"dateModified\":\"2026-02-08T18:00:06+00:00\",\"breadcrumb\":{\"@id\":\"https:\/\/livrariasolmar.pt\/produto\/1000-anos-de-alegrias-e-tristezas-memorias\/#breadcrumb\"},\"inLanguage\":\"en-US\",\"potentialAction\":[{\"@type\":\"ReadAction\",\"target\":[\"https:\/\/livrariasolmar.pt\/produto\/1000-anos-de-alegrias-e-tristezas-memorias\/\"]}]},{\"@type\":\"BreadcrumbList\",\"@id\":\"https:\/\/livrariasolmar.pt\/produto\/1000-anos-de-alegrias-e-tristezas-memorias\/#breadcrumb\",\"itemListElement\":[{\"@type\":\"ListItem\",\"position\":1,\"name\":\"In\\u00edcio\",\"item\":\"https:\/\/livrariasolmar.pt\/en\/\"},{\"@type\":\"ListItem\",\"position\":2,\"name\":\"Shop\",\"item\":\"https:\/\/livrariasolmar.pt\/en\/shop\/\"},{\"@type\":\"ListItem\",\"position\":3,\"name\":\"1000 Anos de Alegrias e Tristezas &#8211; Mem\\u00f3rias\"}]}]}<\/script>\n<!-- \/ Yoast SEO plugin. -->","_links":{"self":[{"href":"https:\/\/livrariasolmar.pt\/en\/wp-json\/wp\/v2\/product\/11076"}],"collection":[{"href":"https:\/\/livrariasolmar.pt\/en\/wp-json\/wp\/v2\/product"}],"about":[{"href":"https:\/\/livrariasolmar.pt\/en\/wp-json\/wp\/v2\/types\/product"}],"author":[{"embeddable":true,"href":"https:\/\/livrariasolmar.pt\/en\/wp-json\/wp\/v2\/users\/2"}],"wp:featuredmedia":[{"embeddable":true,"href":"https:\/\/livrariasolmar.pt\/en\/wp-json\/wp\/v2\/media\/11077"}],"wp:attachment":[{"href":"https:\/\/livrariasolmar.pt\/en\/wp-json\/wp\/v2\/media?parent=11076"}],"wp:term":[{"taxonomy":"product_cat","embeddable":true,"href":"https:\/\/livrariasolmar.pt\/en\/wp-json\/wp\/v2\/product_cat?post=11076"},{"taxonomy":"product_tag","embeddable":true,"href":"https:\/\/livrariasolmar.pt\/en\/wp-json\/wp\/v2\/product_tag?post=11076"},{"taxonomy":"cat_produtos","embeddable":true,"href":"https:\/\/livrariasolmar.pt\/en\/wp-json\/wp\/v2\/cat_produtos?post=11076"}],"curies":[{"name":"wp","href":"https:\/\/api.w.org\/{rel}","templated":true}]}}