{"id":11079,"date":"2025-11-02T13:01:27","date_gmt":"2025-11-02T13:01:27","guid":{"rendered":"https:\/\/livrariasolmar.pt\/?post_type=product&#038;p=11079"},"modified":"2026-01-18T13:28:07","modified_gmt":"2026-01-18T13:28:07","slug":"submissao","status":"publish","type":"product","link":"https:\/\/livrariasolmar.pt\/en\/produto\/submissao\/","title":{"rendered":"Submiss\u00e3o"},"content":{"rendered":"","protected":false},"excerpt":{"rendered":"<p>Paris, 2022: Fran\u00e7ois, investigador universit\u00e1rio, cumpre desapaixonadamente o of\u00edcio do ensino enquanto leva uma vida calma e imperme\u00e1vel a grandes dramas, uma rotina de quarent\u00e3o apenas ocasionalmente inflamada pelos relacionamentos passageiros com mulheres cada vez mais jovens. \u00c9 tamb\u00e9m com indiferen\u00e7a que vai acompanhando os acontecimentos pol\u00edticos do seu pa\u00eds.<br \/>\n\u00c0s portas das elei\u00e7\u00f5es presidenciais, a Fran\u00e7a est\u00e1 dividida. O rec\u00e9m-criado partido da Fraternidade Mu\u00e7ulmana conquista cada vez mais simpatizantes, gra\u00e7as ao seu carism\u00e1tico l\u00edder, numa disputa directa com a Frente Nacional. O pa\u00eds obcecado por reality shows e celebridades acorda por fim e toma de assalto as ruas de Paris: somam-se os tumultos, os carros incendiados, as mesas de voto destru\u00eddas. Afastado da universidade pela nova direc\u00e7\u00e3o, deprimido, Fran\u00e7ois retira-se no campo, onde espera deixar de sentir as ondas de choque da capital. Regressa a Paris poucos dias depois do desfecho eleitoral e encontra um pa\u00eds que j\u00e1 n\u00e3o reconhece. \u00c9 tempo de questionar-se sobre se deve e pode submeter-se \u00e0 nova ordem.<br \/>\n<i>Submiss\u00e3o<\/i>\u00a0convida a uma reflex\u00e3o sobre o conv\u00edvio e conflito entre culturas e religi\u00f5es, sobre a rela\u00e7\u00e3o entre Ocidente e Oriente, sobre a rela\u00e7\u00e3o entre cidad\u00e3os e institui\u00e7\u00f5es. Um romance que, como \u00e9 habitual na obra do autor, adianta-se ao seu tempo e coloca quest\u00f5es prementes, hoje mais relevantes do que nunca. Michel Houellebecq confirma-se nestas p\u00e1ginas como um pensador temer\u00e1rio, capaz de detectar as grandes tens\u00f5es do nosso tempo, interpretando-as com l\u00facida ironia.<br \/>\nUma f\u00e1bula pol\u00edtica e moral surpreendente,\u00a0<i>Submiss\u00e3o<\/i>\u00a0\u00e9 o romance mais vision\u00e1rio e simultaneamente mais realista de Michel Houellebecq.<\/p>\n","protected":false},"author":2,"featured_media":11080,"template":"","meta":[],"product_cat":[153],"product_tag":[],"cat_produtos":[],"yoast_head":"<!-- This site is optimized with the Yoast SEO plugin v16.6 - https:\/\/yoast.com\/wordpress\/plugins\/seo\/ -->\n<title>Submiss\u00e3o - Livraria Solmar - Livraria online<\/title>\n<meta name=\"robots\" content=\"index, follow, max-snippet:-1, max-image-preview:large, max-video-preview:-1\" \/>\n<link rel=\"canonical\" href=\"https:\/\/livrariasolmar.pt\/en\/produto\/submissao\/\" \/>\n<meta property=\"og:locale\" content=\"en_US\" \/>\n<meta property=\"og:type\" content=\"article\" \/>\n<meta property=\"og:title\" content=\"Submiss\u00e3o - Livraria Solmar - Livraria online\" \/>\n<meta property=\"og:description\" content=\"Paris, 2022: Fran\u00e7ois, investigador universit\u00e1rio, cumpre desapaixonadamente o of\u00edcio do ensino enquanto leva uma vida calma e imperme\u00e1vel a grandes dramas, uma rotina de quarent\u00e3o apenas ocasionalmente inflamada pelos relacionamentos passageiros com mulheres cada vez mais jovens. \u00c9 tamb\u00e9m com indiferen\u00e7a que vai acompanhando os acontecimentos pol\u00edticos do seu pa\u00eds. \u00c0s portas das elei\u00e7\u00f5es presidenciais, a Fran\u00e7a est\u00e1 dividida. O rec\u00e9m-criado partido da Fraternidade Mu\u00e7ulmana conquista cada vez mais simpatizantes, gra\u00e7as ao seu carism\u00e1tico l\u00edder, numa disputa directa com a Frente Nacional. O pa\u00eds obcecado por reality shows e celebridades acorda por fim e toma de assalto as ruas de Paris: somam-se os tumultos, os carros incendiados, as mesas de voto destru\u00eddas. Afastado da universidade pela nova direc\u00e7\u00e3o, deprimido, Fran\u00e7ois retira-se no campo, onde espera deixar de sentir as ondas de choque da capital. Regressa a Paris poucos dias depois do desfecho eleitoral e encontra um pa\u00eds que j\u00e1 n\u00e3o reconhece. \u00c9 tempo de questionar-se sobre se deve e pode submeter-se \u00e0 nova ordem. Submiss\u00e3o\u00a0convida a uma reflex\u00e3o sobre o conv\u00edvio e conflito entre culturas e religi\u00f5es, sobre a rela\u00e7\u00e3o entre Ocidente e Oriente, sobre a rela\u00e7\u00e3o entre cidad\u00e3os e institui\u00e7\u00f5es. Um romance que, como \u00e9 habitual na obra do autor, adianta-se ao seu tempo e coloca quest\u00f5es prementes, hoje mais relevantes do que nunca. Michel Houellebecq confirma-se nestas p\u00e1ginas como um pensador temer\u00e1rio, capaz de detectar as grandes tens\u00f5es do nosso tempo, interpretando-as com l\u00facida ironia. Uma f\u00e1bula pol\u00edtica e moral surpreendente,\u00a0Submiss\u00e3o\u00a0\u00e9 o romance mais vision\u00e1rio e simultaneamente mais realista de Michel Houellebecq.\" \/>\n<meta property=\"og:url\" content=\"https:\/\/livrariasolmar.pt\/produto\/submissao\/\" \/>\n<meta property=\"og:site_name\" content=\"Livraria Solmar - Livraria online\" \/>\n<meta property=\"article:modified_time\" content=\"2026-01-18T13:28:07+00:00\" \/>\n<meta property=\"og:image\" content=\"https:\/\/livrariasolmar.pt\/wp-content\/uploads\/2025\/11\/Submiao.jpg\" \/>\n\t<meta property=\"og:image:width\" content=\"340\" \/>\n\t<meta property=\"og:image:height\" content=\"340\" \/>\n<meta name=\"twitter:card\" content=\"summary_large_image\" \/>\n<script type=\"application\/ld+json\" class=\"yoast-schema-graph\">{\"@context\":\"https:\/\/schema.org\",\"@graph\":[{\"@type\":\"WebSite\",\"@id\":\"https:\/\/livrariasolmar.pt\/#website\",\"url\":\"https:\/\/livrariasolmar.pt\/\",\"name\":\"Livraria Solmar - Livraria online\",\"description\":\"Com\\u00e9rcio Livros E Objetos De Arte, Lda - Ponta Delgada, A\\u00e7ores\",\"potentialAction\":[{\"@type\":\"SearchAction\",\"target\":{\"@type\":\"EntryPoint\",\"urlTemplate\":\"https:\/\/livrariasolmar.pt\/?s={search_term_string}\"},\"query-input\":\"required name=search_term_string\"}],\"inLanguage\":\"en-US\"},{\"@type\":\"ImageObject\",\"@id\":\"https:\/\/livrariasolmar.pt\/produto\/submissao\/#primaryimage\",\"inLanguage\":\"en-US\",\"url\":\"https:\/\/livrariasolmar.pt\/wp-content\/uploads\/2025\/11\/Submiao.jpg\",\"contentUrl\":\"https:\/\/livrariasolmar.pt\/wp-content\/uploads\/2025\/11\/Submiao.jpg\",\"width\":340,\"height\":340},{\"@type\":\"WebPage\",\"@id\":\"https:\/\/livrariasolmar.pt\/produto\/submissao\/#webpage\",\"url\":\"https:\/\/livrariasolmar.pt\/produto\/submissao\/\",\"name\":\"Submiss\\u00e3o - Livraria Solmar - Livraria online\",\"isPartOf\":{\"@id\":\"https:\/\/livrariasolmar.pt\/#website\"},\"primaryImageOfPage\":{\"@id\":\"https:\/\/livrariasolmar.pt\/produto\/submissao\/#primaryimage\"},\"datePublished\":\"2025-11-02T13:01:27+00:00\",\"dateModified\":\"2026-01-18T13:28:07+00:00\",\"breadcrumb\":{\"@id\":\"https:\/\/livrariasolmar.pt\/produto\/submissao\/#breadcrumb\"},\"inLanguage\":\"en-US\",\"potentialAction\":[{\"@type\":\"ReadAction\",\"target\":[\"https:\/\/livrariasolmar.pt\/produto\/submissao\/\"]}]},{\"@type\":\"BreadcrumbList\",\"@id\":\"https:\/\/livrariasolmar.pt\/produto\/submissao\/#breadcrumb\",\"itemListElement\":[{\"@type\":\"ListItem\",\"position\":1,\"name\":\"In\\u00edcio\",\"item\":\"https:\/\/livrariasolmar.pt\/en\/\"},{\"@type\":\"ListItem\",\"position\":2,\"name\":\"Shop\",\"item\":\"https:\/\/livrariasolmar.pt\/en\/shop\/\"},{\"@type\":\"ListItem\",\"position\":3,\"name\":\"Submiss\\u00e3o\"}]}]}<\/script>\n<!-- \/ Yoast SEO plugin. -->","_links":{"self":[{"href":"https:\/\/livrariasolmar.pt\/en\/wp-json\/wp\/v2\/product\/11079"}],"collection":[{"href":"https:\/\/livrariasolmar.pt\/en\/wp-json\/wp\/v2\/product"}],"about":[{"href":"https:\/\/livrariasolmar.pt\/en\/wp-json\/wp\/v2\/types\/product"}],"author":[{"embeddable":true,"href":"https:\/\/livrariasolmar.pt\/en\/wp-json\/wp\/v2\/users\/2"}],"wp:featuredmedia":[{"embeddable":true,"href":"https:\/\/livrariasolmar.pt\/en\/wp-json\/wp\/v2\/media\/11080"}],"wp:attachment":[{"href":"https:\/\/livrariasolmar.pt\/en\/wp-json\/wp\/v2\/media?parent=11079"}],"wp:term":[{"taxonomy":"product_cat","embeddable":true,"href":"https:\/\/livrariasolmar.pt\/en\/wp-json\/wp\/v2\/product_cat?post=11079"},{"taxonomy":"product_tag","embeddable":true,"href":"https:\/\/livrariasolmar.pt\/en\/wp-json\/wp\/v2\/product_tag?post=11079"},{"taxonomy":"cat_produtos","embeddable":true,"href":"https:\/\/livrariasolmar.pt\/en\/wp-json\/wp\/v2\/cat_produtos?post=11079"}],"curies":[{"name":"wp","href":"https:\/\/api.w.org\/{rel}","templated":true}]}}