{"id":11083,"date":"2025-11-02T13:51:59","date_gmt":"2025-11-02T13:51:59","guid":{"rendered":"https:\/\/livrariasolmar.pt\/?post_type=product&#038;p=11083"},"modified":"2026-03-31T17:38:05","modified_gmt":"2026-03-31T17:38:05","slug":"abrandar-ou-morrer-a-economia-do-decrescimento","status":"publish","type":"product","link":"https:\/\/livrariasolmar.pt\/en\/produto\/abrandar-ou-morrer-a-economia-do-decrescimento\/","title":{"rendered":"Abrandar ou Morrer: A economia do decrescimento"},"content":{"rendered":"","protected":false},"excerpt":{"rendered":"<p>Um livro contra ideias-feitas (que em Fran\u00e7a vendeu 50 mil exemplares).<\/p>\n<p>Em linguagem acess\u00edvel, conceitos complexos tornam-se compreens\u00edveis neste ensaio.<\/p>\n<p>Aqui se desconstr\u00f3i, passo a passo, um dos grandes mitos contempor\u00e2neos: a ideia da necessidade de crescimento econ\u00f3mico permanente.<\/p>\n<p>Ser\u00e1 necess\u00e1rio produzir sempre mais e mais e mais? N\u00e3o.<\/p>\n<p>N\u00e3o precisamos de continuar presos \u00e0 armadilha do crescimento econ\u00f3mico se o objectivo for erradicar a pobreza, reduzir as desigualdades, criar emprego, financiar os servi\u00e7os p\u00fablicos, melhorar a qualidade de vida ou mitigar as altera\u00e7\u00f5es clim\u00e1ticas.<\/p>\n","protected":false},"author":2,"featured_media":11084,"template":"","meta":[],"product_cat":[1386,1387],"product_tag":[],"cat_produtos":[],"yoast_head":"<!-- This site is optimized with the Yoast SEO plugin v16.6 - https:\/\/yoast.com\/wordpress\/plugins\/seo\/ -->\n<title>Abrandar ou Morrer: A economia do decrescimento - Livraria Solmar - Livraria online<\/title>\n<meta name=\"robots\" content=\"index, follow, max-snippet:-1, max-image-preview:large, max-video-preview:-1\" \/>\n<link rel=\"canonical\" href=\"https:\/\/livrariasolmar.pt\/en\/produto\/abrandar-ou-morrer-a-economia-do-decrescimento\/\" \/>\n<meta property=\"og:locale\" content=\"en_US\" \/>\n<meta property=\"og:type\" content=\"article\" \/>\n<meta property=\"og:title\" content=\"Abrandar ou Morrer: A economia do decrescimento - Livraria Solmar - Livraria online\" \/>\n<meta property=\"og:description\" content=\"Um livro contra ideias-feitas (que em Fran\u00e7a vendeu 50 mil exemplares).  Em linguagem acess\u00edvel, conceitos complexos tornam-se compreens\u00edveis neste ensaio.  Aqui se desconstr\u00f3i, passo a passo, um dos grandes mitos contempor\u00e2neos: a ideia da necessidade de crescimento econ\u00f3mico permanente.  Ser\u00e1 necess\u00e1rio produzir sempre mais e mais e mais? N\u00e3o.  N\u00e3o precisamos de continuar presos \u00e0 armadilha do crescimento econ\u00f3mico se o objectivo for erradicar a pobreza, reduzir as desigualdades, criar emprego, financiar os servi\u00e7os p\u00fablicos, melhorar a qualidade de vida ou mitigar as altera\u00e7\u00f5es clim\u00e1ticas.\" \/>\n<meta property=\"og:url\" content=\"https:\/\/livrariasolmar.pt\/produto\/abrandar-ou-morrer-a-economia-do-decrescimento\/\" \/>\n<meta property=\"og:site_name\" content=\"Livraria Solmar - Livraria online\" \/>\n<meta property=\"article:modified_time\" content=\"2026-03-31T17:38:05+00:00\" \/>\n<meta property=\"og:image\" content=\"https:\/\/livrariasolmar.pt\/wp-content\/uploads\/2025\/11\/1540-1-31.jpg\" \/>\n\t<meta property=\"og:image:width\" content=\"340\" \/>\n\t<meta property=\"og:image:height\" content=\"340\" \/>\n<meta name=\"twitter:card\" content=\"summary_large_image\" \/>\n<script type=\"application\/ld+json\" class=\"yoast-schema-graph\">{\"@context\":\"https:\/\/schema.org\",\"@graph\":[{\"@type\":\"WebSite\",\"@id\":\"https:\/\/livrariasolmar.pt\/#website\",\"url\":\"https:\/\/livrariasolmar.pt\/\",\"name\":\"Livraria Solmar - Livraria online\",\"description\":\"Com\\u00e9rcio Livros E Objetos De Arte, Lda - Ponta Delgada, A\\u00e7ores\",\"potentialAction\":[{\"@type\":\"SearchAction\",\"target\":{\"@type\":\"EntryPoint\",\"urlTemplate\":\"https:\/\/livrariasolmar.pt\/?s={search_term_string}\"},\"query-input\":\"required name=search_term_string\"}],\"inLanguage\":\"en-US\"},{\"@type\":\"ImageObject\",\"@id\":\"https:\/\/livrariasolmar.pt\/produto\/abrandar-ou-morrer-a-economia-do-decrescimento\/#primaryimage\",\"inLanguage\":\"en-US\",\"url\":\"https:\/\/livrariasolmar.pt\/wp-content\/uploads\/2025\/11\/1540-1-31.jpg\",\"contentUrl\":\"https:\/\/livrariasolmar.pt\/wp-content\/uploads\/2025\/11\/1540-1-31.jpg\",\"width\":340,\"height\":340},{\"@type\":\"WebPage\",\"@id\":\"https:\/\/livrariasolmar.pt\/produto\/abrandar-ou-morrer-a-economia-do-decrescimento\/#webpage\",\"url\":\"https:\/\/livrariasolmar.pt\/produto\/abrandar-ou-morrer-a-economia-do-decrescimento\/\",\"name\":\"Abrandar ou Morrer: A economia do decrescimento - Livraria Solmar - Livraria online\",\"isPartOf\":{\"@id\":\"https:\/\/livrariasolmar.pt\/#website\"},\"primaryImageOfPage\":{\"@id\":\"https:\/\/livrariasolmar.pt\/produto\/abrandar-ou-morrer-a-economia-do-decrescimento\/#primaryimage\"},\"datePublished\":\"2025-11-02T13:51:59+00:00\",\"dateModified\":\"2026-03-31T17:38:05+00:00\",\"breadcrumb\":{\"@id\":\"https:\/\/livrariasolmar.pt\/produto\/abrandar-ou-morrer-a-economia-do-decrescimento\/#breadcrumb\"},\"inLanguage\":\"en-US\",\"potentialAction\":[{\"@type\":\"ReadAction\",\"target\":[\"https:\/\/livrariasolmar.pt\/produto\/abrandar-ou-morrer-a-economia-do-decrescimento\/\"]}]},{\"@type\":\"BreadcrumbList\",\"@id\":\"https:\/\/livrariasolmar.pt\/produto\/abrandar-ou-morrer-a-economia-do-decrescimento\/#breadcrumb\",\"itemListElement\":[{\"@type\":\"ListItem\",\"position\":1,\"name\":\"In\\u00edcio\",\"item\":\"https:\/\/livrariasolmar.pt\/en\/\"},{\"@type\":\"ListItem\",\"position\":2,\"name\":\"Shop\",\"item\":\"https:\/\/livrariasolmar.pt\/en\/shop\/\"},{\"@type\":\"ListItem\",\"position\":3,\"name\":\"Abrandar ou Morrer: A economia do decrescimento\"}]}]}<\/script>\n<!-- \/ Yoast SEO plugin. -->","_links":{"self":[{"href":"https:\/\/livrariasolmar.pt\/en\/wp-json\/wp\/v2\/product\/11083"}],"collection":[{"href":"https:\/\/livrariasolmar.pt\/en\/wp-json\/wp\/v2\/product"}],"about":[{"href":"https:\/\/livrariasolmar.pt\/en\/wp-json\/wp\/v2\/types\/product"}],"author":[{"embeddable":true,"href":"https:\/\/livrariasolmar.pt\/en\/wp-json\/wp\/v2\/users\/2"}],"wp:featuredmedia":[{"embeddable":true,"href":"https:\/\/livrariasolmar.pt\/en\/wp-json\/wp\/v2\/media\/11084"}],"wp:attachment":[{"href":"https:\/\/livrariasolmar.pt\/en\/wp-json\/wp\/v2\/media?parent=11083"}],"wp:term":[{"taxonomy":"product_cat","embeddable":true,"href":"https:\/\/livrariasolmar.pt\/en\/wp-json\/wp\/v2\/product_cat?post=11083"},{"taxonomy":"product_tag","embeddable":true,"href":"https:\/\/livrariasolmar.pt\/en\/wp-json\/wp\/v2\/product_tag?post=11083"},{"taxonomy":"cat_produtos","embeddable":true,"href":"https:\/\/livrariasolmar.pt\/en\/wp-json\/wp\/v2\/cat_produtos?post=11083"}],"curies":[{"name":"wp","href":"https:\/\/api.w.org\/{rel}","templated":true}]}}