{"id":11086,"date":"2025-11-02T13:58:12","date_gmt":"2025-11-02T13:58:12","guid":{"rendered":"https:\/\/livrariasolmar.pt\/?post_type=product&#038;p=11086"},"modified":"2026-01-18T13:27:54","modified_gmt":"2026-01-18T13:27:54","slug":"setembro-negro","status":"publish","type":"product","link":"https:\/\/livrariasolmar.pt\/en\/produto\/setembro-negro\/","title":{"rendered":"Setembro Negro"},"content":{"rendered":"","protected":false},"excerpt":{"rendered":"<p><i>Setembro Negro<\/i>\u00a0narra o florescimento de um rapaz de 12 anos, Gigio Bellandi, durante o ver\u00e3o de 1972: a descoberta da m\u00fasica, da leitura, da inquieta\u00e7\u00e3o, do desejo, do amor &#8211; e depois, a interrup\u00e7\u00e3o impens\u00e1vel e fulminante de tudo isso. Reconstr\u00f3i com precis\u00e3o v\u00edvida as imagens, os cheiros, as cores e os sons que animavam aquela vida que se perdeu e, ao contr\u00e1rio, por ter sido sofrido sem muitas explica\u00e7\u00f5es, o evento irrevers\u00edvel que a destr\u00f3i.<\/p>\n<p>Em redor de Gigio, misturam-se v\u00edtimas e culpados, formando uma constela\u00e7\u00e3o de personagens comoventes e inesquec\u00edveis: o pai-trit\u00e3o, a m\u00e3e-leoa, a irm\u00e3zinha heroica e os dois principais respons\u00e1veis pelo seu s\u00fabito florescer: o tio Giotti, misterioso, extremamente t\u00edmido e pur\u00edssimo mestre da for\u00e7a, e Astel Raimondi, a menina das tran\u00e7as\u00a0<i>negras como \u00f4nix negro<\/i>, que chega a tempo de marc\u00e1-lo com o selo indel\u00e9vel do amor.<\/p>\n<p>A voz narrativa \u00e9 a do pr\u00f3prio Gigio, do alto dos seus 60 anos, pois evidentemente ele conseguiu cicatrizar a ferida e seguir em frente, tornando-se assim o \u00faltimo dos\u00a0<i>her\u00f3is normais<\/i>, t\u00e3o caros a Veronesi.<\/p>\n<p><i>Setembro Negro<\/i>\u00a0\u00e9 tamb\u00e9m um livro sobre o poder redentor da palavra.<\/p>\n","protected":false},"author":2,"featured_media":11087,"template":"","meta":[],"product_cat":[153],"product_tag":[],"cat_produtos":[],"yoast_head":"<!-- This site is optimized with the Yoast SEO plugin v16.6 - https:\/\/yoast.com\/wordpress\/plugins\/seo\/ -->\n<title>Setembro Negro - Livraria Solmar - Livraria online<\/title>\n<meta name=\"robots\" content=\"index, follow, max-snippet:-1, max-image-preview:large, max-video-preview:-1\" \/>\n<link rel=\"canonical\" href=\"https:\/\/livrariasolmar.pt\/en\/produto\/setembro-negro\/\" \/>\n<meta property=\"og:locale\" content=\"en_US\" \/>\n<meta property=\"og:type\" content=\"article\" \/>\n<meta property=\"og:title\" content=\"Setembro Negro - Livraria Solmar - Livraria online\" \/>\n<meta property=\"og:description\" content=\"Setembro Negro\u00a0narra o florescimento de um rapaz de 12 anos, Gigio Bellandi, durante o ver\u00e3o de 1972: a descoberta da m\u00fasica, da leitura, da inquieta\u00e7\u00e3o, do desejo, do amor - e depois, a interrup\u00e7\u00e3o impens\u00e1vel e fulminante de tudo isso. Reconstr\u00f3i com precis\u00e3o v\u00edvida as imagens, os cheiros, as cores e os sons que animavam aquela vida que se perdeu e, ao contr\u00e1rio, por ter sido sofrido sem muitas explica\u00e7\u00f5es, o evento irrevers\u00edvel que a destr\u00f3i.  Em redor de Gigio, misturam-se v\u00edtimas e culpados, formando uma constela\u00e7\u00e3o de personagens comoventes e inesquec\u00edveis: o pai-trit\u00e3o, a m\u00e3e-leoa, a irm\u00e3zinha heroica e os dois principais respons\u00e1veis pelo seu s\u00fabito florescer: o tio Giotti, misterioso, extremamente t\u00edmido e pur\u00edssimo mestre da for\u00e7a, e Astel Raimondi, a menina das tran\u00e7as\u00a0negras como \u00f4nix negro, que chega a tempo de marc\u00e1-lo com o selo indel\u00e9vel do amor.  A voz narrativa \u00e9 a do pr\u00f3prio Gigio, do alto dos seus 60 anos, pois evidentemente ele conseguiu cicatrizar a ferida e seguir em frente, tornando-se assim o \u00faltimo dos\u00a0her\u00f3is normais, t\u00e3o caros a Veronesi.  Setembro Negro\u00a0\u00e9 tamb\u00e9m um livro sobre o poder redentor da palavra.\" \/>\n<meta property=\"og:url\" content=\"https:\/\/livrariasolmar.pt\/produto\/setembro-negro\/\" \/>\n<meta property=\"og:site_name\" content=\"Livraria Solmar - Livraria online\" \/>\n<meta property=\"article:modified_time\" content=\"2026-01-18T13:27:54+00:00\" \/>\n<meta property=\"og:image\" content=\"https:\/\/livrariasolmar.pt\/wp-content\/uploads\/2025\/11\/1540-1-32.jpg\" \/>\n\t<meta property=\"og:image:width\" content=\"340\" \/>\n\t<meta property=\"og:image:height\" content=\"340\" \/>\n<meta name=\"twitter:card\" content=\"summary_large_image\" \/>\n<script type=\"application\/ld+json\" class=\"yoast-schema-graph\">{\"@context\":\"https:\/\/schema.org\",\"@graph\":[{\"@type\":\"WebSite\",\"@id\":\"https:\/\/livrariasolmar.pt\/#website\",\"url\":\"https:\/\/livrariasolmar.pt\/\",\"name\":\"Livraria Solmar - Livraria online\",\"description\":\"Com\\u00e9rcio Livros E Objetos De Arte, Lda - Ponta Delgada, A\\u00e7ores\",\"potentialAction\":[{\"@type\":\"SearchAction\",\"target\":{\"@type\":\"EntryPoint\",\"urlTemplate\":\"https:\/\/livrariasolmar.pt\/?s={search_term_string}\"},\"query-input\":\"required name=search_term_string\"}],\"inLanguage\":\"en-US\"},{\"@type\":\"ImageObject\",\"@id\":\"https:\/\/livrariasolmar.pt\/produto\/setembro-negro\/#primaryimage\",\"inLanguage\":\"en-US\",\"url\":\"https:\/\/livrariasolmar.pt\/wp-content\/uploads\/2025\/11\/1540-1-32.jpg\",\"contentUrl\":\"https:\/\/livrariasolmar.pt\/wp-content\/uploads\/2025\/11\/1540-1-32.jpg\",\"width\":340,\"height\":340},{\"@type\":\"WebPage\",\"@id\":\"https:\/\/livrariasolmar.pt\/produto\/setembro-negro\/#webpage\",\"url\":\"https:\/\/livrariasolmar.pt\/produto\/setembro-negro\/\",\"name\":\"Setembro Negro - Livraria Solmar - Livraria online\",\"isPartOf\":{\"@id\":\"https:\/\/livrariasolmar.pt\/#website\"},\"primaryImageOfPage\":{\"@id\":\"https:\/\/livrariasolmar.pt\/produto\/setembro-negro\/#primaryimage\"},\"datePublished\":\"2025-11-02T13:58:12+00:00\",\"dateModified\":\"2026-01-18T13:27:54+00:00\",\"breadcrumb\":{\"@id\":\"https:\/\/livrariasolmar.pt\/produto\/setembro-negro\/#breadcrumb\"},\"inLanguage\":\"en-US\",\"potentialAction\":[{\"@type\":\"ReadAction\",\"target\":[\"https:\/\/livrariasolmar.pt\/produto\/setembro-negro\/\"]}]},{\"@type\":\"BreadcrumbList\",\"@id\":\"https:\/\/livrariasolmar.pt\/produto\/setembro-negro\/#breadcrumb\",\"itemListElement\":[{\"@type\":\"ListItem\",\"position\":1,\"name\":\"In\\u00edcio\",\"item\":\"https:\/\/livrariasolmar.pt\/en\/\"},{\"@type\":\"ListItem\",\"position\":2,\"name\":\"Shop\",\"item\":\"https:\/\/livrariasolmar.pt\/en\/shop\/\"},{\"@type\":\"ListItem\",\"position\":3,\"name\":\"Setembro Negro\"}]}]}<\/script>\n<!-- \/ Yoast SEO plugin. -->","_links":{"self":[{"href":"https:\/\/livrariasolmar.pt\/en\/wp-json\/wp\/v2\/product\/11086"}],"collection":[{"href":"https:\/\/livrariasolmar.pt\/en\/wp-json\/wp\/v2\/product"}],"about":[{"href":"https:\/\/livrariasolmar.pt\/en\/wp-json\/wp\/v2\/types\/product"}],"author":[{"embeddable":true,"href":"https:\/\/livrariasolmar.pt\/en\/wp-json\/wp\/v2\/users\/2"}],"wp:featuredmedia":[{"embeddable":true,"href":"https:\/\/livrariasolmar.pt\/en\/wp-json\/wp\/v2\/media\/11087"}],"wp:attachment":[{"href":"https:\/\/livrariasolmar.pt\/en\/wp-json\/wp\/v2\/media?parent=11086"}],"wp:term":[{"taxonomy":"product_cat","embeddable":true,"href":"https:\/\/livrariasolmar.pt\/en\/wp-json\/wp\/v2\/product_cat?post=11086"},{"taxonomy":"product_tag","embeddable":true,"href":"https:\/\/livrariasolmar.pt\/en\/wp-json\/wp\/v2\/product_tag?post=11086"},{"taxonomy":"cat_produtos","embeddable":true,"href":"https:\/\/livrariasolmar.pt\/en\/wp-json\/wp\/v2\/cat_produtos?post=11086"}],"curies":[{"name":"wp","href":"https:\/\/api.w.org\/{rel}","templated":true}]}}