{"id":11090,"date":"2025-11-02T14:17:19","date_gmt":"2025-11-02T14:17:19","guid":{"rendered":"https:\/\/livrariasolmar.pt\/?post_type=product&#038;p=11090"},"modified":"2025-12-24T17:42:57","modified_gmt":"2025-12-24T17:42:57","slug":"porque-se-enganam-os-intelectuais","status":"publish","type":"product","link":"https:\/\/livrariasolmar.pt\/en\/produto\/porque-se-enganam-os-intelectuais\/","title":{"rendered":"Porque se Enganam os Intelectuais"},"content":{"rendered":"","protected":false},"excerpt":{"rendered":"<p>Algumas ideias s\u00e3o t\u00e3o absurdas que s\u00f3 os intectuais podem acreditar nelas, disse George Orwell. E tinha raz\u00e3o. A intelig\u00eancia n\u00e3o protege contra o erro, e mais: a intelig\u00eancia pode predispor-nos a errar.<\/p>\n<p>Escrito pelo jovem e irreverente Samuel Fitoussi, ensa\u00edsta, colunista e investigador, este \u00e9 um dos livros que gerou discuss\u00e3o em Fran\u00e7a nos \u00faltimos tempos. Atrav\u00e9s da an\u00e1lise dos mecanismos sociais, culturais e cognitivos que levam os intelectuais \u00e0 cegueira, em detrimento da sociedade que pretendem iluminar, o autor mostra-nos como a ideologia pode impedir o c\u00e9rebro de funcionar adequadamente, pondo o poder argumentativo ao servi\u00e7o da m\u00e1-f\u00e9 e do conformismo.<\/p>\n<p>Mais: quando o debate se cinge ao virtuosismo do pensamento e do discurso, h\u00e1 terreno f\u00e9rtil para que o desejo de aprova\u00e7\u00e3o e o excesso de certezas nos distraiam completamente da busca pela verdade. A tese de Samuel Fitoussi vai, de resto, mais longe e mais fundo. Se at\u00e9 a Universidade, outrora um templo do conhecimento, corre hoje o risco de se tornar num mundo fechado, virado s\u00f3 para si mesmo, ou seja, um lugar onde a realidade da vida n\u00e3o entra, o que podemos esperar de bom?<\/p>\n<p>Alimentado pelo pensamento de George Orwell, Jean-Fran\u00e7ois Revel, Thomas Sowell, Raymond Aron e Steven Pinker, e tendo por base leituras cient\u00edficas e exemplos hist\u00f3ricos, Samuel Fitoussi desmonta o mito do absolutismo intelectual e d\u00e1-nos um livro em que as certezas n\u00e3o imperam e os argumentos estimulantes e impertinentes nos fazem, realmente, pensar.<\/p>\n","protected":false},"author":2,"featured_media":11091,"template":"","meta":[],"product_cat":[163],"product_tag":[],"cat_produtos":[],"yoast_head":"<!-- This site is optimized with the Yoast SEO plugin v16.6 - https:\/\/yoast.com\/wordpress\/plugins\/seo\/ -->\n<title>Porque se Enganam os Intelectuais - Livraria Solmar - Livraria online<\/title>\n<meta name=\"robots\" content=\"index, follow, max-snippet:-1, max-image-preview:large, max-video-preview:-1\" \/>\n<link rel=\"canonical\" href=\"https:\/\/livrariasolmar.pt\/en\/produto\/porque-se-enganam-os-intelectuais\/\" \/>\n<meta property=\"og:locale\" content=\"en_US\" \/>\n<meta property=\"og:type\" content=\"article\" \/>\n<meta property=\"og:title\" content=\"Porque se Enganam os Intelectuais - Livraria Solmar - Livraria online\" \/>\n<meta property=\"og:description\" content=\"Algumas ideias s\u00e3o t\u00e3o absurdas que s\u00f3 os intectuais podem acreditar nelas, disse George Orwell. E tinha raz\u00e3o. A intelig\u00eancia n\u00e3o protege contra o erro, e mais: a intelig\u00eancia pode predispor-nos a errar.  Escrito pelo jovem e irreverente Samuel Fitoussi, ensa\u00edsta, colunista e investigador, este \u00e9 um dos livros que gerou discuss\u00e3o em Fran\u00e7a nos \u00faltimos tempos. Atrav\u00e9s da an\u00e1lise dos mecanismos sociais, culturais e cognitivos que levam os intelectuais \u00e0 cegueira, em detrimento da sociedade que pretendem iluminar, o autor mostra-nos como a ideologia pode impedir o c\u00e9rebro de funcionar adequadamente, pondo o poder argumentativo ao servi\u00e7o da m\u00e1-f\u00e9 e do conformismo.  Mais: quando o debate se cinge ao virtuosismo do pensamento e do discurso, h\u00e1 terreno f\u00e9rtil para que o desejo de aprova\u00e7\u00e3o e o excesso de certezas nos distraiam completamente da busca pela verdade. A tese de Samuel Fitoussi vai, de resto, mais longe e mais fundo. Se at\u00e9 a Universidade, outrora um templo do conhecimento, corre hoje o risco de se tornar num mundo fechado, virado s\u00f3 para si mesmo, ou seja, um lugar onde a realidade da vida n\u00e3o entra, o que podemos esperar de bom?  Alimentado pelo pensamento de George Orwell, Jean-Fran\u00e7ois Revel, Thomas Sowell, Raymond Aron e Steven Pinker, e tendo por base leituras cient\u00edficas e exemplos hist\u00f3ricos, Samuel Fitoussi desmonta o mito do absolutismo intelectual e d\u00e1-nos um livro em que as certezas n\u00e3o imperam e os argumentos estimulantes e impertinentes nos fazem, realmente, pensar.\" \/>\n<meta property=\"og:url\" content=\"https:\/\/livrariasolmar.pt\/produto\/porque-se-enganam-os-intelectuais\/\" \/>\n<meta property=\"og:site_name\" content=\"Livraria Solmar - Livraria online\" \/>\n<meta property=\"article:modified_time\" content=\"2025-12-24T17:42:57+00:00\" \/>\n<meta property=\"og:image\" content=\"https:\/\/livrariasolmar.pt\/wp-content\/uploads\/2025\/11\/1540-1-33.jpg\" \/>\n\t<meta property=\"og:image:width\" content=\"340\" \/>\n\t<meta property=\"og:image:height\" content=\"340\" \/>\n<meta name=\"twitter:card\" content=\"summary_large_image\" \/>\n<script type=\"application\/ld+json\" class=\"yoast-schema-graph\">{\"@context\":\"https:\/\/schema.org\",\"@graph\":[{\"@type\":\"WebSite\",\"@id\":\"https:\/\/livrariasolmar.pt\/#website\",\"url\":\"https:\/\/livrariasolmar.pt\/\",\"name\":\"Livraria Solmar - Livraria online\",\"description\":\"Com\\u00e9rcio Livros E Objetos De Arte, Lda - Ponta Delgada, A\\u00e7ores\",\"potentialAction\":[{\"@type\":\"SearchAction\",\"target\":{\"@type\":\"EntryPoint\",\"urlTemplate\":\"https:\/\/livrariasolmar.pt\/?s={search_term_string}\"},\"query-input\":\"required name=search_term_string\"}],\"inLanguage\":\"en-US\"},{\"@type\":\"ImageObject\",\"@id\":\"https:\/\/livrariasolmar.pt\/produto\/porque-se-enganam-os-intelectuais\/#primaryimage\",\"inLanguage\":\"en-US\",\"url\":\"https:\/\/livrariasolmar.pt\/wp-content\/uploads\/2025\/11\/1540-1-33.jpg\",\"contentUrl\":\"https:\/\/livrariasolmar.pt\/wp-content\/uploads\/2025\/11\/1540-1-33.jpg\",\"width\":340,\"height\":340},{\"@type\":\"WebPage\",\"@id\":\"https:\/\/livrariasolmar.pt\/produto\/porque-se-enganam-os-intelectuais\/#webpage\",\"url\":\"https:\/\/livrariasolmar.pt\/produto\/porque-se-enganam-os-intelectuais\/\",\"name\":\"Porque se Enganam os Intelectuais - Livraria Solmar - Livraria online\",\"isPartOf\":{\"@id\":\"https:\/\/livrariasolmar.pt\/#website\"},\"primaryImageOfPage\":{\"@id\":\"https:\/\/livrariasolmar.pt\/produto\/porque-se-enganam-os-intelectuais\/#primaryimage\"},\"datePublished\":\"2025-11-02T14:17:19+00:00\",\"dateModified\":\"2025-12-24T17:42:57+00:00\",\"breadcrumb\":{\"@id\":\"https:\/\/livrariasolmar.pt\/produto\/porque-se-enganam-os-intelectuais\/#breadcrumb\"},\"inLanguage\":\"en-US\",\"potentialAction\":[{\"@type\":\"ReadAction\",\"target\":[\"https:\/\/livrariasolmar.pt\/produto\/porque-se-enganam-os-intelectuais\/\"]}]},{\"@type\":\"BreadcrumbList\",\"@id\":\"https:\/\/livrariasolmar.pt\/produto\/porque-se-enganam-os-intelectuais\/#breadcrumb\",\"itemListElement\":[{\"@type\":\"ListItem\",\"position\":1,\"name\":\"In\\u00edcio\",\"item\":\"https:\/\/livrariasolmar.pt\/en\/\"},{\"@type\":\"ListItem\",\"position\":2,\"name\":\"Shop\",\"item\":\"https:\/\/livrariasolmar.pt\/en\/shop\/\"},{\"@type\":\"ListItem\",\"position\":3,\"name\":\"Porque se Enganam os Intelectuais\"}]}]}<\/script>\n<!-- \/ Yoast SEO plugin. -->","_links":{"self":[{"href":"https:\/\/livrariasolmar.pt\/en\/wp-json\/wp\/v2\/product\/11090"}],"collection":[{"href":"https:\/\/livrariasolmar.pt\/en\/wp-json\/wp\/v2\/product"}],"about":[{"href":"https:\/\/livrariasolmar.pt\/en\/wp-json\/wp\/v2\/types\/product"}],"author":[{"embeddable":true,"href":"https:\/\/livrariasolmar.pt\/en\/wp-json\/wp\/v2\/users\/2"}],"wp:featuredmedia":[{"embeddable":true,"href":"https:\/\/livrariasolmar.pt\/en\/wp-json\/wp\/v2\/media\/11091"}],"wp:attachment":[{"href":"https:\/\/livrariasolmar.pt\/en\/wp-json\/wp\/v2\/media?parent=11090"}],"wp:term":[{"taxonomy":"product_cat","embeddable":true,"href":"https:\/\/livrariasolmar.pt\/en\/wp-json\/wp\/v2\/product_cat?post=11090"},{"taxonomy":"product_tag","embeddable":true,"href":"https:\/\/livrariasolmar.pt\/en\/wp-json\/wp\/v2\/product_tag?post=11090"},{"taxonomy":"cat_produtos","embeddable":true,"href":"https:\/\/livrariasolmar.pt\/en\/wp-json\/wp\/v2\/cat_produtos?post=11090"}],"curies":[{"name":"wp","href":"https:\/\/api.w.org\/{rel}","templated":true}]}}