{"id":11102,"date":"2025-11-11T15:35:58","date_gmt":"2025-11-11T15:35:58","guid":{"rendered":"https:\/\/livrariasolmar.pt\/?post_type=product&#038;p=11102"},"modified":"2026-02-08T17:56:17","modified_gmt":"2026-02-08T17:56:17","slug":"a-montanha","status":"publish","type":"product","link":"https:\/\/livrariasolmar.pt\/en\/produto\/a-montanha\/","title":{"rendered":"A Montanha"},"content":{"rendered":"","protected":false},"excerpt":{"rendered":"<p>Este \u00e9 o aguardado regresso de Jos\u00e9 Lu\u00eds Peixoto ao romance, depois de\u00a0<i>Almo\u00e7o de Domingo<\/i>: vidas que enfrentam a fragilidade.<\/p>\n<p>Este \u00e9 um romance habitado por homens e mulheres de v\u00e1rias idades, com origem em diversos contextos, de Mo\u00e7ambique \u00e0 Venezuela, de Ponte de Lima a Oliveira de Azem\u00e9is, que t\u00eam em comum a sua condi\u00e7\u00e3o de pacientes no Instituto Portugu\u00eas de Oncologia do Porto. Um escritor viaja pelo mundo e, nesse turbilh\u00e3o, tenta construir um romance com todas as hist\u00f3rias que lhe foram confiadas, at\u00e9 que o impens\u00e1vel acontece.<\/p>\n<p>Do hiper-realismo, documental e autobiogr\u00e1fico, ao surrealismo, \u00e0 alucina\u00e7\u00e3o e ao del\u00edrio,\u00a0<i>A Montanha<\/i>\u00a0\u00e9 um romance de enorme ambi\u00e7\u00e3o, que resgata momentos de profunda empatia e ternura, que revela o ser humano tanto na sua fragilidade como na sua m\u00e1xima for\u00e7a.<\/p>\n<p>Surpreendente nas m\u00faltiplas dimens\u00f5es que prop\u00f5e, este romance \u00e9 um extraordin\u00e1rio\u00a0<i>tour de force<\/i>\u00a0liter\u00e1rio, um marco muito alto na obra de um dos mais importantes escritores portugueses contempor\u00e2neos e, sem d\u00favida, uma refer\u00eancia inesquec\u00edvel na bagagem de qualquer leitor.<\/p>\n","protected":false},"author":2,"featured_media":11103,"template":"","meta":[],"product_cat":[153],"product_tag":[],"cat_produtos":[1831],"yoast_head":"<!-- This site is optimized with the Yoast SEO plugin v16.6 - https:\/\/yoast.com\/wordpress\/plugins\/seo\/ -->\n<title>A Montanha - Livraria Solmar - Livraria online<\/title>\n<meta name=\"robots\" content=\"index, follow, max-snippet:-1, max-image-preview:large, max-video-preview:-1\" \/>\n<link rel=\"canonical\" href=\"https:\/\/livrariasolmar.pt\/en\/produto\/a-montanha\/\" \/>\n<meta property=\"og:locale\" content=\"en_US\" \/>\n<meta property=\"og:type\" content=\"article\" \/>\n<meta property=\"og:title\" content=\"A Montanha - Livraria Solmar - Livraria online\" \/>\n<meta property=\"og:description\" content=\"Este \u00e9 o aguardado regresso de Jos\u00e9 Lu\u00eds Peixoto ao romance, depois de\u00a0Almo\u00e7o de Domingo: vidas que enfrentam a fragilidade.  Este \u00e9 um romance habitado por homens e mulheres de v\u00e1rias idades, com origem em diversos contextos, de Mo\u00e7ambique \u00e0 Venezuela, de Ponte de Lima a Oliveira de Azem\u00e9is, que t\u00eam em comum a sua condi\u00e7\u00e3o de pacientes no Instituto Portugu\u00eas de Oncologia do Porto. Um escritor viaja pelo mundo e, nesse turbilh\u00e3o, tenta construir um romance com todas as hist\u00f3rias que lhe foram confiadas, at\u00e9 que o impens\u00e1vel acontece.  Do hiper-realismo, documental e autobiogr\u00e1fico, ao surrealismo, \u00e0 alucina\u00e7\u00e3o e ao del\u00edrio,\u00a0A Montanha\u00a0\u00e9 um romance de enorme ambi\u00e7\u00e3o, que resgata momentos de profunda empatia e ternura, que revela o ser humano tanto na sua fragilidade como na sua m\u00e1xima for\u00e7a.  Surpreendente nas m\u00faltiplas dimens\u00f5es que prop\u00f5e, este romance \u00e9 um extraordin\u00e1rio\u00a0tour de force\u00a0liter\u00e1rio, um marco muito alto na obra de um dos mais importantes escritores portugueses contempor\u00e2neos e, sem d\u00favida, uma refer\u00eancia inesquec\u00edvel na bagagem de qualquer leitor.\" \/>\n<meta property=\"og:url\" content=\"https:\/\/livrariasolmar.pt\/produto\/a-montanha\/\" \/>\n<meta property=\"og:site_name\" content=\"Livraria Solmar - Livraria online\" \/>\n<meta property=\"article:modified_time\" content=\"2026-02-08T17:56:17+00:00\" \/>\n<meta property=\"og:image\" content=\"https:\/\/livrariasolmar.pt\/wp-content\/uploads\/2025\/11\/1507-1-12.jpg\" \/>\n\t<meta property=\"og:image:width\" content=\"400\" \/>\n\t<meta property=\"og:image:height\" content=\"626\" \/>\n<meta name=\"twitter:card\" content=\"summary_large_image\" \/>\n<script type=\"application\/ld+json\" class=\"yoast-schema-graph\">{\"@context\":\"https:\/\/schema.org\",\"@graph\":[{\"@type\":\"WebSite\",\"@id\":\"https:\/\/livrariasolmar.pt\/#website\",\"url\":\"https:\/\/livrariasolmar.pt\/\",\"name\":\"Livraria Solmar - Livraria online\",\"description\":\"Com\\u00e9rcio Livros E Objetos De Arte, Lda - Ponta Delgada, A\\u00e7ores\",\"potentialAction\":[{\"@type\":\"SearchAction\",\"target\":{\"@type\":\"EntryPoint\",\"urlTemplate\":\"https:\/\/livrariasolmar.pt\/?s={search_term_string}\"},\"query-input\":\"required name=search_term_string\"}],\"inLanguage\":\"en-US\"},{\"@type\":\"ImageObject\",\"@id\":\"https:\/\/livrariasolmar.pt\/produto\/a-montanha\/#primaryimage\",\"inLanguage\":\"en-US\",\"url\":\"https:\/\/livrariasolmar.pt\/wp-content\/uploads\/2025\/11\/1507-1-12.jpg\",\"contentUrl\":\"https:\/\/livrariasolmar.pt\/wp-content\/uploads\/2025\/11\/1507-1-12.jpg\",\"width\":400,\"height\":626},{\"@type\":\"WebPage\",\"@id\":\"https:\/\/livrariasolmar.pt\/produto\/a-montanha\/#webpage\",\"url\":\"https:\/\/livrariasolmar.pt\/produto\/a-montanha\/\",\"name\":\"A Montanha - Livraria Solmar - Livraria online\",\"isPartOf\":{\"@id\":\"https:\/\/livrariasolmar.pt\/#website\"},\"primaryImageOfPage\":{\"@id\":\"https:\/\/livrariasolmar.pt\/produto\/a-montanha\/#primaryimage\"},\"datePublished\":\"2025-11-11T15:35:58+00:00\",\"dateModified\":\"2026-02-08T17:56:17+00:00\",\"breadcrumb\":{\"@id\":\"https:\/\/livrariasolmar.pt\/produto\/a-montanha\/#breadcrumb\"},\"inLanguage\":\"en-US\",\"potentialAction\":[{\"@type\":\"ReadAction\",\"target\":[\"https:\/\/livrariasolmar.pt\/produto\/a-montanha\/\"]}]},{\"@type\":\"BreadcrumbList\",\"@id\":\"https:\/\/livrariasolmar.pt\/produto\/a-montanha\/#breadcrumb\",\"itemListElement\":[{\"@type\":\"ListItem\",\"position\":1,\"name\":\"In\\u00edcio\",\"item\":\"https:\/\/livrariasolmar.pt\/en\/\"},{\"@type\":\"ListItem\",\"position\":2,\"name\":\"Shop\",\"item\":\"https:\/\/livrariasolmar.pt\/en\/shop\/\"},{\"@type\":\"ListItem\",\"position\":3,\"name\":\"A Montanha\"}]}]}<\/script>\n<!-- \/ Yoast SEO plugin. -->","_links":{"self":[{"href":"https:\/\/livrariasolmar.pt\/en\/wp-json\/wp\/v2\/product\/11102"}],"collection":[{"href":"https:\/\/livrariasolmar.pt\/en\/wp-json\/wp\/v2\/product"}],"about":[{"href":"https:\/\/livrariasolmar.pt\/en\/wp-json\/wp\/v2\/types\/product"}],"author":[{"embeddable":true,"href":"https:\/\/livrariasolmar.pt\/en\/wp-json\/wp\/v2\/users\/2"}],"wp:featuredmedia":[{"embeddable":true,"href":"https:\/\/livrariasolmar.pt\/en\/wp-json\/wp\/v2\/media\/11103"}],"wp:attachment":[{"href":"https:\/\/livrariasolmar.pt\/en\/wp-json\/wp\/v2\/media?parent=11102"}],"wp:term":[{"taxonomy":"product_cat","embeddable":true,"href":"https:\/\/livrariasolmar.pt\/en\/wp-json\/wp\/v2\/product_cat?post=11102"},{"taxonomy":"product_tag","embeddable":true,"href":"https:\/\/livrariasolmar.pt\/en\/wp-json\/wp\/v2\/product_tag?post=11102"},{"taxonomy":"cat_produtos","embeddable":true,"href":"https:\/\/livrariasolmar.pt\/en\/wp-json\/wp\/v2\/cat_produtos?post=11102"}],"curies":[{"name":"wp","href":"https:\/\/api.w.org\/{rel}","templated":true}]}}