{"id":11105,"date":"2025-11-11T15:39:32","date_gmt":"2025-11-11T15:39:32","guid":{"rendered":"https:\/\/livrariasolmar.pt\/?post_type=product&#038;p=11105"},"modified":"2026-02-24T15:33:45","modified_gmt":"2026-02-24T15:33:45","slug":"mundo-para-quieto","status":"publish","type":"product","link":"https:\/\/livrariasolmar.pt\/en\/produto\/mundo-para-quieto\/","title":{"rendered":"Mundo, P\u00e1ra Quieto"},"content":{"rendered":"","protected":false},"excerpt":{"rendered":"<p>Cr\u00f3nicas in\u00e9ditas em Portugal, selecionadas entre todas as que o humorista escreveu entre 2020 e 2025 para o jornal\u00a0<i>Folha de S. Paulo<\/i>.<\/p>\n<p>\u00abO Papa n\u00e3o s\u00f3 n\u00e3o queria repreender-nos como leu um discurso em que dizia que era poss\u00edvel rir de tudo, at\u00e9 de Deus. Olhei para a Guarda Su\u00ed\u00e7a. Os guardas nem se mexeram. Nenhuma vontade de castigar aquela heresia. Ao que tudo indicava, n\u00e3o era uma heresia. Olhei para cima. Nos tetos ricamente pintados vi o C\u00e9u. Uma pessoa que eu conhe\u00e7o est\u00e1 l\u00e1. Teria ela ouvido o Papa a dizer que \u00e9 l\u00edcito rir de tudo? \u00c9 que eu levei algumas chineladas no rabo por ela ter a opini\u00e3o contr\u00e1ria. Receio que esteja arrependida. N\u00e3o precisa. Tudo est\u00e1 perdoado. Sempre esteve.\u00bb<\/p>\n","protected":false},"author":2,"featured_media":11114,"template":"","meta":[],"product_cat":[15],"product_tag":[],"cat_produtos":[1832],"yoast_head":"<!-- This site is optimized with the Yoast SEO plugin v16.6 - https:\/\/yoast.com\/wordpress\/plugins\/seo\/ -->\n<title>Mundo, P\u00e1ra Quieto - Livraria Solmar - Livraria online<\/title>\n<meta name=\"robots\" content=\"index, follow, max-snippet:-1, max-image-preview:large, max-video-preview:-1\" \/>\n<link rel=\"canonical\" href=\"https:\/\/livrariasolmar.pt\/en\/produto\/mundo-para-quieto\/\" \/>\n<meta property=\"og:locale\" content=\"en_US\" \/>\n<meta property=\"og:type\" content=\"article\" \/>\n<meta property=\"og:title\" content=\"Mundo, P\u00e1ra Quieto - Livraria Solmar - Livraria online\" \/>\n<meta property=\"og:description\" content=\"Cr\u00f3nicas in\u00e9ditas em Portugal, selecionadas entre todas as que o humorista escreveu entre 2020 e 2025 para o jornal\u00a0Folha de S. Paulo.  \u00abO Papa n\u00e3o s\u00f3 n\u00e3o queria repreender-nos como leu um discurso em que dizia que era poss\u00edvel rir de tudo, at\u00e9 de Deus. Olhei para a Guarda Su\u00ed\u00e7a. Os guardas nem se mexeram. Nenhuma vontade de castigar aquela heresia. Ao que tudo indicava, n\u00e3o era uma heresia. Olhei para cima. Nos tetos ricamente pintados vi o C\u00e9u. Uma pessoa que eu conhe\u00e7o est\u00e1 l\u00e1. Teria ela ouvido o Papa a dizer que \u00e9 l\u00edcito rir de tudo? \u00c9 que eu levei algumas chineladas no rabo por ela ter a opini\u00e3o contr\u00e1ria. Receio que esteja arrependida. N\u00e3o precisa. Tudo est\u00e1 perdoado. Sempre esteve.\u00bb\" \/>\n<meta property=\"og:url\" content=\"https:\/\/livrariasolmar.pt\/produto\/mundo-para-quieto\/\" \/>\n<meta property=\"og:site_name\" content=\"Livraria Solmar - Livraria online\" \/>\n<meta property=\"article:modified_time\" content=\"2026-02-24T15:33:45+00:00\" \/>\n<meta property=\"og:image\" content=\"https:\/\/livrariasolmar.pt\/wp-content\/uploads\/2025\/11\/575099546_1309917717812878_1304060692288757306_n.jpg\" \/>\n\t<meta property=\"og:image:width\" content=\"600\" \/>\n\t<meta property=\"og:image:height\" content=\"900\" \/>\n<meta name=\"twitter:card\" content=\"summary_large_image\" \/>\n<script type=\"application\/ld+json\" class=\"yoast-schema-graph\">{\"@context\":\"https:\/\/schema.org\",\"@graph\":[{\"@type\":\"WebSite\",\"@id\":\"https:\/\/livrariasolmar.pt\/#website\",\"url\":\"https:\/\/livrariasolmar.pt\/\",\"name\":\"Livraria Solmar - Livraria online\",\"description\":\"Com\\u00e9rcio Livros E Objetos De Arte, Lda - Ponta Delgada, A\\u00e7ores\",\"potentialAction\":[{\"@type\":\"SearchAction\",\"target\":{\"@type\":\"EntryPoint\",\"urlTemplate\":\"https:\/\/livrariasolmar.pt\/?s={search_term_string}\"},\"query-input\":\"required name=search_term_string\"}],\"inLanguage\":\"en-US\"},{\"@type\":\"ImageObject\",\"@id\":\"https:\/\/livrariasolmar.pt\/produto\/mundo-para-quieto\/#primaryimage\",\"inLanguage\":\"en-US\",\"url\":\"https:\/\/livrariasolmar.pt\/wp-content\/uploads\/2025\/11\/575099546_1309917717812878_1304060692288757306_n.jpg\",\"contentUrl\":\"https:\/\/livrariasolmar.pt\/wp-content\/uploads\/2025\/11\/575099546_1309917717812878_1304060692288757306_n.jpg\",\"width\":600,\"height\":900},{\"@type\":\"WebPage\",\"@id\":\"https:\/\/livrariasolmar.pt\/produto\/mundo-para-quieto\/#webpage\",\"url\":\"https:\/\/livrariasolmar.pt\/produto\/mundo-para-quieto\/\",\"name\":\"Mundo, P\\u00e1ra Quieto - Livraria Solmar - Livraria online\",\"isPartOf\":{\"@id\":\"https:\/\/livrariasolmar.pt\/#website\"},\"primaryImageOfPage\":{\"@id\":\"https:\/\/livrariasolmar.pt\/produto\/mundo-para-quieto\/#primaryimage\"},\"datePublished\":\"2025-11-11T15:39:32+00:00\",\"dateModified\":\"2026-02-24T15:33:45+00:00\",\"breadcrumb\":{\"@id\":\"https:\/\/livrariasolmar.pt\/produto\/mundo-para-quieto\/#breadcrumb\"},\"inLanguage\":\"en-US\",\"potentialAction\":[{\"@type\":\"ReadAction\",\"target\":[\"https:\/\/livrariasolmar.pt\/produto\/mundo-para-quieto\/\"]}]},{\"@type\":\"BreadcrumbList\",\"@id\":\"https:\/\/livrariasolmar.pt\/produto\/mundo-para-quieto\/#breadcrumb\",\"itemListElement\":[{\"@type\":\"ListItem\",\"position\":1,\"name\":\"In\\u00edcio\",\"item\":\"https:\/\/livrariasolmar.pt\/en\/\"},{\"@type\":\"ListItem\",\"position\":2,\"name\":\"Shop\",\"item\":\"https:\/\/livrariasolmar.pt\/en\/shop\/\"},{\"@type\":\"ListItem\",\"position\":3,\"name\":\"Mundo, P\\u00e1ra Quieto\"}]}]}<\/script>\n<!-- \/ Yoast SEO plugin. -->","_links":{"self":[{"href":"https:\/\/livrariasolmar.pt\/en\/wp-json\/wp\/v2\/product\/11105"}],"collection":[{"href":"https:\/\/livrariasolmar.pt\/en\/wp-json\/wp\/v2\/product"}],"about":[{"href":"https:\/\/livrariasolmar.pt\/en\/wp-json\/wp\/v2\/types\/product"}],"author":[{"embeddable":true,"href":"https:\/\/livrariasolmar.pt\/en\/wp-json\/wp\/v2\/users\/2"}],"wp:featuredmedia":[{"embeddable":true,"href":"https:\/\/livrariasolmar.pt\/en\/wp-json\/wp\/v2\/media\/11114"}],"wp:attachment":[{"href":"https:\/\/livrariasolmar.pt\/en\/wp-json\/wp\/v2\/media?parent=11105"}],"wp:term":[{"taxonomy":"product_cat","embeddable":true,"href":"https:\/\/livrariasolmar.pt\/en\/wp-json\/wp\/v2\/product_cat?post=11105"},{"taxonomy":"product_tag","embeddable":true,"href":"https:\/\/livrariasolmar.pt\/en\/wp-json\/wp\/v2\/product_tag?post=11105"},{"taxonomy":"cat_produtos","embeddable":true,"href":"https:\/\/livrariasolmar.pt\/en\/wp-json\/wp\/v2\/cat_produtos?post=11105"}],"curies":[{"name":"wp","href":"https:\/\/api.w.org\/{rel}","templated":true}]}}