{"id":11108,"date":"2025-11-11T15:43:09","date_gmt":"2025-11-11T15:43:09","guid":{"rendered":"https:\/\/livrariasolmar.pt\/?post_type=product&#038;p=11108"},"modified":"2026-02-08T17:55:59","modified_gmt":"2026-02-08T17:55:59","slug":"inventario-da-solidao","status":"publish","type":"product","link":"https:\/\/livrariasolmar.pt\/en\/produto\/inventario-da-solidao\/","title":{"rendered":"Invent\u00e1rio da Solid\u00e3o"},"content":{"rendered":"","protected":false},"excerpt":{"rendered":"<p>Ao fim de quase quarenta anos de sil\u00eancios e aus\u00eancias, um antigo grupo de colegas da faculdade re\u00fane-se na Irlanda para um \u00faltimo adeus a Rebecca Connelly, cuja morte, s\u00fabita e inesperada, traz ao de cima fantasmas h\u00e1 muito enterrados.<br \/>\nDe todos a mais intr\u00e9pida, mas tamb\u00e9m a mais inconstante, ningu\u00e9m poderia imaginar o rumo que a vida de Becca levaria, nem a devasta\u00e7\u00e3o que traria na sua esteira. Ningu\u00e9m, excepto o rapaz que a amou durante os tempos de faculdade &#8211; o narrador, agora sexagen\u00e1rio, que tenta ainda fazer sentido de todos os caminhos que trilharam o seu destino.<br \/>\nSer\u00e1 que na revisita\u00e7\u00e3o desse passado de segredos encontrar\u00e1 resposta para a solid\u00e3o que o consome? Conseguir\u00e1 ele, com a morte do seu primeiro amor, apaziguar-se com o rapaz que foi e o homem que se tornou?<br \/>\nMais do que um romance sobre o vazio que os grandes amores deixam em n\u00f3s quando terminam, Invent\u00e1rio da solid\u00e3o \u00e9 um livro poderoso sobre as doen\u00e7as invis\u00edveis que corroem o esp\u00edrito, as mat\u00e9rias perigosas de que todos somos feitos.<\/p>\n","protected":false},"author":2,"featured_media":11111,"template":"","meta":[],"product_cat":[153,190],"product_tag":[],"cat_produtos":[1564],"yoast_head":"<!-- This site is optimized with the Yoast SEO plugin v16.6 - https:\/\/yoast.com\/wordpress\/plugins\/seo\/ -->\n<title>Invent\u00e1rio da Solid\u00e3o - Livraria Solmar - Livraria online<\/title>\n<meta name=\"robots\" content=\"index, follow, max-snippet:-1, max-image-preview:large, max-video-preview:-1\" \/>\n<link rel=\"canonical\" href=\"https:\/\/livrariasolmar.pt\/en\/produto\/inventario-da-solidao\/\" \/>\n<meta property=\"og:locale\" content=\"en_US\" \/>\n<meta property=\"og:type\" content=\"article\" \/>\n<meta property=\"og:title\" content=\"Invent\u00e1rio da Solid\u00e3o - Livraria Solmar - Livraria online\" \/>\n<meta property=\"og:description\" content=\"Ao fim de quase quarenta anos de sil\u00eancios e aus\u00eancias, um antigo grupo de colegas da faculdade re\u00fane-se na Irlanda para um \u00faltimo adeus a Rebecca Connelly, cuja morte, s\u00fabita e inesperada, traz ao de cima fantasmas h\u00e1 muito enterrados. De todos a mais intr\u00e9pida, mas tamb\u00e9m a mais inconstante, ningu\u00e9m poderia imaginar o rumo que a vida de Becca levaria, nem a devasta\u00e7\u00e3o que traria na sua esteira. Ningu\u00e9m, excepto o rapaz que a amou durante os tempos de faculdade - o narrador, agora sexagen\u00e1rio, que tenta ainda fazer sentido de todos os caminhos que trilharam o seu destino. Ser\u00e1 que na revisita\u00e7\u00e3o desse passado de segredos encontrar\u00e1 resposta para a solid\u00e3o que o consome? Conseguir\u00e1 ele, com a morte do seu primeiro amor, apaziguar-se com o rapaz que foi e o homem que se tornou? Mais do que um romance sobre o vazio que os grandes amores deixam em n\u00f3s quando terminam, Invent\u00e1rio da solid\u00e3o \u00e9 um livro poderoso sobre as doen\u00e7as invis\u00edveis que corroem o esp\u00edrito, as mat\u00e9rias perigosas de que todos somos feitos.\" \/>\n<meta property=\"og:url\" content=\"https:\/\/livrariasolmar.pt\/produto\/inventario-da-solidao\/\" \/>\n<meta property=\"og:site_name\" content=\"Livraria Solmar - Livraria online\" \/>\n<meta property=\"article:modified_time\" content=\"2026-02-08T17:55:59+00:00\" \/>\n<meta property=\"og:image\" content=\"https:\/\/livrariasolmar.pt\/wp-content\/uploads\/2025\/11\/images.jpg\" \/>\n\t<meta property=\"og:image:width\" content=\"690\" \/>\n\t<meta property=\"og:image:height\" content=\"1080\" \/>\n<meta name=\"twitter:card\" content=\"summary_large_image\" \/>\n<script type=\"application\/ld+json\" class=\"yoast-schema-graph\">{\"@context\":\"https:\/\/schema.org\",\"@graph\":[{\"@type\":\"WebSite\",\"@id\":\"https:\/\/livrariasolmar.pt\/#website\",\"url\":\"https:\/\/livrariasolmar.pt\/\",\"name\":\"Livraria Solmar - Livraria online\",\"description\":\"Com\\u00e9rcio Livros E Objetos De Arte, Lda - Ponta Delgada, A\\u00e7ores\",\"potentialAction\":[{\"@type\":\"SearchAction\",\"target\":{\"@type\":\"EntryPoint\",\"urlTemplate\":\"https:\/\/livrariasolmar.pt\/?s={search_term_string}\"},\"query-input\":\"required name=search_term_string\"}],\"inLanguage\":\"en-US\"},{\"@type\":\"ImageObject\",\"@id\":\"https:\/\/livrariasolmar.pt\/produto\/inventario-da-solidao\/#primaryimage\",\"inLanguage\":\"en-US\",\"url\":\"https:\/\/livrariasolmar.pt\/wp-content\/uploads\/2025\/11\/images.jpg\",\"contentUrl\":\"https:\/\/livrariasolmar.pt\/wp-content\/uploads\/2025\/11\/images.jpg\",\"width\":690,\"height\":1080},{\"@type\":\"WebPage\",\"@id\":\"https:\/\/livrariasolmar.pt\/produto\/inventario-da-solidao\/#webpage\",\"url\":\"https:\/\/livrariasolmar.pt\/produto\/inventario-da-solidao\/\",\"name\":\"Invent\\u00e1rio da Solid\\u00e3o - Livraria Solmar - Livraria online\",\"isPartOf\":{\"@id\":\"https:\/\/livrariasolmar.pt\/#website\"},\"primaryImageOfPage\":{\"@id\":\"https:\/\/livrariasolmar.pt\/produto\/inventario-da-solidao\/#primaryimage\"},\"datePublished\":\"2025-11-11T15:43:09+00:00\",\"dateModified\":\"2026-02-08T17:55:59+00:00\",\"breadcrumb\":{\"@id\":\"https:\/\/livrariasolmar.pt\/produto\/inventario-da-solidao\/#breadcrumb\"},\"inLanguage\":\"en-US\",\"potentialAction\":[{\"@type\":\"ReadAction\",\"target\":[\"https:\/\/livrariasolmar.pt\/produto\/inventario-da-solidao\/\"]}]},{\"@type\":\"BreadcrumbList\",\"@id\":\"https:\/\/livrariasolmar.pt\/produto\/inventario-da-solidao\/#breadcrumb\",\"itemListElement\":[{\"@type\":\"ListItem\",\"position\":1,\"name\":\"In\\u00edcio\",\"item\":\"https:\/\/livrariasolmar.pt\/en\/\"},{\"@type\":\"ListItem\",\"position\":2,\"name\":\"Shop\",\"item\":\"https:\/\/livrariasolmar.pt\/en\/shop\/\"},{\"@type\":\"ListItem\",\"position\":3,\"name\":\"Invent\\u00e1rio da Solid\\u00e3o\"}]}]}<\/script>\n<!-- \/ Yoast SEO plugin. -->","_links":{"self":[{"href":"https:\/\/livrariasolmar.pt\/en\/wp-json\/wp\/v2\/product\/11108"}],"collection":[{"href":"https:\/\/livrariasolmar.pt\/en\/wp-json\/wp\/v2\/product"}],"about":[{"href":"https:\/\/livrariasolmar.pt\/en\/wp-json\/wp\/v2\/types\/product"}],"author":[{"embeddable":true,"href":"https:\/\/livrariasolmar.pt\/en\/wp-json\/wp\/v2\/users\/2"}],"wp:featuredmedia":[{"embeddable":true,"href":"https:\/\/livrariasolmar.pt\/en\/wp-json\/wp\/v2\/media\/11111"}],"wp:attachment":[{"href":"https:\/\/livrariasolmar.pt\/en\/wp-json\/wp\/v2\/media?parent=11108"}],"wp:term":[{"taxonomy":"product_cat","embeddable":true,"href":"https:\/\/livrariasolmar.pt\/en\/wp-json\/wp\/v2\/product_cat?post=11108"},{"taxonomy":"product_tag","embeddable":true,"href":"https:\/\/livrariasolmar.pt\/en\/wp-json\/wp\/v2\/product_tag?post=11108"},{"taxonomy":"cat_produtos","embeddable":true,"href":"https:\/\/livrariasolmar.pt\/en\/wp-json\/wp\/v2\/cat_produtos?post=11108"}],"curies":[{"name":"wp","href":"https:\/\/api.w.org\/{rel}","templated":true}]}}