{"id":11117,"date":"2025-11-11T16:22:43","date_gmt":"2025-11-11T16:22:43","guid":{"rendered":"https:\/\/livrariasolmar.pt\/?post_type=product&#038;p=11117"},"modified":"2026-01-17T19:34:57","modified_gmt":"2026-01-17T19:34:57","slug":"o-segredo-dos-segredos-2","status":"publish","type":"product","link":"https:\/\/livrariasolmar.pt\/en\/produto\/o-segredo-dos-segredos-2\/","title":{"rendered":"O Segredo dos Segredos"},"content":{"rendered":"","protected":false},"excerpt":{"rendered":"<p>O mestre do\u00a0<i>thriller<\/i>\u00a0est\u00e1 de volta com um novo e extraordin\u00e1rio romance\u2014 uma obra-prima intensa, repleta de reviravoltas e de enigmas por decifrar, que vai entreter os leitores como s\u00f3 Dan Brown sabe fazer.<\/p>\n<p>Robert Langdon, prestigiado professor de simbologia, viaja at\u00e9 Praga para assistir a uma palestra inovadora de Katherine Solomon, uma cientista reconhecida no campo da no\u00e9tica, com quem come\u00e7ou recentemente um relacionamento amoroso. Katherine est\u00e1 prestes a publicar uma obra revolucion\u00e1ria, cujas explosivas revela\u00e7\u00f5es sobre a natureza da consci\u00eancia humana amea\u00e7am abalar s\u00e9culos de cren\u00e7as estabelecidas.<\/p>\n<p>Quando um terr\u00edvel assass\u00ednio provoca o caos, Katherine desaparece sem deixar rasto e o seu manuscrito \u00e9 destru\u00eddo. Desesperado por encontrar a mulher que ama, Langdon embarca numa corrida contra o tempo pela m\u00edstica Praga, enquanto \u00e9 implacavelmente perseguido por uma poderosa organiza\u00e7\u00e3o e uma criatura assustadora sa\u00edda das mais antigas lendas da cidade.<\/p>\n<p>De Praga a Nova Iorque, passando por Londres, Langdon mergulha nos mundos da ci\u00eancia mais avan\u00e7ada e da tradi\u00e7\u00e3o hist\u00f3rica, navegando por um labirinto de c\u00f3digos e s\u00edmbolos, at\u00e9 finalmente desvendar uma verdade perturbadora sobre um projeto secreto que mudar\u00e1 para sempre a nossa vis\u00e3o da mente humana.<\/p>\n","protected":false},"author":2,"featured_media":11129,"template":"","meta":[],"product_cat":[153,190,588],"product_tag":[],"cat_produtos":[1833],"yoast_head":"<!-- This site is optimized with the Yoast SEO plugin v16.6 - https:\/\/yoast.com\/wordpress\/plugins\/seo\/ -->\n<title>O Segredo dos Segredos - Livraria Solmar - Livraria online<\/title>\n<meta name=\"robots\" content=\"index, follow, max-snippet:-1, max-image-preview:large, max-video-preview:-1\" \/>\n<link rel=\"canonical\" href=\"https:\/\/livrariasolmar.pt\/en\/produto\/o-segredo-dos-segredos-2\/\" \/>\n<meta property=\"og:locale\" content=\"en_US\" \/>\n<meta property=\"og:type\" content=\"article\" \/>\n<meta property=\"og:title\" content=\"O Segredo dos Segredos - Livraria Solmar - Livraria online\" \/>\n<meta property=\"og:description\" content=\"O mestre do\u00a0thriller\u00a0est\u00e1 de volta com um novo e extraordin\u00e1rio romance\u2014 uma obra-prima intensa, repleta de reviravoltas e de enigmas por decifrar, que vai entreter os leitores como s\u00f3 Dan Brown sabe fazer.  Robert Langdon, prestigiado professor de simbologia, viaja at\u00e9 Praga para assistir a uma palestra inovadora de Katherine Solomon, uma cientista reconhecida no campo da no\u00e9tica, com quem come\u00e7ou recentemente um relacionamento amoroso. Katherine est\u00e1 prestes a publicar uma obra revolucion\u00e1ria, cujas explosivas revela\u00e7\u00f5es sobre a natureza da consci\u00eancia humana amea\u00e7am abalar s\u00e9culos de cren\u00e7as estabelecidas.  Quando um terr\u00edvel assass\u00ednio provoca o caos, Katherine desaparece sem deixar rasto e o seu manuscrito \u00e9 destru\u00eddo. Desesperado por encontrar a mulher que ama, Langdon embarca numa corrida contra o tempo pela m\u00edstica Praga, enquanto \u00e9 implacavelmente perseguido por uma poderosa organiza\u00e7\u00e3o e uma criatura assustadora sa\u00edda das mais antigas lendas da cidade.  De Praga a Nova Iorque, passando por Londres, Langdon mergulha nos mundos da ci\u00eancia mais avan\u00e7ada e da tradi\u00e7\u00e3o hist\u00f3rica, navegando por um labirinto de c\u00f3digos e s\u00edmbolos, at\u00e9 finalmente desvendar uma verdade perturbadora sobre um projeto secreto que mudar\u00e1 para sempre a nossa vis\u00e3o da mente humana.\" \/>\n<meta property=\"og:url\" content=\"https:\/\/livrariasolmar.pt\/produto\/o-segredo-dos-segredos-2\/\" \/>\n<meta property=\"og:site_name\" content=\"Livraria Solmar - Livraria online\" \/>\n<meta property=\"article:modified_time\" content=\"2026-01-17T19:34:57+00:00\" \/>\n<meta property=\"og:image\" content=\"https:\/\/livrariasolmar.pt\/wp-content\/uploads\/2025\/11\/images-1.jpg\" \/>\n\t<meta property=\"og:image:width\" content=\"712\" \/>\n\t<meta property=\"og:image:height\" content=\"1080\" \/>\n<meta name=\"twitter:card\" content=\"summary_large_image\" \/>\n<script type=\"application\/ld+json\" class=\"yoast-schema-graph\">{\"@context\":\"https:\/\/schema.org\",\"@graph\":[{\"@type\":\"WebSite\",\"@id\":\"https:\/\/livrariasolmar.pt\/#website\",\"url\":\"https:\/\/livrariasolmar.pt\/\",\"name\":\"Livraria Solmar - Livraria online\",\"description\":\"Com\\u00e9rcio Livros E Objetos De Arte, Lda - Ponta Delgada, A\\u00e7ores\",\"potentialAction\":[{\"@type\":\"SearchAction\",\"target\":{\"@type\":\"EntryPoint\",\"urlTemplate\":\"https:\/\/livrariasolmar.pt\/?s={search_term_string}\"},\"query-input\":\"required name=search_term_string\"}],\"inLanguage\":\"en-US\"},{\"@type\":\"ImageObject\",\"@id\":\"https:\/\/livrariasolmar.pt\/produto\/o-segredo-dos-segredos-2\/#primaryimage\",\"inLanguage\":\"en-US\",\"url\":\"https:\/\/livrariasolmar.pt\/wp-content\/uploads\/2025\/11\/images-1.jpg\",\"contentUrl\":\"https:\/\/livrariasolmar.pt\/wp-content\/uploads\/2025\/11\/images-1.jpg\",\"width\":712,\"height\":1080},{\"@type\":\"WebPage\",\"@id\":\"https:\/\/livrariasolmar.pt\/produto\/o-segredo-dos-segredos-2\/#webpage\",\"url\":\"https:\/\/livrariasolmar.pt\/produto\/o-segredo-dos-segredos-2\/\",\"name\":\"O Segredo dos Segredos - Livraria Solmar - Livraria online\",\"isPartOf\":{\"@id\":\"https:\/\/livrariasolmar.pt\/#website\"},\"primaryImageOfPage\":{\"@id\":\"https:\/\/livrariasolmar.pt\/produto\/o-segredo-dos-segredos-2\/#primaryimage\"},\"datePublished\":\"2025-11-11T16:22:43+00:00\",\"dateModified\":\"2026-01-17T19:34:57+00:00\",\"breadcrumb\":{\"@id\":\"https:\/\/livrariasolmar.pt\/produto\/o-segredo-dos-segredos-2\/#breadcrumb\"},\"inLanguage\":\"en-US\",\"potentialAction\":[{\"@type\":\"ReadAction\",\"target\":[\"https:\/\/livrariasolmar.pt\/produto\/o-segredo-dos-segredos-2\/\"]}]},{\"@type\":\"BreadcrumbList\",\"@id\":\"https:\/\/livrariasolmar.pt\/produto\/o-segredo-dos-segredos-2\/#breadcrumb\",\"itemListElement\":[{\"@type\":\"ListItem\",\"position\":1,\"name\":\"In\\u00edcio\",\"item\":\"https:\/\/livrariasolmar.pt\/en\/\"},{\"@type\":\"ListItem\",\"position\":2,\"name\":\"Shop\",\"item\":\"https:\/\/livrariasolmar.pt\/en\/shop\/\"},{\"@type\":\"ListItem\",\"position\":3,\"name\":\"O Segredo dos Segredos\"}]}]}<\/script>\n<!-- \/ Yoast SEO plugin. -->","_links":{"self":[{"href":"https:\/\/livrariasolmar.pt\/en\/wp-json\/wp\/v2\/product\/11117"}],"collection":[{"href":"https:\/\/livrariasolmar.pt\/en\/wp-json\/wp\/v2\/product"}],"about":[{"href":"https:\/\/livrariasolmar.pt\/en\/wp-json\/wp\/v2\/types\/product"}],"author":[{"embeddable":true,"href":"https:\/\/livrariasolmar.pt\/en\/wp-json\/wp\/v2\/users\/2"}],"wp:featuredmedia":[{"embeddable":true,"href":"https:\/\/livrariasolmar.pt\/en\/wp-json\/wp\/v2\/media\/11129"}],"wp:attachment":[{"href":"https:\/\/livrariasolmar.pt\/en\/wp-json\/wp\/v2\/media?parent=11117"}],"wp:term":[{"taxonomy":"product_cat","embeddable":true,"href":"https:\/\/livrariasolmar.pt\/en\/wp-json\/wp\/v2\/product_cat?post=11117"},{"taxonomy":"product_tag","embeddable":true,"href":"https:\/\/livrariasolmar.pt\/en\/wp-json\/wp\/v2\/product_tag?post=11117"},{"taxonomy":"cat_produtos","embeddable":true,"href":"https:\/\/livrariasolmar.pt\/en\/wp-json\/wp\/v2\/cat_produtos?post=11117"}],"curies":[{"name":"wp","href":"https:\/\/api.w.org\/{rel}","templated":true}]}}