{"id":11120,"date":"2025-11-11T16:29:49","date_gmt":"2025-11-11T16:29:49","guid":{"rendered":"https:\/\/livrariasolmar.pt\/?post_type=product&#038;p=11120"},"modified":"2026-03-25T18:42:10","modified_gmt":"2026-03-25T18:42:10","slug":"o-sexto-sentido","status":"publish","type":"product","link":"https:\/\/livrariasolmar.pt\/en\/produto\/o-sexto-sentido\/","title":{"rendered":"O Sexto Sentido"},"content":{"rendered":"","protected":false},"excerpt":{"rendered":"<p>Um homem cai do d\u00e9cimo andar de um hotel em Lisboa. A pol\u00edcia identifica-o: Kurt Weilmann.<\/p>\n<p>Nos momentos finais de vida, balbucia palavras misteriosas: \u00abUNIO MYSTICA&#8230; MISTERIUM TREMENDUM\u00bb.<\/p>\n<p>Acidente, suic\u00eddio ou homic\u00eddio? A Judici\u00e1ria encontra no quarto de Weilmann uma derradeira mensagem com um nome: Tom\u00e1s Noronha.<\/p>\n<p>O historiador \u00e9 convocado para esclarecer o seu envolvimento naquela morte. Durante o inqu\u00e9rito, a CIA avisa Tom\u00e1s: a sua vida corre perigo. Quem atirou Weilmann do d\u00e9cimo andar tamb\u00e9m o quer matar. Para se salvar, ter\u00e1 de desvendar o mist\u00e9rio daquela morte.<\/p>\n<p>Assim come\u00e7a uma busca que ir\u00e1 conduzir Tom\u00e1s Noronha aos segredos que envolvem uma classe de subst\u00e2ncias terap\u00eauticas com propriedades milagrosas. Chamam-lhes ente\u00f3genos, express\u00e3o grega para\u2026\u00a0<b>O DIVINO DENTRO DE N\u00d3S<\/b>.<\/p>\n<p>Baseado em descobertas cient\u00edficas que est\u00e3o a ser estudadas pelas maiores institui\u00e7\u00f5es do mundo, desde Harvard at\u00e9 ao Centro Champalimaud,\u00a0<i>O Sexto Sentido<\/i>\u00a0mostra-nos o que os ente\u00f3genos come\u00e7aram a revelar sobre os maiores enigmas do Universo \u2014 incluindo o mist\u00e9rio da morte e o sentido da vida.<\/p>\n","protected":false},"author":2,"featured_media":11123,"template":"","meta":[],"product_cat":[153,190,588],"product_tag":[],"cat_produtos":[1834],"yoast_head":"<!-- This site is optimized with the Yoast SEO plugin v16.6 - https:\/\/yoast.com\/wordpress\/plugins\/seo\/ -->\n<title>O Sexto Sentido - Livraria Solmar - Livraria online<\/title>\n<meta name=\"robots\" content=\"index, follow, max-snippet:-1, max-image-preview:large, max-video-preview:-1\" \/>\n<link rel=\"canonical\" href=\"https:\/\/livrariasolmar.pt\/en\/produto\/o-sexto-sentido\/\" \/>\n<meta property=\"og:locale\" content=\"en_US\" \/>\n<meta property=\"og:type\" content=\"article\" \/>\n<meta property=\"og:title\" content=\"O Sexto Sentido - Livraria Solmar - Livraria online\" \/>\n<meta property=\"og:description\" content=\"Um homem cai do d\u00e9cimo andar de um hotel em Lisboa. A pol\u00edcia identifica-o: Kurt Weilmann.  Nos momentos finais de vida, balbucia palavras misteriosas: \u00abUNIO MYSTICA... MISTERIUM TREMENDUM\u00bb.  Acidente, suic\u00eddio ou homic\u00eddio? A Judici\u00e1ria encontra no quarto de Weilmann uma derradeira mensagem com um nome: Tom\u00e1s Noronha.  O historiador \u00e9 convocado para esclarecer o seu envolvimento naquela morte. Durante o inqu\u00e9rito, a CIA avisa Tom\u00e1s: a sua vida corre perigo. Quem atirou Weilmann do d\u00e9cimo andar tamb\u00e9m o quer matar. Para se salvar, ter\u00e1 de desvendar o mist\u00e9rio daquela morte.  Assim come\u00e7a uma busca que ir\u00e1 conduzir Tom\u00e1s Noronha aos segredos que envolvem uma classe de subst\u00e2ncias terap\u00eauticas com propriedades milagrosas. Chamam-lhes ente\u00f3genos, express\u00e3o grega para\u2026\u00a0O DIVINO DENTRO DE N\u00d3S.  Baseado em descobertas cient\u00edficas que est\u00e3o a ser estudadas pelas maiores institui\u00e7\u00f5es do mundo, desde Harvard at\u00e9 ao Centro Champalimaud,\u00a0O Sexto Sentido\u00a0mostra-nos o que os ente\u00f3genos come\u00e7aram a revelar sobre os maiores enigmas do Universo \u2014 incluindo o mist\u00e9rio da morte e o sentido da vida.\" \/>\n<meta property=\"og:url\" content=\"https:\/\/livrariasolmar.pt\/produto\/o-sexto-sentido\/\" \/>\n<meta property=\"og:site_name\" content=\"Livraria Solmar - Livraria online\" \/>\n<meta property=\"article:modified_time\" content=\"2026-03-25T18:42:10+00:00\" \/>\n<meta property=\"og:image\" content=\"https:\/\/livrariasolmar.pt\/wp-content\/uploads\/2025\/11\/1507-1-14.jpg\" \/>\n\t<meta property=\"og:image:width\" content=\"400\" \/>\n\t<meta property=\"og:image:height\" content=\"500\" \/>\n<meta name=\"twitter:card\" content=\"summary_large_image\" \/>\n<script type=\"application\/ld+json\" class=\"yoast-schema-graph\">{\"@context\":\"https:\/\/schema.org\",\"@graph\":[{\"@type\":\"WebSite\",\"@id\":\"https:\/\/livrariasolmar.pt\/#website\",\"url\":\"https:\/\/livrariasolmar.pt\/\",\"name\":\"Livraria Solmar - Livraria online\",\"description\":\"Com\\u00e9rcio Livros E Objetos De Arte, Lda - Ponta Delgada, A\\u00e7ores\",\"potentialAction\":[{\"@type\":\"SearchAction\",\"target\":{\"@type\":\"EntryPoint\",\"urlTemplate\":\"https:\/\/livrariasolmar.pt\/?s={search_term_string}\"},\"query-input\":\"required name=search_term_string\"}],\"inLanguage\":\"en-US\"},{\"@type\":\"ImageObject\",\"@id\":\"https:\/\/livrariasolmar.pt\/produto\/o-sexto-sentido\/#primaryimage\",\"inLanguage\":\"en-US\",\"url\":\"https:\/\/livrariasolmar.pt\/wp-content\/uploads\/2025\/11\/1507-1-14.jpg\",\"contentUrl\":\"https:\/\/livrariasolmar.pt\/wp-content\/uploads\/2025\/11\/1507-1-14.jpg\",\"width\":400,\"height\":500},{\"@type\":\"WebPage\",\"@id\":\"https:\/\/livrariasolmar.pt\/produto\/o-sexto-sentido\/#webpage\",\"url\":\"https:\/\/livrariasolmar.pt\/produto\/o-sexto-sentido\/\",\"name\":\"O Sexto Sentido - Livraria Solmar - Livraria online\",\"isPartOf\":{\"@id\":\"https:\/\/livrariasolmar.pt\/#website\"},\"primaryImageOfPage\":{\"@id\":\"https:\/\/livrariasolmar.pt\/produto\/o-sexto-sentido\/#primaryimage\"},\"datePublished\":\"2025-11-11T16:29:49+00:00\",\"dateModified\":\"2026-03-25T18:42:10+00:00\",\"breadcrumb\":{\"@id\":\"https:\/\/livrariasolmar.pt\/produto\/o-sexto-sentido\/#breadcrumb\"},\"inLanguage\":\"en-US\",\"potentialAction\":[{\"@type\":\"ReadAction\",\"target\":[\"https:\/\/livrariasolmar.pt\/produto\/o-sexto-sentido\/\"]}]},{\"@type\":\"BreadcrumbList\",\"@id\":\"https:\/\/livrariasolmar.pt\/produto\/o-sexto-sentido\/#breadcrumb\",\"itemListElement\":[{\"@type\":\"ListItem\",\"position\":1,\"name\":\"In\\u00edcio\",\"item\":\"https:\/\/livrariasolmar.pt\/en\/\"},{\"@type\":\"ListItem\",\"position\":2,\"name\":\"Shop\",\"item\":\"https:\/\/livrariasolmar.pt\/en\/shop\/\"},{\"@type\":\"ListItem\",\"position\":3,\"name\":\"O Sexto Sentido\"}]}]}<\/script>\n<!-- \/ Yoast SEO plugin. -->","_links":{"self":[{"href":"https:\/\/livrariasolmar.pt\/en\/wp-json\/wp\/v2\/product\/11120"}],"collection":[{"href":"https:\/\/livrariasolmar.pt\/en\/wp-json\/wp\/v2\/product"}],"about":[{"href":"https:\/\/livrariasolmar.pt\/en\/wp-json\/wp\/v2\/types\/product"}],"author":[{"embeddable":true,"href":"https:\/\/livrariasolmar.pt\/en\/wp-json\/wp\/v2\/users\/2"}],"wp:featuredmedia":[{"embeddable":true,"href":"https:\/\/livrariasolmar.pt\/en\/wp-json\/wp\/v2\/media\/11123"}],"wp:attachment":[{"href":"https:\/\/livrariasolmar.pt\/en\/wp-json\/wp\/v2\/media?parent=11120"}],"wp:term":[{"taxonomy":"product_cat","embeddable":true,"href":"https:\/\/livrariasolmar.pt\/en\/wp-json\/wp\/v2\/product_cat?post=11120"},{"taxonomy":"product_tag","embeddable":true,"href":"https:\/\/livrariasolmar.pt\/en\/wp-json\/wp\/v2\/product_tag?post=11120"},{"taxonomy":"cat_produtos","embeddable":true,"href":"https:\/\/livrariasolmar.pt\/en\/wp-json\/wp\/v2\/cat_produtos?post=11120"}],"curies":[{"name":"wp","href":"https:\/\/api.w.org\/{rel}","templated":true}]}}