{"id":11140,"date":"2025-11-12T17:41:04","date_gmt":"2025-11-12T17:41:04","guid":{"rendered":"https:\/\/livrariasolmar.pt\/?post_type=product&#038;p=11140"},"modified":"2026-01-25T16:22:36","modified_gmt":"2026-01-25T16:22:36","slug":"ele-ela-e-o-paraiso","status":"publish","type":"product","link":"https:\/\/livrariasolmar.pt\/en\/produto\/ele-ela-e-o-paraiso\/","title":{"rendered":"Ele, ela e o para\u00edso"},"content":{"rendered":"","protected":false},"excerpt":{"rendered":"<p><strong>Uma hist\u00f3ria que mergulha na alma humana, expondo as contradi\u00e7\u00f5es de uma vida intensa na qual subsiste uma vontade incontrol\u00e1vel de conquistar tudo e todos.<\/strong><br \/>\nAo longo da vida, Dino Solbiati construiu uma fortuna, tornando-se um grande empreendedor conhecido mundialmente pela sua generosidade e charme.<br \/>\nComo um rei, vive cercado por um grupo de amigos e colaboradores dos quais n\u00e3o prescinde, temendo a solid\u00e3o. Um dia, j\u00e1 idoso, encontra-se sozinho, sentado numa poltrona e vestido com refinada eleg\u00e2ncia, num lugar misterioso no meio do nada. Perdido e cansado, adormece. Um leve tagarelar desperta-o e depara-se com a figura esguia de uma senhora idosa: descal\u00e7a, vestindo um pijama salpicado de estrelas brancas brilhantes, avan\u00e7ando por uma trilha de pequenas nuvens. Ela aproxima-se dele e apresenta-se como Stella Recalcati.<br \/>\n\u00c9 uma escritora de romances que vive \u00e0 procura de novas hist\u00f3rias. Explica-lhe que est\u00e3o ambos no C\u00e9u e, curiosa como \u00e9, incita-o a falar sobre si pr\u00f3prio.<br \/>\nO que emerge \u00e9 uma biografia repleta de aventura, intriga e paix\u00e3o que envolve o leitor na trama de uma exist\u00eancia incr\u00edvel.<\/p>\n","protected":false},"author":2,"featured_media":11141,"template":"","meta":[],"product_cat":[153],"product_tag":[],"cat_produtos":[1835],"yoast_head":"<!-- This site is optimized with the Yoast SEO plugin v16.6 - https:\/\/yoast.com\/wordpress\/plugins\/seo\/ -->\n<title>Ele, ela e o para\u00edso - Livraria Solmar - Livraria online<\/title>\n<meta name=\"robots\" content=\"index, follow, max-snippet:-1, max-image-preview:large, max-video-preview:-1\" \/>\n<link rel=\"canonical\" href=\"https:\/\/livrariasolmar.pt\/en\/produto\/ele-ela-e-o-paraiso\/\" \/>\n<meta property=\"og:locale\" content=\"en_US\" \/>\n<meta property=\"og:type\" content=\"article\" \/>\n<meta property=\"og:title\" content=\"Ele, ela e o para\u00edso - Livraria Solmar - Livraria online\" \/>\n<meta property=\"og:description\" content=\"Uma hist\u00f3ria que mergulha na alma humana, expondo as contradi\u00e7\u00f5es de uma vida intensa na qual subsiste uma vontade incontrol\u00e1vel de conquistar tudo e todos. Ao longo da vida, Dino Solbiati construiu uma fortuna, tornando-se um grande empreendedor conhecido mundialmente pela sua generosidade e charme. Como um rei, vive cercado por um grupo de amigos e colaboradores dos quais n\u00e3o prescinde, temendo a solid\u00e3o. Um dia, j\u00e1 idoso, encontra-se sozinho, sentado numa poltrona e vestido com refinada eleg\u00e2ncia, num lugar misterioso no meio do nada. Perdido e cansado, adormece. Um leve tagarelar desperta-o e depara-se com a figura esguia de uma senhora idosa: descal\u00e7a, vestindo um pijama salpicado de estrelas brancas brilhantes, avan\u00e7ando por uma trilha de pequenas nuvens. Ela aproxima-se dele e apresenta-se como Stella Recalcati. \u00c9 uma escritora de romances que vive \u00e0 procura de novas hist\u00f3rias. Explica-lhe que est\u00e3o ambos no C\u00e9u e, curiosa como \u00e9, incita-o a falar sobre si pr\u00f3prio. O que emerge \u00e9 uma biografia repleta de aventura, intriga e paix\u00e3o que envolve o leitor na trama de uma exist\u00eancia incr\u00edvel.\" \/>\n<meta property=\"og:url\" content=\"https:\/\/livrariasolmar.pt\/produto\/ele-ela-e-o-paraiso\/\" \/>\n<meta property=\"og:site_name\" content=\"Livraria Solmar - Livraria online\" \/>\n<meta property=\"article:modified_time\" content=\"2026-01-25T16:22:36+00:00\" \/>\n<meta property=\"og:image\" content=\"https:\/\/livrariasolmar.pt\/wp-content\/uploads\/2025\/11\/1507-1-15.jpg\" \/>\n\t<meta property=\"og:image:width\" content=\"400\" \/>\n\t<meta property=\"og:image:height\" content=\"500\" \/>\n<meta name=\"twitter:card\" content=\"summary_large_image\" \/>\n<script type=\"application\/ld+json\" class=\"yoast-schema-graph\">{\"@context\":\"https:\/\/schema.org\",\"@graph\":[{\"@type\":\"WebSite\",\"@id\":\"https:\/\/livrariasolmar.pt\/#website\",\"url\":\"https:\/\/livrariasolmar.pt\/\",\"name\":\"Livraria Solmar - Livraria online\",\"description\":\"Com\\u00e9rcio Livros E Objetos De Arte, Lda - Ponta Delgada, A\\u00e7ores\",\"potentialAction\":[{\"@type\":\"SearchAction\",\"target\":{\"@type\":\"EntryPoint\",\"urlTemplate\":\"https:\/\/livrariasolmar.pt\/?s={search_term_string}\"},\"query-input\":\"required name=search_term_string\"}],\"inLanguage\":\"en-US\"},{\"@type\":\"ImageObject\",\"@id\":\"https:\/\/livrariasolmar.pt\/produto\/ele-ela-e-o-paraiso\/#primaryimage\",\"inLanguage\":\"en-US\",\"url\":\"https:\/\/livrariasolmar.pt\/wp-content\/uploads\/2025\/11\/1507-1-15.jpg\",\"contentUrl\":\"https:\/\/livrariasolmar.pt\/wp-content\/uploads\/2025\/11\/1507-1-15.jpg\",\"width\":400,\"height\":500},{\"@type\":\"WebPage\",\"@id\":\"https:\/\/livrariasolmar.pt\/produto\/ele-ela-e-o-paraiso\/#webpage\",\"url\":\"https:\/\/livrariasolmar.pt\/produto\/ele-ela-e-o-paraiso\/\",\"name\":\"Ele, ela e o para\\u00edso - Livraria Solmar - Livraria online\",\"isPartOf\":{\"@id\":\"https:\/\/livrariasolmar.pt\/#website\"},\"primaryImageOfPage\":{\"@id\":\"https:\/\/livrariasolmar.pt\/produto\/ele-ela-e-o-paraiso\/#primaryimage\"},\"datePublished\":\"2025-11-12T17:41:04+00:00\",\"dateModified\":\"2026-01-25T16:22:36+00:00\",\"breadcrumb\":{\"@id\":\"https:\/\/livrariasolmar.pt\/produto\/ele-ela-e-o-paraiso\/#breadcrumb\"},\"inLanguage\":\"en-US\",\"potentialAction\":[{\"@type\":\"ReadAction\",\"target\":[\"https:\/\/livrariasolmar.pt\/produto\/ele-ela-e-o-paraiso\/\"]}]},{\"@type\":\"BreadcrumbList\",\"@id\":\"https:\/\/livrariasolmar.pt\/produto\/ele-ela-e-o-paraiso\/#breadcrumb\",\"itemListElement\":[{\"@type\":\"ListItem\",\"position\":1,\"name\":\"In\\u00edcio\",\"item\":\"https:\/\/livrariasolmar.pt\/en\/\"},{\"@type\":\"ListItem\",\"position\":2,\"name\":\"Shop\",\"item\":\"https:\/\/livrariasolmar.pt\/en\/shop\/\"},{\"@type\":\"ListItem\",\"position\":3,\"name\":\"Ele, ela e o para\\u00edso\"}]}]}<\/script>\n<!-- \/ Yoast SEO plugin. -->","_links":{"self":[{"href":"https:\/\/livrariasolmar.pt\/en\/wp-json\/wp\/v2\/product\/11140"}],"collection":[{"href":"https:\/\/livrariasolmar.pt\/en\/wp-json\/wp\/v2\/product"}],"about":[{"href":"https:\/\/livrariasolmar.pt\/en\/wp-json\/wp\/v2\/types\/product"}],"author":[{"embeddable":true,"href":"https:\/\/livrariasolmar.pt\/en\/wp-json\/wp\/v2\/users\/2"}],"wp:featuredmedia":[{"embeddable":true,"href":"https:\/\/livrariasolmar.pt\/en\/wp-json\/wp\/v2\/media\/11141"}],"wp:attachment":[{"href":"https:\/\/livrariasolmar.pt\/en\/wp-json\/wp\/v2\/media?parent=11140"}],"wp:term":[{"taxonomy":"product_cat","embeddable":true,"href":"https:\/\/livrariasolmar.pt\/en\/wp-json\/wp\/v2\/product_cat?post=11140"},{"taxonomy":"product_tag","embeddable":true,"href":"https:\/\/livrariasolmar.pt\/en\/wp-json\/wp\/v2\/product_tag?post=11140"},{"taxonomy":"cat_produtos","embeddable":true,"href":"https:\/\/livrariasolmar.pt\/en\/wp-json\/wp\/v2\/cat_produtos?post=11140"}],"curies":[{"name":"wp","href":"https:\/\/api.w.org\/{rel}","templated":true}]}}