{"id":11150,"date":"2025-11-12T18:30:56","date_gmt":"2025-11-12T18:30:56","guid":{"rendered":"https:\/\/livrariasolmar.pt\/?post_type=product&#038;p=11150"},"modified":"2026-03-22T17:14:25","modified_gmt":"2026-03-22T17:14:25","slug":"tentativa-de-esgotamento-depois-do-adeus","status":"publish","type":"product","link":"https:\/\/livrariasolmar.pt\/en\/produto\/tentativa-de-esgotamento-depois-do-adeus\/","title":{"rendered":"Tentativa de Esgotamento (depois do adeus)"},"content":{"rendered":"","protected":false},"excerpt":{"rendered":"<p>\u00abFoi o sil\u00eancio que primeiro o atraiu. Depois, a luz. E, por fim, o modo como os objetos se alinhavam na geometria quase sacra daquela mesa diante da janela.\u00bb \u2014 L\u00eds Barros, Posf\u00e1cio<\/p>\n<p>Este livro prolonga, de forma muito diferente, uma experi\u00eancia aberta ao p\u00fablico, que decorreu entre as catorze horas do s\u00e1bado de 15 de mar\u00e7o e as dezenove horas do s\u00e1bado de 29 de mar\u00e7o de 2025 num segundo andar de um edif\u00edcio na Avenida Visconde de Valmor, em Lisboa.<\/p>\n<p>\u00abEntre 2009 e 2025, fotografei uma mesa e a janela na minha cozinha em Lisboa. Primeiro atra\u00eddo pelo sil\u00eancio, depois pela forma como a luz ca\u00eda nos objetos e em seguida pela sua composi\u00e7\u00e3o geom\u00e9trica, fui reparando mais e mais em como tudo se repetia e n\u00e3o se repetia devido \u00e0s ligeiras e quase invis\u00edveis diferen\u00e7as do dia a dia, da altura do ano e das condi\u00e7\u00f5es meteorol\u00f3gicas. Ao contr\u00e1rio de Perec no caf\u00e9 em Paris [<i>Tentativa de Esgotamento de Um Local Parisiense<\/i>], nada, mas mesmo nada, se passava, de facto, diante das janelas luminosas mas transl\u00facidas, enquanto sobre a mesa os objetos se iam alterando consoante os dias e as necessidades: pratos, copos, jornais, revistas, flores, guardanapos, livros, frutas da \u00e9poca, pap\u00e9is, instrumentos, mapas. Lentamente, a cozinha, devido ao recolhimento em rela\u00e7\u00e3o ao mundo exterior, tinha-se transformado para mim num local de ref\u00fagio, de abrigo, de pensamento, de apaziguamento.\u00bb \u2014 DB<\/p>\n","protected":false},"author":2,"featured_media":11151,"template":"","meta":[],"product_cat":[175],"product_tag":[],"cat_produtos":[1836],"yoast_head":"<!-- This site is optimized with the Yoast SEO plugin v16.6 - https:\/\/yoast.com\/wordpress\/plugins\/seo\/ -->\n<title>Tentativa de Esgotamento (depois do adeus) - Livraria Solmar - Livraria online<\/title>\n<meta name=\"robots\" content=\"index, follow, max-snippet:-1, max-image-preview:large, max-video-preview:-1\" \/>\n<link rel=\"canonical\" href=\"https:\/\/livrariasolmar.pt\/en\/produto\/tentativa-de-esgotamento-depois-do-adeus\/\" \/>\n<meta property=\"og:locale\" content=\"en_US\" \/>\n<meta property=\"og:type\" content=\"article\" \/>\n<meta property=\"og:title\" content=\"Tentativa de Esgotamento (depois do adeus) - Livraria Solmar - Livraria online\" \/>\n<meta property=\"og:description\" content=\"\u00abFoi o sil\u00eancio que primeiro o atraiu. Depois, a luz. E, por fim, o modo como os objetos se alinhavam na geometria quase sacra daquela mesa diante da janela.\u00bb \u2014 L\u00eds Barros, Posf\u00e1cio  Este livro prolonga, de forma muito diferente, uma experi\u00eancia aberta ao p\u00fablico, que decorreu entre as catorze horas do s\u00e1bado de 15 de mar\u00e7o e as dezenove horas do s\u00e1bado de 29 de mar\u00e7o de 2025 num segundo andar de um edif\u00edcio na Avenida Visconde de Valmor, em Lisboa.  \u00abEntre 2009 e 2025, fotografei uma mesa e a janela na minha cozinha em Lisboa. Primeiro atra\u00eddo pelo sil\u00eancio, depois pela forma como a luz ca\u00eda nos objetos e em seguida pela sua composi\u00e7\u00e3o geom\u00e9trica, fui reparando mais e mais em como tudo se repetia e n\u00e3o se repetia devido \u00e0s ligeiras e quase invis\u00edveis diferen\u00e7as do dia a dia, da altura do ano e das condi\u00e7\u00f5es meteorol\u00f3gicas. Ao contr\u00e1rio de Perec no caf\u00e9 em Paris [Tentativa de Esgotamento de Um Local Parisiense], nada, mas mesmo nada, se passava, de facto, diante das janelas luminosas mas transl\u00facidas, enquanto sobre a mesa os objetos se iam alterando consoante os dias e as necessidades: pratos, copos, jornais, revistas, flores, guardanapos, livros, frutas da \u00e9poca, pap\u00e9is, instrumentos, mapas. Lentamente, a cozinha, devido ao recolhimento em rela\u00e7\u00e3o ao mundo exterior, tinha-se transformado para mim num local de ref\u00fagio, de abrigo, de pensamento, de apaziguamento.\u00bb \u2014 DB\" \/>\n<meta property=\"og:url\" content=\"https:\/\/livrariasolmar.pt\/produto\/tentativa-de-esgotamento-depois-do-adeus\/\" \/>\n<meta property=\"og:site_name\" content=\"Livraria Solmar - Livraria online\" \/>\n<meta property=\"article:modified_time\" content=\"2026-03-22T17:14:25+00:00\" \/>\n<meta property=\"og:image\" content=\"https:\/\/livrariasolmar.pt\/wp-content\/uploads\/2025\/11\/1540-1-37.jpg\" \/>\n\t<meta property=\"og:image:width\" content=\"340\" \/>\n\t<meta property=\"og:image:height\" content=\"340\" \/>\n<meta name=\"twitter:card\" content=\"summary_large_image\" \/>\n<script type=\"application\/ld+json\" class=\"yoast-schema-graph\">{\"@context\":\"https:\/\/schema.org\",\"@graph\":[{\"@type\":\"WebSite\",\"@id\":\"https:\/\/livrariasolmar.pt\/#website\",\"url\":\"https:\/\/livrariasolmar.pt\/\",\"name\":\"Livraria Solmar - Livraria online\",\"description\":\"Com\\u00e9rcio Livros E Objetos De Arte, Lda - Ponta Delgada, A\\u00e7ores\",\"potentialAction\":[{\"@type\":\"SearchAction\",\"target\":{\"@type\":\"EntryPoint\",\"urlTemplate\":\"https:\/\/livrariasolmar.pt\/?s={search_term_string}\"},\"query-input\":\"required name=search_term_string\"}],\"inLanguage\":\"en-US\"},{\"@type\":\"ImageObject\",\"@id\":\"https:\/\/livrariasolmar.pt\/produto\/tentativa-de-esgotamento-depois-do-adeus\/#primaryimage\",\"inLanguage\":\"en-US\",\"url\":\"https:\/\/livrariasolmar.pt\/wp-content\/uploads\/2025\/11\/1540-1-37.jpg\",\"contentUrl\":\"https:\/\/livrariasolmar.pt\/wp-content\/uploads\/2025\/11\/1540-1-37.jpg\",\"width\":340,\"height\":340},{\"@type\":\"WebPage\",\"@id\":\"https:\/\/livrariasolmar.pt\/produto\/tentativa-de-esgotamento-depois-do-adeus\/#webpage\",\"url\":\"https:\/\/livrariasolmar.pt\/produto\/tentativa-de-esgotamento-depois-do-adeus\/\",\"name\":\"Tentativa de Esgotamento (depois do adeus) - Livraria Solmar - Livraria online\",\"isPartOf\":{\"@id\":\"https:\/\/livrariasolmar.pt\/#website\"},\"primaryImageOfPage\":{\"@id\":\"https:\/\/livrariasolmar.pt\/produto\/tentativa-de-esgotamento-depois-do-adeus\/#primaryimage\"},\"datePublished\":\"2025-11-12T18:30:56+00:00\",\"dateModified\":\"2026-03-22T17:14:25+00:00\",\"breadcrumb\":{\"@id\":\"https:\/\/livrariasolmar.pt\/produto\/tentativa-de-esgotamento-depois-do-adeus\/#breadcrumb\"},\"inLanguage\":\"en-US\",\"potentialAction\":[{\"@type\":\"ReadAction\",\"target\":[\"https:\/\/livrariasolmar.pt\/produto\/tentativa-de-esgotamento-depois-do-adeus\/\"]}]},{\"@type\":\"BreadcrumbList\",\"@id\":\"https:\/\/livrariasolmar.pt\/produto\/tentativa-de-esgotamento-depois-do-adeus\/#breadcrumb\",\"itemListElement\":[{\"@type\":\"ListItem\",\"position\":1,\"name\":\"In\\u00edcio\",\"item\":\"https:\/\/livrariasolmar.pt\/en\/\"},{\"@type\":\"ListItem\",\"position\":2,\"name\":\"Shop\",\"item\":\"https:\/\/livrariasolmar.pt\/en\/shop\/\"},{\"@type\":\"ListItem\",\"position\":3,\"name\":\"Tentativa de Esgotamento (depois do adeus)\"}]}]}<\/script>\n<!-- \/ Yoast SEO plugin. -->","_links":{"self":[{"href":"https:\/\/livrariasolmar.pt\/en\/wp-json\/wp\/v2\/product\/11150"}],"collection":[{"href":"https:\/\/livrariasolmar.pt\/en\/wp-json\/wp\/v2\/product"}],"about":[{"href":"https:\/\/livrariasolmar.pt\/en\/wp-json\/wp\/v2\/types\/product"}],"author":[{"embeddable":true,"href":"https:\/\/livrariasolmar.pt\/en\/wp-json\/wp\/v2\/users\/2"}],"wp:featuredmedia":[{"embeddable":true,"href":"https:\/\/livrariasolmar.pt\/en\/wp-json\/wp\/v2\/media\/11151"}],"wp:attachment":[{"href":"https:\/\/livrariasolmar.pt\/en\/wp-json\/wp\/v2\/media?parent=11150"}],"wp:term":[{"taxonomy":"product_cat","embeddable":true,"href":"https:\/\/livrariasolmar.pt\/en\/wp-json\/wp\/v2\/product_cat?post=11150"},{"taxonomy":"product_tag","embeddable":true,"href":"https:\/\/livrariasolmar.pt\/en\/wp-json\/wp\/v2\/product_tag?post=11150"},{"taxonomy":"cat_produtos","embeddable":true,"href":"https:\/\/livrariasolmar.pt\/en\/wp-json\/wp\/v2\/cat_produtos?post=11150"}],"curies":[{"name":"wp","href":"https:\/\/api.w.org\/{rel}","templated":true}]}}