{"id":11153,"date":"2025-11-12T18:44:00","date_gmt":"2025-11-12T18:44:00","guid":{"rendered":"https:\/\/livrariasolmar.pt\/?post_type=product&#038;p=11153"},"modified":"2026-02-10T19:43:00","modified_gmt":"2026-02-10T19:43:00","slug":"agora-e-na-hora-da-nossa-morte","status":"publish","type":"product","link":"https:\/\/livrariasolmar.pt\/en\/produto\/agora-e-na-hora-da-nossa-morte\/","title":{"rendered":"Agora e na Hora da Nossa Morte"},"content":{"rendered":"","protected":false},"excerpt":{"rendered":"<p>\u00abH\u00e1 coisas sobre as quais n\u00e3o se pode escrever como sempre se escreveu. Algo muda. Primeiro os olhos, depois o cora\u00e7\u00e3o \u2014 ou os nervos ou aquilo a que os antigos chamavam alma \u2014 e finalmente, as m\u00e3os.\u00bb<\/p>\n<p>Susana Moreira Marques guia-nos por aldeias esquecidas de Tr\u00e1s-os-Montes, por rotas de viagem onde a paisagem \u00e9 solid\u00e3o, por rituais de despedida, gestos de consolo e promessas de futuro. Um enfermeiro que fica \u00e0 cabeceira dos pacientes; uma mulher que engana o marido, escondendo-lhe que ele tem cancro; um homem acamado que precisa de ser escondido da sua querida mulher, demente \u2014 pessoas no fim da vida ou pessoas que n\u00e3o abandonam quem est\u00e1 doente contam as suas hist\u00f3rias. Narrativa atravessada pela sombra, Agora e na hora da nossa morte ilumina as vidas de quem fala, mas tamb\u00e9m de quem l\u00ea, para que ningu\u00e9m se esque\u00e7a e ningu\u00e9m seja esquecido.<\/p>\n<p>Susana Moreira Marques mistura viagem, hist\u00f3ria oral, reportagem e medita\u00e7\u00e3o filos\u00f3fica, para escrever sobre a mem\u00f3ria e a mortalidade, o tempo que nos falta, as ra\u00edzes rurais, os la\u00e7os de amor. No livro com que se estreou, inaugura uma nova linguagem para falar de uma ideia antiga \u2014 um gesto t\u00e3o comovente quanto revolucion\u00e1rio.<\/p>\n","protected":false},"author":2,"featured_media":11154,"template":"","meta":[],"product_cat":[153],"product_tag":[],"cat_produtos":[1837],"yoast_head":"<!-- This site is optimized with the Yoast SEO plugin v16.6 - https:\/\/yoast.com\/wordpress\/plugins\/seo\/ -->\n<title>Agora e na Hora da Nossa Morte - Livraria Solmar - Livraria online<\/title>\n<meta name=\"robots\" content=\"index, follow, max-snippet:-1, max-image-preview:large, max-video-preview:-1\" \/>\n<link rel=\"canonical\" href=\"https:\/\/livrariasolmar.pt\/en\/produto\/agora-e-na-hora-da-nossa-morte\/\" \/>\n<meta property=\"og:locale\" content=\"en_US\" \/>\n<meta property=\"og:type\" content=\"article\" \/>\n<meta property=\"og:title\" content=\"Agora e na Hora da Nossa Morte - Livraria Solmar - Livraria online\" \/>\n<meta property=\"og:description\" content=\"\u00abH\u00e1 coisas sobre as quais n\u00e3o se pode escrever como sempre se escreveu. Algo muda. Primeiro os olhos, depois o cora\u00e7\u00e3o \u2014 ou os nervos ou aquilo a que os antigos chamavam alma \u2014 e finalmente, as m\u00e3os.\u00bb  Susana Moreira Marques guia-nos por aldeias esquecidas de Tr\u00e1s-os-Montes, por rotas de viagem onde a paisagem \u00e9 solid\u00e3o, por rituais de despedida, gestos de consolo e promessas de futuro. Um enfermeiro que fica \u00e0 cabeceira dos pacientes; uma mulher que engana o marido, escondendo-lhe que ele tem cancro; um homem acamado que precisa de ser escondido da sua querida mulher, demente \u2014 pessoas no fim da vida ou pessoas que n\u00e3o abandonam quem est\u00e1 doente contam as suas hist\u00f3rias. Narrativa atravessada pela sombra, Agora e na hora da nossa morte ilumina as vidas de quem fala, mas tamb\u00e9m de quem l\u00ea, para que ningu\u00e9m se esque\u00e7a e ningu\u00e9m seja esquecido.  Susana Moreira Marques mistura viagem, hist\u00f3ria oral, reportagem e medita\u00e7\u00e3o filos\u00f3fica, para escrever sobre a mem\u00f3ria e a mortalidade, o tempo que nos falta, as ra\u00edzes rurais, os la\u00e7os de amor. No livro com que se estreou, inaugura uma nova linguagem para falar de uma ideia antiga \u2014 um gesto t\u00e3o comovente quanto revolucion\u00e1rio.\" \/>\n<meta property=\"og:url\" content=\"https:\/\/livrariasolmar.pt\/produto\/agora-e-na-hora-da-nossa-morte\/\" \/>\n<meta property=\"og:site_name\" content=\"Livraria Solmar - Livraria online\" \/>\n<meta property=\"article:modified_time\" content=\"2026-02-10T19:43:00+00:00\" \/>\n<meta property=\"og:image\" content=\"https:\/\/livrariasolmar.pt\/wp-content\/uploads\/2025\/11\/1540-1-38.jpg\" \/>\n\t<meta property=\"og:image:width\" content=\"340\" \/>\n\t<meta property=\"og:image:height\" content=\"340\" \/>\n<meta name=\"twitter:card\" content=\"summary_large_image\" \/>\n<script type=\"application\/ld+json\" class=\"yoast-schema-graph\">{\"@context\":\"https:\/\/schema.org\",\"@graph\":[{\"@type\":\"WebSite\",\"@id\":\"https:\/\/livrariasolmar.pt\/#website\",\"url\":\"https:\/\/livrariasolmar.pt\/\",\"name\":\"Livraria Solmar - Livraria online\",\"description\":\"Com\\u00e9rcio Livros E Objetos De Arte, Lda - Ponta Delgada, A\\u00e7ores\",\"potentialAction\":[{\"@type\":\"SearchAction\",\"target\":{\"@type\":\"EntryPoint\",\"urlTemplate\":\"https:\/\/livrariasolmar.pt\/?s={search_term_string}\"},\"query-input\":\"required name=search_term_string\"}],\"inLanguage\":\"en-US\"},{\"@type\":\"ImageObject\",\"@id\":\"https:\/\/livrariasolmar.pt\/produto\/agora-e-na-hora-da-nossa-morte\/#primaryimage\",\"inLanguage\":\"en-US\",\"url\":\"https:\/\/livrariasolmar.pt\/wp-content\/uploads\/2025\/11\/1540-1-38.jpg\",\"contentUrl\":\"https:\/\/livrariasolmar.pt\/wp-content\/uploads\/2025\/11\/1540-1-38.jpg\",\"width\":340,\"height\":340},{\"@type\":\"WebPage\",\"@id\":\"https:\/\/livrariasolmar.pt\/produto\/agora-e-na-hora-da-nossa-morte\/#webpage\",\"url\":\"https:\/\/livrariasolmar.pt\/produto\/agora-e-na-hora-da-nossa-morte\/\",\"name\":\"Agora e na Hora da Nossa Morte - Livraria Solmar - Livraria online\",\"isPartOf\":{\"@id\":\"https:\/\/livrariasolmar.pt\/#website\"},\"primaryImageOfPage\":{\"@id\":\"https:\/\/livrariasolmar.pt\/produto\/agora-e-na-hora-da-nossa-morte\/#primaryimage\"},\"datePublished\":\"2025-11-12T18:44:00+00:00\",\"dateModified\":\"2026-02-10T19:43:00+00:00\",\"breadcrumb\":{\"@id\":\"https:\/\/livrariasolmar.pt\/produto\/agora-e-na-hora-da-nossa-morte\/#breadcrumb\"},\"inLanguage\":\"en-US\",\"potentialAction\":[{\"@type\":\"ReadAction\",\"target\":[\"https:\/\/livrariasolmar.pt\/produto\/agora-e-na-hora-da-nossa-morte\/\"]}]},{\"@type\":\"BreadcrumbList\",\"@id\":\"https:\/\/livrariasolmar.pt\/produto\/agora-e-na-hora-da-nossa-morte\/#breadcrumb\",\"itemListElement\":[{\"@type\":\"ListItem\",\"position\":1,\"name\":\"In\\u00edcio\",\"item\":\"https:\/\/livrariasolmar.pt\/en\/\"},{\"@type\":\"ListItem\",\"position\":2,\"name\":\"Shop\",\"item\":\"https:\/\/livrariasolmar.pt\/en\/shop\/\"},{\"@type\":\"ListItem\",\"position\":3,\"name\":\"Agora e na Hora da Nossa Morte\"}]}]}<\/script>\n<!-- \/ Yoast SEO plugin. -->","_links":{"self":[{"href":"https:\/\/livrariasolmar.pt\/en\/wp-json\/wp\/v2\/product\/11153"}],"collection":[{"href":"https:\/\/livrariasolmar.pt\/en\/wp-json\/wp\/v2\/product"}],"about":[{"href":"https:\/\/livrariasolmar.pt\/en\/wp-json\/wp\/v2\/types\/product"}],"author":[{"embeddable":true,"href":"https:\/\/livrariasolmar.pt\/en\/wp-json\/wp\/v2\/users\/2"}],"wp:featuredmedia":[{"embeddable":true,"href":"https:\/\/livrariasolmar.pt\/en\/wp-json\/wp\/v2\/media\/11154"}],"wp:attachment":[{"href":"https:\/\/livrariasolmar.pt\/en\/wp-json\/wp\/v2\/media?parent=11153"}],"wp:term":[{"taxonomy":"product_cat","embeddable":true,"href":"https:\/\/livrariasolmar.pt\/en\/wp-json\/wp\/v2\/product_cat?post=11153"},{"taxonomy":"product_tag","embeddable":true,"href":"https:\/\/livrariasolmar.pt\/en\/wp-json\/wp\/v2\/product_tag?post=11153"},{"taxonomy":"cat_produtos","embeddable":true,"href":"https:\/\/livrariasolmar.pt\/en\/wp-json\/wp\/v2\/cat_produtos?post=11153"}],"curies":[{"name":"wp","href":"https:\/\/api.w.org\/{rel}","templated":true}]}}