{"id":11156,"date":"2025-11-12T18:51:53","date_gmt":"2025-11-12T18:51:53","guid":{"rendered":"https:\/\/livrariasolmar.pt\/?post_type=product&#038;p=11156"},"modified":"2026-01-18T17:23:32","modified_gmt":"2026-01-18T17:23:32","slug":"a-nossa-hora","status":"publish","type":"product","link":"https:\/\/livrariasolmar.pt\/en\/produto\/a-nossa-hora\/","title":{"rendered":"A Nossa Hora"},"content":{"rendered":"","protected":false},"excerpt":{"rendered":"<p>O autor sobrevive a um m\u00edssil russo lan\u00e7ado sobre a Ucr\u00e2nia: o mesmo m\u00edssil que assassinou a sua companheira de viagem. Como \u00e9 a vida depois de um acaso que nos salva, mas condena \u00e0 morte quem est\u00e1 ao nosso lado?<\/p>\n<p>Em 2023, a recuperar ainda de uma cirurgia card\u00edaca, Faciolince aceitou o convite para participar numa feira do livro na Ucr\u00e2nia. Cumpridos os compromissos liter\u00e1rios, o grupo com que seguia decidiu deslocar-se a uma das cidades mais pr\u00f3ximas da linha da frente, para testemunhar em primeira m\u00e3o os horrores da invas\u00e3o russa. N\u00e3o imaginavam, ent\u00e3o, qu\u00e3o de perto iriam viver a trag\u00e9dia da guerra.<\/p>\n<p>Na v\u00e9spera do regresso, num restaurante em Kramatorsk, Faciolince e os seus companheiros de viagem sofreram um golpe inomin\u00e1vel: um m\u00edssil russo com seiscentos quilos de explosivos caiu no centro da cidade, matando treze pessoas e ferindo mais de sessenta. Uma das v\u00edtimas mortais foi a escritora ucraniana Victoria Am\u00e9lina, guia e companheira da incurs\u00e3o ucraniana que terminou em trag\u00e9dia. Minutos antes, Faciolince acabara de trocar de lugar \u00e0 mesa com ela.<\/p>\n<p>Este livro \u00e9 o relato dessa hist\u00f3ria, no tom pungente e brutalmente honesto que caracteriza o melhor da literatura deste autor: a indigna\u00e7\u00e3o diante da morte de um inocente; a culpa e o espanto dos sobreviventes; e o inc\u00f3modo e fortuito acaso de escapar \u00e0 morte uma vez mais. Um relato que se transforma numa reflex\u00e3o desarmante sobre a fragilidade da vida.<\/p>\n","protected":false},"author":2,"featured_media":11157,"template":"","meta":[],"product_cat":[153],"product_tag":[],"cat_produtos":[1838],"yoast_head":"<!-- This site is optimized with the Yoast SEO plugin v16.6 - https:\/\/yoast.com\/wordpress\/plugins\/seo\/ -->\n<title>A Nossa Hora - Livraria Solmar - Livraria online<\/title>\n<meta name=\"robots\" content=\"index, follow, max-snippet:-1, max-image-preview:large, max-video-preview:-1\" \/>\n<link rel=\"canonical\" href=\"https:\/\/livrariasolmar.pt\/en\/produto\/a-nossa-hora\/\" \/>\n<meta property=\"og:locale\" content=\"en_US\" \/>\n<meta property=\"og:type\" content=\"article\" \/>\n<meta property=\"og:title\" content=\"A Nossa Hora - Livraria Solmar - Livraria online\" \/>\n<meta property=\"og:description\" content=\"O autor sobrevive a um m\u00edssil russo lan\u00e7ado sobre a Ucr\u00e2nia: o mesmo m\u00edssil que assassinou a sua companheira de viagem. Como \u00e9 a vida depois de um acaso que nos salva, mas condena \u00e0 morte quem est\u00e1 ao nosso lado?  Em 2023, a recuperar ainda de uma cirurgia card\u00edaca, Faciolince aceitou o convite para participar numa feira do livro na Ucr\u00e2nia. Cumpridos os compromissos liter\u00e1rios, o grupo com que seguia decidiu deslocar-se a uma das cidades mais pr\u00f3ximas da linha da frente, para testemunhar em primeira m\u00e3o os horrores da invas\u00e3o russa. N\u00e3o imaginavam, ent\u00e3o, qu\u00e3o de perto iriam viver a trag\u00e9dia da guerra.  Na v\u00e9spera do regresso, num restaurante em Kramatorsk, Faciolince e os seus companheiros de viagem sofreram um golpe inomin\u00e1vel: um m\u00edssil russo com seiscentos quilos de explosivos caiu no centro da cidade, matando treze pessoas e ferindo mais de sessenta. Uma das v\u00edtimas mortais foi a escritora ucraniana Victoria Am\u00e9lina, guia e companheira da incurs\u00e3o ucraniana que terminou em trag\u00e9dia. Minutos antes, Faciolince acabara de trocar de lugar \u00e0 mesa com ela.  Este livro \u00e9 o relato dessa hist\u00f3ria, no tom pungente e brutalmente honesto que caracteriza o melhor da literatura deste autor: a indigna\u00e7\u00e3o diante da morte de um inocente; a culpa e o espanto dos sobreviventes; e o inc\u00f3modo e fortuito acaso de escapar \u00e0 morte uma vez mais. Um relato que se transforma numa reflex\u00e3o desarmante sobre a fragilidade da vida.\" \/>\n<meta property=\"og:url\" content=\"https:\/\/livrariasolmar.pt\/produto\/a-nossa-hora\/\" \/>\n<meta property=\"og:site_name\" content=\"Livraria Solmar - Livraria online\" \/>\n<meta property=\"article:modified_time\" content=\"2026-01-18T17:23:32+00:00\" \/>\n<meta property=\"og:image\" content=\"https:\/\/livrariasolmar.pt\/wp-content\/uploads\/2025\/11\/1507-1-18.jpg\" \/>\n\t<meta property=\"og:image:width\" content=\"400\" \/>\n\t<meta property=\"og:image:height\" content=\"500\" \/>\n<meta name=\"twitter:card\" content=\"summary_large_image\" \/>\n<script type=\"application\/ld+json\" class=\"yoast-schema-graph\">{\"@context\":\"https:\/\/schema.org\",\"@graph\":[{\"@type\":\"WebSite\",\"@id\":\"https:\/\/livrariasolmar.pt\/#website\",\"url\":\"https:\/\/livrariasolmar.pt\/\",\"name\":\"Livraria Solmar - Livraria online\",\"description\":\"Com\\u00e9rcio Livros E Objetos De Arte, Lda - Ponta Delgada, A\\u00e7ores\",\"potentialAction\":[{\"@type\":\"SearchAction\",\"target\":{\"@type\":\"EntryPoint\",\"urlTemplate\":\"https:\/\/livrariasolmar.pt\/?s={search_term_string}\"},\"query-input\":\"required name=search_term_string\"}],\"inLanguage\":\"en-US\"},{\"@type\":\"ImageObject\",\"@id\":\"https:\/\/livrariasolmar.pt\/produto\/a-nossa-hora\/#primaryimage\",\"inLanguage\":\"en-US\",\"url\":\"https:\/\/livrariasolmar.pt\/wp-content\/uploads\/2025\/11\/1507-1-18.jpg\",\"contentUrl\":\"https:\/\/livrariasolmar.pt\/wp-content\/uploads\/2025\/11\/1507-1-18.jpg\",\"width\":400,\"height\":500},{\"@type\":\"WebPage\",\"@id\":\"https:\/\/livrariasolmar.pt\/produto\/a-nossa-hora\/#webpage\",\"url\":\"https:\/\/livrariasolmar.pt\/produto\/a-nossa-hora\/\",\"name\":\"A Nossa Hora - Livraria Solmar - Livraria online\",\"isPartOf\":{\"@id\":\"https:\/\/livrariasolmar.pt\/#website\"},\"primaryImageOfPage\":{\"@id\":\"https:\/\/livrariasolmar.pt\/produto\/a-nossa-hora\/#primaryimage\"},\"datePublished\":\"2025-11-12T18:51:53+00:00\",\"dateModified\":\"2026-01-18T17:23:32+00:00\",\"breadcrumb\":{\"@id\":\"https:\/\/livrariasolmar.pt\/produto\/a-nossa-hora\/#breadcrumb\"},\"inLanguage\":\"en-US\",\"potentialAction\":[{\"@type\":\"ReadAction\",\"target\":[\"https:\/\/livrariasolmar.pt\/produto\/a-nossa-hora\/\"]}]},{\"@type\":\"BreadcrumbList\",\"@id\":\"https:\/\/livrariasolmar.pt\/produto\/a-nossa-hora\/#breadcrumb\",\"itemListElement\":[{\"@type\":\"ListItem\",\"position\":1,\"name\":\"In\\u00edcio\",\"item\":\"https:\/\/livrariasolmar.pt\/en\/\"},{\"@type\":\"ListItem\",\"position\":2,\"name\":\"Shop\",\"item\":\"https:\/\/livrariasolmar.pt\/en\/shop\/\"},{\"@type\":\"ListItem\",\"position\":3,\"name\":\"A Nossa Hora\"}]}]}<\/script>\n<!-- \/ Yoast SEO plugin. -->","_links":{"self":[{"href":"https:\/\/livrariasolmar.pt\/en\/wp-json\/wp\/v2\/product\/11156"}],"collection":[{"href":"https:\/\/livrariasolmar.pt\/en\/wp-json\/wp\/v2\/product"}],"about":[{"href":"https:\/\/livrariasolmar.pt\/en\/wp-json\/wp\/v2\/types\/product"}],"author":[{"embeddable":true,"href":"https:\/\/livrariasolmar.pt\/en\/wp-json\/wp\/v2\/users\/2"}],"wp:featuredmedia":[{"embeddable":true,"href":"https:\/\/livrariasolmar.pt\/en\/wp-json\/wp\/v2\/media\/11157"}],"wp:attachment":[{"href":"https:\/\/livrariasolmar.pt\/en\/wp-json\/wp\/v2\/media?parent=11156"}],"wp:term":[{"taxonomy":"product_cat","embeddable":true,"href":"https:\/\/livrariasolmar.pt\/en\/wp-json\/wp\/v2\/product_cat?post=11156"},{"taxonomy":"product_tag","embeddable":true,"href":"https:\/\/livrariasolmar.pt\/en\/wp-json\/wp\/v2\/product_tag?post=11156"},{"taxonomy":"cat_produtos","embeddable":true,"href":"https:\/\/livrariasolmar.pt\/en\/wp-json\/wp\/v2\/cat_produtos?post=11156"}],"curies":[{"name":"wp","href":"https:\/\/api.w.org\/{rel}","templated":true}]}}