{"id":11159,"date":"2025-11-12T19:03:16","date_gmt":"2025-11-12T19:03:16","guid":{"rendered":"https:\/\/livrariasolmar.pt\/?post_type=product&#038;p=11159"},"modified":"2026-01-30T18:41:56","modified_gmt":"2026-01-30T18:41:56","slug":"historias-da-pide-volume-1-quando-salazar-mandava","status":"publish","type":"product","link":"https:\/\/livrariasolmar.pt\/en\/produto\/historias-da-pide-volume-1-quando-salazar-mandava\/","title":{"rendered":"Hist\u00f3rias da PIDE &#8211; Volume 1: Quando Salazar Mandava"},"content":{"rendered":"","protected":false},"excerpt":{"rendered":"<p>Reuni\u00e3o de investiga\u00e7\u00f5es feitas pelo jornalista Jos\u00e9 Pedro Castanheira ao longo dos anos para o\u00a0<i>Expresso<\/i>. Este primeiro volume reporta ao per\u00edodo de Salazar, o segundo incidir\u00e1 sobre a \u00e9poca de Marcello Caetano. Em 1965, o general Humberto Delgado, inimigo p\u00fablico n\u00famero 1 de Salazar, foi assassinado perto de Badajoz por uma brigada da PIDE. A chefi\u00e1-la estava Rosa Casaco, que, fugido do pa\u00eds a seguir ao 25 de Abril de 1974, viria a ser condenado a oito anos de pris\u00e3o e a tornar-se, ap\u00f3s uma entrevista inclu\u00edda neste livro, um dos rostos mais emblem\u00e1ticos desta for\u00e7a policial.<\/p>\n<p>S\u00f3lido e temido basti\u00e3o do Estado Novo, ningu\u00e9m escapava ao raio de a\u00e7\u00e3o da PIDE: nem Calouste Gulbenkian, o homem mais rico do mundo, que foi preso em 1942; nem o ex-presidente da Rep\u00fablica marechal Craveiro Lopes, v\u00edtima de chantagem de car\u00e1cter sexual; nem sequer o bispo D. Eurico Dias Nogueira, submetido a constante vigil\u00e2ncia, com cartas intercetadas at\u00e9 para o Vaticano e para o pr\u00f3prio Salazar.<\/p>\n<p>\u00abA PIDE foi, antes de tudo o mais, o principal guardi\u00e3o da mais longa ditadura pessoal do s\u00e9culo XX e um inimigo jurado da liberdade. Ao longo dos seus 41 anos de exist\u00eancia, sob as designa\u00e7\u00f5es de PVDE, PIDE ou DGS, fez dezenas de milhares de v\u00edtimas. S\u00f3 presos pol\u00edticos nominais foram 29 510, o que dava para encher um est\u00e1dio de futebol de m\u00e9dia dimens\u00e3o. E isto apenas em Portugal, j\u00e1 que nas col\u00f3nias se ignora o seu n\u00famero, mas que \u00e9 seguramente muito superior, atendendo designadamente \u00e0 extens\u00e3o, viol\u00eancia e dura\u00e7\u00e3o das tr\u00eas guerras coloniais.\u00bb<\/p>\n","protected":false},"author":2,"featured_media":11160,"template":"","meta":[],"product_cat":[366],"product_tag":[],"cat_produtos":[1839],"yoast_head":"<!-- This site is optimized with the Yoast SEO plugin v16.6 - https:\/\/yoast.com\/wordpress\/plugins\/seo\/ -->\n<title>Hist\u00f3rias da PIDE - Volume 1: Quando Salazar Mandava - Livraria Solmar - Livraria online<\/title>\n<meta name=\"robots\" content=\"index, follow, max-snippet:-1, max-image-preview:large, max-video-preview:-1\" \/>\n<link rel=\"canonical\" href=\"https:\/\/livrariasolmar.pt\/en\/produto\/historias-da-pide-volume-1-quando-salazar-mandava\/\" \/>\n<meta property=\"og:locale\" content=\"en_US\" \/>\n<meta property=\"og:type\" content=\"article\" \/>\n<meta property=\"og:title\" content=\"Hist\u00f3rias da PIDE - Volume 1: Quando Salazar Mandava - Livraria Solmar - Livraria online\" \/>\n<meta property=\"og:description\" content=\"Reuni\u00e3o de investiga\u00e7\u00f5es feitas pelo jornalista Jos\u00e9 Pedro Castanheira ao longo dos anos para o\u00a0Expresso. Este primeiro volume reporta ao per\u00edodo de Salazar, o segundo incidir\u00e1 sobre a \u00e9poca de Marcello Caetano. Em 1965, o general Humberto Delgado, inimigo p\u00fablico n\u00famero 1 de Salazar, foi assassinado perto de Badajoz por uma brigada da PIDE. A chefi\u00e1-la estava Rosa Casaco, que, fugido do pa\u00eds a seguir ao 25 de Abril de 1974, viria a ser condenado a oito anos de pris\u00e3o e a tornar-se, ap\u00f3s uma entrevista inclu\u00edda neste livro, um dos rostos mais emblem\u00e1ticos desta for\u00e7a policial.  S\u00f3lido e temido basti\u00e3o do Estado Novo, ningu\u00e9m escapava ao raio de a\u00e7\u00e3o da PIDE: nem Calouste Gulbenkian, o homem mais rico do mundo, que foi preso em 1942; nem o ex-presidente da Rep\u00fablica marechal Craveiro Lopes, v\u00edtima de chantagem de car\u00e1cter sexual; nem sequer o bispo D. Eurico Dias Nogueira, submetido a constante vigil\u00e2ncia, com cartas intercetadas at\u00e9 para o Vaticano e para o pr\u00f3prio Salazar.  \u00abA PIDE foi, antes de tudo o mais, o principal guardi\u00e3o da mais longa ditadura pessoal do s\u00e9culo XX e um inimigo jurado da liberdade. Ao longo dos seus 41 anos de exist\u00eancia, sob as designa\u00e7\u00f5es de PVDE, PIDE ou DGS, fez dezenas de milhares de v\u00edtimas. S\u00f3 presos pol\u00edticos nominais foram 29 510, o que dava para encher um est\u00e1dio de futebol de m\u00e9dia dimens\u00e3o. E isto apenas em Portugal, j\u00e1 que nas col\u00f3nias se ignora o seu n\u00famero, mas que \u00e9 seguramente muito superior, atendendo designadamente \u00e0 extens\u00e3o, viol\u00eancia e dura\u00e7\u00e3o das tr\u00eas guerras coloniais.\u00bb\" \/>\n<meta property=\"og:url\" content=\"https:\/\/livrariasolmar.pt\/produto\/historias-da-pide-volume-1-quando-salazar-mandava\/\" \/>\n<meta property=\"og:site_name\" content=\"Livraria Solmar - Livraria online\" \/>\n<meta property=\"article:modified_time\" content=\"2026-01-30T18:41:56+00:00\" \/>\n<meta property=\"og:image\" content=\"https:\/\/livrariasolmar.pt\/wp-content\/uploads\/2025\/11\/1540-1-39.jpg\" \/>\n\t<meta property=\"og:image:width\" content=\"340\" \/>\n\t<meta property=\"og:image:height\" content=\"340\" \/>\n<meta name=\"twitter:card\" content=\"summary_large_image\" \/>\n<script type=\"application\/ld+json\" class=\"yoast-schema-graph\">{\"@context\":\"https:\/\/schema.org\",\"@graph\":[{\"@type\":\"WebSite\",\"@id\":\"https:\/\/livrariasolmar.pt\/#website\",\"url\":\"https:\/\/livrariasolmar.pt\/\",\"name\":\"Livraria Solmar - Livraria online\",\"description\":\"Com\\u00e9rcio Livros E Objetos De Arte, Lda - Ponta Delgada, A\\u00e7ores\",\"potentialAction\":[{\"@type\":\"SearchAction\",\"target\":{\"@type\":\"EntryPoint\",\"urlTemplate\":\"https:\/\/livrariasolmar.pt\/?s={search_term_string}\"},\"query-input\":\"required name=search_term_string\"}],\"inLanguage\":\"en-US\"},{\"@type\":\"ImageObject\",\"@id\":\"https:\/\/livrariasolmar.pt\/produto\/historias-da-pide-volume-1-quando-salazar-mandava\/#primaryimage\",\"inLanguage\":\"en-US\",\"url\":\"https:\/\/livrariasolmar.pt\/wp-content\/uploads\/2025\/11\/1540-1-39.jpg\",\"contentUrl\":\"https:\/\/livrariasolmar.pt\/wp-content\/uploads\/2025\/11\/1540-1-39.jpg\",\"width\":340,\"height\":340},{\"@type\":\"WebPage\",\"@id\":\"https:\/\/livrariasolmar.pt\/produto\/historias-da-pide-volume-1-quando-salazar-mandava\/#webpage\",\"url\":\"https:\/\/livrariasolmar.pt\/produto\/historias-da-pide-volume-1-quando-salazar-mandava\/\",\"name\":\"Hist\\u00f3rias da PIDE - Volume 1: Quando Salazar Mandava - Livraria Solmar - Livraria online\",\"isPartOf\":{\"@id\":\"https:\/\/livrariasolmar.pt\/#website\"},\"primaryImageOfPage\":{\"@id\":\"https:\/\/livrariasolmar.pt\/produto\/historias-da-pide-volume-1-quando-salazar-mandava\/#primaryimage\"},\"datePublished\":\"2025-11-12T19:03:16+00:00\",\"dateModified\":\"2026-01-30T18:41:56+00:00\",\"breadcrumb\":{\"@id\":\"https:\/\/livrariasolmar.pt\/produto\/historias-da-pide-volume-1-quando-salazar-mandava\/#breadcrumb\"},\"inLanguage\":\"en-US\",\"potentialAction\":[{\"@type\":\"ReadAction\",\"target\":[\"https:\/\/livrariasolmar.pt\/produto\/historias-da-pide-volume-1-quando-salazar-mandava\/\"]}]},{\"@type\":\"BreadcrumbList\",\"@id\":\"https:\/\/livrariasolmar.pt\/produto\/historias-da-pide-volume-1-quando-salazar-mandava\/#breadcrumb\",\"itemListElement\":[{\"@type\":\"ListItem\",\"position\":1,\"name\":\"In\\u00edcio\",\"item\":\"https:\/\/livrariasolmar.pt\/en\/\"},{\"@type\":\"ListItem\",\"position\":2,\"name\":\"Shop\",\"item\":\"https:\/\/livrariasolmar.pt\/en\/shop\/\"},{\"@type\":\"ListItem\",\"position\":3,\"name\":\"Hist\\u00f3rias da PIDE &#8211; Volume 1: Quando Salazar Mandava\"}]}]}<\/script>\n<!-- \/ Yoast SEO plugin. -->","_links":{"self":[{"href":"https:\/\/livrariasolmar.pt\/en\/wp-json\/wp\/v2\/product\/11159"}],"collection":[{"href":"https:\/\/livrariasolmar.pt\/en\/wp-json\/wp\/v2\/product"}],"about":[{"href":"https:\/\/livrariasolmar.pt\/en\/wp-json\/wp\/v2\/types\/product"}],"author":[{"embeddable":true,"href":"https:\/\/livrariasolmar.pt\/en\/wp-json\/wp\/v2\/users\/2"}],"wp:featuredmedia":[{"embeddable":true,"href":"https:\/\/livrariasolmar.pt\/en\/wp-json\/wp\/v2\/media\/11160"}],"wp:attachment":[{"href":"https:\/\/livrariasolmar.pt\/en\/wp-json\/wp\/v2\/media?parent=11159"}],"wp:term":[{"taxonomy":"product_cat","embeddable":true,"href":"https:\/\/livrariasolmar.pt\/en\/wp-json\/wp\/v2\/product_cat?post=11159"},{"taxonomy":"product_tag","embeddable":true,"href":"https:\/\/livrariasolmar.pt\/en\/wp-json\/wp\/v2\/product_tag?post=11159"},{"taxonomy":"cat_produtos","embeddable":true,"href":"https:\/\/livrariasolmar.pt\/en\/wp-json\/wp\/v2\/cat_produtos?post=11159"}],"curies":[{"name":"wp","href":"https:\/\/api.w.org\/{rel}","templated":true}]}}