{"id":11162,"date":"2025-11-12T19:14:13","date_gmt":"2025-11-12T19:14:13","guid":{"rendered":"https:\/\/livrariasolmar.pt\/?post_type=product&#038;p=11162"},"modified":"2026-04-20T16:52:48","modified_gmt":"2026-04-20T16:52:48","slug":"a-legiao-estrangeira","status":"publish","type":"product","link":"https:\/\/livrariasolmar.pt\/en\/produto\/a-legiao-estrangeira\/","title":{"rendered":"A Legi\u00e3o Estrangeira"},"content":{"rendered":"","protected":false},"excerpt":{"rendered":"<p>Este livro re\u00fane treze contos e mais de uma centena de cr\u00f3nicas, ensaios, textos h\u00edbridos. Sob o holofote da escrita inigual\u00e1vel de Clarice Lispector, desfilam o aborrecimento quotidiano, o estranhamento do mundo, o enigma da cria\u00e7\u00e3o art\u00edstica e uma fundacional solid\u00e3o.<\/p>\n<p>De\u00a0<i>Os Desastres de Sofia\u00bb ou \u00abO Ovo e a Galinha<\/i>\u00a0a\u00a0<i>Instant\u00e2neo de uma Senhora<\/i>\u00a0ou\u00a0<i>Uma imagem de prazer<\/i>, a legi\u00e3o estrangeira reconstr\u00f3i ideias sobre erotismo, velhice, la\u00e7os de amizade, preceitos sociais, valores de fam\u00edlia, liga\u00e7\u00f5es perigosas.<\/p>\n<p>Com este volume, recuperamos a edi\u00e7\u00e3o original de a legi\u00e3o estrangeira, conforme organizada pela autora em 1964, e at\u00e9 agora in\u00e9dita em Portugal. Aqui encontramos a escrita v\u00edvida de Clarice, infundida de alguma tristeza e algum humor, que diverte e perturba, mas que sobretudo espanta.<\/p>\n","protected":false},"author":2,"featured_media":11163,"template":"","meta":[],"product_cat":[153,190],"product_tag":[],"cat_produtos":[1840],"yoast_head":"<!-- This site is optimized with the Yoast SEO plugin v16.6 - https:\/\/yoast.com\/wordpress\/plugins\/seo\/ -->\n<title>A Legi\u00e3o Estrangeira - Livraria Solmar - Livraria online<\/title>\n<meta name=\"robots\" content=\"index, follow, max-snippet:-1, max-image-preview:large, max-video-preview:-1\" \/>\n<link rel=\"canonical\" href=\"https:\/\/livrariasolmar.pt\/en\/produto\/a-legiao-estrangeira\/\" \/>\n<meta property=\"og:locale\" content=\"en_US\" \/>\n<meta property=\"og:type\" content=\"article\" \/>\n<meta property=\"og:title\" content=\"A Legi\u00e3o Estrangeira - Livraria Solmar - Livraria online\" \/>\n<meta property=\"og:description\" content=\"Este livro re\u00fane treze contos e mais de uma centena de cr\u00f3nicas, ensaios, textos h\u00edbridos. Sob o holofote da escrita inigual\u00e1vel de Clarice Lispector, desfilam o aborrecimento quotidiano, o estranhamento do mundo, o enigma da cria\u00e7\u00e3o art\u00edstica e uma fundacional solid\u00e3o.  De\u00a0Os Desastres de Sofia\u00bb ou \u00abO Ovo e a Galinha\u00a0a\u00a0Instant\u00e2neo de uma Senhora\u00a0ou\u00a0Uma imagem de prazer, a legi\u00e3o estrangeira reconstr\u00f3i ideias sobre erotismo, velhice, la\u00e7os de amizade, preceitos sociais, valores de fam\u00edlia, liga\u00e7\u00f5es perigosas.  Com este volume, recuperamos a edi\u00e7\u00e3o original de a legi\u00e3o estrangeira, conforme organizada pela autora em 1964, e at\u00e9 agora in\u00e9dita em Portugal. Aqui encontramos a escrita v\u00edvida de Clarice, infundida de alguma tristeza e algum humor, que diverte e perturba, mas que sobretudo espanta.\" \/>\n<meta property=\"og:url\" content=\"https:\/\/livrariasolmar.pt\/produto\/a-legiao-estrangeira\/\" \/>\n<meta property=\"og:site_name\" content=\"Livraria Solmar - Livraria online\" \/>\n<meta property=\"article:modified_time\" content=\"2026-04-20T16:52:48+00:00\" \/>\n<meta property=\"og:image\" content=\"https:\/\/livrariasolmar.pt\/wp-content\/uploads\/2025\/11\/1540-1-40.jpg\" \/>\n\t<meta property=\"og:image:width\" content=\"340\" \/>\n\t<meta property=\"og:image:height\" content=\"340\" \/>\n<meta name=\"twitter:card\" content=\"summary_large_image\" \/>\n<script type=\"application\/ld+json\" class=\"yoast-schema-graph\">{\"@context\":\"https:\/\/schema.org\",\"@graph\":[{\"@type\":\"WebSite\",\"@id\":\"https:\/\/livrariasolmar.pt\/#website\",\"url\":\"https:\/\/livrariasolmar.pt\/\",\"name\":\"Livraria Solmar - Livraria online\",\"description\":\"Com\\u00e9rcio Livros E Objetos De Arte, Lda - Ponta Delgada, A\\u00e7ores\",\"potentialAction\":[{\"@type\":\"SearchAction\",\"target\":{\"@type\":\"EntryPoint\",\"urlTemplate\":\"https:\/\/livrariasolmar.pt\/?s={search_term_string}\"},\"query-input\":\"required name=search_term_string\"}],\"inLanguage\":\"en-US\"},{\"@type\":\"ImageObject\",\"@id\":\"https:\/\/livrariasolmar.pt\/produto\/a-legiao-estrangeira\/#primaryimage\",\"inLanguage\":\"en-US\",\"url\":\"https:\/\/livrariasolmar.pt\/wp-content\/uploads\/2025\/11\/1540-1-40.jpg\",\"contentUrl\":\"https:\/\/livrariasolmar.pt\/wp-content\/uploads\/2025\/11\/1540-1-40.jpg\",\"width\":340,\"height\":340},{\"@type\":\"WebPage\",\"@id\":\"https:\/\/livrariasolmar.pt\/produto\/a-legiao-estrangeira\/#webpage\",\"url\":\"https:\/\/livrariasolmar.pt\/produto\/a-legiao-estrangeira\/\",\"name\":\"A Legi\\u00e3o Estrangeira - Livraria Solmar - Livraria online\",\"isPartOf\":{\"@id\":\"https:\/\/livrariasolmar.pt\/#website\"},\"primaryImageOfPage\":{\"@id\":\"https:\/\/livrariasolmar.pt\/produto\/a-legiao-estrangeira\/#primaryimage\"},\"datePublished\":\"2025-11-12T19:14:13+00:00\",\"dateModified\":\"2026-04-20T16:52:48+00:00\",\"breadcrumb\":{\"@id\":\"https:\/\/livrariasolmar.pt\/produto\/a-legiao-estrangeira\/#breadcrumb\"},\"inLanguage\":\"en-US\",\"potentialAction\":[{\"@type\":\"ReadAction\",\"target\":[\"https:\/\/livrariasolmar.pt\/produto\/a-legiao-estrangeira\/\"]}]},{\"@type\":\"BreadcrumbList\",\"@id\":\"https:\/\/livrariasolmar.pt\/produto\/a-legiao-estrangeira\/#breadcrumb\",\"itemListElement\":[{\"@type\":\"ListItem\",\"position\":1,\"name\":\"In\\u00edcio\",\"item\":\"https:\/\/livrariasolmar.pt\/en\/\"},{\"@type\":\"ListItem\",\"position\":2,\"name\":\"Shop\",\"item\":\"https:\/\/livrariasolmar.pt\/en\/shop\/\"},{\"@type\":\"ListItem\",\"position\":3,\"name\":\"A Legi\\u00e3o Estrangeira\"}]}]}<\/script>\n<!-- \/ Yoast SEO plugin. -->","_links":{"self":[{"href":"https:\/\/livrariasolmar.pt\/en\/wp-json\/wp\/v2\/product\/11162"}],"collection":[{"href":"https:\/\/livrariasolmar.pt\/en\/wp-json\/wp\/v2\/product"}],"about":[{"href":"https:\/\/livrariasolmar.pt\/en\/wp-json\/wp\/v2\/types\/product"}],"author":[{"embeddable":true,"href":"https:\/\/livrariasolmar.pt\/en\/wp-json\/wp\/v2\/users\/2"}],"wp:featuredmedia":[{"embeddable":true,"href":"https:\/\/livrariasolmar.pt\/en\/wp-json\/wp\/v2\/media\/11163"}],"wp:attachment":[{"href":"https:\/\/livrariasolmar.pt\/en\/wp-json\/wp\/v2\/media?parent=11162"}],"wp:term":[{"taxonomy":"product_cat","embeddable":true,"href":"https:\/\/livrariasolmar.pt\/en\/wp-json\/wp\/v2\/product_cat?post=11162"},{"taxonomy":"product_tag","embeddable":true,"href":"https:\/\/livrariasolmar.pt\/en\/wp-json\/wp\/v2\/product_tag?post=11162"},{"taxonomy":"cat_produtos","embeddable":true,"href":"https:\/\/livrariasolmar.pt\/en\/wp-json\/wp\/v2\/cat_produtos?post=11162"}],"curies":[{"name":"wp","href":"https:\/\/api.w.org\/{rel}","templated":true}]}}