{"id":11165,"date":"2025-11-12T19:20:09","date_gmt":"2025-11-12T19:20:09","guid":{"rendered":"https:\/\/livrariasolmar.pt\/?post_type=product&#038;p=11165"},"modified":"2026-01-30T18:40:49","modified_gmt":"2026-01-30T18:40:49","slug":"filho-do-pai","status":"publish","type":"product","link":"https:\/\/livrariasolmar.pt\/en\/produto\/filho-do-pai\/","title":{"rendered":"Filho do Pai"},"content":{"rendered":"","protected":false},"excerpt":{"rendered":"<p>Uma morte e um nascimento separados por poucos meses. Um desencontro que impediu Hugo Gon\u00e7alves de ser pai e filho ao mesmo tempo, mas que o levou a indagar a hist\u00f3ria da fam\u00edlia e um patrim\u00f3nio em que a virilidade era uma divisa.<br \/>\nAlternando o registo do di\u00e1rio com a escrita do romancista, o drama com o humor, este livro assumidamente biogr\u00e1fico explora a dif\u00edcil rela\u00e7\u00e3o de um filho, \u00f3rf\u00e3o de m\u00e3e, com o pai vi\u00favo, desde a inf\u00e2ncia at\u00e9 \u00e0 idade adulta, quando a morte os separa e o filho se torna, tamb\u00e9m ele, pai de um rapaz.<br \/>\nO que fazer com os modelos de masculinidade, heran\u00e7a de homens forjados na escassez, na dureza e na lealdade do sangue? Que g\u00e9nero de paternidade escolher para si, agora que o escritor tem um filho pequeno? O que significa, hoje, ser homem e pai?<br \/>\n\u00c9 a partir das d\u00favidas, num tempo de certezas polarizadas e trincheiras ideol\u00f3gicas, que viajamos pelas d\u00e9cadas e pelo mundo, da pequena aldeia raiana dos antepassados do autor at\u00e9 Nova Iorque, Madrid e Rio de Janeiro do s\u00e9culo XXI, seguindo o rasto da mem\u00f3ria, do corpo, do sexo, do amor, da escrita e da paternidade.<br \/>\nUm texto comovente e inquietante, que vem enriquecer a odisseia pessoal do autor, iniciado com\u00a0<i>Filho da m\u00e3e<\/i>, que tocou milhares de leitores.<\/p>\n","protected":false},"author":2,"featured_media":11166,"template":"","meta":[],"product_cat":[153],"product_tag":[],"cat_produtos":[1841],"yoast_head":"<!-- This site is optimized with the Yoast SEO plugin v16.6 - https:\/\/yoast.com\/wordpress\/plugins\/seo\/ -->\n<title>Filho do Pai - Livraria Solmar - Livraria online<\/title>\n<meta name=\"robots\" content=\"index, follow, max-snippet:-1, max-image-preview:large, max-video-preview:-1\" \/>\n<link rel=\"canonical\" href=\"https:\/\/livrariasolmar.pt\/en\/produto\/filho-do-pai\/\" \/>\n<meta property=\"og:locale\" content=\"en_US\" \/>\n<meta property=\"og:type\" content=\"article\" \/>\n<meta property=\"og:title\" content=\"Filho do Pai - Livraria Solmar - Livraria online\" \/>\n<meta property=\"og:description\" content=\"Uma morte e um nascimento separados por poucos meses. Um desencontro que impediu Hugo Gon\u00e7alves de ser pai e filho ao mesmo tempo, mas que o levou a indagar a hist\u00f3ria da fam\u00edlia e um patrim\u00f3nio em que a virilidade era uma divisa. Alternando o registo do di\u00e1rio com a escrita do romancista, o drama com o humor, este livro assumidamente biogr\u00e1fico explora a dif\u00edcil rela\u00e7\u00e3o de um filho, \u00f3rf\u00e3o de m\u00e3e, com o pai vi\u00favo, desde a inf\u00e2ncia at\u00e9 \u00e0 idade adulta, quando a morte os separa e o filho se torna, tamb\u00e9m ele, pai de um rapaz. O que fazer com os modelos de masculinidade, heran\u00e7a de homens forjados na escassez, na dureza e na lealdade do sangue? Que g\u00e9nero de paternidade escolher para si, agora que o escritor tem um filho pequeno? O que significa, hoje, ser homem e pai? \u00c9 a partir das d\u00favidas, num tempo de certezas polarizadas e trincheiras ideol\u00f3gicas, que viajamos pelas d\u00e9cadas e pelo mundo, da pequena aldeia raiana dos antepassados do autor at\u00e9 Nova Iorque, Madrid e Rio de Janeiro do s\u00e9culo XXI, seguindo o rasto da mem\u00f3ria, do corpo, do sexo, do amor, da escrita e da paternidade. Um texto comovente e inquietante, que vem enriquecer a odisseia pessoal do autor, iniciado com\u00a0Filho da m\u00e3e, que tocou milhares de leitores.\" \/>\n<meta property=\"og:url\" content=\"https:\/\/livrariasolmar.pt\/produto\/filho-do-pai\/\" \/>\n<meta property=\"og:site_name\" content=\"Livraria Solmar - Livraria online\" \/>\n<meta property=\"article:modified_time\" content=\"2026-01-30T18:40:49+00:00\" \/>\n<meta property=\"og:image\" content=\"https:\/\/livrariasolmar.pt\/wp-content\/uploads\/2025\/11\/1540-1-41.jpg\" \/>\n\t<meta property=\"og:image:width\" content=\"340\" \/>\n\t<meta property=\"og:image:height\" content=\"340\" \/>\n<meta name=\"twitter:card\" content=\"summary_large_image\" \/>\n<script type=\"application\/ld+json\" class=\"yoast-schema-graph\">{\"@context\":\"https:\/\/schema.org\",\"@graph\":[{\"@type\":\"WebSite\",\"@id\":\"https:\/\/livrariasolmar.pt\/#website\",\"url\":\"https:\/\/livrariasolmar.pt\/\",\"name\":\"Livraria Solmar - Livraria online\",\"description\":\"Com\\u00e9rcio Livros E Objetos De Arte, Lda - Ponta Delgada, A\\u00e7ores\",\"potentialAction\":[{\"@type\":\"SearchAction\",\"target\":{\"@type\":\"EntryPoint\",\"urlTemplate\":\"https:\/\/livrariasolmar.pt\/?s={search_term_string}\"},\"query-input\":\"required name=search_term_string\"}],\"inLanguage\":\"en-US\"},{\"@type\":\"ImageObject\",\"@id\":\"https:\/\/livrariasolmar.pt\/produto\/filho-do-pai\/#primaryimage\",\"inLanguage\":\"en-US\",\"url\":\"https:\/\/livrariasolmar.pt\/wp-content\/uploads\/2025\/11\/1540-1-41.jpg\",\"contentUrl\":\"https:\/\/livrariasolmar.pt\/wp-content\/uploads\/2025\/11\/1540-1-41.jpg\",\"width\":340,\"height\":340},{\"@type\":\"WebPage\",\"@id\":\"https:\/\/livrariasolmar.pt\/produto\/filho-do-pai\/#webpage\",\"url\":\"https:\/\/livrariasolmar.pt\/produto\/filho-do-pai\/\",\"name\":\"Filho do Pai - Livraria Solmar - Livraria online\",\"isPartOf\":{\"@id\":\"https:\/\/livrariasolmar.pt\/#website\"},\"primaryImageOfPage\":{\"@id\":\"https:\/\/livrariasolmar.pt\/produto\/filho-do-pai\/#primaryimage\"},\"datePublished\":\"2025-11-12T19:20:09+00:00\",\"dateModified\":\"2026-01-30T18:40:49+00:00\",\"breadcrumb\":{\"@id\":\"https:\/\/livrariasolmar.pt\/produto\/filho-do-pai\/#breadcrumb\"},\"inLanguage\":\"en-US\",\"potentialAction\":[{\"@type\":\"ReadAction\",\"target\":[\"https:\/\/livrariasolmar.pt\/produto\/filho-do-pai\/\"]}]},{\"@type\":\"BreadcrumbList\",\"@id\":\"https:\/\/livrariasolmar.pt\/produto\/filho-do-pai\/#breadcrumb\",\"itemListElement\":[{\"@type\":\"ListItem\",\"position\":1,\"name\":\"In\\u00edcio\",\"item\":\"https:\/\/livrariasolmar.pt\/en\/\"},{\"@type\":\"ListItem\",\"position\":2,\"name\":\"Shop\",\"item\":\"https:\/\/livrariasolmar.pt\/en\/shop\/\"},{\"@type\":\"ListItem\",\"position\":3,\"name\":\"Filho do Pai\"}]}]}<\/script>\n<!-- \/ Yoast SEO plugin. -->","_links":{"self":[{"href":"https:\/\/livrariasolmar.pt\/en\/wp-json\/wp\/v2\/product\/11165"}],"collection":[{"href":"https:\/\/livrariasolmar.pt\/en\/wp-json\/wp\/v2\/product"}],"about":[{"href":"https:\/\/livrariasolmar.pt\/en\/wp-json\/wp\/v2\/types\/product"}],"author":[{"embeddable":true,"href":"https:\/\/livrariasolmar.pt\/en\/wp-json\/wp\/v2\/users\/2"}],"wp:featuredmedia":[{"embeddable":true,"href":"https:\/\/livrariasolmar.pt\/en\/wp-json\/wp\/v2\/media\/11166"}],"wp:attachment":[{"href":"https:\/\/livrariasolmar.pt\/en\/wp-json\/wp\/v2\/media?parent=11165"}],"wp:term":[{"taxonomy":"product_cat","embeddable":true,"href":"https:\/\/livrariasolmar.pt\/en\/wp-json\/wp\/v2\/product_cat?post=11165"},{"taxonomy":"product_tag","embeddable":true,"href":"https:\/\/livrariasolmar.pt\/en\/wp-json\/wp\/v2\/product_tag?post=11165"},{"taxonomy":"cat_produtos","embeddable":true,"href":"https:\/\/livrariasolmar.pt\/en\/wp-json\/wp\/v2\/cat_produtos?post=11165"}],"curies":[{"name":"wp","href":"https:\/\/api.w.org\/{rel}","templated":true}]}}