{"id":11168,"date":"2025-11-14T16:46:41","date_gmt":"2025-11-14T16:46:41","guid":{"rendered":"https:\/\/livrariasolmar.pt\/?post_type=product&#038;p=11168"},"modified":"2025-11-14T16:46:41","modified_gmt":"2025-11-14T16:46:41","slug":"a-bruxinha-avela-um-ano-na-floresta","status":"publish","type":"product","link":"https:\/\/livrariasolmar.pt\/en\/produto\/a-bruxinha-avela-um-ano-na-floresta\/","title":{"rendered":"A Bruxinha Avel\u00e3: Um ano na floresta"},"content":{"rendered":"","protected":false},"excerpt":{"rendered":"<p>A Bruxinha Avel\u00e3 \u00e9 uma bruxa pequenina que vive na floresta, ajudando todos os seus habitantes, grandes e pequenos. Ela \u00e9 uma exploradora intr\u00e9pida, uma trabalhadora dedicada e uma amiga generosa.<\/p>\n<p>Neste livro que acompanha as quatro esta\u00e7\u00f5es do ano, a Bruxinha Avel\u00e3 resgata um ovo \u00f3rf\u00e3o, resolve o mist\u00e9rio de um toco assombrado e visita os vizinhos que precisam dela. Mas ir\u00e1 algu\u00e9m socorr\u00ea-la a tempo quando \u00e9 ela quem precisa de ajuda?<\/p>\n<p>Um cl\u00e1ssico instant\u00e2neo, da autora premiada Phoebe Wahl, ao qual os pequenos leitores voltar\u00e3o uma e outra vez.<\/p>\n<p>Uma obra perfeita para oferecer e reler ao longo do ano, que aborda temas intemporais como a amizade, a solidariedade e a diversidade e fomenta a liga\u00e7\u00e3o \u00e0 natureza.<\/p>\n","protected":false},"author":2,"featured_media":11169,"template":"","meta":[],"product_cat":[384],"product_tag":[],"cat_produtos":[],"yoast_head":"<!-- This site is optimized with the Yoast SEO plugin v16.6 - https:\/\/yoast.com\/wordpress\/plugins\/seo\/ -->\n<title>A Bruxinha Avel\u00e3: Um ano na floresta - Livraria Solmar - Livraria online<\/title>\n<meta name=\"robots\" content=\"index, follow, max-snippet:-1, max-image-preview:large, max-video-preview:-1\" \/>\n<link rel=\"canonical\" href=\"https:\/\/livrariasolmar.pt\/en\/produto\/a-bruxinha-avela-um-ano-na-floresta\/\" \/>\n<meta property=\"og:locale\" content=\"en_US\" \/>\n<meta property=\"og:type\" content=\"article\" \/>\n<meta property=\"og:title\" content=\"A Bruxinha Avel\u00e3: Um ano na floresta - Livraria Solmar - Livraria online\" \/>\n<meta property=\"og:description\" content=\"A Bruxinha Avel\u00e3 \u00e9 uma bruxa pequenina que vive na floresta, ajudando todos os seus habitantes, grandes e pequenos. Ela \u00e9 uma exploradora intr\u00e9pida, uma trabalhadora dedicada e uma amiga generosa.  Neste livro que acompanha as quatro esta\u00e7\u00f5es do ano, a Bruxinha Avel\u00e3 resgata um ovo \u00f3rf\u00e3o, resolve o mist\u00e9rio de um toco assombrado e visita os vizinhos que precisam dela. Mas ir\u00e1 algu\u00e9m socorr\u00ea-la a tempo quando \u00e9 ela quem precisa de ajuda?  Um cl\u00e1ssico instant\u00e2neo, da autora premiada Phoebe Wahl, ao qual os pequenos leitores voltar\u00e3o uma e outra vez.  Uma obra perfeita para oferecer e reler ao longo do ano, que aborda temas intemporais como a amizade, a solidariedade e a diversidade e fomenta a liga\u00e7\u00e3o \u00e0 natureza.\" \/>\n<meta property=\"og:url\" content=\"https:\/\/livrariasolmar.pt\/produto\/a-bruxinha-avela-um-ano-na-floresta\/\" \/>\n<meta property=\"og:site_name\" content=\"Livraria Solmar - Livraria online\" \/>\n<meta property=\"og:image\" content=\"https:\/\/livrariasolmar.pt\/wp-content\/uploads\/2025\/11\/1540-1-42.jpg\" \/>\n\t<meta property=\"og:image:width\" content=\"340\" \/>\n\t<meta property=\"og:image:height\" content=\"340\" \/>\n<meta name=\"twitter:card\" content=\"summary_large_image\" \/>\n<script type=\"application\/ld+json\" class=\"yoast-schema-graph\">{\"@context\":\"https:\/\/schema.org\",\"@graph\":[{\"@type\":\"WebSite\",\"@id\":\"https:\/\/livrariasolmar.pt\/#website\",\"url\":\"https:\/\/livrariasolmar.pt\/\",\"name\":\"Livraria Solmar - Livraria online\",\"description\":\"Com\\u00e9rcio Livros E Objetos De Arte, Lda - Ponta Delgada, A\\u00e7ores\",\"potentialAction\":[{\"@type\":\"SearchAction\",\"target\":{\"@type\":\"EntryPoint\",\"urlTemplate\":\"https:\/\/livrariasolmar.pt\/?s={search_term_string}\"},\"query-input\":\"required name=search_term_string\"}],\"inLanguage\":\"en-US\"},{\"@type\":\"ImageObject\",\"@id\":\"https:\/\/livrariasolmar.pt\/produto\/a-bruxinha-avela-um-ano-na-floresta\/#primaryimage\",\"inLanguage\":\"en-US\",\"url\":\"https:\/\/livrariasolmar.pt\/wp-content\/uploads\/2025\/11\/1540-1-42.jpg\",\"contentUrl\":\"https:\/\/livrariasolmar.pt\/wp-content\/uploads\/2025\/11\/1540-1-42.jpg\",\"width\":340,\"height\":340},{\"@type\":\"WebPage\",\"@id\":\"https:\/\/livrariasolmar.pt\/produto\/a-bruxinha-avela-um-ano-na-floresta\/#webpage\",\"url\":\"https:\/\/livrariasolmar.pt\/produto\/a-bruxinha-avela-um-ano-na-floresta\/\",\"name\":\"A Bruxinha Avel\\u00e3: Um ano na floresta - Livraria Solmar - Livraria online\",\"isPartOf\":{\"@id\":\"https:\/\/livrariasolmar.pt\/#website\"},\"primaryImageOfPage\":{\"@id\":\"https:\/\/livrariasolmar.pt\/produto\/a-bruxinha-avela-um-ano-na-floresta\/#primaryimage\"},\"datePublished\":\"2025-11-14T16:46:41+00:00\",\"dateModified\":\"2025-11-14T16:46:41+00:00\",\"breadcrumb\":{\"@id\":\"https:\/\/livrariasolmar.pt\/produto\/a-bruxinha-avela-um-ano-na-floresta\/#breadcrumb\"},\"inLanguage\":\"en-US\",\"potentialAction\":[{\"@type\":\"ReadAction\",\"target\":[\"https:\/\/livrariasolmar.pt\/produto\/a-bruxinha-avela-um-ano-na-floresta\/\"]}]},{\"@type\":\"BreadcrumbList\",\"@id\":\"https:\/\/livrariasolmar.pt\/produto\/a-bruxinha-avela-um-ano-na-floresta\/#breadcrumb\",\"itemListElement\":[{\"@type\":\"ListItem\",\"position\":1,\"name\":\"In\\u00edcio\",\"item\":\"https:\/\/livrariasolmar.pt\/en\/\"},{\"@type\":\"ListItem\",\"position\":2,\"name\":\"Shop\",\"item\":\"https:\/\/livrariasolmar.pt\/en\/shop\/\"},{\"@type\":\"ListItem\",\"position\":3,\"name\":\"A Bruxinha Avel\\u00e3: Um ano na floresta\"}]}]}<\/script>\n<!-- \/ Yoast SEO plugin. -->","_links":{"self":[{"href":"https:\/\/livrariasolmar.pt\/en\/wp-json\/wp\/v2\/product\/11168"}],"collection":[{"href":"https:\/\/livrariasolmar.pt\/en\/wp-json\/wp\/v2\/product"}],"about":[{"href":"https:\/\/livrariasolmar.pt\/en\/wp-json\/wp\/v2\/types\/product"}],"author":[{"embeddable":true,"href":"https:\/\/livrariasolmar.pt\/en\/wp-json\/wp\/v2\/users\/2"}],"wp:featuredmedia":[{"embeddable":true,"href":"https:\/\/livrariasolmar.pt\/en\/wp-json\/wp\/v2\/media\/11169"}],"wp:attachment":[{"href":"https:\/\/livrariasolmar.pt\/en\/wp-json\/wp\/v2\/media?parent=11168"}],"wp:term":[{"taxonomy":"product_cat","embeddable":true,"href":"https:\/\/livrariasolmar.pt\/en\/wp-json\/wp\/v2\/product_cat?post=11168"},{"taxonomy":"product_tag","embeddable":true,"href":"https:\/\/livrariasolmar.pt\/en\/wp-json\/wp\/v2\/product_tag?post=11168"},{"taxonomy":"cat_produtos","embeddable":true,"href":"https:\/\/livrariasolmar.pt\/en\/wp-json\/wp\/v2\/cat_produtos?post=11168"}],"curies":[{"name":"wp","href":"https:\/\/api.w.org\/{rel}","templated":true}]}}