{"id":11180,"date":"2025-11-14T17:44:45","date_gmt":"2025-11-14T17:44:45","guid":{"rendered":"https:\/\/livrariasolmar.pt\/?post_type=product&#038;p=11180"},"modified":"2025-11-29T14:33:03","modified_gmt":"2025-11-29T14:33:03","slug":"bluey-o-meu-primeiro-livro-puzzle","status":"publish","type":"product","link":"https:\/\/livrariasolmar.pt\/en\/produto\/bluey-o-meu-primeiro-livro-puzzle\/","title":{"rendered":"Bluey: O Meu Primeiro Livro Puzzle"},"content":{"rendered":"","protected":false},"excerpt":{"rendered":"<p>Livro puzzle com 4 puzzles frente e verso.<\/p>\n<p>Em que aventuras se ter\u00e3o metido a Bluey, a Bingo e toda a fam\u00edlia?<\/p>\n<p>Faz os puzzles e descobre, pe\u00e7a a pe\u00e7a, as brincadeiras que a fam\u00edlia Heeler tem para ti.<\/p>\n<p>Diverte-te com a Bluey neste livro baseado nos epis\u00f3dios de televis\u00e3o.<\/p>\n","protected":false},"author":2,"featured_media":11181,"template":"","meta":[],"product_cat":[172],"product_tag":[],"cat_produtos":[404],"yoast_head":"<!-- This site is optimized with the Yoast SEO plugin v16.6 - https:\/\/yoast.com\/wordpress\/plugins\/seo\/ -->\n<title>Bluey: O Meu Primeiro Livro Puzzle - Livraria Solmar - Livraria online<\/title>\n<meta name=\"robots\" content=\"index, follow, max-snippet:-1, max-image-preview:large, max-video-preview:-1\" \/>\n<link rel=\"canonical\" href=\"https:\/\/livrariasolmar.pt\/en\/produto\/bluey-o-meu-primeiro-livro-puzzle\/\" \/>\n<meta property=\"og:locale\" content=\"en_US\" \/>\n<meta property=\"og:type\" content=\"article\" \/>\n<meta property=\"og:title\" content=\"Bluey: O Meu Primeiro Livro Puzzle - Livraria Solmar - Livraria online\" \/>\n<meta property=\"og:description\" content=\"Livro puzzle com 4 puzzles frente e verso.  Em que aventuras se ter\u00e3o metido a Bluey, a Bingo e toda a fam\u00edlia?  Faz os puzzles e descobre, pe\u00e7a a pe\u00e7a, as brincadeiras que a fam\u00edlia Heeler tem para ti.  Diverte-te com a Bluey neste livro baseado nos epis\u00f3dios de televis\u00e3o.\" \/>\n<meta property=\"og:url\" content=\"https:\/\/livrariasolmar.pt\/produto\/bluey-o-meu-primeiro-livro-puzzle\/\" \/>\n<meta property=\"og:site_name\" content=\"Livraria Solmar - Livraria online\" \/>\n<meta property=\"article:modified_time\" content=\"2025-11-29T14:33:03+00:00\" \/>\n<meta property=\"og:image\" content=\"https:\/\/livrariasolmar.pt\/wp-content\/uploads\/2025\/11\/1540-1-46.jpg\" \/>\n\t<meta property=\"og:image:width\" content=\"340\" \/>\n\t<meta property=\"og:image:height\" content=\"340\" \/>\n<meta name=\"twitter:card\" content=\"summary_large_image\" \/>\n<script type=\"application\/ld+json\" class=\"yoast-schema-graph\">{\"@context\":\"https:\/\/schema.org\",\"@graph\":[{\"@type\":\"WebSite\",\"@id\":\"https:\/\/livrariasolmar.pt\/#website\",\"url\":\"https:\/\/livrariasolmar.pt\/\",\"name\":\"Livraria Solmar - Livraria online\",\"description\":\"Com\\u00e9rcio Livros E Objetos De Arte, Lda - Ponta Delgada, A\\u00e7ores\",\"potentialAction\":[{\"@type\":\"SearchAction\",\"target\":{\"@type\":\"EntryPoint\",\"urlTemplate\":\"https:\/\/livrariasolmar.pt\/?s={search_term_string}\"},\"query-input\":\"required name=search_term_string\"}],\"inLanguage\":\"en-US\"},{\"@type\":\"ImageObject\",\"@id\":\"https:\/\/livrariasolmar.pt\/produto\/bluey-o-meu-primeiro-livro-puzzle\/#primaryimage\",\"inLanguage\":\"en-US\",\"url\":\"https:\/\/livrariasolmar.pt\/wp-content\/uploads\/2025\/11\/1540-1-46.jpg\",\"contentUrl\":\"https:\/\/livrariasolmar.pt\/wp-content\/uploads\/2025\/11\/1540-1-46.jpg\",\"width\":340,\"height\":340},{\"@type\":\"WebPage\",\"@id\":\"https:\/\/livrariasolmar.pt\/produto\/bluey-o-meu-primeiro-livro-puzzle\/#webpage\",\"url\":\"https:\/\/livrariasolmar.pt\/produto\/bluey-o-meu-primeiro-livro-puzzle\/\",\"name\":\"Bluey: O Meu Primeiro Livro Puzzle - Livraria Solmar - Livraria online\",\"isPartOf\":{\"@id\":\"https:\/\/livrariasolmar.pt\/#website\"},\"primaryImageOfPage\":{\"@id\":\"https:\/\/livrariasolmar.pt\/produto\/bluey-o-meu-primeiro-livro-puzzle\/#primaryimage\"},\"datePublished\":\"2025-11-14T17:44:45+00:00\",\"dateModified\":\"2025-11-29T14:33:03+00:00\",\"breadcrumb\":{\"@id\":\"https:\/\/livrariasolmar.pt\/produto\/bluey-o-meu-primeiro-livro-puzzle\/#breadcrumb\"},\"inLanguage\":\"en-US\",\"potentialAction\":[{\"@type\":\"ReadAction\",\"target\":[\"https:\/\/livrariasolmar.pt\/produto\/bluey-o-meu-primeiro-livro-puzzle\/\"]}]},{\"@type\":\"BreadcrumbList\",\"@id\":\"https:\/\/livrariasolmar.pt\/produto\/bluey-o-meu-primeiro-livro-puzzle\/#breadcrumb\",\"itemListElement\":[{\"@type\":\"ListItem\",\"position\":1,\"name\":\"In\\u00edcio\",\"item\":\"https:\/\/livrariasolmar.pt\/en\/\"},{\"@type\":\"ListItem\",\"position\":2,\"name\":\"Shop\",\"item\":\"https:\/\/livrariasolmar.pt\/en\/shop\/\"},{\"@type\":\"ListItem\",\"position\":3,\"name\":\"Bluey: O Meu Primeiro Livro Puzzle\"}]}]}<\/script>\n<!-- \/ Yoast SEO plugin. -->","_links":{"self":[{"href":"https:\/\/livrariasolmar.pt\/en\/wp-json\/wp\/v2\/product\/11180"}],"collection":[{"href":"https:\/\/livrariasolmar.pt\/en\/wp-json\/wp\/v2\/product"}],"about":[{"href":"https:\/\/livrariasolmar.pt\/en\/wp-json\/wp\/v2\/types\/product"}],"author":[{"embeddable":true,"href":"https:\/\/livrariasolmar.pt\/en\/wp-json\/wp\/v2\/users\/2"}],"wp:featuredmedia":[{"embeddable":true,"href":"https:\/\/livrariasolmar.pt\/en\/wp-json\/wp\/v2\/media\/11181"}],"wp:attachment":[{"href":"https:\/\/livrariasolmar.pt\/en\/wp-json\/wp\/v2\/media?parent=11180"}],"wp:term":[{"taxonomy":"product_cat","embeddable":true,"href":"https:\/\/livrariasolmar.pt\/en\/wp-json\/wp\/v2\/product_cat?post=11180"},{"taxonomy":"product_tag","embeddable":true,"href":"https:\/\/livrariasolmar.pt\/en\/wp-json\/wp\/v2\/product_tag?post=11180"},{"taxonomy":"cat_produtos","embeddable":true,"href":"https:\/\/livrariasolmar.pt\/en\/wp-json\/wp\/v2\/cat_produtos?post=11180"}],"curies":[{"name":"wp","href":"https:\/\/api.w.org\/{rel}","templated":true}]}}