{"id":11183,"date":"2025-11-14T18:26:10","date_gmt":"2025-11-14T18:26:10","guid":{"rendered":"https:\/\/livrariasolmar.pt\/?post_type=product&#038;p=11183"},"modified":"2026-01-18T17:18:49","modified_gmt":"2026-01-18T17:18:49","slug":"o-menino-a-toupeira-a-raposa-e-o-cavalo","status":"publish","type":"product","link":"https:\/\/livrariasolmar.pt\/en\/produto\/o-menino-a-toupeira-a-raposa-e-o-cavalo\/","title":{"rendered":"O Menino, a Toupeira, a Raposa e o Cavalo"},"content":{"rendered":"","protected":false},"excerpt":{"rendered":"<p>Um menino curioso, uma toupeira gulosa, uma raposa cautelosa e um s\u00e1bio cavalo encontram-se num dia de Primavera e estabelecem uma inesperada amizade.<\/p>\n<p>Os quatro exploram o mundo. Colocam a si pr\u00f3prios grandes quest\u00f5es. Atravessam tormentas. Aprendem a amar.<\/p>\n<p>Esta f\u00e1bula sobre a esperan\u00e7a e a bondade est\u00e1 cheia de li\u00e7\u00f5es vitais que atingiram j\u00e1 legi\u00f5es de cora\u00e7\u00f5es de leitores de todo o mundo.<\/p>\n","protected":false},"author":2,"featured_media":11184,"template":"","meta":[],"product_cat":[172],"product_tag":[],"cat_produtos":[],"yoast_head":"<!-- This site is optimized with the Yoast SEO plugin v16.6 - https:\/\/yoast.com\/wordpress\/plugins\/seo\/ -->\n<title>O Menino, a Toupeira, a Raposa e o Cavalo - Livraria Solmar - Livraria online<\/title>\n<meta name=\"robots\" content=\"index, follow, max-snippet:-1, max-image-preview:large, max-video-preview:-1\" \/>\n<link rel=\"canonical\" href=\"https:\/\/livrariasolmar.pt\/en\/produto\/o-menino-a-toupeira-a-raposa-e-o-cavalo\/\" \/>\n<meta property=\"og:locale\" content=\"en_US\" \/>\n<meta property=\"og:type\" content=\"article\" \/>\n<meta property=\"og:title\" content=\"O Menino, a Toupeira, a Raposa e o Cavalo - Livraria Solmar - Livraria online\" \/>\n<meta property=\"og:description\" content=\"Um menino curioso, uma toupeira gulosa, uma raposa cautelosa e um s\u00e1bio cavalo encontram-se num dia de Primavera e estabelecem uma inesperada amizade.  Os quatro exploram o mundo. Colocam a si pr\u00f3prios grandes quest\u00f5es. Atravessam tormentas. Aprendem a amar.  Esta f\u00e1bula sobre a esperan\u00e7a e a bondade est\u00e1 cheia de li\u00e7\u00f5es vitais que atingiram j\u00e1 legi\u00f5es de cora\u00e7\u00f5es de leitores de todo o mundo.\" \/>\n<meta property=\"og:url\" content=\"https:\/\/livrariasolmar.pt\/produto\/o-menino-a-toupeira-a-raposa-e-o-cavalo\/\" \/>\n<meta property=\"og:site_name\" content=\"Livraria Solmar - Livraria online\" \/>\n<meta property=\"article:modified_time\" content=\"2026-01-18T17:18:49+00:00\" \/>\n<meta property=\"og:image\" content=\"https:\/\/livrariasolmar.pt\/wp-content\/uploads\/2025\/11\/1540-1-47.jpg\" \/>\n\t<meta property=\"og:image:width\" content=\"340\" \/>\n\t<meta property=\"og:image:height\" content=\"340\" \/>\n<meta name=\"twitter:card\" content=\"summary_large_image\" \/>\n<script type=\"application\/ld+json\" class=\"yoast-schema-graph\">{\"@context\":\"https:\/\/schema.org\",\"@graph\":[{\"@type\":\"WebSite\",\"@id\":\"https:\/\/livrariasolmar.pt\/#website\",\"url\":\"https:\/\/livrariasolmar.pt\/\",\"name\":\"Livraria Solmar - Livraria online\",\"description\":\"Com\\u00e9rcio Livros E Objetos De Arte, Lda - Ponta Delgada, A\\u00e7ores\",\"potentialAction\":[{\"@type\":\"SearchAction\",\"target\":{\"@type\":\"EntryPoint\",\"urlTemplate\":\"https:\/\/livrariasolmar.pt\/?s={search_term_string}\"},\"query-input\":\"required name=search_term_string\"}],\"inLanguage\":\"en-US\"},{\"@type\":\"ImageObject\",\"@id\":\"https:\/\/livrariasolmar.pt\/produto\/o-menino-a-toupeira-a-raposa-e-o-cavalo\/#primaryimage\",\"inLanguage\":\"en-US\",\"url\":\"https:\/\/livrariasolmar.pt\/wp-content\/uploads\/2025\/11\/1540-1-47.jpg\",\"contentUrl\":\"https:\/\/livrariasolmar.pt\/wp-content\/uploads\/2025\/11\/1540-1-47.jpg\",\"width\":340,\"height\":340},{\"@type\":\"WebPage\",\"@id\":\"https:\/\/livrariasolmar.pt\/produto\/o-menino-a-toupeira-a-raposa-e-o-cavalo\/#webpage\",\"url\":\"https:\/\/livrariasolmar.pt\/produto\/o-menino-a-toupeira-a-raposa-e-o-cavalo\/\",\"name\":\"O Menino, a Toupeira, a Raposa e o Cavalo - Livraria Solmar - Livraria online\",\"isPartOf\":{\"@id\":\"https:\/\/livrariasolmar.pt\/#website\"},\"primaryImageOfPage\":{\"@id\":\"https:\/\/livrariasolmar.pt\/produto\/o-menino-a-toupeira-a-raposa-e-o-cavalo\/#primaryimage\"},\"datePublished\":\"2025-11-14T18:26:10+00:00\",\"dateModified\":\"2026-01-18T17:18:49+00:00\",\"breadcrumb\":{\"@id\":\"https:\/\/livrariasolmar.pt\/produto\/o-menino-a-toupeira-a-raposa-e-o-cavalo\/#breadcrumb\"},\"inLanguage\":\"en-US\",\"potentialAction\":[{\"@type\":\"ReadAction\",\"target\":[\"https:\/\/livrariasolmar.pt\/produto\/o-menino-a-toupeira-a-raposa-e-o-cavalo\/\"]}]},{\"@type\":\"BreadcrumbList\",\"@id\":\"https:\/\/livrariasolmar.pt\/produto\/o-menino-a-toupeira-a-raposa-e-o-cavalo\/#breadcrumb\",\"itemListElement\":[{\"@type\":\"ListItem\",\"position\":1,\"name\":\"In\\u00edcio\",\"item\":\"https:\/\/livrariasolmar.pt\/en\/\"},{\"@type\":\"ListItem\",\"position\":2,\"name\":\"Shop\",\"item\":\"https:\/\/livrariasolmar.pt\/en\/shop\/\"},{\"@type\":\"ListItem\",\"position\":3,\"name\":\"O Menino, a Toupeira, a Raposa e o Cavalo\"}]}]}<\/script>\n<!-- \/ Yoast SEO plugin. -->","_links":{"self":[{"href":"https:\/\/livrariasolmar.pt\/en\/wp-json\/wp\/v2\/product\/11183"}],"collection":[{"href":"https:\/\/livrariasolmar.pt\/en\/wp-json\/wp\/v2\/product"}],"about":[{"href":"https:\/\/livrariasolmar.pt\/en\/wp-json\/wp\/v2\/types\/product"}],"author":[{"embeddable":true,"href":"https:\/\/livrariasolmar.pt\/en\/wp-json\/wp\/v2\/users\/2"}],"wp:featuredmedia":[{"embeddable":true,"href":"https:\/\/livrariasolmar.pt\/en\/wp-json\/wp\/v2\/media\/11184"}],"wp:attachment":[{"href":"https:\/\/livrariasolmar.pt\/en\/wp-json\/wp\/v2\/media?parent=11183"}],"wp:term":[{"taxonomy":"product_cat","embeddable":true,"href":"https:\/\/livrariasolmar.pt\/en\/wp-json\/wp\/v2\/product_cat?post=11183"},{"taxonomy":"product_tag","embeddable":true,"href":"https:\/\/livrariasolmar.pt\/en\/wp-json\/wp\/v2\/product_tag?post=11183"},{"taxonomy":"cat_produtos","embeddable":true,"href":"https:\/\/livrariasolmar.pt\/en\/wp-json\/wp\/v2\/cat_produtos?post=11183"}],"curies":[{"name":"wp","href":"https:\/\/api.w.org\/{rel}","templated":true}]}}