{"id":11186,"date":"2025-11-14T18:11:09","date_gmt":"2025-11-14T18:11:09","guid":{"rendered":"https:\/\/livrariasolmar.pt\/?post_type=product&#038;p=11186"},"modified":"2026-01-18T17:17:54","modified_gmt":"2026-01-18T17:17:54","slug":"bluey-marionetas-protagonista-unicorse","status":"publish","type":"product","link":"https:\/\/livrariasolmar.pt\/en\/produto\/bluey-marionetas-protagonista-unicorse\/","title":{"rendered":"Bluey: Marionetas &#8211; Protagonista: Unicorse"},"content":{"rendered":"","protected":false},"excerpt":{"rendered":"<p>O Unicorse quer que a M\u00e3e lhe d\u00ea aten\u00e7\u00e3o, mas vai ter de se esfor\u00e7ar muito. Primeiro, escovar os dentes e tomar uma banhoca. A pasta de dentes \u00e9 para comer? E \u00e9 mesmo preciso comer br\u00f3colos? Eeeee o que \u00e9 que isso interessa??<\/p>\n<p>Livro com fantoche embutido.<\/p>\n<p>Baseado nos epis\u00f3dios de televis\u00e3o.<\/p>\n","protected":false},"author":2,"featured_media":11187,"template":"","meta":[],"product_cat":[172],"product_tag":[],"cat_produtos":[404],"yoast_head":"<!-- This site is optimized with the Yoast SEO plugin v16.6 - https:\/\/yoast.com\/wordpress\/plugins\/seo\/ -->\n<title>Bluey: Marionetas - Protagonista: Unicorse - Livraria Solmar - Livraria online<\/title>\n<meta name=\"robots\" content=\"index, follow, max-snippet:-1, max-image-preview:large, max-video-preview:-1\" \/>\n<link rel=\"canonical\" href=\"https:\/\/livrariasolmar.pt\/en\/produto\/bluey-marionetas-protagonista-unicorse\/\" \/>\n<meta property=\"og:locale\" content=\"en_US\" \/>\n<meta property=\"og:type\" content=\"article\" \/>\n<meta property=\"og:title\" content=\"Bluey: Marionetas - Protagonista: Unicorse - Livraria Solmar - Livraria online\" \/>\n<meta property=\"og:description\" content=\"O Unicorse quer que a M\u00e3e lhe d\u00ea aten\u00e7\u00e3o, mas vai ter de se esfor\u00e7ar muito. Primeiro, escovar os dentes e tomar uma banhoca. A pasta de dentes \u00e9 para comer? E \u00e9 mesmo preciso comer br\u00f3colos? Eeeee o que \u00e9 que isso interessa??  Livro com fantoche embutido.  Baseado nos epis\u00f3dios de televis\u00e3o.\" \/>\n<meta property=\"og:url\" content=\"https:\/\/livrariasolmar.pt\/produto\/bluey-marionetas-protagonista-unicorse\/\" \/>\n<meta property=\"og:site_name\" content=\"Livraria Solmar - Livraria online\" \/>\n<meta property=\"article:modified_time\" content=\"2026-01-18T17:17:54+00:00\" \/>\n<meta property=\"og:image\" content=\"https:\/\/livrariasolmar.pt\/wp-content\/uploads\/2025\/11\/1507-1-19.jpg\" \/>\n\t<meta property=\"og:image:width\" content=\"400\" \/>\n\t<meta property=\"og:image:height\" content=\"400\" \/>\n<meta name=\"twitter:card\" content=\"summary_large_image\" \/>\n<script type=\"application\/ld+json\" class=\"yoast-schema-graph\">{\"@context\":\"https:\/\/schema.org\",\"@graph\":[{\"@type\":\"WebSite\",\"@id\":\"https:\/\/livrariasolmar.pt\/#website\",\"url\":\"https:\/\/livrariasolmar.pt\/\",\"name\":\"Livraria Solmar - Livraria online\",\"description\":\"Com\\u00e9rcio Livros E Objetos De Arte, Lda - Ponta Delgada, A\\u00e7ores\",\"potentialAction\":[{\"@type\":\"SearchAction\",\"target\":{\"@type\":\"EntryPoint\",\"urlTemplate\":\"https:\/\/livrariasolmar.pt\/?s={search_term_string}\"},\"query-input\":\"required name=search_term_string\"}],\"inLanguage\":\"en-US\"},{\"@type\":\"ImageObject\",\"@id\":\"https:\/\/livrariasolmar.pt\/produto\/bluey-marionetas-protagonista-unicorse\/#primaryimage\",\"inLanguage\":\"en-US\",\"url\":\"https:\/\/livrariasolmar.pt\/wp-content\/uploads\/2025\/11\/1507-1-19.jpg\",\"contentUrl\":\"https:\/\/livrariasolmar.pt\/wp-content\/uploads\/2025\/11\/1507-1-19.jpg\",\"width\":400,\"height\":400},{\"@type\":\"WebPage\",\"@id\":\"https:\/\/livrariasolmar.pt\/produto\/bluey-marionetas-protagonista-unicorse\/#webpage\",\"url\":\"https:\/\/livrariasolmar.pt\/produto\/bluey-marionetas-protagonista-unicorse\/\",\"name\":\"Bluey: Marionetas - Protagonista: Unicorse - Livraria Solmar - Livraria online\",\"isPartOf\":{\"@id\":\"https:\/\/livrariasolmar.pt\/#website\"},\"primaryImageOfPage\":{\"@id\":\"https:\/\/livrariasolmar.pt\/produto\/bluey-marionetas-protagonista-unicorse\/#primaryimage\"},\"datePublished\":\"2025-11-14T18:11:09+00:00\",\"dateModified\":\"2026-01-18T17:17:54+00:00\",\"breadcrumb\":{\"@id\":\"https:\/\/livrariasolmar.pt\/produto\/bluey-marionetas-protagonista-unicorse\/#breadcrumb\"},\"inLanguage\":\"en-US\",\"potentialAction\":[{\"@type\":\"ReadAction\",\"target\":[\"https:\/\/livrariasolmar.pt\/produto\/bluey-marionetas-protagonista-unicorse\/\"]}]},{\"@type\":\"BreadcrumbList\",\"@id\":\"https:\/\/livrariasolmar.pt\/produto\/bluey-marionetas-protagonista-unicorse\/#breadcrumb\",\"itemListElement\":[{\"@type\":\"ListItem\",\"position\":1,\"name\":\"In\\u00edcio\",\"item\":\"https:\/\/livrariasolmar.pt\/en\/\"},{\"@type\":\"ListItem\",\"position\":2,\"name\":\"Shop\",\"item\":\"https:\/\/livrariasolmar.pt\/en\/shop\/\"},{\"@type\":\"ListItem\",\"position\":3,\"name\":\"Bluey: Marionetas &#8211; Protagonista: Unicorse\"}]}]}<\/script>\n<!-- \/ Yoast SEO plugin. -->","_links":{"self":[{"href":"https:\/\/livrariasolmar.pt\/en\/wp-json\/wp\/v2\/product\/11186"}],"collection":[{"href":"https:\/\/livrariasolmar.pt\/en\/wp-json\/wp\/v2\/product"}],"about":[{"href":"https:\/\/livrariasolmar.pt\/en\/wp-json\/wp\/v2\/types\/product"}],"author":[{"embeddable":true,"href":"https:\/\/livrariasolmar.pt\/en\/wp-json\/wp\/v2\/users\/2"}],"wp:featuredmedia":[{"embeddable":true,"href":"https:\/\/livrariasolmar.pt\/en\/wp-json\/wp\/v2\/media\/11187"}],"wp:attachment":[{"href":"https:\/\/livrariasolmar.pt\/en\/wp-json\/wp\/v2\/media?parent=11186"}],"wp:term":[{"taxonomy":"product_cat","embeddable":true,"href":"https:\/\/livrariasolmar.pt\/en\/wp-json\/wp\/v2\/product_cat?post=11186"},{"taxonomy":"product_tag","embeddable":true,"href":"https:\/\/livrariasolmar.pt\/en\/wp-json\/wp\/v2\/product_tag?post=11186"},{"taxonomy":"cat_produtos","embeddable":true,"href":"https:\/\/livrariasolmar.pt\/en\/wp-json\/wp\/v2\/cat_produtos?post=11186"}],"curies":[{"name":"wp","href":"https:\/\/api.w.org\/{rel}","templated":true}]}}