{"id":11189,"date":"2025-11-14T18:20:28","date_gmt":"2025-11-14T18:20:28","guid":{"rendered":"https:\/\/livrariasolmar.pt\/?post_type=product&#038;p=11189"},"modified":"2026-01-18T17:19:53","modified_gmt":"2026-01-18T17:19:53","slug":"lendas-da-natureza-mitologia-e-sabedoria-do-mundo","status":"publish","type":"product","link":"https:\/\/livrariasolmar.pt\/en\/produto\/lendas-da-natureza-mitologia-e-sabedoria-do-mundo\/","title":{"rendered":"Lendas da Natureza &#8211; Mitologia e Sabedoria do Mundo"},"content":{"rendered":"","protected":false},"excerpt":{"rendered":"<p>Sabias que os povos n\u00f3rdicos acreditavam que um enorme freixo segurava o universo?<br \/>\nE que os juncos eram usados como amuletos contra os rel\u00e2mpagos?<br \/>\nOu que se dizia que as cascatas da Coreia foram criadas por drag\u00f5es voadores?<\/p>\n<p><i>Lendas da Natureza<\/i>\u00a0vai mostrar-nos que hist\u00f3rias e esp\u00edritos abundam em paisagens terrestres e mar\u00edtimas, onde a sabedoria tradicional e as magias se entrela\u00e7aram ao longo dos s\u00e9culos.<\/p>\n","protected":false},"author":2,"featured_media":11190,"template":"","meta":[],"product_cat":[172],"product_tag":[],"cat_produtos":[1847],"yoast_head":"<!-- This site is optimized with the Yoast SEO plugin v16.6 - https:\/\/yoast.com\/wordpress\/plugins\/seo\/ -->\n<title>Lendas da Natureza - Mitologia e Sabedoria do Mundo - Livraria Solmar - Livraria online<\/title>\n<meta name=\"robots\" content=\"index, follow, max-snippet:-1, max-image-preview:large, max-video-preview:-1\" \/>\n<link rel=\"canonical\" href=\"https:\/\/livrariasolmar.pt\/en\/produto\/lendas-da-natureza-mitologia-e-sabedoria-do-mundo\/\" \/>\n<meta property=\"og:locale\" content=\"en_US\" \/>\n<meta property=\"og:type\" content=\"article\" \/>\n<meta property=\"og:title\" content=\"Lendas da Natureza - Mitologia e Sabedoria do Mundo - Livraria Solmar - Livraria online\" \/>\n<meta property=\"og:description\" content=\"Sabias que os povos n\u00f3rdicos acreditavam que um enorme freixo segurava o universo? E que os juncos eram usados como amuletos contra os rel\u00e2mpagos? Ou que se dizia que as cascatas da Coreia foram criadas por drag\u00f5es voadores?  Lendas da Natureza\u00a0vai mostrar-nos que hist\u00f3rias e esp\u00edritos abundam em paisagens terrestres e mar\u00edtimas, onde a sabedoria tradicional e as magias se entrela\u00e7aram ao longo dos s\u00e9culos.\" \/>\n<meta property=\"og:url\" content=\"https:\/\/livrariasolmar.pt\/produto\/lendas-da-natureza-mitologia-e-sabedoria-do-mundo\/\" \/>\n<meta property=\"og:site_name\" content=\"Livraria Solmar - Livraria online\" \/>\n<meta property=\"article:modified_time\" content=\"2026-01-18T17:19:53+00:00\" \/>\n<meta property=\"og:image\" content=\"https:\/\/livrariasolmar.pt\/wp-content\/uploads\/2025\/11\/1540-1-48.jpg\" \/>\n\t<meta property=\"og:image:width\" content=\"340\" \/>\n\t<meta property=\"og:image:height\" content=\"340\" \/>\n<meta name=\"twitter:card\" content=\"summary_large_image\" \/>\n<script type=\"application\/ld+json\" class=\"yoast-schema-graph\">{\"@context\":\"https:\/\/schema.org\",\"@graph\":[{\"@type\":\"WebSite\",\"@id\":\"https:\/\/livrariasolmar.pt\/#website\",\"url\":\"https:\/\/livrariasolmar.pt\/\",\"name\":\"Livraria Solmar - Livraria online\",\"description\":\"Com\\u00e9rcio Livros E Objetos De Arte, Lda - Ponta Delgada, A\\u00e7ores\",\"potentialAction\":[{\"@type\":\"SearchAction\",\"target\":{\"@type\":\"EntryPoint\",\"urlTemplate\":\"https:\/\/livrariasolmar.pt\/?s={search_term_string}\"},\"query-input\":\"required name=search_term_string\"}],\"inLanguage\":\"en-US\"},{\"@type\":\"ImageObject\",\"@id\":\"https:\/\/livrariasolmar.pt\/produto\/lendas-da-natureza-mitologia-e-sabedoria-do-mundo\/#primaryimage\",\"inLanguage\":\"en-US\",\"url\":\"https:\/\/livrariasolmar.pt\/wp-content\/uploads\/2025\/11\/1540-1-48.jpg\",\"contentUrl\":\"https:\/\/livrariasolmar.pt\/wp-content\/uploads\/2025\/11\/1540-1-48.jpg\",\"width\":340,\"height\":340},{\"@type\":\"WebPage\",\"@id\":\"https:\/\/livrariasolmar.pt\/produto\/lendas-da-natureza-mitologia-e-sabedoria-do-mundo\/#webpage\",\"url\":\"https:\/\/livrariasolmar.pt\/produto\/lendas-da-natureza-mitologia-e-sabedoria-do-mundo\/\",\"name\":\"Lendas da Natureza - Mitologia e Sabedoria do Mundo - Livraria Solmar - Livraria online\",\"isPartOf\":{\"@id\":\"https:\/\/livrariasolmar.pt\/#website\"},\"primaryImageOfPage\":{\"@id\":\"https:\/\/livrariasolmar.pt\/produto\/lendas-da-natureza-mitologia-e-sabedoria-do-mundo\/#primaryimage\"},\"datePublished\":\"2025-11-14T18:20:28+00:00\",\"dateModified\":\"2026-01-18T17:19:53+00:00\",\"breadcrumb\":{\"@id\":\"https:\/\/livrariasolmar.pt\/produto\/lendas-da-natureza-mitologia-e-sabedoria-do-mundo\/#breadcrumb\"},\"inLanguage\":\"en-US\",\"potentialAction\":[{\"@type\":\"ReadAction\",\"target\":[\"https:\/\/livrariasolmar.pt\/produto\/lendas-da-natureza-mitologia-e-sabedoria-do-mundo\/\"]}]},{\"@type\":\"BreadcrumbList\",\"@id\":\"https:\/\/livrariasolmar.pt\/produto\/lendas-da-natureza-mitologia-e-sabedoria-do-mundo\/#breadcrumb\",\"itemListElement\":[{\"@type\":\"ListItem\",\"position\":1,\"name\":\"In\\u00edcio\",\"item\":\"https:\/\/livrariasolmar.pt\/en\/\"},{\"@type\":\"ListItem\",\"position\":2,\"name\":\"Shop\",\"item\":\"https:\/\/livrariasolmar.pt\/en\/shop\/\"},{\"@type\":\"ListItem\",\"position\":3,\"name\":\"Lendas da Natureza &#8211; Mitologia e Sabedoria do Mundo\"}]}]}<\/script>\n<!-- \/ Yoast SEO plugin. -->","_links":{"self":[{"href":"https:\/\/livrariasolmar.pt\/en\/wp-json\/wp\/v2\/product\/11189"}],"collection":[{"href":"https:\/\/livrariasolmar.pt\/en\/wp-json\/wp\/v2\/product"}],"about":[{"href":"https:\/\/livrariasolmar.pt\/en\/wp-json\/wp\/v2\/types\/product"}],"author":[{"embeddable":true,"href":"https:\/\/livrariasolmar.pt\/en\/wp-json\/wp\/v2\/users\/2"}],"wp:featuredmedia":[{"embeddable":true,"href":"https:\/\/livrariasolmar.pt\/en\/wp-json\/wp\/v2\/media\/11190"}],"wp:attachment":[{"href":"https:\/\/livrariasolmar.pt\/en\/wp-json\/wp\/v2\/media?parent=11189"}],"wp:term":[{"taxonomy":"product_cat","embeddable":true,"href":"https:\/\/livrariasolmar.pt\/en\/wp-json\/wp\/v2\/product_cat?post=11189"},{"taxonomy":"product_tag","embeddable":true,"href":"https:\/\/livrariasolmar.pt\/en\/wp-json\/wp\/v2\/product_tag?post=11189"},{"taxonomy":"cat_produtos","embeddable":true,"href":"https:\/\/livrariasolmar.pt\/en\/wp-json\/wp\/v2\/cat_produtos?post=11189"}],"curies":[{"name":"wp","href":"https:\/\/api.w.org\/{rel}","templated":true}]}}